{"id":38947,"date":"2025-10-02T13:08:40","date_gmt":"2025-10-02T13:08:40","guid":{"rendered":"https:\/\/mps.digital-monkey.in\/product\/ellebogen-gt-m55-yanmar-120672-08401\/"},"modified":"2025-11-24T10:13:44","modified_gmt":"2025-11-24T10:13:44","slug":"ellebogen-gt-m55-yanmar-120672-08401","status":"publish","type":"product","link":"https:\/\/mps.digital-monkey.in\/de\/product\/ellebogen-gt-m55-yanmar-120672-08401\/","title":{"rendered":"Ellebogen GT-M55 Yanmar 120672-08401"},"content":{"rendered":"<h3 data-start=\"74\" data-end=\"160\"><strong data-start=\"78\" data-end=\"160\">Ellebogen GT-M55 M20 &#8211; Marine Motorhalterung f\u00fcr Yanmar 120672-08401 Ersatz<\/strong><\/h3>\n<p data-start=\"162\" data-end=\"504\">Das <strong data-start=\"166\" data-end=\"190\">Ellebogen GT-M55 M20<\/strong> ist ein <strong data-start=\"196\" data-end=\"242\">hochwertiges, schwingungsd\u00e4mpfendes Motorlager f\u00fcr die Schifffahrt<\/strong>, das als <strong data-start=\"259\" data-end=\"317\">direkter Ersatz f\u00fcr die Yanmar-Teilenummer 120672-08401<\/strong> entwickelt wurde. Er wurde speziell f\u00fcr <strong data-start=\"345\" data-end=\"380\">Yanmar-Dieselmotoren der BY-Serie<\/strong> entwickelt und bietet eine <strong data-start=\"394\" data-end=\"472\">hervorragende Schwingungsisolierung, eine stabile Lastabst\u00fctzung und eine lange Lebensdauer<\/strong> in rauer Meeresumgebung.<\/p>\n<p data-start=\"506\" data-end=\"817\">Dieser aus <strong data-start=\"524\" data-end=\"570\">hochwertigem Gummi und Metall<\/strong> gefertigte Motorhalter absorbiert effektiv Vibrationen und Ger\u00e4usche des Motors, erh\u00f6ht den Komfort an Bord und verl\u00e4ngert die Lebensdauer der umliegenden Komponenten. Es handelt sich um einen <strong data-start=\"724\" data-end=\"754\">OEM-\u00e4quivalenten Ersatz<\/strong>, der eine pr\u00e4zise Ausrichtung und einen <strong data-start=\"786\" data-end=\"814\">problemlosen Einbau<\/strong> gew\u00e4hrleistet.<\/p>\n<hr data-start=\"551\" data-end=\"554\">\n<h3 data-start=\"556\" data-end=\"588\"><strong data-start=\"560\" data-end=\"588\">Technische Daten<\/strong><\/h3>\n<ul data-start=\"589\" data-end=\"755\">\n<li data-start=\"589\" data-end=\"635\">\n<p data-start=\"591\" data-end=\"635\"><strong data-start=\"591\" data-end=\"612\">Referenznummer:<\/strong> Ellebogen GT-M55 M20<\/p>\n<\/li>\n<li data-start=\"636\" data-end=\"696\">\n<p data-start=\"638\" data-end=\"696\"><strong data-start=\"638\" data-end=\"659\">OEM-Ersatzteile:<\/strong> Yanmar 120672-08401<\/p>\n<\/li>\n<li data-start=\"697\" data-end=\"719\">\n<p data-start=\"699\" data-end=\"719\"><strong data-start=\"699\" data-end=\"712\">H\u00e4rte:<\/strong> 55Sh<\/p>\n<\/li>\n<li data-start=\"720\" data-end=\"755\">\n<p data-start=\"722\" data-end=\"755\"><strong data-start=\"722\" data-end=\"746\">Maximale statische Belastung:<\/strong> 220 kg<\/p>\n<\/li>\n<\/ul>\n<hr data-start=\"757\" data-end=\"760\">\n<h3 data-start=\"762\" data-end=\"795\"><strong data-start=\"766\" data-end=\"795\">Kompatible Yanmar-Motoren<\/strong><\/h3>\n<ul data-start=\"796\" data-end=\"979\">\n<li data-start=\"796\" data-end=\"816\">\n<p data-start=\"798\" data-end=\"816\">4BY150 \/ 4BY150Z<\/p>\n<\/li>\n<li data-start=\"817\" data-end=\"837\">\n<p data-start=\"819\" data-end=\"837\">4BY180 \/ 4BY180Z<\/p>\n<\/li>\n<li data-start=\"838\" data-end=\"862\">\n<p data-start=\"840\" data-end=\"862\">4BY3-150 \/ 4BY3-150Z<\/p>\n<\/li>\n<li data-start=\"863\" data-end=\"887\">\n<p data-start=\"865\" data-end=\"887\">4BY3-180 \/ 4BY3-180Z<\/p>\n<\/li>\n<li data-start=\"888\" data-end=\"908\">\n<p data-start=\"890\" data-end=\"908\">6BY220 \/ 6BY220Z<\/p>\n<\/li>\n<li data-start=\"909\" data-end=\"929\">\n<p data-start=\"911\" data-end=\"929\">6BY260 \/ 6BY260Z<\/p>\n<\/li>\n<li data-start=\"930\" data-end=\"954\">\n<p data-start=\"932\" data-end=\"954\">6BY3-220 \/ 6BY3-220Z<\/p>\n<\/li>\n<li data-start=\"955\" data-end=\"979\">\n<p data-start=\"957\" data-end=\"979\">6BY3-260 \/ 6BY3-260Z<\/p>\n<\/li>\n<\/ul>\n<hr data-start=\"981\" data-end=\"984\">\n<h3 data-start=\"986\" data-end=\"1006\"><strong data-start=\"990\" data-end=\"1006\">Wesentliche Merkmale<\/strong><\/h3>\n<ul data-start=\"1007\" data-end=\"1308\">\n<li data-start=\"1007\" data-end=\"1066\">\n<p data-start=\"1009\" data-end=\"1066\">OEM-Ersatz f\u00fcr Yanmar 120672-08401.<\/p>\n<\/li>\n<li data-start=\"1067\" data-end=\"1128\">\n<p data-start=\"1069\" data-end=\"1128\">Robuste Konstruktion mit 220 kg statischer Tragf\u00e4higkeit.<\/p>\n<\/li>\n<li data-start=\"1129\" data-end=\"1181\">\n<p data-start=\"1131\" data-end=\"1181\">Entwickelt, um Motorvibrationen und -ger\u00e4usche zu minimieren.<\/p>\n<\/li>\n<li data-start=\"1182\" data-end=\"1240\">\n<p data-start=\"1184\" data-end=\"1240\">Hochwertige Gummi- und Metallkomponenten in Marinequalit\u00e4t.<\/p>\n<\/li>\n<li data-start=\"1241\" data-end=\"1308\">\n<p data-start=\"1243\" data-end=\"1308\">Pr\u00e4zise Passform und einfacher Einbau f\u00fcr Yanmar-Motoren der BY-Serie.<\/p>\n<\/li>\n<\/ul>\n","protected":false},"excerpt":{"rendered":"<p>Ellebogen GT-M55 M20 &#8211; Marine Motorhalterung f\u00fcr Yanmar 120672-08401 Ersatz Das Ellebogen GT-M55 M20 ist ein hochwertiges, schwingungsd\u00e4mpfendes Motorlager f\u00fcr die Schifffahrt, das als direkter Ersatz f\u00fcr die Yanmar-Teilenummer 120672-08401 entwickelt wurde. Er wurde speziell f\u00fcr Yanmar-Dieselmotoren der BY-Serie entwickelt und bietet eine hervorragende Schwingungsisolierung, eine stabile Lastabst\u00fctzung und eine lange Lebensdauer in rauer Meeresumgebung. [&hellip;]<\/p>\n","protected":false},"featured_media":38948,"comment_status":"open","ping_status":"closed","template":"","meta":[],"product_brand":[4234,4236],"product_cat":[2532,2886,4565],"product_tag":[],"class_list":{"0":"post-38947","1":"product","2":"type-product","3":"status-publish","4":"has-post-thumbnail","6":"product_brand-ellebogen","7":"product_brand-yanmar","8":"product_cat-motorenteile","9":"product_cat-motorhalterungen","10":"product_cat-yanmar-motorhalterungen","11":"pa_condition-neu","12":"pa_model-4by150","13":"pa_model-4by180","14":"pa_model-4by3-150","15":"pa_model-4by3-180","16":"pa_model-6by220","17":"pa_model-6by260","18":"pa_model-6by3-220","19":"pa_model-6by3-260","20":"pa_oem-or-aftermarket-aftermarket","22":"first","23":"onbackorder","24":"taxable","25":"shipping-taxable","26":"purchasable","27":"product-type-simple"},"supplier_id":7297,"supplier_sku":"GT-M55M20","barcode":null,"atum_controlled":true,"out_stock_date":"2025-11-24 10:07:27","out_stock_threshold":null,"inheritable":false,"inbound_stock":0,"stock_on_hold":0,"sold_today":0,"sales_last_days":0,"reserved_stock":0,"customer_returns":0,"warehouse_damage":0,"lost_in_post":0,"other_logs":0,"out_stock_days":20,"lost_sales":0,"has_location":false,"update_date":"2025-11-24T10:10:05","atum_locations":[],"atum_stock_status":"onbackorder","restock_status":false,"low_stock_amount":1,"sales_update_date":"2025-10-22T14:30:15","calc_backorders":null,"_links":{"self":[{"href":"https:\/\/mps.digital-monkey.in\/de\/wp-json\/wp\/v2\/product\/38947","targetHints":{"allow":["GET"]}}],"collection":[{"href":"https:\/\/mps.digital-monkey.in\/de\/wp-json\/wp\/v2\/product"}],"about":[{"href":"https:\/\/mps.digital-monkey.in\/de\/wp-json\/wp\/v2\/types\/product"}],"replies":[{"embeddable":true,"href":"https:\/\/mps.digital-monkey.in\/de\/wp-json\/wp\/v2\/comments?post=38947"}],"wp:featuredmedia":[{"embeddable":true,"href":"https:\/\/mps.digital-monkey.in\/de\/wp-json\/wp\/v2\/media\/38948"}],"wp:attachment":[{"href":"https:\/\/mps.digital-monkey.in\/de\/wp-json\/wp\/v2\/media?parent=38947"}],"wp:term":[{"taxonomy":"product_brand","embeddable":true,"href":"https:\/\/mps.digital-monkey.in\/de\/wp-json\/wp\/v2\/product_brand?post=38947"},{"taxonomy":"product_cat","embeddable":true,"href":"https:\/\/mps.digital-monkey.in\/de\/wp-json\/wp\/v2\/product_cat?post=38947"},{"taxonomy":"product_tag","embeddable":true,"href":"https:\/\/mps.digital-monkey.in\/de\/wp-json\/wp\/v2\/product_tag?post=38947"}],"curies":[{"name":"wp","href":"https:\/\/api.w.org\/{rel}","templated":true}]}}