{"id":39006,"date":"2025-10-06T09:55:34","date_gmt":"2025-10-06T09:55:34","guid":{"rendered":"https:\/\/mps.digital-monkey.in\/product\/marine-dieselkraftstoffschlauch-8mm-feuerbestaendig-iso-7840-a1-hochwertige-kraftstoffleitung\/"},"modified":"2025-10-10T11:47:51","modified_gmt":"2025-10-10T11:47:51","slug":"marine-dieselkraftstoffschlauch-8mm-feuerbestaendig-iso-7840-a1-hochwertige-kraftstoffleitung","status":"publish","type":"product","link":"https:\/\/mps.digital-monkey.in\/de\/product\/marine-dieselkraftstoffschlauch-8mm-feuerbestaendig-iso-7840-a1-hochwertige-kraftstoffleitung\/","title":{"rendered":"Marine Dieselkraftstoffschlauch 8mm &#8211; Feuerbest\u00e4ndig ISO 7840 A1 | Hochwertige Kraftstoffleitung"},"content":{"rendered":"<h3 data-start=\"88\" data-end=\"170\"><strong data-start=\"92\" data-end=\"170\">Marine-Diesel-Kraftstoffschlauch 8mm &#8211; Feuerbest\u00e4ndige, ISO 7840 zertifizierte Kraftstoffleitung<\/strong><\/h3>\n<p data-start=\"172\" data-end=\"554\">Der <strong data-start=\"176\" data-end=\"207\">Marine Dieselkraftstoffschlauch 8mm<\/strong> ist ein <strong data-start=\"213\" data-end=\"261\">professioneller, feuerfester Kraftstoffschlauch<\/strong>, der f\u00fcr <strong data-start=\"275\" data-end=\"301\">Innenbordmotoren<\/strong> und <strong data-start=\"306\" data-end=\"338\">Dieselkraftstofftransfersysteme<\/strong> <strong data-start=\"275\" data-end=\"301\">in der Schifffahrt<\/strong> entwickelt wurde. Er ist nach <strong data-start=\"356\" data-end=\"376\">ISO 7840:2021 A1<\/strong> und <strong data-start=\"381\" data-end=\"407\">SAE J1527:2011 USCG A1<\/strong> zertifiziert und erf\u00fcllt damit die <strong data-start=\"422\" data-end=\"471\">h\u00f6chsten internationalen Sicherheitsstandards f\u00fcr die Schifffahrt<\/strong>. Damit ist er ideal f\u00fcr <strong data-start=\"498\" data-end=\"512\">Handels-<\/strong> und <strong data-start=\"517\" data-end=\"551\">Freizeitboote bis zu 24 Metern L\u00e4nge<\/strong>. <\/p>\n<p data-start=\"556\" data-end=\"863\">Dieser Schlauch wurde f\u00fcr eine <strong data-start=\"571\" data-end=\"619\">sichere, leckagefreie und effiziente Kraftstoffzufuhr<\/strong> entwickelt. Er ist f\u00fcr <strong data-start=\"640\" data-end=\"681\">Diesel, Biodiesel und bleifreie Kraftstoffe<\/strong> geeignet und gew\u00e4hrleistet eine zuverl\u00e4ssige Leistung unter rauen Salzwasserbedingungen. Er ist <strong data-start=\"750\" data-end=\"788\">RINA- und Lloyd&#8217;s Register-gepr\u00fcft<\/strong> und garantiert erstklassige Qualit\u00e4t, Flammfestigkeit und eine lange Lebensdauer. <\/p>\n<h3 data-start=\"1413\" data-end=\"1446\"><strong data-start=\"1417\" data-end=\"1446\">Technische Daten:<\/strong><\/h3>\n<ul data-start=\"1447\" data-end=\"1771\">\n<li data-start=\"1447\" data-end=\"1475\">\n<p data-start=\"1449\" data-end=\"1475\"><strong data-start=\"1449\" data-end=\"1468\">Innendurchmesser:<\/strong> 8 mm<\/p>\n<\/li>\n<li data-start=\"1476\" data-end=\"1505\">\n<p data-start=\"1478\" data-end=\"1505\"><strong data-start=\"1478\" data-end=\"1497\">\u00c4u\u00dferer Durchmesser:<\/strong> 15 mm<\/p>\n<\/li>\n<li data-start=\"1506\" data-end=\"1550\">\n<p data-start=\"1508\" data-end=\"1550\"><strong data-start=\"1508\" data-end=\"1517\">Passt:<\/strong> 8 mm Nippel und Tankverschraubungen<\/p>\n<\/li>\n<li data-start=\"1551\" data-end=\"1580\">\n<p data-start=\"1553\" data-end=\"1580\"><strong data-start=\"1553\" data-end=\"1572\">Biegeradius:<\/strong> 60 mm<\/p>\n<\/li>\n<li data-start=\"1581\" data-end=\"1613\">\n<p data-start=\"1583\" data-end=\"1613\"><strong data-start=\"1583\" data-end=\"1604\">Arbeitsdruck:<\/strong> 14 Bar<\/p>\n<\/li>\n<li data-start=\"1614\" data-end=\"1667\">\n<p data-start=\"1616\" data-end=\"1667\"><strong data-start=\"1616\" data-end=\"1635\">Berstdruck:<\/strong> 30 Bar (Kategorie sehr stark)<\/p>\n<\/li>\n<li data-start=\"1668\" data-end=\"1709\">\n<p data-start=\"1670\" data-end=\"1709\"><strong data-start=\"1670\" data-end=\"1692\">Temperaturbereich:<\/strong> -20\u00b0C bis +80\u00b0C<\/p>\n<\/li>\n<li data-start=\"1710\" data-end=\"1771\">\n<p data-start=\"1712\" data-end=\"1771\"><strong data-start=\"1712\" data-end=\"1723\">L\u00e4nge:<\/strong> Verkauft pro Meter (kontinuierliche L\u00e4ngen verf\u00fcgbar)<\/p>\n<\/li>\n<\/ul>\n<h3 data-start=\"1773\" data-end=\"1802\"><strong data-start=\"1777\" data-end=\"1802\">Konstruktionsdetails:<\/strong><\/h3>\n<ul data-start=\"1803\" data-end=\"2508\">\n<li data-start=\"1803\" data-end=\"1993\">\n<p data-start=\"1805\" data-end=\"1993\"><strong data-start=\"1805\" data-end=\"1814\">Schlauch:<\/strong> Glatter schwarzer NBR-Gummi, der gegen Erd\u00f6lprodukte mit bis zu 50% Aromatengehalt best\u00e4ndig ist. Kompatibel mit Biodiesel und bleifreien Kraftstoffen mit bis zu 15% sauerstoffhaltigen Verbindungen. <\/p>\n<\/li>\n<li data-start=\"1994\" data-end=\"2105\">\n<p data-start=\"1996\" data-end=\"2105\"><strong data-start=\"1996\" data-end=\"2014\">Verst\u00e4rkung:<\/strong> Hochfeste synthetische Textillagen f\u00fcr hervorragende Flexibilit\u00e4t und Druckbest\u00e4ndigkeit.<\/p>\n<\/li>\n<li data-start=\"2106\" data-end=\"2268\">\n<p data-start=\"2108\" data-end=\"2268\"><strong data-start=\"2108\" data-end=\"2118\">Abdeckung:<\/strong> CR\/NBR-Gummi, abriebfest, hitzebest\u00e4ndig, kraftstoffbest\u00e4ndig, ozonbest\u00e4ndig und resistent gegen Umwelteinfl\u00fcsse. Feuerbest\u00e4ndig und selbstverl\u00f6schend f\u00fcr maximale Sicherheit. <\/p>\n<\/li>\n<li data-start=\"2269\" data-end=\"2344\">\n<p data-start=\"2271\" data-end=\"2344\"><strong data-start=\"2271\" data-end=\"2283\">Oberfl\u00e4che:<\/strong> Glatte, mit Stoff beschichtete Au\u00dfenschicht f\u00fcr eine einfache Installation.<\/p>\n<\/li>\n<li data-start=\"2345\" data-end=\"2508\">\n<p data-start=\"2347\" data-end=\"2508\"><strong data-start=\"2347\" data-end=\"2360\">Branding:<\/strong> Roter Transferband-Schriftzug: &#8222;t CARBOPOMP MARINE FUEL ISO 7840:2021 A1 E10\/B10 COMPATIBLE CE &#8211; SAE J1527:2021 USCG A1 &#8211; RINA &#8211; LLOYD&#8217;S REGISTER&#8220;.<\/p>\n<\/li>\n<\/ul>\n<h3 data-start=\"2510\" data-end=\"2542\"><strong data-start=\"2514\" data-end=\"2542\">Hauptmerkmale &amp; Vorteile:<\/strong><\/h3>\n<p data-start=\"2543\" data-end=\"2910\">\u2705 Feuerbest\u00e4ndig und selbstverl\u00f6schend f\u00fcr die Einhaltung der Sicherheitsvorschriften f\u00fcr die Schifffahrt<br data-start=\"2611\" data-end=\"2614\">\u2705 Entwickelt f\u00fcr <strong data-start=\"2629\" data-end=\"2669\">Diesel-, Biodiesel- und bleifreie Kraftstoffsysteme<\/strong><br data-start=\"2677\" data-end=\"2680\">\u2705 H\u00e4lt rauen Meeresumgebungen stand (-20\u00b0C bis +80\u00b0C)<br data-start=\"2735\" data-end=\"2738\">\u2705 Hohe Flexibilit\u00e4t mit einem Biegeradius von 60 mm<br data-start=\"2784\" data-end=\"2787\">\u2705 Best\u00e4ndig gegen Abrieb, Kraftstoff, Ozon und Seewasser<br data-start=\"2837\" data-end=\"2840\">\u2705 Zertifiziert von RINA und Lloyd&#8217;s Register f\u00fcr den professionellen Einsatz auf See<\/p>\n<h3 data-start=\"2912\" data-end=\"2933\"><strong data-start=\"2916\" data-end=\"2933\">Anwendungen:<\/strong><\/h3>\n<p data-start=\"2934\" data-end=\"2985\">Der <strong data-start=\"2938\" data-end=\"2969\">Marine Dieselkraftstoffschlauch 8mm<\/strong> ist ideal f\u00fcr:<\/p>\n<ul data-start=\"2986\" data-end=\"3183\">\n<li data-start=\"2986\" data-end=\"3033\">\n<p data-start=\"2988\" data-end=\"3033\">Innenbord-Schiffsmotoren (Schiffe bis zu 24 m)<\/p>\n<\/li>\n<li data-start=\"3034\" data-end=\"3078\">\n<p data-start=\"3036\" data-end=\"3078\">Kraftstoffleitungen f\u00fcr Diesel und Biodiesel<\/p>\n<\/li>\n<li data-start=\"3079\" data-end=\"3133\">\n<p data-start=\"3081\" data-end=\"3133\">Vergn\u00fcgungsboote, Yachten und kleine Handelsschiffe<\/p>\n<\/li>\n<li data-start=\"3134\" data-end=\"3183\">\n<p data-start=\"3136\" data-end=\"3183\">Station\u00e4re und tragbare Kraftstofftransfersysteme<\/p>\n<\/li>\n<\/ul>\n<h3 data-start=\"3185\" data-end=\"3236\"><strong data-start=\"3189\" data-end=\"3236\">Warum sollten Sie sich f\u00fcr unseren Marine Diesel Kraftstoffschlauch 8mm entscheiden?<\/strong><\/h3>\n<p data-start=\"3237\" data-end=\"3570\">Dieser Schlauch ist auf <strong data-start=\"3265\" data-end=\"3294\">Langlebigkeit und Leistung<\/strong> ausgelegt und gew\u00e4hrleistet eine leckagefreie Kraftstoff\u00fcbertragung auch unter Druck. Ob zum Betanken oder f\u00fcr feste Installationen an Bord, er bietet Vertrauen und erf\u00fcllt die weltweiten Sicherheitsstandards. Seine <strong data-start=\"3479\" data-end=\"3527\">feuerfeste und witterungsbest\u00e4ndige Konstruktion<\/strong> gew\u00e4hrleistet Zuverl\u00e4ssigkeit in allen Bereichen der Schifffahrt.  <\/p>\n","protected":false},"excerpt":{"rendered":"<p>Marine-Diesel-Kraftstoffschlauch 8mm &#8211; Feuerbest\u00e4ndige, ISO 7840 zertifizierte Kraftstoffleitung Der Marine Dieselkraftstoffschlauch 8mm ist ein professioneller, feuerfester Kraftstoffschlauch, der f\u00fcr Innenbordmotoren und Dieselkraftstofftransfersysteme in der Schifffahrt entwickelt wurde. Er ist nach ISO 7840:2021 A1 und SAE J1527:2011 USCG A1 zertifiziert und erf\u00fcllt damit die h\u00f6chsten internationalen Sicherheitsstandards f\u00fcr die Schifffahrt. Damit ist er ideal f\u00fcr Handels- [&hellip;]<\/p>\n","protected":false},"featured_media":39007,"comment_status":"open","ping_status":"closed","template":"","meta":[],"product_brand":[],"product_cat":[3597,3596,4110],"product_tag":[],"class_list":{"0":"post-39006","1":"product","2":"type-product","3":"status-publish","4":"has-post-thumbnail","6":"product_cat-kraftstoffschlauche","7":"product_cat-schlauche-und-armaturen","8":"product_cat-um-den-motor-herum","9":"pa_condition-neu","11":"first","12":"instock","13":"taxable","14":"shipping-taxable","15":"purchasable","16":"product-type-simple"},"supplier_id":7294,"supplier_sku":"GS35050","barcode":null,"atum_controlled":true,"out_stock_date":null,"out_stock_threshold":null,"inheritable":false,"inbound_stock":0,"stock_on_hold":25,"sold_today":25,"sales_last_days":25,"reserved_stock":0,"customer_returns":0,"warehouse_damage":0,"lost_in_post":0,"other_logs":0,"out_stock_days":0,"lost_sales":0,"has_location":false,"update_date":"2026-03-18T13:36:15","atum_locations":[],"atum_stock_status":"instock","restock_status":true,"low_stock_amount":1,"sales_update_date":"2026-03-18T13:36:15","calc_backorders":0,"_links":{"self":[{"href":"https:\/\/mps.digital-monkey.in\/de\/wp-json\/wp\/v2\/product\/39006","targetHints":{"allow":["GET"]}}],"collection":[{"href":"https:\/\/mps.digital-monkey.in\/de\/wp-json\/wp\/v2\/product"}],"about":[{"href":"https:\/\/mps.digital-monkey.in\/de\/wp-json\/wp\/v2\/types\/product"}],"replies":[{"embeddable":true,"href":"https:\/\/mps.digital-monkey.in\/de\/wp-json\/wp\/v2\/comments?post=39006"}],"wp:featuredmedia":[{"embeddable":true,"href":"https:\/\/mps.digital-monkey.in\/de\/wp-json\/wp\/v2\/media\/39007"}],"wp:attachment":[{"href":"https:\/\/mps.digital-monkey.in\/de\/wp-json\/wp\/v2\/media?parent=39006"}],"wp:term":[{"taxonomy":"product_brand","embeddable":true,"href":"https:\/\/mps.digital-monkey.in\/de\/wp-json\/wp\/v2\/product_brand?post=39006"},{"taxonomy":"product_cat","embeddable":true,"href":"https:\/\/mps.digital-monkey.in\/de\/wp-json\/wp\/v2\/product_cat?post=39006"},{"taxonomy":"product_tag","embeddable":true,"href":"https:\/\/mps.digital-monkey.in\/de\/wp-json\/wp\/v2\/product_tag?post=39006"}],"curies":[{"name":"wp","href":"https:\/\/api.w.org\/{rel}","templated":true}]}}