{"id":39512,"date":"2025-10-22T08:04:54","date_gmt":"2025-10-22T08:04:54","guid":{"rendered":"https:\/\/mps.digital-monkey.in\/product\/volvo-penta-oelkuehlerdeckel-829084\/"},"modified":"2025-10-22T08:07:27","modified_gmt":"2025-10-22T08:07:27","slug":"volvo-penta-oelkuehlerdeckel-829084","status":"publish","type":"product","link":"https:\/\/mps.digital-monkey.in\/de\/produkt\/volvo-penta-oelkuehlerdeckel-829084\/","title":{"rendered":"Volvo Penta \u00d6lk\u00fchlerdeckel 829084"},"content":{"rendered":"<h3 data-start=\"122\" data-end=\"202\"><strong data-start=\"126\" data-end=\"202\">Volvo Penta \u00d6lk\u00fchlerdeckel (Teil Nr. 829084) - Gebraucht, gereinigt &amp; gepr\u00fcft<\/strong><\/h3>\n<p data-start=\"204\" data-end=\"462\">Erhalten Sie die Leistung Ihres Volvo Penta Motors mit diesem <strong data-start=\"261\" data-end=\"310\">originalen OEM Volvo Penta \u00d6lk\u00fchlerdeckel 829084<\/strong>. Dieses <strong data-start=\"317\" data-end=\"339\">gebrauchte Originalteil<\/strong> wurde <strong data-start=\"349\" data-end=\"389\">professionell gereinigt und gepr\u00fcft<\/strong>, um sicherzustellen, dass es den Funktionsstandards entspricht und einbaufertig ist.<\/p>\n<p data-start=\"464\" data-end=\"486\"><strong data-start=\"464\" data-end=\"484\">Produkt-Details:<\/strong><\/p>\n<ul data-start=\"487\" data-end=\"726\">\n<li data-start=\"487\" data-end=\"558\">\n<p data-start=\"489\" data-end=\"558\"><strong data-start=\"489\" data-end=\"503\">Zustand:<\/strong> Gebraucht - gereinigt, inspiziert und in gutem Zustand<\/p>\n<\/li>\n<li data-start=\"559\" data-end=\"590\">\n<p data-start=\"561\" data-end=\"590\"><strong data-start=\"561\" data-end=\"581\">OEM-Teilenummer:<\/strong> 829084<\/p>\n<\/li>\n<li data-start=\"591\" data-end=\"619\">\n<p data-start=\"593\" data-end=\"619\"><strong data-start=\"593\" data-end=\"602\">Typ:<\/strong> \u00d6lk\u00fchlerdeckel<\/p>\n<\/li>\n<li data-start=\"620\" data-end=\"726\">\n<p data-start=\"622\" data-end=\"726\"><strong data-start=\"622\" data-end=\"640\">Kompatibilit\u00e4t:<\/strong> Passend f\u00fcr ausgew\u00e4hlte Volvo Penta Schiffsmotoren (\u00fcberpr\u00fcfen Sie die Teilenummer f\u00fcr Ihr spezifisches Modell)<\/p>\n<\/li>\n<\/ul>\n<p data-start=\"728\" data-end=\"743\"><strong data-start=\"728\" data-end=\"741\">Merkmale:<\/strong><\/p>\n<ul data-start=\"744\" data-end=\"967\">\n<li data-start=\"744\" data-end=\"793\">\n<p data-start=\"746\" data-end=\"793\">Original Volvo Penta Qualit\u00e4t f\u00fcr eine perfekte Passform<\/p>\n<\/li>\n<li data-start=\"932\" data-end=\"967\">\n<p data-start=\"934\" data-end=\"967\">Kosteng\u00fcnstiges Ersatzteil<\/p>\n<\/li>\n<\/ul>\n<p>&nbsp;<\/p>\n<p>Passend f\u00fcr <strong data-start=\"138\" data-end=\"176\">Volvo Penta MD21, MD21A und MD21B<\/strong> Schiffsdieselmotoren sowie f\u00fcr andere Modelle, die den \u00d6lk\u00fchlerdeckel mit der Teilenummer <strong data-start=\"257\" data-end=\"267\">829084<\/strong> verwenden. \u00dcberpr\u00fcfen Sie vor dem Kauf immer die Kompatibilit\u00e4t mit der Seriennummer Ihres Motors.<\/p>\n<p data-start=\"969\" data-end=\"1104\"><strong data-start=\"969\" data-end=\"979\">Hinweise:<\/strong><br data-start=\"979\" data-end=\"982\">Dies ist eine <strong data-start=\"992\" data-end=\"1014\">gebrauchte OEM-Komponente -<\/strong>es k\u00f6nnen <strong data-start=\"992\" data-end=\"1014\">kosmetische Ab<\/strong>nutzungserscheinungen vorhanden sein, aber sie wurde <strong data-start=\"1061\" data-end=\"1101\">auf Integrit\u00e4t und Leistung getestet<\/strong>.<\/p>\n<p data-start=\"1111\" data-end=\"1300\" data-is-last-node=\"\" data-is-only-node=\"\">\n","protected":false},"excerpt":{"rendered":"<p>Volvo Penta \u00d6lk\u00fchlerdeckel (Teil Nr. 829084) - Gebraucht, gereinigt &amp; gepr\u00fcft Erhalten Sie die Leistung Ihres Volvo Penta Motors mit diesem originalen OEM Volvo Penta \u00d6lk\u00fchlerdeckel 829084. Dieses gebrauchte Originalteil wurde professionell gereinigt und gepr\u00fcft, um sicherzustellen, dass es den Funktionsstandards entspricht und einbaufertig ist. Produkt-Details: Zustand: Gebraucht - gereinigt, inspiziert und in gutem Zustand [&hellip;]<\/p>\n","protected":false},"featured_media":39513,"comment_status":"open","ping_status":"closed","template":"","meta":[],"product_brand":[4230],"product_cat":[4488,4496,2532,3596,3582],"product_tag":[],"class_list":{"0":"post-39512","1":"product","2":"type-product","3":"status-publish","4":"has-post-thumbnail","6":"product_brand-volvo-penta","7":"product_cat-brauchen-sie-volvo-penta-teile","8":"product_cat-gebrauchte-volvo-penta-teile-kaufen","9":"product_cat-motorenteile","10":"product_cat-schlauche-und-armaturen","11":"product_cat-warmetauscher-nachkuhler","12":"pa_condition-gebraucht","13":"pa_model-md21","14":"pa_model-md21a","15":"pa_model-md21b","16":"pa_oem-or-aftermarket-oem","18":"first","19":"instock","20":"taxable","21":"shipping-taxable","22":"purchasable","23":"product-type-simple"},"supplier_id":null,"supplier_sku":"","barcode":null,"atum_controlled":true,"out_stock_date":null,"out_stock_threshold":null,"inheritable":false,"inbound_stock":0,"stock_on_hold":0,"sold_today":0,"sales_last_days":0,"reserved_stock":0,"customer_returns":0,"warehouse_damage":0,"lost_in_post":0,"other_logs":0,"out_stock_days":0,"lost_sales":0,"has_location":false,"update_date":"2025-11-04T10:45:03","atum_locations":[],"atum_stock_status":"instock","restock_status":false,"low_stock_amount":0,"sales_update_date":"2025-10-22T14:30:13","calc_backorders":null,"_links":{"self":[{"href":"https:\/\/mps.digital-monkey.in\/de\/wp-json\/wp\/v2\/product\/39512","targetHints":{"allow":["GET"]}}],"collection":[{"href":"https:\/\/mps.digital-monkey.in\/de\/wp-json\/wp\/v2\/product"}],"about":[{"href":"https:\/\/mps.digital-monkey.in\/de\/wp-json\/wp\/v2\/types\/product"}],"replies":[{"embeddable":true,"href":"https:\/\/mps.digital-monkey.in\/de\/wp-json\/wp\/v2\/comments?post=39512"}],"wp:featuredmedia":[{"embeddable":true,"href":"https:\/\/mps.digital-monkey.in\/de\/wp-json\/wp\/v2\/media\/39513"}],"wp:attachment":[{"href":"https:\/\/mps.digital-monkey.in\/de\/wp-json\/wp\/v2\/media?parent=39512"}],"wp:term":[{"taxonomy":"product_brand","embeddable":true,"href":"https:\/\/mps.digital-monkey.in\/de\/wp-json\/wp\/v2\/product_brand?post=39512"},{"taxonomy":"product_cat","embeddable":true,"href":"https:\/\/mps.digital-monkey.in\/de\/wp-json\/wp\/v2\/product_cat?post=39512"},{"taxonomy":"product_tag","embeddable":true,"href":"https:\/\/mps.digital-monkey.in\/de\/wp-json\/wp\/v2\/product_tag?post=39512"}],"curies":[{"name":"wp","href":"https:\/\/api.w.org\/{rel}","templated":true}]}}