{"id":39545,"date":"2025-10-23T14:31:51","date_gmt":"2025-10-23T14:31:51","guid":{"rendered":"https:\/\/mps.digital-monkey.in\/product\/auspuffkruemmer-volvo-penta-840690\/"},"modified":"2025-11-18T12:39:58","modified_gmt":"2025-11-18T12:39:58","slug":"auspuffkruemmer-volvo-penta-840690","status":"publish","type":"product","link":"https:\/\/mps.digital-monkey.in\/de\/produkt\/auspuffkruemmer-volvo-penta-840690\/","title":{"rendered":"Auspuffkr\u00fcmmer Volvo Penta 840690"},"content":{"rendered":"<p data-start=\"201\" data-end=\"539\">Der <strong data-start=\"205\" data-end=\"229\">Auspuffkr\u00fcmmer 840690<\/strong> wurde entwickelt, um zuverl\u00e4ssige Leistung und Haltbarkeit f\u00fcr Volvo Penta Schiffsmotoren zu gew\u00e4hrleisten. Der aus hochwertigen Materialien f\u00fcr die Schifffahrt gefertigte Auspuffkr\u00fcmmer sorgt f\u00fcr einen effizienten Abgasstrom, minimiert den Gegendruck und bietet eine hervorragende Korrosionsbest\u00e4ndigkeit f\u00fcr eine lange Lebensdauer in anspruchsvollen Meeresumgebungen.<\/p>\n<p data-start=\"541\" data-end=\"729\">Es wurde f\u00fcr eine pr\u00e4zise Passform und einen einfachen Einbau entwickelt und dient als direkter Ersatz f\u00fcr das Originalteil von Volvo Penta, um eine optimale Motorleistung und K\u00fchleffizienz zu gew\u00e4hrleisten.<\/p>\n<p data-start=\"731\" data-end=\"787\"><strong data-start=\"731\" data-end=\"785\">Kompatibel mit den folgenden Volvo Penta Motoren:<\/strong><\/p>\n<ul data-start=\"788\" data-end=\"1018\">\n<li data-start=\"788\" data-end=\"848\">\n<p data-start=\"790\" data-end=\"848\"><strong data-start=\"790\" data-end=\"818\">Volvo Penta Serie 2001:<\/strong> 2001, 2001B, 2001AG, 2001BG<\/p>\n<\/li>\n<li data-start=\"849\" data-end=\"916\">\n<p data-start=\"851\" data-end=\"916\"><strong data-start=\"851\" data-end=\"879\">Volvo Penta Serie 2002:<\/strong> 2002, 2002B, 2002D, 2002AG, 2002BG<\/p>\n<\/li>\n<li data-start=\"917\" data-end=\"1018\">\n<p data-start=\"919\" data-end=\"1018\"><strong data-start=\"919\" data-end=\"947\">Volvo Penta 2003 Serie:<\/strong> 2003, 2003B, 2003D, 2003AG, 2003BG, 2003T, 2003TB, 2003 SOLAS, 2003B<\/p>\n<\/li>\n<\/ul>\n<p data-start=\"1020\" data-end=\"1039\"><strong data-start=\"1020\" data-end=\"1037\">Wichtige Merkmale:<\/strong><\/p>\n<ul data-start=\"1040\" data-end=\"1309\">\n<li data-start=\"1040\" data-end=\"1094\">\n<p data-start=\"1042\" data-end=\"1094\">Direkter Ersatz f\u00fcr Volvo Penta Teil <strong data-start=\"1082\" data-end=\"1092\">840690<\/strong><\/p>\n<\/li>\n<li data-start=\"1095\" data-end=\"1147\">\n<p data-start=\"1097\" data-end=\"1147\">Hergestellt aus erstklassigen Materialien in Marinequalit\u00e4t<\/p>\n<\/li>\n<li data-start=\"1148\" data-end=\"1202\">\n<p data-start=\"1150\" data-end=\"1202\">Korrosions- und hitzebest\u00e4ndig f\u00fcr eine lange Lebensdauer<\/p>\n<\/li>\n<li data-start=\"1203\" data-end=\"1257\">\n<p data-start=\"1205\" data-end=\"1257\">Optimierter Abgasstrom f\u00fcr stabilen Motorbetrieb<\/p>\n<\/li>\n<li data-start=\"1258\" data-end=\"1309\">\n<p data-start=\"1260\" data-end=\"1309\">Einfacher Einbau mit genauer Passform und Ausrichtung<\/p>\n<\/li>\n<\/ul>\n<p data-start=\"1311\" data-end=\"1436\"><strong data-start=\"1311\" data-end=\"1327\">Perfekt f\u00fcr:<\/strong> Besitzer von Volvo Penta-Motoren, die eine zuverl\u00e4ssige Auspuffl\u00f6sung suchen, die der Meeresumgebung standh\u00e4lt.<\/p>\n","protected":false},"excerpt":{"rendered":"<p>Der Auspuffkr\u00fcmmer 840690 wurde entwickelt, um zuverl\u00e4ssige Leistung und Haltbarkeit f\u00fcr Volvo Penta Schiffsmotoren zu gew\u00e4hrleisten. Der aus hochwertigen Materialien f\u00fcr die Schifffahrt gefertigte Auspuffkr\u00fcmmer sorgt f\u00fcr einen effizienten Abgasstrom, minimiert den Gegendruck und bietet eine hervorragende Korrosionsbest\u00e4ndigkeit f\u00fcr eine lange Lebensdauer in anspruchsvollen Meeresumgebungen. Es wurde f\u00fcr eine pr\u00e4zise Passform und einen einfachen Einbau [&hellip;]<\/p>\n","protected":false},"featured_media":39546,"comment_status":"open","ping_status":"closed","template":"","meta":[],"product_brand":[4230],"product_cat":[3207,3208,4488,2532,4308,4467,4470,4473,4476,4466],"product_tag":[],"class_list":{"0":"post-39545","1":"product","2":"type-product","3":"status-publish","4":"has-post-thumbnail","6":"product_brand-volvo-penta","7":"product_cat-auspuffanlagen","8":"product_cat-auspuffkrummer","9":"product_cat-brauchen-sie-volvo-penta-teile","10":"product_cat-motorenteile","11":"product_cat-volvo-penta","12":"product_cat-volvo-penta-2001-teile","13":"product_cat-volvo-penta-2002-teile","14":"product_cat-volvo-penta-2003-teile","15":"product_cat-volvo-penta-2003t-teile","16":"product_cat-volvo-penta-serie-2000","17":"pa_condition-neu","18":"pa_model-3088","19":"pa_model-3089","20":"pa_model-3090","21":"pa_oem-or-aftermarket-aftermarket","23":"first","24":"onbackorder","25":"taxable","26":"shipping-taxable","27":"purchasable","28":"product-type-simple"},"supplier_id":7294,"supplier_sku":"MAR690","barcode":null,"atum_controlled":true,"out_stock_date":"2026-03-17 13:56:00","out_stock_threshold":null,"inheritable":false,"inbound_stock":0,"stock_on_hold":1,"sold_today":1,"sales_last_days":1,"reserved_stock":0,"customer_returns":0,"warehouse_damage":0,"lost_in_post":0,"other_logs":0,"out_stock_days":0,"lost_sales":0,"has_location":false,"update_date":"2026-03-17T13:56:18","atum_locations":[],"atum_stock_status":"onbackorder","restock_status":false,"low_stock_amount":1,"sales_update_date":"2026-03-17T13:56:18","calc_backorders":0,"_links":{"self":[{"href":"https:\/\/mps.digital-monkey.in\/de\/wp-json\/wp\/v2\/product\/39545","targetHints":{"allow":["GET"]}}],"collection":[{"href":"https:\/\/mps.digital-monkey.in\/de\/wp-json\/wp\/v2\/product"}],"about":[{"href":"https:\/\/mps.digital-monkey.in\/de\/wp-json\/wp\/v2\/types\/product"}],"replies":[{"embeddable":true,"href":"https:\/\/mps.digital-monkey.in\/de\/wp-json\/wp\/v2\/comments?post=39545"}],"wp:featuredmedia":[{"embeddable":true,"href":"https:\/\/mps.digital-monkey.in\/de\/wp-json\/wp\/v2\/media\/39546"}],"wp:attachment":[{"href":"https:\/\/mps.digital-monkey.in\/de\/wp-json\/wp\/v2\/media?parent=39545"}],"wp:term":[{"taxonomy":"product_brand","embeddable":true,"href":"https:\/\/mps.digital-monkey.in\/de\/wp-json\/wp\/v2\/product_brand?post=39545"},{"taxonomy":"product_cat","embeddable":true,"href":"https:\/\/mps.digital-monkey.in\/de\/wp-json\/wp\/v2\/product_cat?post=39545"},{"taxonomy":"product_tag","embeddable":true,"href":"https:\/\/mps.digital-monkey.in\/de\/wp-json\/wp\/v2\/product_tag?post=39545"}],"curies":[{"name":"wp","href":"https:\/\/api.w.org\/{rel}","templated":true}]}}