{"id":39555,"date":"2025-10-23T14:45:46","date_gmt":"2025-10-23T14:45:46","guid":{"rendered":"https:\/\/mps.digital-monkey.in\/product\/auspuffkruemmer-volvo-penta-aqad40-aqad40b-tamd40a-tamd40b-845528\/"},"modified":"2025-11-02T18:28:34","modified_gmt":"2025-11-02T18:28:34","slug":"auspuffkruemmer-volvo-penta-aqad40-aqad40b-tamd40a-tamd40b-845528","status":"publish","type":"product","link":"https:\/\/mps.digital-monkey.in\/de\/produkt\/auspuffkruemmer-volvo-penta-aqad40-aqad40b-tamd40a-tamd40b-845528\/","title":{"rendered":"Auspuffkr\u00fcmmer Volvo Penta AQAD40, AQAD40B, TAMD40A, TAMD40B - 845528"},"content":{"rendered":"<h3 data-start=\"65\" data-end=\"143\"><strong data-start=\"69\" data-end=\"141\">Auspuffkr\u00fcmmer Volvo Penta AQAD40, AQAD40B, TAMD40A, TAMD40B - 845528<\/strong><\/h3>\n<p data-start=\"144\" data-end=\"182\"><strong data-start=\"144\" data-end=\"182\">Inklusive Dichtung und Montageschrauben<\/strong><\/p>\n<p data-start=\"184\" data-end=\"499\">Der <strong data-start=\"188\" data-end=\"212\">Auspuffkr\u00fcmmer 845528<\/strong> ist f\u00fcr zuverl\u00e4ssige Leistung und Langlebigkeit bei Volvo Penta Schiffsmotoren der Serien AQAD40 und TAMD40 ausgelegt. Hergestellt aus hochwertigen, f\u00fcr die Schifffahrt geeigneten Materialien, gew\u00e4hrleistet dieser Auspuffkr\u00fcmmer einen effizienten Gasfluss, Korrosionsbest\u00e4ndigkeit und eine lange Lebensdauer unter anspruchsvollen maritimen Bedingungen.<\/p>\n<p data-start=\"501\" data-end=\"594\">Wird komplett mit <strong data-start=\"524\" data-end=\"553\">Dichtung und Befestigungsschrauben<\/strong> f\u00fcr eine einfache Installation und eine perfekte Passform geliefert.<\/p>\n<p data-start=\"596\" data-end=\"618\"><strong data-start=\"596\" data-end=\"616\">Kompatibel mit:<\/strong><\/p>\n<ul data-start=\"619\" data-end=\"713\">\n<li data-start=\"619\" data-end=\"641\">\n<p data-start=\"621\" data-end=\"641\">Volvo Penta AQAD40<\/p>\n<\/li>\n<li data-start=\"642\" data-end=\"665\">\n<p data-start=\"644\" data-end=\"665\">Volvo Penta AQAD40B<\/p>\n<\/li>\n<li data-start=\"666\" data-end=\"689\">\n<p data-start=\"668\" data-end=\"689\">Volvo Penta TAMD40A<\/p>\n<\/li>\n<li data-start=\"690\" data-end=\"713\">\n<p data-start=\"692\" data-end=\"713\">Volvo Penta TAMD40B<\/p>\n<\/li>\n<\/ul>\n<p data-start=\"715\" data-end=\"734\"><strong data-start=\"715\" data-end=\"732\">Wichtige Merkmale:<\/strong><\/p>\n<ul data-start=\"735\" data-end=\"986\">\n<li data-start=\"735\" data-end=\"789\">\n<p data-start=\"737\" data-end=\"789\">Direkter Ersatz f\u00fcr Volvo Penta Teil <strong data-start=\"777\" data-end=\"787\">845528<\/strong><\/p>\n<\/li>\n<li data-start=\"790\" data-end=\"828\">\n<p data-start=\"792\" data-end=\"828\">Inklusive Dichtung und Montageschrauben<\/p>\n<\/li>\n<li data-start=\"829\" data-end=\"886\">\n<p data-start=\"831\" data-end=\"886\">Hochwertige, korrosionsbest\u00e4ndige Konstruktion in Marinequalit\u00e4t<\/p>\n<\/li>\n<li data-start=\"887\" data-end=\"948\">\n<p data-start=\"889\" data-end=\"948\">Entwickelt f\u00fcr effizienten Abgasfluss und thermische Stabilit\u00e4t<\/p>\n<\/li>\n<li data-start=\"949\" data-end=\"986\">\n<p data-start=\"951\" data-end=\"986\">Einfache Installation und pr\u00e4zise Passform<\/p>\n<\/li>\n<\/ul>\n","protected":false},"excerpt":{"rendered":"<p>Auspuffkr\u00fcmmer Volvo Penta AQAD40, AQAD40B, TAMD40A, TAMD40B - 845528 Inklusive Dichtung und Montageschrauben Der Auspuffkr\u00fcmmer 845528 ist f\u00fcr zuverl\u00e4ssige Leistung und Langlebigkeit bei Volvo Penta Schiffsmotoren der Serien AQAD40 und TAMD40 ausgelegt. Hergestellt aus hochwertigen, f\u00fcr die Schifffahrt geeigneten Materialien, gew\u00e4hrleistet dieser Auspuffkr\u00fcmmer einen effizienten Gasfluss, Korrosionsbest\u00e4ndigkeit und eine lange Lebensdauer unter anspruchsvollen maritimen Bedingungen. [&hellip;]<\/p>\n","protected":false},"featured_media":39556,"comment_status":"open","ping_status":"closed","template":"","meta":[],"product_brand":[4230],"product_cat":[3207,3208,4488,2532],"product_tag":[],"class_list":{"0":"post-39555","1":"product","2":"type-product","3":"status-publish","4":"has-post-thumbnail","6":"product_brand-volvo-penta","7":"product_cat-auspuffanlagen","8":"product_cat-auspuffkrummer","9":"product_cat-brauchen-sie-volvo-penta-teile","10":"product_cat-motorenteile","11":"pa_condition-neu","12":"pa_model-aqad40","13":"pa_model-tamd40","14":"pa_oem-or-aftermarket-aftermarket","16":"first","17":"onbackorder","18":"taxable","19":"shipping-taxable","20":"purchasable","21":"product-type-simple"},"supplier_id":7294,"supplier_sku":"HGE5528","barcode":null,"atum_controlled":true,"out_stock_date":null,"out_stock_threshold":null,"inheritable":false,"inbound_stock":0,"stock_on_hold":1,"sold_today":1,"sales_last_days":1,"reserved_stock":0,"customer_returns":0,"warehouse_damage":0,"lost_in_post":0,"other_logs":0,"out_stock_days":0,"lost_sales":0,"has_location":false,"update_date":"2026-01-25T00:26:59","atum_locations":[],"atum_stock_status":"onbackorder","restock_status":false,"low_stock_amount":1,"sales_update_date":"2026-01-25T00:26:59","calc_backorders":-1,"_links":{"self":[{"href":"https:\/\/mps.digital-monkey.in\/de\/wp-json\/wp\/v2\/product\/39555","targetHints":{"allow":["GET"]}}],"collection":[{"href":"https:\/\/mps.digital-monkey.in\/de\/wp-json\/wp\/v2\/product"}],"about":[{"href":"https:\/\/mps.digital-monkey.in\/de\/wp-json\/wp\/v2\/types\/product"}],"replies":[{"embeddable":true,"href":"https:\/\/mps.digital-monkey.in\/de\/wp-json\/wp\/v2\/comments?post=39555"}],"wp:featuredmedia":[{"embeddable":true,"href":"https:\/\/mps.digital-monkey.in\/de\/wp-json\/wp\/v2\/media\/39556"}],"wp:attachment":[{"href":"https:\/\/mps.digital-monkey.in\/de\/wp-json\/wp\/v2\/media?parent=39555"}],"wp:term":[{"taxonomy":"product_brand","embeddable":true,"href":"https:\/\/mps.digital-monkey.in\/de\/wp-json\/wp\/v2\/product_brand?post=39555"},{"taxonomy":"product_cat","embeddable":true,"href":"https:\/\/mps.digital-monkey.in\/de\/wp-json\/wp\/v2\/product_cat?post=39555"},{"taxonomy":"product_tag","embeddable":true,"href":"https:\/\/mps.digital-monkey.in\/de\/wp-json\/wp\/v2\/product_tag?post=39555"}],"curies":[{"name":"wp","href":"https:\/\/api.w.org\/{rel}","templated":true}]}}