{"id":39590,"date":"2025-10-24T08:14:29","date_gmt":"2025-10-24T08:14:29","guid":{"rendered":"https:\/\/mps.digital-monkey.in\/product\/volvo-penta-auspuffkruemmer-tmd31-tamd41-859963\/"},"modified":"2025-10-24T08:14:29","modified_gmt":"2025-10-24T08:14:29","slug":"volvo-penta-auspuffkruemmer-tmd31-tamd41-859963","status":"publish","type":"product","link":"https:\/\/mps.digital-monkey.in\/de\/produkt\/volvo-penta-auspuffkruemmer-tmd31-tamd41-859963\/","title":{"rendered":"Volvo Penta Auspuffkr\u00fcmmer TMD31 \/ TAMD41 - 859963"},"content":{"rendered":"<p data-start=\"246\" data-end=\"619\"><strong data-start=\"246\" data-end=\"270\">Produktbeschreibung:<\/strong><br data-start=\"270\" data-end=\"273\">Dieser Volvo Penta Auspuffkr\u00fcmmer, Teil Nr. 859963, ist ein langlebiges Ersatzteil f\u00fcr Ihren Motor. Er ist aus hochwertigem Gusseisen gefertigt und f\u00fcr eine pr\u00e4zise Passform CNC-gefr\u00e4st. Er gew\u00e4hrleistet eine zuverl\u00e4ssige Leistung und eine lange Lebensdauer. Kompatibel mit einer Vielzahl von Volvo Penta Motoren, einschlie\u00dflich der Serien AD31, AD41, D41, TAMD31, TAMD41 und TMD31\/TMD41.  <\/p>\n<p data-start=\"621\" data-end=\"646\"><strong data-start=\"621\" data-end=\"644\">Kompatible Motoren:<\/strong><\/p>\n<ul data-start=\"647\" data-end=\"827\">\n<li data-start=\"647\" data-end=\"667\">\n<p data-start=\"649\" data-end=\"667\">AD31L-A, AD31P-A<\/p>\n<\/li>\n<li data-start=\"668\" data-end=\"688\">\n<p data-start=\"670\" data-end=\"688\">AD41L-A, AD41P-A<\/p>\n<\/li>\n<li data-start=\"689\" data-end=\"699\">\n<p data-start=\"691\" data-end=\"699\">D41L-A<\/p>\n<\/li>\n<li data-start=\"700\" data-end=\"746\">\n<p data-start=\"702\" data-end=\"746\">TAMD31L-A, TAMD31M-A, TAMD31P-A, TAMD31S-A<\/p>\n<\/li>\n<li data-start=\"747\" data-end=\"804\">\n<p data-start=\"749\" data-end=\"804\">TAMD41H-A, TAMD41H-B, TAMD41P-A, TAMD41L-A, TAMD41M-A<\/p>\n<\/li>\n<li data-start=\"805\" data-end=\"827\">\n<p data-start=\"807\" data-end=\"827\">TMD31L-A, TMD41L-A<\/p>\n<\/li>\n<\/ul>\n<p data-start=\"829\" data-end=\"848\"><strong data-start=\"829\" data-end=\"846\">Wichtige Merkmale:<\/strong><\/p>\n<ul data-start=\"849\" data-end=\"1060\">\n<li data-start=\"849\" data-end=\"880\">\n<p data-start=\"851\" data-end=\"880\">Material: Langlebiges Gusseisen<\/p>\n<\/li>\n<li data-start=\"881\" data-end=\"925\">\n<p data-start=\"883\" data-end=\"925\">CNC-gefr\u00e4st f\u00fcr pr\u00e4zise Ersatzteilpassung<\/p>\n<\/li>\n<li data-start=\"926\" data-end=\"983\">\n<p data-start=\"928\" data-end=\"983\">Sorgt f\u00fcr effizienten Abgasstrom und Motorleistung<\/p>\n<\/li>\n<li data-start=\"984\" data-end=\"1039\">\n<p data-start=\"986\" data-end=\"1039\">Direkter Ersatz f\u00fcr mehrere Volvo Penta Motoren<\/p>\n<\/li>\n<li data-start=\"1040\" data-end=\"1060\">\n<p data-start=\"1042\" data-end=\"1060\">Teile-Nr.: 859963<\/p>\n<\/li>\n<\/ul>\n","protected":false},"excerpt":{"rendered":"<p>Produktbeschreibung:Dieser Volvo Penta Auspuffkr\u00fcmmer, Teil Nr. 859963, ist ein langlebiges Ersatzteil f\u00fcr Ihren Motor. Er ist aus hochwertigem Gusseisen gefertigt und f\u00fcr eine pr\u00e4zise Passform CNC-gefr\u00e4st. Er gew\u00e4hrleistet eine zuverl\u00e4ssige Leistung und eine lange Lebensdauer. Kompatibel mit einer Vielzahl von Volvo Penta Motoren, einschlie\u00dflich der Serien AD31, AD41, D41, TAMD31, TAMD41 und TMD31\/TMD41. Kompatible Motoren: [&hellip;]<\/p>\n","protected":false},"featured_media":39591,"comment_status":"open","ping_status":"closed","template":"","meta":[],"product_brand":[4230],"product_cat":[3207,3208,4488,2532],"product_tag":[],"class_list":{"0":"post-39590","1":"product","2":"type-product","3":"status-publish","4":"has-post-thumbnail","6":"product_brand-volvo-penta","7":"product_cat-auspuffanlagen","8":"product_cat-auspuffkrummer","9":"product_cat-brauchen-sie-volvo-penta-teile","10":"product_cat-motorenteile","11":"pa_condition-neu","12":"pa_model-ad31","13":"pa_model-ad41","14":"pa_model-d41","15":"pa_model-tamd31","16":"pa_model-tamd41","17":"pa_model-tmd31","18":"pa_model-tmd41","19":"pa_oem-or-aftermarket-aftermarket","21":"first","22":"onbackorder","23":"taxable","24":"shipping-taxable","25":"purchasable","26":"product-type-simple"},"supplier_id":7294,"supplier_sku":"MAR963","barcode":null,"atum_controlled":true,"out_stock_date":"2025-11-02 17:30:31","out_stock_threshold":null,"inheritable":false,"inbound_stock":0,"stock_on_hold":0,"sold_today":0,"sales_last_days":0,"reserved_stock":0,"customer_returns":0,"warehouse_damage":0,"lost_in_post":0,"other_logs":0,"out_stock_days":45,"lost_sales":0,"has_location":false,"update_date":"2025-12-18T10:46:48","atum_locations":[],"atum_stock_status":"onbackorder","restock_status":false,"low_stock_amount":1,"sales_update_date":"2025-12-18T10:46:48","calc_backorders":null,"_links":{"self":[{"href":"https:\/\/mps.digital-monkey.in\/de\/wp-json\/wp\/v2\/product\/39590","targetHints":{"allow":["GET"]}}],"collection":[{"href":"https:\/\/mps.digital-monkey.in\/de\/wp-json\/wp\/v2\/product"}],"about":[{"href":"https:\/\/mps.digital-monkey.in\/de\/wp-json\/wp\/v2\/types\/product"}],"replies":[{"embeddable":true,"href":"https:\/\/mps.digital-monkey.in\/de\/wp-json\/wp\/v2\/comments?post=39590"}],"wp:featuredmedia":[{"embeddable":true,"href":"https:\/\/mps.digital-monkey.in\/de\/wp-json\/wp\/v2\/media\/39591"}],"wp:attachment":[{"href":"https:\/\/mps.digital-monkey.in\/de\/wp-json\/wp\/v2\/media?parent=39590"}],"wp:term":[{"taxonomy":"product_brand","embeddable":true,"href":"https:\/\/mps.digital-monkey.in\/de\/wp-json\/wp\/v2\/product_brand?post=39590"},{"taxonomy":"product_cat","embeddable":true,"href":"https:\/\/mps.digital-monkey.in\/de\/wp-json\/wp\/v2\/product_cat?post=39590"},{"taxonomy":"product_tag","embeddable":true,"href":"https:\/\/mps.digital-monkey.in\/de\/wp-json\/wp\/v2\/product_tag?post=39590"}],"curies":[{"name":"wp","href":"https:\/\/api.w.org\/{rel}","templated":true}]}}