{"id":39596,"date":"2025-10-24T08:31:42","date_gmt":"2025-10-24T08:31:42","guid":{"rendered":"https:\/\/mps.digital-monkey.in\/product\/volvo-penta-auspuffkruemmer-ad31-ad41-kamd44-861289\/"},"modified":"2025-10-24T08:31:42","modified_gmt":"2025-10-24T08:31:42","slug":"volvo-penta-auspuffkruemmer-ad31-ad41-kamd44-861289","status":"publish","type":"product","link":"https:\/\/mps.digital-monkey.in\/de\/produkt\/volvo-penta-auspuffkruemmer-ad31-ad41-kamd44-861289\/","title":{"rendered":"Volvo Penta Auspuffkr\u00fcmmer AD31 \/ AD41 \/ KAMD44 - 861289"},"content":{"rendered":"<p data-start=\"141\" data-end=\"552\"><strong data-start=\"141\" data-end=\"165\">Produktbeschreibung:<\/strong><br data-start=\"165\" data-end=\"168\">Dieser Volvo Penta Auspuffkr\u00fcmmer, Teilenummer 861289, ist ein langlebiges Ersatzteil, das f\u00fcr eine zuverl\u00e4ssige Motorleistung entwickelt wurde. Er ist aus hochwertigem Gusseisen gefertigt und f\u00fcr eine pr\u00e4zise Passform CNC-gefr\u00e4st. Er ist der perfekte Ersatz f\u00fcr verschlissene oder besch\u00e4digte Auspuffkr\u00fcmmer. Kompatibel mit einer Vielzahl von Volvo Penta Motoren, einschlie\u00dflich Motoren der Serien AD31, AD41, D41, D5A, KAD, KAMD und TAMD.  <\/p>\n<p data-start=\"554\" data-end=\"579\"><strong data-start=\"554\" data-end=\"577\">Kompatible Motoren:<\/strong><\/p>\n<ul data-start=\"580\" data-end=\"943\">\n<li data-start=\"580\" data-end=\"631\">\n<p data-start=\"582\" data-end=\"631\">AD31B, AD31D, AD31D-A, AD31L-A, AD31P-A, AD31XD<\/p>\n<\/li>\n<li data-start=\"632\" data-end=\"674\">\n<p data-start=\"634\" data-end=\"674\">AD41B, AD41BJ, AD41D, AD41L-A, AD41P-A<\/p>\n<\/li>\n<li data-start=\"675\" data-end=\"689\">\n<p data-start=\"677\" data-end=\"689\">D41B, D41D<\/p>\n<\/li>\n<li data-start=\"690\" data-end=\"717\">\n<p data-start=\"692\" data-end=\"717\">D5A-B TA, D5A-T, D5A-TA<\/p>\n<\/li>\n<li data-start=\"718\" data-end=\"812\">\n<p data-start=\"720\" data-end=\"812\">KAD300-A, KAD32P, KAD42A, KAD42B, KAD42P-A, KAD43P-A, KAD43P-B, KAD44P, KAD44P-B, KAD44P-C<\/p>\n<\/li>\n<li data-start=\"813\" data-end=\"919\">\n<p data-start=\"815\" data-end=\"919\">KAMD300-A, KAMD42A, KAMD42B, KAMD42P-A, KAMD43P, KAMD43P-A, KAMD43P-B, KAMD44P-A, KAMD44P-B, KAMD44P-C<\/p>\n<\/li>\n<li data-start=\"920\" data-end=\"943\">\n<p data-start=\"922\" data-end=\"943\">TAMD42B, TAMD42WJ-A<\/p>\n<\/li>\n<\/ul>\n<p data-start=\"945\" data-end=\"964\"><strong data-start=\"945\" data-end=\"962\">Wichtige Merkmale:<\/strong><\/p>\n<ul data-start=\"965\" data-end=\"1176\">\n<li data-start=\"965\" data-end=\"996\">\n<p data-start=\"967\" data-end=\"996\">Material: Langlebiges Gusseisen<\/p>\n<\/li>\n<li data-start=\"997\" data-end=\"1041\">\n<p data-start=\"999\" data-end=\"1041\">CNC-gefr\u00e4st f\u00fcr pr\u00e4zise Ersatzteilpassung<\/p>\n<\/li>\n<li data-start=\"1042\" data-end=\"1099\">\n<p data-start=\"1044\" data-end=\"1099\">Gew\u00e4hrleistet einen effizienten Abgasstrom und die Zuverl\u00e4ssigkeit des Motors<\/p>\n<\/li>\n<li data-start=\"1100\" data-end=\"1155\">\n<p data-start=\"1102\" data-end=\"1155\">Direkter Ersatz f\u00fcr mehrere Volvo Penta Motoren<\/p>\n<\/li>\n<li data-start=\"1156\" data-end=\"1176\">\n<p data-start=\"1158\" data-end=\"1176\">Teile-Nr.: 861289<\/p>\n<\/li>\n<\/ul>\n<p data-start=\"1178\" data-end=\"1253\">\n","protected":false},"excerpt":{"rendered":"<p>Produktbeschreibung:Dieser Volvo Penta Auspuffkr\u00fcmmer, Teilenummer 861289, ist ein langlebiges Ersatzteil, das f\u00fcr eine zuverl\u00e4ssige Motorleistung entwickelt wurde. Er ist aus hochwertigem Gusseisen gefertigt und f\u00fcr eine pr\u00e4zise Passform CNC-gefr\u00e4st. Er ist der perfekte Ersatz f\u00fcr verschlissene oder besch\u00e4digte Auspuffkr\u00fcmmer. Kompatibel mit einer Vielzahl von Volvo Penta Motoren, einschlie\u00dflich Motoren der Serien AD31, AD41, D41, D5A, [&hellip;]<\/p>\n","protected":false},"featured_media":39597,"comment_status":"open","ping_status":"closed","template":"","meta":[],"product_brand":[4230],"product_cat":[3207,3208,4488,2532],"product_tag":[],"class_list":{"0":"post-39596","1":"product","2":"type-product","3":"status-publish","4":"has-post-thumbnail","6":"product_brand-volvo-penta","7":"product_cat-auspuffanlagen","8":"product_cat-auspuffkrummer","9":"product_cat-brauchen-sie-volvo-penta-teile","10":"product_cat-motorenteile","11":"pa_condition-neu","12":"pa_model-ad31","13":"pa_model-ad41","14":"pa_model-d41","15":"pa_model-kad300","16":"pa_model-kad32","17":"pa_model-kad42","18":"pa_model-kad43","19":"pa_model-kad44","20":"pa_model-kamd300","21":"pa_model-kamd42","22":"pa_model-kamd43","23":"pa_model-kamd44","24":"pa_model-tamd42","25":"pa_oem-or-aftermarket-aftermarket","27":"first","28":"onbackorder","29":"taxable","30":"shipping-taxable","31":"purchasable","32":"product-type-simple"},"supplier_id":7294,"supplier_sku":"MAR289","barcode":null,"atum_controlled":true,"out_stock_date":"2025-11-02 17:30:30","out_stock_threshold":null,"inheritable":false,"inbound_stock":0,"stock_on_hold":0,"sold_today":0,"sales_last_days":0,"reserved_stock":0,"customer_returns":0,"warehouse_damage":0,"lost_in_post":0,"other_logs":0,"out_stock_days":45,"lost_sales":0,"has_location":false,"update_date":"2025-12-18T10:46:48","atum_locations":[],"atum_stock_status":"onbackorder","restock_status":false,"low_stock_amount":1,"sales_update_date":"2025-12-18T10:46:48","calc_backorders":null,"_links":{"self":[{"href":"https:\/\/mps.digital-monkey.in\/de\/wp-json\/wp\/v2\/product\/39596","targetHints":{"allow":["GET"]}}],"collection":[{"href":"https:\/\/mps.digital-monkey.in\/de\/wp-json\/wp\/v2\/product"}],"about":[{"href":"https:\/\/mps.digital-monkey.in\/de\/wp-json\/wp\/v2\/types\/product"}],"replies":[{"embeddable":true,"href":"https:\/\/mps.digital-monkey.in\/de\/wp-json\/wp\/v2\/comments?post=39596"}],"wp:featuredmedia":[{"embeddable":true,"href":"https:\/\/mps.digital-monkey.in\/de\/wp-json\/wp\/v2\/media\/39597"}],"wp:attachment":[{"href":"https:\/\/mps.digital-monkey.in\/de\/wp-json\/wp\/v2\/media?parent=39596"}],"wp:term":[{"taxonomy":"product_brand","embeddable":true,"href":"https:\/\/mps.digital-monkey.in\/de\/wp-json\/wp\/v2\/product_brand?post=39596"},{"taxonomy":"product_cat","embeddable":true,"href":"https:\/\/mps.digital-monkey.in\/de\/wp-json\/wp\/v2\/product_cat?post=39596"},{"taxonomy":"product_tag","embeddable":true,"href":"https:\/\/mps.digital-monkey.in\/de\/wp-json\/wp\/v2\/product_tag?post=39596"}],"curies":[{"name":"wp","href":"https:\/\/api.w.org\/{rel}","templated":true}]}}