{"id":39602,"date":"2025-10-24T08:52:18","date_gmt":"2025-10-24T08:52:18","guid":{"rendered":"https:\/\/mps.digital-monkey.in\/product\/volvo-penta-auspuffkruemmer-tamd31s-tamd22-861413-3582512\/"},"modified":"2025-10-24T08:52:18","modified_gmt":"2025-10-24T08:52:18","slug":"volvo-penta-auspuffkruemmer-tamd31s-tamd22-861413-3582512","status":"publish","type":"product","link":"https:\/\/mps.digital-monkey.in\/de\/produkt\/volvo-penta-auspuffkruemmer-tamd31s-tamd22-861413-3582512\/","title":{"rendered":"Volvo Penta Auspuffkr\u00fcmmer TAMD31S \/ TAMD22 - 861413 \/ 3582512"},"content":{"rendered":"<p data-start=\"177\" data-end=\"576\"><strong data-start=\"177\" data-end=\"201\">Produktbeschreibung:<\/strong><br data-start=\"201\" data-end=\"204\">Dieser Volvo Penta Auspuffkr\u00fcmmer, Teilenummer 861413 \/ 3582512, ist ein langlebiges Ersatzteil, das f\u00fcr eine zuverl\u00e4ssige Motorleistung entwickelt wurde. Er ist aus hochwertigem Gusseisen gefertigt und f\u00fcr eine pr\u00e4zise Passform CNC-gefr\u00e4st. Damit ist er ein perfekter Ersatz f\u00fcr verschlissene oder besch\u00e4digte Auspuffkr\u00fcmmer. Kompatibel mit einer Reihe von Volvo Penta-Motoren, einschlie\u00dflich der TAMD22-, TAMD31S- und TMD22-Serienmotoren.  <\/p>\n<p data-start=\"578\" data-end=\"603\"><strong data-start=\"578\" data-end=\"601\">Kompatible Motoren:<\/strong><\/p>\n<ul data-start=\"604\" data-end=\"658\">\n<li data-start=\"604\" data-end=\"617\">\n<p data-start=\"606\" data-end=\"617\">TAMD22P-B<\/p>\n<\/li>\n<li data-start=\"618\" data-end=\"629\">\n<p data-start=\"620\" data-end=\"629\">TAMD31S<\/p>\n<\/li>\n<li data-start=\"630\" data-end=\"658\">\n<p data-start=\"632\" data-end=\"658\">TMD22A, TMD22B, TMD22P-C<\/p>\n<\/li>\n<\/ul>\n<p data-start=\"660\" data-end=\"679\"><strong data-start=\"660\" data-end=\"677\">Wichtige Merkmale:<\/strong><\/p>\n<ul data-start=\"680\" data-end=\"901\">\n<li data-start=\"680\" data-end=\"711\">\n<p data-start=\"682\" data-end=\"711\">Material: Langlebiges Gusseisen<\/p>\n<\/li>\n<li data-start=\"712\" data-end=\"756\">\n<p data-start=\"714\" data-end=\"756\">CNC-gefr\u00e4st f\u00fcr pr\u00e4zise Ersatzteilpassung<\/p>\n<\/li>\n<li data-start=\"757\" data-end=\"814\">\n<p data-start=\"759\" data-end=\"814\">Gew\u00e4hrleistet einen effizienten Abgasstrom und die Zuverl\u00e4ssigkeit des Motors<\/p>\n<\/li>\n<li data-start=\"815\" data-end=\"870\">\n<p data-start=\"817\" data-end=\"870\">Direkter Ersatz f\u00fcr mehrere Volvo Penta Motoren<\/p>\n<\/li>\n<li data-start=\"871\" data-end=\"901\">\n<p data-start=\"873\" data-end=\"901\">Teile-Nr.: 861413 \/ 3582512<\/p>\n<\/li>\n<\/ul>\n<p data-start=\"986\" data-end=\"1177\">\n","protected":false},"excerpt":{"rendered":"<p>Produktbeschreibung:Dieser Volvo Penta Auspuffkr\u00fcmmer, Teilenummer 861413 \/ 3582512, ist ein langlebiges Ersatzteil, das f\u00fcr eine zuverl\u00e4ssige Motorleistung entwickelt wurde. Er ist aus hochwertigem Gusseisen gefertigt und f\u00fcr eine pr\u00e4zise Passform CNC-gefr\u00e4st. Damit ist er ein perfekter Ersatz f\u00fcr verschlissene oder besch\u00e4digte Auspuffkr\u00fcmmer. Kompatibel mit einer Reihe von Volvo Penta-Motoren, einschlie\u00dflich der TAMD22-, TAMD31S- und TMD22-Serienmotoren. [&hellip;]<\/p>\n","protected":false},"featured_media":39603,"comment_status":"open","ping_status":"closed","template":"","meta":[],"product_brand":[4230],"product_cat":[3207,3208,4488,2532],"product_tag":[],"class_list":{"0":"post-39602","1":"product","2":"type-product","3":"status-publish","4":"has-post-thumbnail","6":"product_brand-volvo-penta","7":"product_cat-auspuffanlagen","8":"product_cat-auspuffkrummer","9":"product_cat-brauchen-sie-volvo-penta-teile","10":"product_cat-motorenteile","11":"pa_condition-neu","12":"pa_model-tamd22","13":"pa_model-tamd31","14":"pa_model-tmd22","15":"pa_oem-or-aftermarket-aftermarket","17":"first","18":"onbackorder","19":"taxable","20":"shipping-taxable","21":"purchasable","22":"product-type-simple"},"supplier_id":7294,"supplier_sku":"MAR512","barcode":null,"atum_controlled":true,"out_stock_date":"2025-11-02 17:30:29","out_stock_threshold":null,"inheritable":false,"inbound_stock":0,"stock_on_hold":0,"sold_today":0,"sales_last_days":0,"reserved_stock":0,"customer_returns":0,"warehouse_damage":0,"lost_in_post":0,"other_logs":0,"out_stock_days":45,"lost_sales":0,"has_location":false,"update_date":"2025-12-18T10:46:48","atum_locations":[],"atum_stock_status":"onbackorder","restock_status":false,"low_stock_amount":1,"sales_update_date":"2025-12-18T10:46:48","calc_backorders":null,"_links":{"self":[{"href":"https:\/\/mps.digital-monkey.in\/de\/wp-json\/wp\/v2\/product\/39602","targetHints":{"allow":["GET"]}}],"collection":[{"href":"https:\/\/mps.digital-monkey.in\/de\/wp-json\/wp\/v2\/product"}],"about":[{"href":"https:\/\/mps.digital-monkey.in\/de\/wp-json\/wp\/v2\/types\/product"}],"replies":[{"embeddable":true,"href":"https:\/\/mps.digital-monkey.in\/de\/wp-json\/wp\/v2\/comments?post=39602"}],"wp:featuredmedia":[{"embeddable":true,"href":"https:\/\/mps.digital-monkey.in\/de\/wp-json\/wp\/v2\/media\/39603"}],"wp:attachment":[{"href":"https:\/\/mps.digital-monkey.in\/de\/wp-json\/wp\/v2\/media?parent=39602"}],"wp:term":[{"taxonomy":"product_brand","embeddable":true,"href":"https:\/\/mps.digital-monkey.in\/de\/wp-json\/wp\/v2\/product_brand?post=39602"},{"taxonomy":"product_cat","embeddable":true,"href":"https:\/\/mps.digital-monkey.in\/de\/wp-json\/wp\/v2\/product_cat?post=39602"},{"taxonomy":"product_tag","embeddable":true,"href":"https:\/\/mps.digital-monkey.in\/de\/wp-json\/wp\/v2\/product_tag?post=39602"}],"curies":[{"name":"wp","href":"https:\/\/api.w.org\/{rel}","templated":true}]}}