{"id":39615,"date":"2025-10-24T11:06:11","date_gmt":"2025-10-24T11:06:11","guid":{"rendered":"https:\/\/mps.digital-monkey.in\/product\/volvo-penta-edelstahl-auspuffkruemmer-d4-3884701\/"},"modified":"2025-10-24T11:06:11","modified_gmt":"2025-10-24T11:06:11","slug":"volvo-penta-edelstahl-auspuffkruemmer-d4-3884701","status":"publish","type":"product","link":"https:\/\/mps.digital-monkey.in\/de\/produkt\/volvo-penta-edelstahl-auspuffkruemmer-d4-3884701\/","title":{"rendered":"Volvo Penta Edelstahl Auspuffkr\u00fcmmer D4 - 3884701"},"content":{"rendered":"<p data-start=\"163\" data-end=\"562\"><strong data-start=\"163\" data-end=\"187\">Produktbeschreibung:<\/strong><br data-start=\"187\" data-end=\"190\">Dieser Auspuffkr\u00fcmmer aus Edelstahl ist ein hochwertiges Ersatzteil f\u00fcr Volvo Penta D4 Motoren. Hergestellt aus korrosionsbest\u00e4ndigem Edelstahl und CNC-gefr\u00e4st f\u00fcr eine pr\u00e4zise Passform, gew\u00e4hrleistet es einen zuverl\u00e4ssigen Abgasstrom und eine lang anhaltende Leistung. Dieses Ersatzteil eignet sich f\u00fcr eine Vielzahl von Volvo Penta D4-Motoren und ist ideal, um verschlissene oder besch\u00e4digte Abgaskr\u00fcmmer zu ersetzen.  <\/p>\n<p data-start=\"564\" data-end=\"589\"><strong data-start=\"564\" data-end=\"587\">Kompatible Motoren:<\/strong><\/p>\n<ul data-start=\"590\" data-end=\"1186\">\n<li data-start=\"590\" data-end=\"603\">\n<p data-start=\"592\" data-end=\"603\">D4-150A-G<\/p>\n<\/li>\n<li data-start=\"604\" data-end=\"661\">\n<p data-start=\"606\" data-end=\"661\">D4-180I-B, D4-180I-C, D4-180I-D, D4-180I-E, D4-180I-F<\/p>\n<\/li>\n<li data-start=\"662\" data-end=\"708\">\n<p data-start=\"664\" data-end=\"708\">D4-210A-A, D4-210A-B, D4-210I-A, D4-210I-B<\/p>\n<\/li>\n<li data-start=\"709\" data-end=\"766\">\n<p data-start=\"711\" data-end=\"766\">D4-225A-B, D4-225A-C, D4-225A-D, D4-225A-E, D4-225A-F<\/p>\n<\/li>\n<li data-start=\"767\" data-end=\"824\">\n<p data-start=\"769\" data-end=\"824\">D4-225I-B, D4-225I-C, D4-225I-D, D4-225I-E, D4-225I-F<\/p>\n<\/li>\n<li data-start=\"825\" data-end=\"849\">\n<p data-start=\"827\" data-end=\"849\">D4-230A-G, D4-230I-G<\/p>\n<\/li>\n<li data-start=\"850\" data-end=\"918\">\n<p data-start=\"852\" data-end=\"918\">D4-260A-A, D4-260A-B, D4-260A-C, D4-260A-D, D4-260A-E, D4-260A-F<\/p>\n<\/li>\n<li data-start=\"919\" data-end=\"987\">\n<p data-start=\"921\" data-end=\"987\">D4-260I-A, D4-260I-B, D4-260I-C, D4-260I-D, D4-260I-E, D4-260I-F<\/p>\n<\/li>\n<li data-start=\"988\" data-end=\"1012\">\n<p data-start=\"990\" data-end=\"1012\">D4-270A-G, D4-270I-G<\/p>\n<\/li>\n<li data-start=\"1013\" data-end=\"1092\">\n<p data-start=\"1015\" data-end=\"1092\">D4-300A-A, D4-300A-B, D4-300A-C, D4-300A-D, D4-300A-E, D4-300A-F, D4-300A-G<\/p>\n<\/li>\n<li data-start=\"1093\" data-end=\"1161\">\n<p data-start=\"1095\" data-end=\"1161\">D4-300I-A, D4-300I-C, D4-300I-D, D4-300I-E, D4-300I-F, D4-300I-G<\/p>\n<\/li>\n<li data-start=\"1162\" data-end=\"1186\">\n<p data-start=\"1164\" data-end=\"1186\">D4-320A-G, D4-320I-G<\/p>\n<\/li>\n<\/ul>\n<p data-start=\"1188\" data-end=\"1207\"><strong data-start=\"1188\" data-end=\"1205\">Wichtige Merkmale:<\/strong><\/p>\n<ul data-start=\"1208\" data-end=\"1411\">\n<li data-start=\"1208\" data-end=\"1271\">\n<p data-start=\"1210\" data-end=\"1271\">Material: Rostfreier Stahl f\u00fcr hervorragende Korrosionsbest\u00e4ndigkeit<\/p>\n<\/li>\n<li data-start=\"1272\" data-end=\"1314\">\n<p data-start=\"1274\" data-end=\"1314\">CNC-gefr\u00e4st f\u00fcr passgenauen Ersatz<\/p>\n<\/li>\n<li data-start=\"1315\" data-end=\"1372\">\n<p data-start=\"1317\" data-end=\"1372\">Gew\u00e4hrleistet einen effizienten Abgasstrom und die Zuverl\u00e4ssigkeit des Motors<\/p>\n<\/li>\n<li data-start=\"1373\" data-end=\"1411\">\n<p data-start=\"1375\" data-end=\"1411\">Direkter Ersatz f\u00fcr OEM 3884701<\/p>\n<\/li>\n<\/ul>\n<p data-start=\"1489\" data-end=\"1656\">\n","protected":false},"excerpt":{"rendered":"<p>Produktbeschreibung:Dieser Auspuffkr\u00fcmmer aus Edelstahl ist ein hochwertiges Ersatzteil f\u00fcr Volvo Penta D4 Motoren. Hergestellt aus korrosionsbest\u00e4ndigem Edelstahl und CNC-gefr\u00e4st f\u00fcr eine pr\u00e4zise Passform, gew\u00e4hrleistet es einen zuverl\u00e4ssigen Abgasstrom und eine lang anhaltende Leistung. Dieses Ersatzteil eignet sich f\u00fcr eine Vielzahl von Volvo Penta D4-Motoren und ist ideal, um verschlissene oder besch\u00e4digte Abgaskr\u00fcmmer zu ersetzen. Kompatible [&hellip;]<\/p>\n","protected":false},"featured_media":39617,"comment_status":"open","ping_status":"closed","template":"","meta":[],"product_brand":[4230],"product_cat":[3207,3208,4488,2532],"product_tag":[],"class_list":{"0":"post-39615","1":"product","2":"type-product","3":"status-publish","4":"has-post-thumbnail","6":"product_brand-volvo-penta","7":"product_cat-auspuffanlagen","8":"product_cat-auspuffkrummer","9":"product_cat-brauchen-sie-volvo-penta-teile","10":"product_cat-motorenteile","11":"pa_condition-neu","12":"pa_model-d4-150","13":"pa_model-d4-180","14":"pa_model-d4-210","15":"pa_model-d4-225","16":"pa_model-d4-230","17":"pa_model-d4-260","18":"pa_model-d4-270","19":"pa_model-d4-300","20":"pa_model-d4-320","21":"pa_oem-or-aftermarket-aftermarket","23":"first","24":"onbackorder","25":"taxable","26":"shipping-taxable","27":"purchasable","28":"product-type-simple"},"supplier_id":7294,"supplier_sku":"MAR701INOX","barcode":null,"atum_controlled":true,"out_stock_date":"2025-11-02 17:30:29","out_stock_threshold":null,"inheritable":false,"inbound_stock":0,"stock_on_hold":0,"sold_today":0,"sales_last_days":0,"reserved_stock":0,"customer_returns":0,"warehouse_damage":0,"lost_in_post":0,"other_logs":0,"out_stock_days":45,"lost_sales":0,"has_location":false,"update_date":"2025-12-18T10:46:48","atum_locations":[],"atum_stock_status":"onbackorder","restock_status":false,"low_stock_amount":1,"sales_update_date":"2025-12-18T10:46:48","calc_backorders":null,"_links":{"self":[{"href":"https:\/\/mps.digital-monkey.in\/de\/wp-json\/wp\/v2\/product\/39615","targetHints":{"allow":["GET"]}}],"collection":[{"href":"https:\/\/mps.digital-monkey.in\/de\/wp-json\/wp\/v2\/product"}],"about":[{"href":"https:\/\/mps.digital-monkey.in\/de\/wp-json\/wp\/v2\/types\/product"}],"replies":[{"embeddable":true,"href":"https:\/\/mps.digital-monkey.in\/de\/wp-json\/wp\/v2\/comments?post=39615"}],"wp:featuredmedia":[{"embeddable":true,"href":"https:\/\/mps.digital-monkey.in\/de\/wp-json\/wp\/v2\/media\/39617"}],"wp:attachment":[{"href":"https:\/\/mps.digital-monkey.in\/de\/wp-json\/wp\/v2\/media?parent=39615"}],"wp:term":[{"taxonomy":"product_brand","embeddable":true,"href":"https:\/\/mps.digital-monkey.in\/de\/wp-json\/wp\/v2\/product_brand?post=39615"},{"taxonomy":"product_cat","embeddable":true,"href":"https:\/\/mps.digital-monkey.in\/de\/wp-json\/wp\/v2\/product_cat?post=39615"},{"taxonomy":"product_tag","embeddable":true,"href":"https:\/\/mps.digital-monkey.in\/de\/wp-json\/wp\/v2\/product_tag?post=39615"}],"curies":[{"name":"wp","href":"https:\/\/api.w.org\/{rel}","templated":true}]}}