{"id":39627,"date":"2025-10-24T11:40:33","date_gmt":"2025-10-24T11:40:33","guid":{"rendered":"https:\/\/mps.digital-monkey.in\/product\/volvo-penta-edelstahl-auspuffkruemmer-tmd31-tamd41-859963\/"},"modified":"2025-10-24T11:42:37","modified_gmt":"2025-10-24T11:42:37","slug":"volvo-penta-edelstahl-auspuffkruemmer-tmd31-tamd41-859963","status":"publish","type":"product","link":"https:\/\/mps.digital-monkey.in\/de\/product\/volvo-penta-edelstahl-auspuffkruemmer-tmd31-tamd41-859963\/","title":{"rendered":"Volvo Penta Edelstahl-Auspuffkr\u00fcmmer TMD31 \/ TAMD41 &#8211; 859963"},"content":{"rendered":"<p data-start=\"196\" data-end=\"590\"><strong data-start=\"196\" data-end=\"220\">Produktbeschreibung:<\/strong><br data-start=\"220\" data-end=\"223\">Dieser Volvo Penta Auspuffkr\u00fcmmer aus Edelstahl, Teilenummer 859963, ist ein hochwertiger Ersatz, der f\u00fcr eine zuverl\u00e4ssige Motorleistung sorgt. Gefertigt aus korrosionsbest\u00e4ndigem 316er Edelstahl und CNC-gefr\u00e4st f\u00fcr eine pr\u00e4zise Passform, bietet es eine lange Lebensdauer. Ideal f\u00fcr den Ersatz verschlissener oder besch\u00e4digter Auspuffkr\u00fcmmer. Er ist mit mehreren Volvo Penta Motoren kompatibel.<\/p>\n<p data-start=\"592\" data-end=\"617\"><strong data-start=\"592\" data-end=\"615\">Kompatible Motoren:<\/strong><\/p>\n<ul data-start=\"618\" data-end=\"798\">\n<li data-start=\"618\" data-end=\"638\">\n<p data-start=\"620\" data-end=\"638\">AD31L-A, AD31P-A<\/p>\n<\/li>\n<li data-start=\"639\" data-end=\"659\">\n<p data-start=\"641\" data-end=\"659\">AD41L-A, AD41P-A<\/p>\n<\/li>\n<li data-start=\"660\" data-end=\"670\">\n<p data-start=\"662\" data-end=\"670\">D41L-A<\/p>\n<\/li>\n<li data-start=\"671\" data-end=\"717\">\n<p data-start=\"673\" data-end=\"717\">TAMD31L-A, TAMD31M-A, TAMD31P-A, TAMD31S-A<\/p>\n<\/li>\n<li data-start=\"718\" data-end=\"775\">\n<p data-start=\"720\" data-end=\"775\">TAMD41H-A, TAMD41H-B, TAMD41P-A, TAMD41L-A, TAMD41M-A<\/p>\n<\/li>\n<li data-start=\"776\" data-end=\"798\">\n<p data-start=\"778\" data-end=\"798\">TMD31L-A, TMD41L-A<\/p>\n<\/li>\n<\/ul>\n<p data-start=\"800\" data-end=\"819\"><strong data-start=\"800\" data-end=\"817\">Wichtige Merkmale:<\/strong><\/p>\n<ul data-start=\"820\" data-end=\"1093\">\n<li data-start=\"820\" data-end=\"893\">\n<p data-start=\"822\" data-end=\"893\">Material: Edelstahl 316 (RVS) f\u00fcr hervorragende Korrosionsbest\u00e4ndigkeit<\/p>\n<\/li>\n<li data-start=\"894\" data-end=\"936\">\n<p data-start=\"896\" data-end=\"936\">CNC-gefr\u00e4st f\u00fcr passgenauen Ersatz<\/p>\n<\/li>\n<li data-start=\"937\" data-end=\"994\">\n<p data-start=\"939\" data-end=\"994\">Gew\u00e4hrleistet einen effizienten Abgasstrom und die Zuverl\u00e4ssigkeit des Motors<\/p>\n<\/li>\n<li data-start=\"1017\" data-end=\"1072\">\n<p data-start=\"1019\" data-end=\"1072\">Direkter Ersatz f\u00fcr mehrere Volvo Penta Motoren<\/p>\n<\/li>\n<li data-start=\"1073\" data-end=\"1093\">\n<p data-start=\"1075\" data-end=\"1093\">Teile-Nr.: 859963<\/p>\n<\/li>\n<\/ul>\n<p data-start=\"1095\" data-end=\"1180\"><strong data-start=\"1095\" data-end=\"1110\">Meta Title:<\/strong><br data-start=\"1110\" data-end=\"1113\">Volvo Penta Edelstahl Auspuffkr\u00fcmmer TMD31 \/ TAMD41 &#8211; 859963<\/p>\n<p data-start=\"1182\" data-end=\"1394\"><strong data-start=\"1182\" data-end=\"1203\">Meta Description:<\/strong><br data-start=\"1203\" data-end=\"1206\">Volvo Penta Auspuffkr\u00fcmmer aus Edelstahl Teile-Nr. 859963. Hergestellt aus rostfreiem Stahl 316, CNC-gefr\u00e4st f\u00fcr pr\u00e4zise Passform. Kompatibel mit Motoren der Serien TMD31, TAMD41, AD31, AD41 und D41.<\/p>\n<p data-start=\"1401\" data-end=\"1422\">\n","protected":false},"excerpt":{"rendered":"<p>Produktbeschreibung:Dieser Volvo Penta Auspuffkr\u00fcmmer aus Edelstahl, Teilenummer 859963, ist ein hochwertiger Ersatz, der f\u00fcr eine zuverl\u00e4ssige Motorleistung sorgt. Gefertigt aus korrosionsbest\u00e4ndigem 316er Edelstahl und CNC-gefr\u00e4st f\u00fcr eine pr\u00e4zise Passform, bietet es eine lange Lebensdauer. Ideal f\u00fcr den Ersatz verschlissener oder besch\u00e4digter Auspuffkr\u00fcmmer. Er ist mit mehreren Volvo Penta Motoren kompatibel. Kompatible Motoren: AD31L-A, AD31P-A AD41L-A, [&hellip;]<\/p>\n","protected":false},"featured_media":39628,"comment_status":"open","ping_status":"closed","template":"","meta":[],"product_brand":[4230],"product_cat":[3207,3208,4488,2532],"product_tag":[],"class_list":{"0":"post-39627","1":"product","2":"type-product","3":"status-publish","4":"has-post-thumbnail","6":"product_brand-volvo-penta","7":"product_cat-auspuffanlagen","8":"product_cat-auspuffkrummer","9":"product_cat-brauchen-sie-volvo-penta-teile","10":"product_cat-motorenteile","11":"pa_condition-neu","12":"pa_model-ad31","13":"pa_model-ad41","14":"pa_model-d41","15":"pa_model-tamd31","16":"pa_model-tamd41","17":"pa_model-tmd31","18":"pa_model-tmd41","19":"pa_oem-or-aftermarket-aftermarket","21":"first","22":"onbackorder","23":"taxable","24":"shipping-taxable","25":"purchasable","26":"product-type-simple"},"supplier_id":7294,"supplier_sku":"MAR963INOX","barcode":null,"atum_controlled":true,"out_stock_date":"2025-11-02 17:30:28","out_stock_threshold":null,"inheritable":false,"inbound_stock":0,"stock_on_hold":0,"sold_today":0,"sales_last_days":0,"reserved_stock":0,"customer_returns":0,"warehouse_damage":0,"lost_in_post":0,"other_logs":0,"out_stock_days":45,"lost_sales":0,"has_location":false,"update_date":"2025-12-18T10:46:47","atum_locations":[],"atum_stock_status":"onbackorder","restock_status":false,"low_stock_amount":1,"sales_update_date":"2025-12-18T10:46:47","calc_backorders":null,"_links":{"self":[{"href":"https:\/\/mps.digital-monkey.in\/de\/wp-json\/wp\/v2\/product\/39627","targetHints":{"allow":["GET"]}}],"collection":[{"href":"https:\/\/mps.digital-monkey.in\/de\/wp-json\/wp\/v2\/product"}],"about":[{"href":"https:\/\/mps.digital-monkey.in\/de\/wp-json\/wp\/v2\/types\/product"}],"replies":[{"embeddable":true,"href":"https:\/\/mps.digital-monkey.in\/de\/wp-json\/wp\/v2\/comments?post=39627"}],"wp:featuredmedia":[{"embeddable":true,"href":"https:\/\/mps.digital-monkey.in\/de\/wp-json\/wp\/v2\/media\/39628"}],"wp:attachment":[{"href":"https:\/\/mps.digital-monkey.in\/de\/wp-json\/wp\/v2\/media?parent=39627"}],"wp:term":[{"taxonomy":"product_brand","embeddable":true,"href":"https:\/\/mps.digital-monkey.in\/de\/wp-json\/wp\/v2\/product_brand?post=39627"},{"taxonomy":"product_cat","embeddable":true,"href":"https:\/\/mps.digital-monkey.in\/de\/wp-json\/wp\/v2\/product_cat?post=39627"},{"taxonomy":"product_tag","embeddable":true,"href":"https:\/\/mps.digital-monkey.in\/de\/wp-json\/wp\/v2\/product_tag?post=39627"}],"curies":[{"name":"wp","href":"https:\/\/api.w.org\/{rel}","templated":true}]}}