{"id":39696,"date":"2025-10-27T09:44:04","date_gmt":"2025-10-27T09:44:04","guid":{"rendered":"https:\/\/mps.digital-monkey.in\/product\/volvo-penta-876037-relais-12v-30a\/"},"modified":"2025-10-27T09:44:04","modified_gmt":"2025-10-27T09:44:04","slug":"volvo-penta-876037-relais-12v-30a","status":"publish","type":"product","link":"https:\/\/mps.digital-monkey.in\/de\/produkt\/volvo-penta-876037-relais-12v-30a\/","title":{"rendered":"Volvo Penta 876037 Relais - 12V 30A"},"content":{"rendered":"<p data-start=\"104\" data-end=\"156\"><strong data-start=\"104\" data-end=\"154\">Volvo Penta 876037 Ersatzrelais - 12V 30A<\/strong><\/p>\n<p data-start=\"158\" data-end=\"413\">Halten Sie Ihren Volvo Penta-Motor mit diesem <strong data-start=\"214\" data-end=\"243\">12V 30A-Relais<\/strong> reibungslos am Laufen. Es eignet sich ideal als Ersatz f\u00fcr ein defektes oder verschlissenes Relais und gew\u00e4hrleistet den zuverl\u00e4ssigen Betrieb von Start-, Z\u00fcnd- und Hilfssystemen bei einer Vielzahl von Volvo Penta Motoren. <\/p>\n<p data-start=\"415\" data-end=\"434\"><strong data-start=\"415\" data-end=\"432\">Wichtige Merkmale:<\/strong><\/p>\n<ul data-start=\"435\" data-end=\"639\">\n<li data-start=\"435\" data-end=\"468\">\n<p data-start=\"437\" data-end=\"468\"><strong data-start=\"437\" data-end=\"457\">Spannung\/Stromst\u00e4rke:<\/strong> 12V, 30A<\/p>\n<\/li>\n<li data-start=\"469\" data-end=\"524\">\n<p data-start=\"471\" data-end=\"524\"><strong data-start=\"471\" data-end=\"493\">Direkter Ersatz<\/strong> f\u00fcr Volvo Penta 876037 Relais<\/p>\n<\/li>\n<li data-start=\"583\" data-end=\"639\">\n<p data-start=\"585\" data-end=\"639\"><strong data-start=\"585\" data-end=\"603\">Langlebiges Design<\/strong> f\u00fcr den Einsatz auf See<\/p>\n<\/li>\n<\/ul>\n<p data-start=\"641\" data-end=\"666\"><strong data-start=\"641\" data-end=\"664\">Kompatible Motoren:<\/strong><\/p>\n<ul data-start=\"667\" data-end=\"1608\">\n<li data-start=\"667\" data-end=\"849\">\n<p data-start=\"669\" data-end=\"849\"><strong data-start=\"669\" data-end=\"685\">Serie 2000:<\/strong> 2001, 2001AG, 2001B, 2001BG, 2002, 2002AG, 2002B, 2002BG, 2002BT, 2002D, 2003, 2003-SOLAS, 2003AG, 2003B, 2003B-SOLAS, 2003BG, 2003D, 2003T, 2003TB, 2003TB-SOLAS<\/p>\n<\/li>\n<li data-start=\"850\" data-end=\"921\">\n<p data-start=\"852\" data-end=\"921\"><strong data-start=\"852\" data-end=\"871\">AD &amp; AQ Serien:<\/strong> AD30A, AD40B, AQAD30A, AQAD40A, AQAD40B, AQD40A<\/p>\n<\/li>\n<li data-start=\"922\" data-end=\"1005\">\n<p data-start=\"924\" data-end=\"1005\"><strong data-start=\"924\" data-end=\"950\">KAD, KAMD &amp; MD Serien:<\/strong> KAD42A, KAMD42A, MD22A, MD22A-A, MD22L, MD30A, MD40A<\/p>\n<\/li>\n<li data-start=\"1006\" data-end=\"1097\">\n<p data-start=\"1008\" data-end=\"1097\"><strong data-start=\"1008\" data-end=\"1024\">TAMD Serie:<\/strong> TAMD30A, TAMD40A, TAMD40B, TAMD60C, TAMD61A, TAMD71A, TAMD71B, TAMD72A<\/p>\n<\/li>\n<li data-start=\"1098\" data-end=\"1174\">\n<p data-start=\"1100\" data-end=\"1174\"><strong data-start=\"1100\" data-end=\"1115\">TMD-Serie:<\/strong> TMD100C, TMD22-A, TMD22A, TMD30A, TMD40A, TMD40B, TMD40C<\/p>\n<\/li>\n<li data-start=\"1175\" data-end=\"1230\">\n<p data-start=\"1177\" data-end=\"1230\"><strong data-start=\"1177\" data-end=\"1195\">D &amp; TD Serie:<\/strong> D70CHC, D70CRC, TD70CHC, TD70CRC<\/p>\n<\/li>\n<li data-start=\"1231\" data-end=\"1389\">\n<p data-start=\"1233\" data-end=\"1389\"><strong data-start=\"1233\" data-end=\"1250\">Andere Modelle:<\/strong> 230A, 230B, 250A, 250B, 251A, 430A, 430B, 431A, 431B, 432A, 434A, 500A, 500B, 501A, 501AMS4, 501B, 570A, 571A, 572A, 740A, 740AMS5, 740B<\/p>\n<\/li>\n<li data-start=\"1390\" data-end=\"1608\">\n<p data-start=\"1392\" data-end=\"1608\"><strong data-start=\"1392\" data-end=\"1415\">AQ Serie Erweitert:<\/strong> AQ125B, AQ131A, AQ131B, AQ131C, AQ131D, AQ145B, AQ151A, AQ151B, AQ151C, AQ171A, AQ171C, AQ211A, AQ225D, AQ225E, AQ231A, AQ231B, AQ271A, AQ271B, AQ271C, AQ271D, AQ311A, AQ311B, BB231A, BB261A<\/p>\n<\/li>\n<\/ul>\n<p data-start=\"1610\" data-end=\"1822\"><strong data-start=\"1610\" data-end=\"1641\">Warum dieses Ersatzrelais?<\/strong><br data-start=\"1641\" data-end=\"1644\">Wenn Ihr vorhandenes Relais ausf\u00e4llt, sorgt dieses Ersatzrelais daf\u00fcr, dass Ihr Motor zuverl\u00e4ssig startet und die elektrische Leistung beibeh\u00e4lt, damit Sie schnell und sicher wieder aufs Wasser kommen.<\/p>\n","protected":false},"excerpt":{"rendered":"<p>Volvo Penta 876037 Ersatzrelais - 12V 30A Halten Sie Ihren Volvo Penta-Motor mit diesem 12V 30A-Relais reibungslos am Laufen. Es eignet sich ideal als Ersatz f\u00fcr ein defektes oder verschlissenes Relais und gew\u00e4hrleistet den zuverl\u00e4ssigen Betrieb von Start-, Z\u00fcnd- und Hilfssystemen bei einer Vielzahl von Volvo Penta Motoren. Wichtige Merkmale: Spannung\/Stromst\u00e4rke: 12V, 30A Direkter Ersatz [&hellip;]<\/p>\n","protected":false},"featured_media":39697,"comment_status":"open","ping_status":"closed","template":"","meta":[],"product_brand":[4230],"product_cat":[4488,2533,2532,4308,4467,4470,4473,4476,4309,4360,4466],"product_tag":[],"class_list":{"0":"post-39696","1":"product","2":"type-product","3":"status-publish","4":"has-post-thumbnail","6":"product_brand-volvo-penta","7":"product_cat-brauchen-sie-volvo-penta-teile","8":"product_cat-elektrische-systeme","9":"product_cat-motorenteile","10":"product_cat-volvo-penta","11":"product_cat-volvo-penta-2001-teile","12":"product_cat-volvo-penta-2002-teile","13":"product_cat-volvo-penta-2003-teile","14":"product_cat-volvo-penta-2003t-teile","15":"product_cat-volvo-penta-md-serie","16":"product_cat-volvo-penta-md6","17":"product_cat-volvo-penta-serie-2000","18":"pa_condition-neu","19":"pa_model-3088","20":"pa_model-3089","21":"pa_model-3090","22":"pa_model-2003t","23":"pa_model-2003tb","24":"pa_model-ad30","25":"pa_model-ad40","26":"pa_model-aqad30","27":"pa_model-aqad40","28":"pa_model-aqd40","29":"pa_model-kad42","30":"pa_model-kamd42","31":"pa_model-md22","32":"pa_model-md30","33":"pa_model-md40","34":"pa_model-tamd30","35":"pa_model-tamd40","36":"pa_model-tamd60","37":"pa_model-tamd61","38":"pa_model-tamd71","39":"pa_model-tamd72","40":"pa_model-tmd100","41":"pa_model-tmd22","42":"pa_model-tmd30","43":"pa_model-tmd40","44":"pa_oem-or-aftermarket-aftermarket","46":"first","47":"instock","48":"taxable","49":"shipping-taxable","50":"purchasable","51":"product-type-simple"},"supplier_id":7294,"supplier_sku":"876037","barcode":null,"atum_controlled":true,"out_stock_date":null,"out_stock_threshold":null,"inheritable":false,"inbound_stock":0,"stock_on_hold":0,"sold_today":0,"sales_last_days":0,"reserved_stock":0,"customer_returns":0,"warehouse_damage":0,"lost_in_post":0,"other_logs":0,"out_stock_days":0,"lost_sales":0,"has_location":false,"update_date":"2026-01-29T09:10:57","atum_locations":[],"atum_stock_status":"instock","restock_status":false,"low_stock_amount":1,"sales_update_date":"2026-01-29T09:10:57","calc_backorders":null,"_links":{"self":[{"href":"https:\/\/mps.digital-monkey.in\/de\/wp-json\/wp\/v2\/product\/39696","targetHints":{"allow":["GET"]}}],"collection":[{"href":"https:\/\/mps.digital-monkey.in\/de\/wp-json\/wp\/v2\/product"}],"about":[{"href":"https:\/\/mps.digital-monkey.in\/de\/wp-json\/wp\/v2\/types\/product"}],"replies":[{"embeddable":true,"href":"https:\/\/mps.digital-monkey.in\/de\/wp-json\/wp\/v2\/comments?post=39696"}],"wp:featuredmedia":[{"embeddable":true,"href":"https:\/\/mps.digital-monkey.in\/de\/wp-json\/wp\/v2\/media\/39697"}],"wp:attachment":[{"href":"https:\/\/mps.digital-monkey.in\/de\/wp-json\/wp\/v2\/media?parent=39696"}],"wp:term":[{"taxonomy":"product_brand","embeddable":true,"href":"https:\/\/mps.digital-monkey.in\/de\/wp-json\/wp\/v2\/product_brand?post=39696"},{"taxonomy":"product_cat","embeddable":true,"href":"https:\/\/mps.digital-monkey.in\/de\/wp-json\/wp\/v2\/product_cat?post=39696"},{"taxonomy":"product_tag","embeddable":true,"href":"https:\/\/mps.digital-monkey.in\/de\/wp-json\/wp\/v2\/product_tag?post=39696"}],"curies":[{"name":"wp","href":"https:\/\/api.w.org\/{rel}","templated":true}]}}