{"id":39797,"date":"2025-10-28T13:00:18","date_gmt":"2025-10-28T13:00:18","guid":{"rendered":"https:\/\/mps.digital-monkey.in\/product\/volvo-penta-getriebegehaeuse-kuehlerseite-fuer-msx-getriebe-827639\/"},"modified":"2025-10-28T13:13:48","modified_gmt":"2025-10-28T13:13:48","slug":"volvo-penta-getriebegehaeuse-kuehlerseite-fuer-msx-getriebe-827639","status":"publish","type":"product","link":"https:\/\/mps.digital-monkey.in\/de\/product\/volvo-penta-getriebegehaeuse-kuehlerseite-fuer-msx-getriebe-827639\/","title":{"rendered":"Volvo Penta Getriebegeh\u00e4use &#8211; K\u00fchlerseite f\u00fcr MSX-Getriebe 827639"},"content":{"rendered":"<p data-start=\"253\" data-end=\"505\">Dieses Original Volvo Penta Getriebegeh\u00e4use ist f\u00fcr die <strong data-start=\"311\" data-end=\"343\">K\u00fchlerseite von MSX-Getrieben<\/strong> bestimmt. Es ist der perfekte Ersatz, wenn Ihr Originalgeh\u00e4use aufgrund mangelnder \u00dcberwinterung besch\u00e4digt ist. Wird mit einer <strong data-start=\"453\" data-end=\"465\">neuen Dichtung<\/strong> f\u00fcr eine sichere, leckagefreie Installation geliefert.<\/p>\n<p data-start=\"507\" data-end=\"522\"><strong data-start=\"507\" data-end=\"520\">Merkmale:<\/strong><\/p>\n<ul data-start=\"523\" data-end=\"705\">\n<li data-start=\"523\" data-end=\"569\">\n<p data-start=\"525\" data-end=\"569\">Original Volvo Penta Teil f\u00fcr eine perfekte Passform<\/p>\n<\/li>\n<li data-start=\"570\" data-end=\"600\">\n<p data-start=\"572\" data-end=\"600\">K\u00fchlerseite des MSX-Getriebes<\/p>\n<\/li>\n<li data-start=\"601\" data-end=\"644\">\n<p data-start=\"603\" data-end=\"644\">Inklusive neuer Dichtung f\u00fcr eine einfache Installation<\/p>\n<\/li>\n<li data-start=\"645\" data-end=\"705\">\n<p data-start=\"647\" data-end=\"705\">Idealer Ersatz f\u00fcr durch den Winter vernachl\u00e4ssigte Geh\u00e4use<\/p>\n<\/li>\n<\/ul>\n<p data-start=\"707\" data-end=\"820\">Stellen Sie die Leistung Ihres Getriebes wieder her und sch\u00fctzen Sie Ihr Boot mit diesem zuverl\u00e4ssigen Ersatzteil vor teuren Reparaturen.<\/p>\n","protected":false},"excerpt":{"rendered":"<p>Dieses Original Volvo Penta Getriebegeh\u00e4use ist f\u00fcr die K\u00fchlerseite von MSX-Getrieben bestimmt. Es ist der perfekte Ersatz, wenn Ihr Originalgeh\u00e4use aufgrund mangelnder \u00dcberwinterung besch\u00e4digt ist. Wird mit einer neuen Dichtung f\u00fcr eine sichere, leckagefreie Installation geliefert. Merkmale: Original Volvo Penta Teil f\u00fcr eine perfekte Passform K\u00fchlerseite des MSX-Getriebes Inklusive neuer Dichtung f\u00fcr eine einfache Installation [&hellip;]<\/p>\n","protected":false},"featured_media":39808,"comment_status":"open","ping_status":"closed","template":"","meta":[],"product_brand":[4230],"product_cat":[4488,4253,2532],"product_tag":[],"class_list":{"0":"post-39797","1":"product","2":"type-product","3":"status-publish","4":"has-post-thumbnail","6":"product_brand-volvo-penta","7":"product_cat-brauchen-sie-volvo-penta-teile","8":"product_cat-getriebe-saildrives","9":"product_cat-motorenteile","10":"pa_condition-uberholte","11":"pa_model-aqd2","12":"pa_model-aqd2b","13":"pa_model-md11","14":"pa_model-md11c","15":"pa_model-md11d","16":"pa_model-md17","17":"pa_model-md17c","18":"pa_model-md17d","19":"pa_oem-or-aftermarket-oem","21":"first","22":"instock","23":"taxable","24":"shipping-taxable","25":"purchasable","26":"product-type-simple"},"supplier_id":null,"supplier_sku":"","barcode":null,"atum_controlled":true,"out_stock_date":null,"out_stock_threshold":null,"inheritable":false,"inbound_stock":0,"stock_on_hold":0,"sold_today":0,"sales_last_days":0,"reserved_stock":0,"customer_returns":0,"warehouse_damage":0,"lost_in_post":0,"other_logs":0,"out_stock_days":0,"lost_sales":0,"has_location":false,"update_date":"2025-12-18T10:46:47","atum_locations":[],"atum_stock_status":"instock","restock_status":false,"low_stock_amount":1,"sales_update_date":"2025-12-18T10:46:47","calc_backorders":null,"_links":{"self":[{"href":"https:\/\/mps.digital-monkey.in\/de\/wp-json\/wp\/v2\/product\/39797","targetHints":{"allow":["GET"]}}],"collection":[{"href":"https:\/\/mps.digital-monkey.in\/de\/wp-json\/wp\/v2\/product"}],"about":[{"href":"https:\/\/mps.digital-monkey.in\/de\/wp-json\/wp\/v2\/types\/product"}],"replies":[{"embeddable":true,"href":"https:\/\/mps.digital-monkey.in\/de\/wp-json\/wp\/v2\/comments?post=39797"}],"wp:featuredmedia":[{"embeddable":true,"href":"https:\/\/mps.digital-monkey.in\/de\/wp-json\/wp\/v2\/media\/39808"}],"wp:attachment":[{"href":"https:\/\/mps.digital-monkey.in\/de\/wp-json\/wp\/v2\/media?parent=39797"}],"wp:term":[{"taxonomy":"product_brand","embeddable":true,"href":"https:\/\/mps.digital-monkey.in\/de\/wp-json\/wp\/v2\/product_brand?post=39797"},{"taxonomy":"product_cat","embeddable":true,"href":"https:\/\/mps.digital-monkey.in\/de\/wp-json\/wp\/v2\/product_cat?post=39797"},{"taxonomy":"product_tag","embeddable":true,"href":"https:\/\/mps.digital-monkey.in\/de\/wp-json\/wp\/v2\/product_tag?post=39797"}],"curies":[{"name":"wp","href":"https:\/\/api.w.org\/{rel}","templated":true}]}}