{"id":40723,"date":"2025-10-29T14:50:29","date_gmt":"2025-10-29T14:50:29","guid":{"rendered":"https:\/\/mps.digital-monkey.in\/product\/sole-13124051-oelfilter-original-sole-filter\/"},"modified":"2025-10-29T14:52:59","modified_gmt":"2025-10-29T14:52:59","slug":"sole-13124051-oelfilter-original-sole-filter","status":"publish","type":"product","link":"https:\/\/mps.digital-monkey.in\/de\/product\/sole-13124051-oelfilter-original-sole-filter\/","title":{"rendered":"Sole 13124051 \u00d6lfilter &#8211; Original Sole Filter"},"content":{"rendered":"<p data-start=\"572\" data-end=\"856\">Der <strong data-start=\"576\" data-end=\"604\">Sole 13124051 \u00d6lfilter<\/strong> ist ein hochwertiges Originalersatzteil, das speziell f\u00fcr Sole Diesel Schiffsmotoren entwickelt wurde. Dieser Original-Sole-\u00d6lfilter sorgt f\u00fcr optimale Filtration und Motorschutz, indem er Verunreinigungen und Schadstoffe effektiv aus dem Motor\u00f6l entfernt. <\/p>\n<p data-start=\"858\" data-end=\"1084\">Die Wartung Ihres Motors mit Originalteilen von Sole verl\u00e4ngert seine Lebensdauer und sorgt f\u00fcr Spitzenleistung unter allen maritimen Bedingungen. Der Sole 13124051 \u00d6lfilter bietet perfekten Sitz und Zuverl\u00e4ssigkeit, auf die Sie sich bei Ihrem Schiff verlassen k\u00f6nnen. <\/p>\n<p data-start=\"1086\" data-end=\"1142\"><strong data-start=\"1086\" data-end=\"1140\">Kompatibel mit den folgenden Sole Diesel Motoren:<\/strong><\/p>\n<ul data-start=\"1143\" data-end=\"1363\">\n<li data-start=\"1143\" data-end=\"1159\">\n<p data-start=\"1145\" data-end=\"1159\">Sohle Mini 10<\/p>\n<\/li>\n<li data-start=\"1160\" data-end=\"1176\">\n<p data-start=\"1162\" data-end=\"1176\">Sohle Mini 11<\/p>\n<\/li>\n<li data-start=\"1177\" data-end=\"1193\">\n<p data-start=\"1179\" data-end=\"1193\">Sohle Mini 14<\/p>\n<\/li>\n<li data-start=\"1194\" data-end=\"1210\">\n<p data-start=\"1196\" data-end=\"1210\">Sohle Mini 17<\/p>\n<\/li>\n<li data-start=\"1211\" data-end=\"1227\">\n<p data-start=\"1213\" data-end=\"1227\">Sohle Mini 18<\/p>\n<\/li>\n<li data-start=\"1228\" data-end=\"1244\">\n<p data-start=\"1230\" data-end=\"1244\">Sohle Mini 23<\/p>\n<\/li>\n<li data-start=\"1245\" data-end=\"1261\">\n<p data-start=\"1247\" data-end=\"1261\">Sohle Mini 26<\/p>\n<\/li>\n<li data-start=\"1262\" data-end=\"1278\">\n<p data-start=\"1264\" data-end=\"1278\">Sohle Mini 29<\/p>\n<\/li>\n<li data-start=\"1279\" data-end=\"1295\">\n<p data-start=\"1281\" data-end=\"1295\">Sohle Mini 32<\/p>\n<\/li>\n<li data-start=\"1296\" data-end=\"1312\">\n<p data-start=\"1298\" data-end=\"1312\">Seezunge Mini 33<\/p>\n<\/li>\n<li data-start=\"1313\" data-end=\"1329\">\n<p data-start=\"1315\" data-end=\"1329\">Sohle Mini 34<\/p>\n<\/li>\n<li data-start=\"1330\" data-end=\"1346\">\n<p data-start=\"1332\" data-end=\"1346\">Sohle Mini 44<\/p>\n<\/li>\n<li data-start=\"1347\" data-end=\"1363\">\n<p data-start=\"1349\" data-end=\"1363\">Sohle Mini 55<\/p>\n<\/li>\n<\/ul>\n<p data-start=\"1349\" data-end=\"1363\"><strong>Generatoren:  <\/strong><\/p>\n<ul data-start=\"1143\" data-end=\"1363\">\n<li>7 GS<\/li>\n<li>8 GSA<\/li>\n<li>8 GT<\/li>\n<li>10 GS<\/li>\n<li>11 GT<\/li>\n<li>12 GSA<\/li>\n<li>14 GS<\/li>\n<li>17 GSA<\/li>\n<li>17 GT<\/li>\n<li>G-8<\/li>\n<li>G-15<\/li>\n<li>G-25<\/li>\n<li data-start=\"1347\" data-end=\"1363\">\n<\/li>\n<\/ul>\n<p data-start=\"1365\" data-end=\"1384\"><strong data-start=\"1365\" data-end=\"1382\">Wichtige Merkmale:<\/strong><\/p>\n<ul data-start=\"1385\" data-end=\"1553\">\n<li data-start=\"1385\" data-end=\"1417\">\n<p data-start=\"1387\" data-end=\"1417\">Original Sole Diesel OEM-Teil<\/p>\n<\/li>\n<li data-start=\"1418\" data-end=\"1469\">\n<p data-start=\"1420\" data-end=\"1469\">Sorgt f\u00fcr sauberes \u00d6l und optimalen Motorschutz<\/p>\n<\/li>\n<li data-start=\"1470\" data-end=\"1507\">\n<p data-start=\"1472\" data-end=\"1507\">Einfache Installation und perfekte Passform<\/p>\n<\/li>\n<li data-start=\"1508\" data-end=\"1553\">\n<p data-start=\"1510\" data-end=\"1553\">Erh\u00f6ht die Lebensdauer und Leistung des Motors<\/p>\n<\/li>\n<\/ul>\n","protected":false},"excerpt":{"rendered":"<p>Der Sole 13124051 \u00d6lfilter ist ein hochwertiges Originalersatzteil, das speziell f\u00fcr Sole Diesel Schiffsmotoren entwickelt wurde. Dieser Original-Sole-\u00d6lfilter sorgt f\u00fcr optimale Filtration und Motorschutz, indem er Verunreinigungen und Schadstoffe effektiv aus dem Motor\u00f6l entfernt. Die Wartung Ihres Motors mit Originalteilen von Sole verl\u00e4ngert seine Lebensdauer und sorgt f\u00fcr Spitzenleistung unter allen maritimen Bedingungen. Der Sole [&hellip;]<\/p>\n","protected":false},"featured_media":40724,"comment_status":"open","ping_status":"closed","template":"","meta":[],"product_brand":[4411],"product_cat":[2498,2790],"product_tag":[],"class_list":{"0":"post-40723","1":"product","2":"type-product","3":"status-publish","4":"has-post-thumbnail","6":"product_brand-sole","7":"product_cat-ersatzteile-fur-motoren","8":"product_cat-olfilter","9":"pa_condition-neu","10":"pa_model-sole-mini-10","11":"pa_model-sole-mini-11","12":"pa_model-sole-mini-14","13":"pa_model-sole-mini-17","14":"pa_model-sole-mini-18","15":"pa_model-sole-mini-23","16":"pa_model-sole-mini-26","17":"pa_model-sole-mini-29","18":"pa_model-sole-mini-32","19":"pa_model-sole-mini-33","20":"pa_model-sole-mini-34","21":"pa_model-sole-mini-44","22":"pa_model-sole-mini-55","23":"pa_oem-or-aftermarket-oem","25":"first","26":"instock","27":"taxable","28":"shipping-taxable","29":"purchasable","30":"product-type-simple"},"supplier_id":null,"supplier_sku":"13124051","barcode":null,"atum_controlled":true,"out_stock_date":null,"out_stock_threshold":null,"inheritable":false,"inbound_stock":0,"stock_on_hold":0,"sold_today":0,"sales_last_days":0,"reserved_stock":0,"customer_returns":0,"warehouse_damage":0,"lost_in_post":0,"other_logs":0,"out_stock_days":0,"lost_sales":0,"has_location":false,"update_date":"2026-03-05T15:34:52","atum_locations":[],"atum_stock_status":"instock","restock_status":false,"low_stock_amount":1,"sales_update_date":"2026-03-05T15:34:52","calc_backorders":null,"_links":{"self":[{"href":"https:\/\/mps.digital-monkey.in\/de\/wp-json\/wp\/v2\/product\/40723","targetHints":{"allow":["GET"]}}],"collection":[{"href":"https:\/\/mps.digital-monkey.in\/de\/wp-json\/wp\/v2\/product"}],"about":[{"href":"https:\/\/mps.digital-monkey.in\/de\/wp-json\/wp\/v2\/types\/product"}],"replies":[{"embeddable":true,"href":"https:\/\/mps.digital-monkey.in\/de\/wp-json\/wp\/v2\/comments?post=40723"}],"wp:featuredmedia":[{"embeddable":true,"href":"https:\/\/mps.digital-monkey.in\/de\/wp-json\/wp\/v2\/media\/40724"}],"wp:attachment":[{"href":"https:\/\/mps.digital-monkey.in\/de\/wp-json\/wp\/v2\/media?parent=40723"}],"wp:term":[{"taxonomy":"product_brand","embeddable":true,"href":"https:\/\/mps.digital-monkey.in\/de\/wp-json\/wp\/v2\/product_brand?post=40723"},{"taxonomy":"product_cat","embeddable":true,"href":"https:\/\/mps.digital-monkey.in\/de\/wp-json\/wp\/v2\/product_cat?post=40723"},{"taxonomy":"product_tag","embeddable":true,"href":"https:\/\/mps.digital-monkey.in\/de\/wp-json\/wp\/v2\/product_tag?post=40723"}],"curies":[{"name":"wp","href":"https:\/\/api.w.org\/{rel}","templated":true}]}}