{"id":40755,"date":"2025-10-29T15:33:12","date_gmt":"2025-10-29T15:33:12","guid":{"rendered":"https:\/\/mps.digital-monkey.in\/product\/sole-13810073-luftfilterelement-original-sole-filter\/"},"modified":"2025-10-30T08:32:19","modified_gmt":"2025-10-30T08:32:19","slug":"sole-13810073-luftfilterelement-original-sole-filter","status":"publish","type":"product","link":"https:\/\/mps.digital-monkey.in\/de\/product\/sole-13810073-luftfilterelement-original-sole-filter\/","title":{"rendered":"Sole 13810073 Luftfilterelement &#8211; Original Sole Filter"},"content":{"rendered":"<p data-start=\"632\" data-end=\"964\">Das <strong data-start=\"636\" data-end=\"672\">Sole 13810073 Luftfilterelement<\/strong> ist ein Originalersatzteil von Sole Diesel, das daf\u00fcr sorgt, dass Ihr Schiffsmotor sauber atmet und effizient l\u00e4uft. Dieser Original-Luftfilter entfernt effektiv Staub, Schmutz und Schwebeteilchen aus der Ansaugluft und sch\u00fctzt so die internen Motorkomponenten und sorgt f\u00fcr eine optimale Verbrennung.<\/p>\n<p data-start=\"966\" data-end=\"1237\">Der 13810073 Luftfilter wird nach den exakten OEM-Spezifikationen von Sole Diesel hergestellt und bietet eine perfekte Passform, eine hohe Filtrationskapazit\u00e4t und eine lange Lebensdauer. Die Verwendung von Original-Sole-Filtern tr\u00e4gt dazu bei, die Motorleistung, die Kraftstoffeffizienz und die Zuverl\u00e4ssigkeit unter allen maritimen Bedingungen zu erhalten. <\/p>\n<p data-start=\"1239\" data-end=\"1295\"><strong data-start=\"1239\" data-end=\"1293\">Kompatibel mit den folgenden Sole Diesel Motoren:<\/strong><\/p>\n<ul data-start=\"1296\" data-end=\"1477\">\n<li data-start=\"1296\" data-end=\"1477\">\n<p data-start=\"1298\" data-end=\"1477\"><strong data-start=\"1298\" data-end=\"1319\">Sole Mini Serie:<\/strong><br data-start=\"1319\" data-end=\"1322\">Mini 1, Mini 2, Mini 3<br data-start=\"1346\" data-end=\"1349\">Mini 10, Mini 11, Mini 14, Mini 17, Mini 18<br data-start=\"1394\" data-end=\"1397\">Mini 23, Mini 26, Mini 29<br data-start=\"1424\" data-end=\"1427\">Mini 32, Mini 33, Mini 34<br data-start=\"1454\" data-end=\"1457\">Mini 44, Mini 48<\/p>\n<\/li>\n<\/ul>\n<p data-start=\"1479\" data-end=\"1498\"><strong data-start=\"1479\" data-end=\"1496\">Wichtige Merkmale:<\/strong><\/p>\n<ul data-start=\"1499\" data-end=\"1743\">\n<li data-start=\"1499\" data-end=\"1557\">\n<p data-start=\"1501\" data-end=\"1557\">Original Sole Diesel OEM Luftfilter (Teile-Nr. 13810073)<\/p>\n<\/li>\n<li data-start=\"1558\" data-end=\"1609\">\n<p data-start=\"1560\" data-end=\"1609\">Hocheffiziente Filterung f\u00fcr saubere Ansaugluft<\/p>\n<\/li>\n<li data-start=\"1610\" data-end=\"1654\">\n<p data-start=\"1612\" data-end=\"1654\">Sch\u00fctzt den Motor vor Staub und Ablagerungen<\/p>\n<\/li>\n<li data-start=\"1655\" data-end=\"1701\">\n<p data-start=\"1657\" data-end=\"1701\">Optimiert f\u00fcr Leistung und Kraftstoffverbrauch<\/p>\n<\/li>\n<li data-start=\"1702\" data-end=\"1743\">\n<p data-start=\"1704\" data-end=\"1743\">Einfache Installation und perfekte OEM-Passung<\/p>\n<\/li>\n<\/ul>\n<p data-start=\"1745\" data-end=\"2058\"><strong data-start=\"1745\" data-end=\"1781\">Warum Sie sich f\u00fcr Original-Sole-Filter entscheiden sollten:<\/strong><br data-start=\"1781\" data-end=\"1784\">Original-Sole-Dieselfilter werden nach den Spezifikationen des Herstellers gefertigt, um eine pr\u00e4zise Passform und Leistung zu gew\u00e4hrleisten. Nicht originale Filter k\u00f6nnen den Luftstrom behindern oder Verunreinigungen in den Motor eindringen lassen. Vertrauen Sie auf die OEM-Teile von Sole f\u00fcr lang anhaltenden Schutz und zuverl\u00e4ssigen Betrieb auf See.<\/p>\n<h3 data-start=\"2065\" data-end=\"2091\"><\/h3>\n","protected":false},"excerpt":{"rendered":"<p>Das Sole 13810073 Luftfilterelement ist ein Originalersatzteil von Sole Diesel, das daf\u00fcr sorgt, dass Ihr Schiffsmotor sauber atmet und effizient l\u00e4uft. Dieser Original-Luftfilter entfernt effektiv Staub, Schmutz und Schwebeteilchen aus der Ansaugluft und sch\u00fctzt so die internen Motorkomponenten und sorgt f\u00fcr eine optimale Verbrennung. Der 13810073 Luftfilter wird nach den exakten OEM-Spezifikationen von Sole Diesel [&hellip;]<\/p>\n","protected":false},"featured_media":40756,"comment_status":"open","ping_status":"closed","template":"","meta":[],"product_brand":[4411],"product_cat":[2498,2663],"product_tag":[],"class_list":{"0":"post-40755","1":"product","2":"type-product","3":"status-publish","4":"has-post-thumbnail","6":"product_brand-sole","7":"product_cat-ersatzteile-fur-motoren","8":"product_cat-luftfilter","9":"pa_condition-neu","10":"pa_model-sole-mini-10","11":"pa_model-sole-mini-11","12":"pa_model-sole-mini-14","13":"pa_model-sole-mini-17","14":"pa_model-sole-mini-18","15":"pa_model-sole-mini-23","16":"pa_model-sole-mini-26","17":"pa_model-sole-mini-29","18":"pa_model-sole-mini-32","19":"pa_model-sole-mini-33","20":"pa_model-sole-mini-34","21":"pa_model-sole-mini-44","22":"pa_model-sole-mini-48","23":"pa_model-sole-mini-63","24":"pa_oem-or-aftermarket-oem","26":"first","27":"instock","28":"taxable","29":"shipping-taxable","30":"purchasable","31":"product-type-simple"},"supplier_id":40738,"supplier_sku":"13810073","barcode":null,"atum_controlled":true,"out_stock_date":null,"out_stock_threshold":null,"inheritable":false,"inbound_stock":0,"stock_on_hold":0,"sold_today":0,"sales_last_days":0,"reserved_stock":0,"customer_returns":0,"warehouse_damage":0,"lost_in_post":0,"other_logs":0,"out_stock_days":0,"lost_sales":0,"has_location":false,"update_date":"2025-12-18T10:46:47","atum_locations":[],"atum_stock_status":"instock","restock_status":false,"low_stock_amount":1,"sales_update_date":"2025-12-18T10:46:47","calc_backorders":null,"_links":{"self":[{"href":"https:\/\/mps.digital-monkey.in\/de\/wp-json\/wp\/v2\/product\/40755","targetHints":{"allow":["GET"]}}],"collection":[{"href":"https:\/\/mps.digital-monkey.in\/de\/wp-json\/wp\/v2\/product"}],"about":[{"href":"https:\/\/mps.digital-monkey.in\/de\/wp-json\/wp\/v2\/types\/product"}],"replies":[{"embeddable":true,"href":"https:\/\/mps.digital-monkey.in\/de\/wp-json\/wp\/v2\/comments?post=40755"}],"wp:featuredmedia":[{"embeddable":true,"href":"https:\/\/mps.digital-monkey.in\/de\/wp-json\/wp\/v2\/media\/40756"}],"wp:attachment":[{"href":"https:\/\/mps.digital-monkey.in\/de\/wp-json\/wp\/v2\/media?parent=40755"}],"wp:term":[{"taxonomy":"product_brand","embeddable":true,"href":"https:\/\/mps.digital-monkey.in\/de\/wp-json\/wp\/v2\/product_brand?post=40755"},{"taxonomy":"product_cat","embeddable":true,"href":"https:\/\/mps.digital-monkey.in\/de\/wp-json\/wp\/v2\/product_cat?post=40755"},{"taxonomy":"product_tag","embeddable":true,"href":"https:\/\/mps.digital-monkey.in\/de\/wp-json\/wp\/v2\/product_tag?post=40755"}],"curies":[{"name":"wp","href":"https:\/\/api.w.org\/{rel}","templated":true}]}}