{"id":40767,"date":"2025-10-30T07:42:45","date_gmt":"2025-10-30T07:42:45","guid":{"rendered":"https:\/\/mps.digital-monkey.in\/product\/yanmar-4jh2-daempferplatte-yanmar-177090-03500\/"},"modified":"2026-01-29T09:50:17","modified_gmt":"2026-01-29T09:50:17","slug":"yanmar-4jh2-daempferplatte-yanmar-177090-03500","status":"publish","type":"product","link":"https:\/\/mps.digital-monkey.in\/de\/produkt\/yanmar-4jh2-daempferplatte-yanmar-177090-03500\/","title":{"rendered":"Yanmar 4JH2 D\u00e4mpferplatte Yanmar 177090-03500"},"content":{"rendered":"<p data-start=\"227\" data-end=\"772\">Original <strong data-start=\"266\" data-end=\"313\">Yanmar D\u00e4mpferplatte (Teile-Nr. 177090-03500)<\/strong> - entwickelt f\u00fcr zuverl\u00e4ssige Leistung bei <strong data-start=\"353\" data-end=\"416\">Yanmar 4JH2E, 4JH2-TE, 4JH2-HTE, 4JH2-DTE und 4JH2-UTE (B)<\/strong> Schiffsdieselmotoren. Diese OEM-D\u00e4mpferplatte passt zu den <strong data-start=\"467\" data-end=\"516\">Yanmar-Getrieben KBM20, KBM21, KM4A und SD60<\/strong> und sorgt f\u00fcr eine reibungslose Kraft\u00fcbertragung und weniger Vibrationen zwischen Motor und Getriebe. Diese nach den hohen Yanmar-Standards f\u00fcr Haltbarkeit und Passgenauigkeit gefertigte D\u00e4mpferplatte tr\u00e4gt zum Schutz Ihres Antriebsstrangs und zur Aufrechterhaltung einer optimalen Motorleistung bei.<\/p>\n<p data-start=\"774\" data-end=\"1014\">\n","protected":false},"excerpt":{"rendered":"<p>Original Yanmar D\u00e4mpferplatte (Teile-Nr. 177090-03500) - entwickelt f\u00fcr zuverl\u00e4ssige Leistung bei Yanmar 4JH2E, 4JH2-TE, 4JH2-HTE, 4JH2-DTE und 4JH2-UTE (B) Schiffsdieselmotoren. Diese OEM-D\u00e4mpferplatte passt zu den Yanmar-Getrieben KBM20, KBM21, KM4A und SD60 und sorgt f\u00fcr eine reibungslose Kraft\u00fcbertragung und weniger Vibrationen zwischen Motor und Getriebe. Diese nach den hohen Yanmar-Standards f\u00fcr Haltbarkeit und Passgenauigkeit gefertigte D\u00e4mpferplatte [&hellip;]<\/p>\n","protected":false},"featured_media":40768,"comment_status":"open","ping_status":"closed","template":"","meta":[],"product_brand":[4236],"product_cat":[2532,4570],"product_tag":[],"class_list":{"0":"post-40767","1":"product","2":"type-product","3":"status-publish","4":"has-post-thumbnail","6":"product_brand-yanmar","7":"product_cat-motorenteile","8":"product_cat-yanmar-saildrive-service-teile","9":"pa_condition-neu","10":"pa_model-4jh2","11":"pa_model-4jh2dte","12":"pa_model-4jh2e","13":"pa_model-4jh2hte","14":"pa_model-4jh2te","15":"pa_model-4jh2utbe","16":"pa_model-4jh2ute","17":"pa_oem-or-aftermarket-oem","19":"first","20":"onbackorder","21":"taxable","22":"shipping-taxable","23":"purchasable","24":"product-type-simple"},"supplier_id":32143,"supplier_sku":"177090-03500","barcode":null,"atum_controlled":true,"out_stock_date":"2025-11-24 10:22:20","out_stock_threshold":null,"inheritable":false,"inbound_stock":0,"stock_on_hold":0,"sold_today":0,"sales_last_days":0,"reserved_stock":0,"customer_returns":0,"warehouse_damage":0,"lost_in_post":0,"other_logs":0,"out_stock_days":101,"lost_sales":0,"has_location":false,"update_date":"2026-03-05T15:26:51","atum_locations":[],"atum_stock_status":"onbackorder","restock_status":false,"low_stock_amount":0,"sales_update_date":"2026-03-05T15:26:51","calc_backorders":null,"_links":{"self":[{"href":"https:\/\/mps.digital-monkey.in\/de\/wp-json\/wp\/v2\/product\/40767","targetHints":{"allow":["GET"]}}],"collection":[{"href":"https:\/\/mps.digital-monkey.in\/de\/wp-json\/wp\/v2\/product"}],"about":[{"href":"https:\/\/mps.digital-monkey.in\/de\/wp-json\/wp\/v2\/types\/product"}],"replies":[{"embeddable":true,"href":"https:\/\/mps.digital-monkey.in\/de\/wp-json\/wp\/v2\/comments?post=40767"}],"wp:featuredmedia":[{"embeddable":true,"href":"https:\/\/mps.digital-monkey.in\/de\/wp-json\/wp\/v2\/media\/40768"}],"wp:attachment":[{"href":"https:\/\/mps.digital-monkey.in\/de\/wp-json\/wp\/v2\/media?parent=40767"}],"wp:term":[{"taxonomy":"product_brand","embeddable":true,"href":"https:\/\/mps.digital-monkey.in\/de\/wp-json\/wp\/v2\/product_brand?post=40767"},{"taxonomy":"product_cat","embeddable":true,"href":"https:\/\/mps.digital-monkey.in\/de\/wp-json\/wp\/v2\/product_cat?post=40767"},{"taxonomy":"product_tag","embeddable":true,"href":"https:\/\/mps.digital-monkey.in\/de\/wp-json\/wp\/v2\/product_tag?post=40767"}],"curies":[{"name":"wp","href":"https:\/\/api.w.org\/{rel}","templated":true}]}}