{"id":41071,"date":"2025-11-01T13:25:48","date_gmt":"2025-11-01T13:25:48","guid":{"rendered":"https:\/\/mps.digital-monkey.in\/product\/service-kit-volvo-penta-md2010-md2020-d1-13-d1-20-21189380\/"},"modified":"2025-11-01T13:25:48","modified_gmt":"2025-11-01T13:25:48","slug":"service-kit-volvo-penta-md2010-md2020-d1-13-d1-20-21189380","status":"publish","type":"product","link":"https:\/\/mps.digital-monkey.in\/de\/product\/service-kit-volvo-penta-md2010-md2020-d1-13-d1-20-21189380\/","title":{"rendered":"Service Kit Volvo Penta MD2010 \/ MD2020 \/ D1-13 \/ D1-20 &#8211; 21189380"},"content":{"rendered":"<p data-start=\"628\" data-end=\"934\">Dieses <strong data-start=\"632\" data-end=\"656\">Ersatz-Servicekit 21189380<\/strong> ist ein komplettes Wartungsset f\u00fcr <strong data-start=\"700\" data-end=\"748\">Volvo Penta MD2010, MD2020, D1-13 und D1-20<\/strong> Schiffsdieselmotoren. Es enth\u00e4lt alle wesentlichen Komponenten, die f\u00fcr eine Standardwartung erforderlich sind, damit Ihr Motor die ganze Bootssaison \u00fcber reibungslos und zuverl\u00e4ssig l\u00e4uft. <\/p>\n<p data-start=\"936\" data-end=\"1097\">Dieser praktische Satz gew\u00e4hrleistet den korrekten Einbau, eine effiziente Filterung und eine gute K\u00fchlleistung &#8211; alles, was f\u00fcr eine effektive Motorpflege erforderlich ist, in einem Paket.<\/p>\n<p data-start=\"1099\" data-end=\"1155\"><strong data-start=\"1099\" data-end=\"1153\">Kompatibel mit den folgenden Volvo Penta Motoren:<\/strong><\/p>\n<ul data-start=\"1156\" data-end=\"1197\">\n<li data-start=\"1156\" data-end=\"1166\">\n<p data-start=\"1158\" data-end=\"1166\">MD2010<\/p>\n<\/li>\n<li data-start=\"1167\" data-end=\"1177\">\n<p data-start=\"1169\" data-end=\"1177\">MD2020<\/p>\n<\/li>\n<li data-start=\"1178\" data-end=\"1187\">\n<p data-start=\"1180\" data-end=\"1187\">D1-13<\/p>\n<\/li>\n<li data-start=\"1188\" data-end=\"1197\">\n<p data-start=\"1190\" data-end=\"1197\">D1-20<\/p>\n<\/li>\n<\/ul>\n<p data-start=\"1199\" data-end=\"1226\"><strong data-start=\"1199\" data-end=\"1224\">Service-Kit Enth\u00e4lt:<\/strong><\/p>\n<ul data-start=\"1227\" data-end=\"1327\">\n<li data-start=\"1227\" data-end=\"1256\">\n<p data-start=\"1229\" data-end=\"1256\">1\u00d7 Volvo Penta \u00d6lfilter<\/p>\n<\/li>\n<li data-start=\"1257\" data-end=\"1287\">\n<p data-start=\"1259\" data-end=\"1287\">1\u00d7 Volvo Penta Kraftstofffilter<\/p>\n<\/li>\n<li data-start=\"1288\" data-end=\"1327\">\n<p data-start=\"1290\" data-end=\"1327\">1\u00d7 Impeller + Dichtung<\/p>\n<\/li>\n<\/ul>\n<p data-start=\"1329\" data-end=\"1351\"><strong data-start=\"1329\" data-end=\"1349\">Optionales Add-On:<\/strong><\/p>\n<ul data-start=\"1352\" data-end=\"1392\">\n<li data-start=\"1352\" data-end=\"1392\">\n<p data-start=\"1354\" data-end=\"1392\"><a href=\"https:\/\/mps.digital-monkey.in\/de\/produkt\/volvo-penta-vds-4-5-motoroel-15w40\/\">Volvo Penta Motor\u00f6l 15W-40 VDS4.5<\/a><\/p>\n<\/li>\n<\/ul>\n<p data-start=\"1394\" data-end=\"1413\"><strong data-start=\"1394\" data-end=\"1411\">Wichtige Merkmale:<\/strong><\/p>\n<ul data-start=\"1414\" data-end=\"1709\">\n<li data-start=\"1414\" data-end=\"1458\">\n<p data-start=\"1416\" data-end=\"1458\">Kompletter Service-Kit (Teile-Nr. 21189380)<\/p>\n<\/li>\n<li data-start=\"1459\" data-end=\"1517\">\n<p data-start=\"1461\" data-end=\"1517\">Enth\u00e4lt wichtige Komponenten f\u00fcr die regelm\u00e4\u00dfige Wartung<\/p>\n<\/li>\n<li data-start=\"1518\" data-end=\"1582\">\n<p data-start=\"1520\" data-end=\"1582\">Hochwertige Filter und Impeller sorgen f\u00fcr optimale Leistung<\/p>\n<\/li>\n<li data-start=\"1583\" data-end=\"1648\">\n<p data-start=\"1585\" data-end=\"1648\">Sorgt f\u00fcr sauberen Kraftstoff, richtige Schmierung und zuverl\u00e4ssige K\u00fchlung<\/p>\n<\/li>\n<li data-start=\"1649\" data-end=\"1709\">\n<p data-start=\"1651\" data-end=\"1709\">Vereinfacht die Motorwartung und hilft, die Lebensdauer des Motors zu verl\u00e4ngern<\/p>\n<\/li>\n<\/ul>\n<p data-start=\"1711\" data-end=\"1965\"><strong data-start=\"1711\" data-end=\"1735\">Warum Sie sich f\u00fcr dieses Kit entscheiden sollten:<\/strong><br data-start=\"1735\" data-end=\"1738\">Dieses All-in-One-Service-Kit ist die perfekte L\u00f6sung f\u00fcr die routinem\u00e4\u00dfige Wartung Ihres Volvo Penta Motors. Mit hochwertigen Komponenten, die nach anspruchsvollen Standards gefertigt wurden, sorgt es f\u00fcr zuverl\u00e4ssige Leistung und Sicherheit auf dem Wasser. <\/p>\n","protected":false},"excerpt":{"rendered":"<p>Dieses Ersatz-Servicekit 21189380 ist ein komplettes Wartungsset f\u00fcr Volvo Penta MD2010, MD2020, D1-13 und D1-20 Schiffsdieselmotoren. Es enth\u00e4lt alle wesentlichen Komponenten, die f\u00fcr eine Standardwartung erforderlich sind, damit Ihr Motor die ganze Bootssaison \u00fcber reibungslos und zuverl\u00e4ssig l\u00e4uft. Dieser praktische Satz gew\u00e4hrleistet den korrekten Einbau, eine effiziente Filterung und eine gute K\u00fchlleistung &#8211; alles, was [&hellip;]<\/p>\n","protected":false},"featured_media":42087,"comment_status":"open","ping_status":"closed","template":"","meta":[],"product_brand":[4230],"product_cat":[4488,2498,3202,4479,4308,4321,4295,4290,4309,4310,4312],"product_tag":[],"class_list":{"0":"post-41071","1":"product","2":"type-product","3":"status-publish","4":"has-post-thumbnail","6":"product_brand-volvo-penta","7":"product_cat-brauchen-sie-volvo-penta-teile","8":"product_cat-ersatzteile-fur-motoren","9":"product_cat-service-kits","10":"product_cat-service-kits-volvo-penta","11":"product_cat-volvo-penta","12":"product_cat-volvo-penta-d1-serie","13":"product_cat-volvo-penta-d1-13-teile","14":"product_cat-volvo-penta-d1-20-teile","15":"product_cat-volvo-penta-md-serie","16":"product_cat-volvo-penta-md2010-teile","17":"product_cat-volvo-penta-md2020-teile","18":"pa_condition-neu","19":"pa_model-d1-13","20":"pa_model-d1-20","21":"pa_model-md2010","22":"pa_model-md2020","23":"pa_oem-or-aftermarket-aftermarket","25":"first","26":"instock","27":"taxable","28":"shipping-taxable","29":"purchasable","30":"product-type-simple"},"supplier_id":7294,"supplier_sku":"REC21189380","barcode":null,"atum_controlled":true,"out_stock_date":null,"out_stock_threshold":null,"inheritable":false,"inbound_stock":0,"stock_on_hold":0,"sold_today":0,"sales_last_days":0,"reserved_stock":0,"customer_returns":0,"warehouse_damage":0,"lost_in_post":0,"other_logs":0,"out_stock_days":0,"lost_sales":0,"has_location":false,"update_date":"2026-01-29T09:11:06","atum_locations":[],"atum_stock_status":"instock","restock_status":false,"low_stock_amount":1,"sales_update_date":"2026-01-29T09:11:06","calc_backorders":null,"_links":{"self":[{"href":"https:\/\/mps.digital-monkey.in\/de\/wp-json\/wp\/v2\/product\/41071","targetHints":{"allow":["GET"]}}],"collection":[{"href":"https:\/\/mps.digital-monkey.in\/de\/wp-json\/wp\/v2\/product"}],"about":[{"href":"https:\/\/mps.digital-monkey.in\/de\/wp-json\/wp\/v2\/types\/product"}],"replies":[{"embeddable":true,"href":"https:\/\/mps.digital-monkey.in\/de\/wp-json\/wp\/v2\/comments?post=41071"}],"wp:featuredmedia":[{"embeddable":true,"href":"https:\/\/mps.digital-monkey.in\/de\/wp-json\/wp\/v2\/media\/42087"}],"wp:attachment":[{"href":"https:\/\/mps.digital-monkey.in\/de\/wp-json\/wp\/v2\/media?parent=41071"}],"wp:term":[{"taxonomy":"product_brand","embeddable":true,"href":"https:\/\/mps.digital-monkey.in\/de\/wp-json\/wp\/v2\/product_brand?post=41071"},{"taxonomy":"product_cat","embeddable":true,"href":"https:\/\/mps.digital-monkey.in\/de\/wp-json\/wp\/v2\/product_cat?post=41071"},{"taxonomy":"product_tag","embeddable":true,"href":"https:\/\/mps.digital-monkey.in\/de\/wp-json\/wp\/v2\/product_tag?post=41071"}],"curies":[{"name":"wp","href":"https:\/\/api.w.org\/{rel}","templated":true}]}}