{"id":41096,"date":"2025-11-02T14:22:08","date_gmt":"2025-11-02T14:22:08","guid":{"rendered":"https:\/\/mps.digital-monkey.in\/product\/wartungssatz-volvo-penta-2001-2002-2003-877194\/"},"modified":"2026-02-25T15:16:04","modified_gmt":"2026-02-25T15:16:04","slug":"wartungssatz-volvo-penta-2001-2002-2003-877194","status":"publish","type":"product","link":"https:\/\/mps.digital-monkey.in\/de\/produkt\/wartungssatz-volvo-penta-2001-2002-2003-877194\/","title":{"rendered":"Wartungssatz Volvo Penta 2001 \/ 2002 \/ 2003 - 877194"},"content":{"rendered":"<p data-start=\"663\" data-end=\"958\">Das <strong data-start=\"667\" data-end=\"701\">Volvo Penta Service Kit 877194<\/strong> ist ein komplettes Wartungspaket f\u00fcr die <strong data-start=\"749\" data-end=\"785\">Volvo Penta<\/strong> Dieselmotoren der <strong data-start=\"749\" data-end=\"785\">Jahre 2001, 2002 und 2003<\/strong>. Es enth\u00e4lt alle wesentlichen Komponenten, die f\u00fcr die regelm\u00e4\u00dfige Wartung des Motors erforderlich sind, und gew\u00e4hrleistet eine optimale Filtration, eine effektive K\u00fchlung und einen zuverl\u00e4ssigen Betrieb. <\/p>\n<p data-start=\"1116\" data-end=\"1172\"><strong data-start=\"1116\" data-end=\"1170\">Kompatibel mit den folgenden Volvo Penta Motoren:<\/strong><\/p>\n<ul data-start=\"1173\" data-end=\"1235\">\n<li data-start=\"1173\" data-end=\"1193\">\n<p data-start=\"1175\" data-end=\"1193\">Volvo Penta 2001<\/p>\n<\/li>\n<li data-start=\"1194\" data-end=\"1214\">\n<p data-start=\"1196\" data-end=\"1214\">Volvo Penta 2002<\/p>\n<\/li>\n<li data-start=\"1215\" data-end=\"1235\">\n<p data-start=\"1217\" data-end=\"1235\">Volvo Penta 2003<\/p>\n<\/li>\n<\/ul>\n<p data-start=\"1237\" data-end=\"1264\"><strong data-start=\"1237\" data-end=\"1262\">Service-Kit Enth\u00e4lt:<\/strong><\/p>\n<ul data-start=\"1265\" data-end=\"1350\">\n<li data-start=\"1265\" data-end=\"1293\">\n<p data-start=\"1267\" data-end=\"1293\">1\u00d7 \u00d6lfilter - 22057107<\/p>\n<\/li>\n<li data-start=\"1294\" data-end=\"1323\">\n<p data-start=\"1296\" data-end=\"1323\">1\u00d7 Kraftstofffilter - 21492771<\/p>\n<\/li>\n<li data-start=\"1324\" data-end=\"1350\">\n<p data-start=\"1326\" data-end=\"1350\">1\u00d7 Impeller - 21951342<\/p>\n<\/li>\n<li data-start=\"1324\" data-end=\"1350\">1x Anode Al - 838929<\/li>\n<\/ul>\n<p data-start=\"1352\" data-end=\"1384\"><strong data-start=\"1352\" data-end=\"1382\">Original-Referenznummer:<\/strong><\/p>\n<ul data-start=\"1385\" data-end=\"1409\">\n<li data-start=\"1385\" data-end=\"1409\">\n<p data-start=\"1387\" data-end=\"1409\">Volvo Penta <strong data-start=\"1399\" data-end=\"1409\">877194<\/strong><\/p>\n<\/li>\n<\/ul>\n<p data-start=\"1411\" data-end=\"1433\"><strong data-start=\"1411\" data-end=\"1431\">Optionales Add-On:<\/strong><\/p>\n<ul data-start=\"1434\" data-end=\"1476\">\n<li data-start=\"1434\" data-end=\"1476\">\n<p data-start=\"1436\" data-end=\"1476\">Volvo Penta Motor\u00f6l <a href=\"https:\/\/mps.digital-monkey.in\/de\/produkt\/volvo-penta-vds-4-5-motoroel-15w40\/\"><strong data-start=\"1459\" data-end=\"1476\">15W-40 VDS4.5<\/strong><\/a><\/p>\n<\/li>\n<\/ul>\n<p data-start=\"1478\" data-end=\"1497\"><strong data-start=\"1478\" data-end=\"1495\">Wichtige Merkmale:<\/strong><\/p>\n<ul data-start=\"1498\" data-end=\"1826\">\n<li data-start=\"1498\" data-end=\"1558\">\n<p data-start=\"1500\" data-end=\"1558\">Kompletter Service-Kit f\u00fcr Volvo Penta Motoren der 2000er Serie<\/p>\n<\/li>\n<li data-start=\"1559\" data-end=\"1627\">\n<p data-start=\"1561\" data-end=\"1627\">Enth\u00e4lt alle wichtigen Komponenten f\u00fcr die routinem\u00e4\u00dfige Motorwartung<\/p>\n<\/li>\n<li data-start=\"1628\" data-end=\"1693\">\n<p data-start=\"1630\" data-end=\"1693\">Sorgt f\u00fcr sauberen Kraftstoff, richtige Schmierung und effiziente K\u00fchlung<\/p>\n<\/li>\n<li data-start=\"1694\" data-end=\"1759\">\n<p data-start=\"1696\" data-end=\"1759\">Einfacher Einbau - auf die Motorspezifikationen abgestimmte Komponenten<\/p>\n<\/li>\n<li data-start=\"1760\" data-end=\"1826\">\n<p data-start=\"1762\" data-end=\"1826\">Hilft, die zuverl\u00e4ssige Leistung zu erhalten und die Lebensdauer des Motors zu verl\u00e4ngern<\/p>\n<\/li>\n<\/ul>\n<p data-start=\"1828\" data-end=\"2053\"><strong data-start=\"1828\" data-end=\"1852\">Warum sollten Sie sich f\u00fcr dieses Kit entscheiden:<\/strong><br data-start=\"1852\" data-end=\"1855\">Dieses Komplettpaket vereinfacht die routinem\u00e4\u00dfigen Wartungsarbeiten und gibt Bootsbesitzern Sicherheit. Hochwertige Komponenten sorgen f\u00fcr zuverl\u00e4ssigen Schutz, reibungslosen Betrieb und langfristige Zuverl\u00e4ssigkeit des Motors. <\/p>\n","protected":false},"excerpt":{"rendered":"<p>Das Volvo Penta Service Kit 877194 ist ein komplettes Wartungspaket f\u00fcr die Volvo Penta Dieselmotoren der Jahre 2001, 2002 und 2003. Es enth\u00e4lt alle wesentlichen Komponenten, die f\u00fcr die regelm\u00e4\u00dfige Wartung des Motors erforderlich sind, und gew\u00e4hrleistet eine optimale Filtration, eine effektive K\u00fchlung und einen zuverl\u00e4ssigen Betrieb. Kompatibel mit den folgenden Volvo Penta Motoren: Volvo [&hellip;]<\/p>\n","protected":false},"featured_media":42069,"comment_status":"open","ping_status":"closed","template":"","meta":[],"product_brand":[4230],"product_cat":[4488,2498,3202,4479,4308,4722,4467,4470,4713,4473,4466,4526],"product_tag":[],"class_list":{"0":"post-41096","1":"product","2":"type-product","3":"status-publish","4":"has-post-thumbnail","6":"product_brand-volvo-penta","7":"product_cat-brauchen-sie-volvo-penta-teile","8":"product_cat-ersatzteile-fur-motoren","9":"product_cat-service-kits","10":"product_cat-service-kits-volvo-penta","11":"product_cat-volvo-penta","12":"product_cat-volvo-penta-2000-serie-service-teile","13":"product_cat-volvo-penta-2001-teile","14":"product_cat-volvo-penta-2002-teile","15":"product_cat-volvo-penta-2002-wartungssatz","16":"product_cat-volvo-penta-2003-teile","17":"product_cat-volvo-penta-serie-2000","18":"product_cat-volvo-penta-service-teile","19":"pa_condition-neu","20":"pa_model-3088","21":"pa_model-3089","22":"pa_model-3090","23":"pa_oem-or-aftermarket-aftermarket","25":"first","26":"instock","27":"taxable","28":"shipping-taxable","29":"purchasable","30":"product-type-simple"},"supplier_id":7294,"supplier_sku":"REC877194","barcode":null,"atum_controlled":true,"out_stock_date":null,"out_stock_threshold":null,"inheritable":false,"inbound_stock":0,"stock_on_hold":1,"sold_today":1,"sales_last_days":1,"reserved_stock":0,"customer_returns":0,"warehouse_damage":0,"lost_in_post":0,"other_logs":0,"out_stock_days":0,"lost_sales":0,"has_location":false,"update_date":"2026-03-18T15:47:23","atum_locations":[],"atum_stock_status":"instock","restock_status":false,"low_stock_amount":1,"sales_update_date":null,"calc_backorders":0,"_links":{"self":[{"href":"https:\/\/mps.digital-monkey.in\/de\/wp-json\/wp\/v2\/product\/41096","targetHints":{"allow":["GET"]}}],"collection":[{"href":"https:\/\/mps.digital-monkey.in\/de\/wp-json\/wp\/v2\/product"}],"about":[{"href":"https:\/\/mps.digital-monkey.in\/de\/wp-json\/wp\/v2\/types\/product"}],"replies":[{"embeddable":true,"href":"https:\/\/mps.digital-monkey.in\/de\/wp-json\/wp\/v2\/comments?post=41096"}],"wp:featuredmedia":[{"embeddable":true,"href":"https:\/\/mps.digital-monkey.in\/de\/wp-json\/wp\/v2\/media\/42069"}],"wp:attachment":[{"href":"https:\/\/mps.digital-monkey.in\/de\/wp-json\/wp\/v2\/media?parent=41096"}],"wp:term":[{"taxonomy":"product_brand","embeddable":true,"href":"https:\/\/mps.digital-monkey.in\/de\/wp-json\/wp\/v2\/product_brand?post=41096"},{"taxonomy":"product_cat","embeddable":true,"href":"https:\/\/mps.digital-monkey.in\/de\/wp-json\/wp\/v2\/product_cat?post=41096"},{"taxonomy":"product_tag","embeddable":true,"href":"https:\/\/mps.digital-monkey.in\/de\/wp-json\/wp\/v2\/product_tag?post=41096"}],"curies":[{"name":"wp","href":"https:\/\/api.w.org\/{rel}","templated":true}]}}