{"id":41688,"date":"2025-11-03T08:11:35","date_gmt":"2025-11-03T08:11:35","guid":{"rendered":"https:\/\/mps.digital-monkey.in\/product\/yanmar-original-getriebeoel-sae-30-1-liter-fuer-kanzaki-yanmar-marine-getriebe\/"},"modified":"2025-12-17T21:15:15","modified_gmt":"2025-12-17T21:15:15","slug":"yanmar-original-getriebeoel-sae-30-1-liter-fuer-kanzaki-yanmar-marine-getriebe","status":"publish","type":"product","link":"https:\/\/mps.digital-monkey.in\/de\/produkt\/yanmar-original-getriebeoel-sae-30-1-liter-fuer-kanzaki-yanmar-marine-getriebe\/","title":{"rendered":"Yanmar Original-Getriebe\u00f6l SAE 30 - 1 Liter | F\u00fcr Kanzaki &amp; Yanmar Marine-Getriebe"},"content":{"rendered":"<p data-start=\"634\" data-end=\"955\"><strong data-start=\"634\" data-end=\"676\">Yanmar Genuine Transmission Oil SAE 30<\/strong> wurde speziell f\u00fcr Yanmar- und Kanzaki-Schiffsgetriebe entwickelt und sorgt f\u00fcr optimale Schmierung, geringeren Verschlei\u00df und reibungslose Schaltvorg\u00e4nge unter allen Betriebsbedingungen. Dieses hochwertige Getriebe\u00f6l bietet einen hervorragenden Schutz und eine lange Lebensdauer f\u00fcr Ihr Schiffsantriebssystem. <\/p>\n<p data-start=\"957\" data-end=\"1062\">Ideal f\u00fcr den Einsatz in den <strong data-start=\"974\" data-end=\"1014\">meisten mechanischen Getrieben f\u00fcr die Schifffahrt<\/strong>, einschlie\u00dflich der Getriebe der Serien KM und KMH von Kanzaki.<\/p>\n<p data-start=\"1064\" data-end=\"1294\"><strong data-start=\"1064\" data-end=\"1112\">Kompatibel mit den folgenden Getriebetypen:<\/strong><br data-start=\"1112\" data-end=\"1115\">KM2P, KM2P-1, KM2A, KM2C, KM3P, KM3-A, KM3A(1), KM3V, KM35P, KM35A, KM4A, KM4A1, KM4A2, KM5A, KMH4A, KMH40A\/41A, KMH50A\/51A, KMH50V\/51V, KMH52V, KMH6A(1), KMH60A, KMH61A, KMH61V<\/p>\n<p data-start=\"1296\" data-end=\"1315\"><strong data-start=\"1296\" data-end=\"1313\">Geeignet f\u00fcr:<\/strong><\/p>\n<ul data-start=\"1316\" data-end=\"1442\">\n<li data-start=\"1316\" data-end=\"1387\">\n<p data-start=\"1318\" data-end=\"1387\">Die meisten <strong data-start=\"1323\" data-end=\"1366\">mechanischen Getriebe von Yanmar und Kanzaki<\/strong> (Serie KM2 &amp; KM3)<\/p>\n<\/li>\n<li data-start=\"1388\" data-end=\"1442\">\n<p data-start=\"1390\" data-end=\"1442\"><strong data-start=\"1390\" data-end=\"1404\">KM4A (1,2)<\/strong> und <strong data-start=\"1409\" data-end=\"1442\">KMH4A hydraulische Getriebe<\/strong><\/p>\n<\/li>\n<\/ul>\n<p data-start=\"1444\" data-end=\"1463\"><strong data-start=\"1444\" data-end=\"1461\">Wichtige Merkmale:<\/strong><\/p>\n<ul data-start=\"1464\" data-end=\"1693\">\n<li data-start=\"1464\" data-end=\"1514\">\n<p data-start=\"1466\" data-end=\"1514\">Original Yanmar Getriebe\u00f6l - Klasse SAE 30<\/p>\n<\/li>\n<li data-start=\"1515\" data-end=\"1563\">\n<p data-start=\"1517\" data-end=\"1563\">Sorgt f\u00fcr reibungslosen Betrieb und Schutz des Getriebes<\/p>\n<\/li>\n<li data-start=\"1564\" data-end=\"1608\">\n<p data-start=\"1566\" data-end=\"1608\">Reduziert Reibung, Verschlei\u00df und Hitzeentwicklung<\/p>\n<\/li>\n<li data-start=\"1609\" data-end=\"1657\">\n<p data-start=\"1611\" data-end=\"1657\">Ausgezeichnete Leistung in Meeresumgebungen<\/p>\n<\/li>\n<li data-start=\"1658\" data-end=\"1693\">\n<p data-start=\"1660\" data-end=\"1693\">Wird in einem 1-Liter-Beh\u00e4lter geliefert<\/p>\n<\/li>\n<\/ul>\n<p data-start=\"1695\" data-end=\"1918\"><strong data-start=\"1695\" data-end=\"1732\">Brauchen Sie Hilfe bei der Wahl des richtigen \u00d6ls?<\/strong><br data-start=\"1732\" data-end=\"1735\">Sind Sie sich nicht sicher, ob Ihr Getriebe <strong data-start=\"1779\" data-end=\"1789\">SAE 30<\/strong>, <strong data-start=\"1791\" data-end=\"1805\">SAE 15W-40<\/strong> oder <strong data-start=\"1810\" data-end=\"1817\">ATF<\/strong> ben\u00f6tigt?<br data-start=\"1818\" data-end=\"1821\">Kontaktieren Sie uns und wir helfen Ihnen bei der Auswahl des richtigen \u00d6ls f\u00fcr Ihr spezielles Yanmar- oder Kanzaki-Getriebe.<\/p>\n","protected":false},"excerpt":{"rendered":"<p>Yanmar Genuine Transmission Oil SAE 30 wurde speziell f\u00fcr Yanmar- und Kanzaki-Schiffsgetriebe entwickelt und sorgt f\u00fcr optimale Schmierung, geringeren Verschlei\u00df und reibungslose Schaltvorg\u00e4nge unter allen Betriebsbedingungen. Dieses hochwertige Getriebe\u00f6l bietet einen hervorragenden Schutz und eine lange Lebensdauer f\u00fcr Ihr Schiffsantriebssystem. Ideal f\u00fcr den Einsatz in den meisten mechanischen Getrieben f\u00fcr die Schifffahrt, einschlie\u00dflich der Getriebe [&hellip;]<\/p>\n","protected":false},"featured_media":41689,"comment_status":"open","ping_status":"closed","template":"","meta":[],"product_brand":[4236],"product_cat":[2498,4028,2725,4531],"product_tag":[],"class_list":{"0":"post-41688","1":"product","2":"type-product","3":"status-publish","4":"has-post-thumbnail","6":"product_brand-yanmar","7":"product_cat-ersatzteile-fur-motoren","8":"product_cat-getriebeol","9":"product_cat-ole-flussigkeiten","10":"product_cat-yanmar-service-teile","11":"pa_condition-neu","12":"pa_oem-or-aftermarket-oem","14":"first","15":"instock","16":"taxable","17":"shipping-taxable","18":"purchasable","19":"product-type-simple"},"supplier_id":32143,"supplier_sku":"SAE30-1","barcode":null,"atum_controlled":true,"out_stock_date":null,"out_stock_threshold":null,"inheritable":false,"inbound_stock":0,"stock_on_hold":1,"sold_today":0,"sales_last_days":0,"reserved_stock":0,"customer_returns":0,"warehouse_damage":0,"lost_in_post":0,"other_logs":0,"out_stock_days":0,"lost_sales":0,"has_location":false,"update_date":"2026-03-05T15:26:51","atum_locations":[],"atum_stock_status":"instock","restock_status":false,"low_stock_amount":1,"sales_update_date":"2026-03-05T15:26:51","calc_backorders":0,"_links":{"self":[{"href":"https:\/\/mps.digital-monkey.in\/de\/wp-json\/wp\/v2\/product\/41688","targetHints":{"allow":["GET"]}}],"collection":[{"href":"https:\/\/mps.digital-monkey.in\/de\/wp-json\/wp\/v2\/product"}],"about":[{"href":"https:\/\/mps.digital-monkey.in\/de\/wp-json\/wp\/v2\/types\/product"}],"replies":[{"embeddable":true,"href":"https:\/\/mps.digital-monkey.in\/de\/wp-json\/wp\/v2\/comments?post=41688"}],"wp:featuredmedia":[{"embeddable":true,"href":"https:\/\/mps.digital-monkey.in\/de\/wp-json\/wp\/v2\/media\/41689"}],"wp:attachment":[{"href":"https:\/\/mps.digital-monkey.in\/de\/wp-json\/wp\/v2\/media?parent=41688"}],"wp:term":[{"taxonomy":"product_brand","embeddable":true,"href":"https:\/\/mps.digital-monkey.in\/de\/wp-json\/wp\/v2\/product_brand?post=41688"},{"taxonomy":"product_cat","embeddable":true,"href":"https:\/\/mps.digital-monkey.in\/de\/wp-json\/wp\/v2\/product_cat?post=41688"},{"taxonomy":"product_tag","embeddable":true,"href":"https:\/\/mps.digital-monkey.in\/de\/wp-json\/wp\/v2\/product_tag?post=41688"}],"curies":[{"name":"wp","href":"https:\/\/api.w.org\/{rel}","templated":true}]}}