{"id":42091,"date":"2025-11-07T09:25:22","date_gmt":"2025-11-07T09:25:22","guid":{"rendered":"https:\/\/mps.digital-monkey.in\/product\/wartungssatz-yanmar-3jh40-sk-jh40-001-g\/"},"modified":"2025-12-03T08:30:17","modified_gmt":"2025-12-03T08:30:17","slug":"wartungssatz-yanmar-3jh40-sk-jh40-001-g","status":"publish","type":"product","link":"https:\/\/mps.digital-monkey.in\/de\/produkt\/wartungssatz-yanmar-3jh40-sk-jh40-001-g\/","title":{"rendered":"Wartungssatz Yanmar 3JH40 - SK-JH40-001-G"},"content":{"rendered":"<p data-start=\"661\" data-end=\"940\">Das <strong data-start=\"665\" data-end=\"709\">Service Kit Yanmar 3JH40 (SK-JH40-001-G)<\/strong> ist ein komplettes Wartungspaket f\u00fcr den <strong data-start=\"761\" data-end=\"803\">Yanmar 3JH40 Common-Rail-Dieselmotor<\/strong>. Es enth\u00e4lt alle wichtigen Komponenten f\u00fcr einen kompletten Motorenservice und sorgt f\u00fcr zuverl\u00e4ssige Leistung, saubere Filterung und optimale K\u00fchlung.<\/p>\n<p data-start=\"942\" data-end=\"1115\">Dieses praktische Kit enth\u00e4lt die Teile, die Sie f\u00fcr die regelm\u00e4\u00dfige Wartung ben\u00f6tigen - ideal f\u00fcr die saisonale Wartung oder die routinem\u00e4\u00dfige Motorpflege, damit Ihr Yanmar-Motor immer optimal l\u00e4uft.<\/p>\n<p data-start=\"1117\" data-end=\"1139\"><strong data-start=\"1117\" data-end=\"1137\">Kompatibel mit:<\/strong><\/p>\n<ul data-start=\"1140\" data-end=\"1168\">\n<li data-start=\"1140\" data-end=\"1168\">\n<p data-start=\"1142\" data-end=\"1168\">Yanmar 3JH40 (Common-Rail)<\/p>\n<\/li>\n<\/ul>\n<p data-start=\"1170\" data-end=\"1197\"><strong data-start=\"1170\" data-end=\"1195\">Service-Kit Enth\u00e4lt:<\/strong><\/p>\n<ul data-start=\"1198\" data-end=\"1277\">\n<li data-start=\"1198\" data-end=\"1215\">\n<p data-start=\"1200\" data-end=\"1215\">1\u00d7 \u00d6lfilter<\/p>\n<\/li>\n<li data-start=\"1216\" data-end=\"1234\">\n<p data-start=\"1218\" data-end=\"1234\">1\u00d7 Kraftstoff-Vorfilter<\/p>\n<\/li>\n<li data-start=\"1258\" data-end=\"1277\">\n<p data-start=\"1260\" data-end=\"1277\">1\u00d7 Impeller-Kit<\/p>\n<\/li>\n<li data-start=\"1258\" data-end=\"1277\">1x G\u00fcrtel<\/li>\n<\/ul>\n<p>Fehlt in diesen Kits: OEM-Filter: 129A00-55800<\/p>\n<p data-start=\"1279\" data-end=\"1302\"><strong data-start=\"1279\" data-end=\"1300\">Optionale Zusatzfunktionen:<\/strong><\/p>\n<ul data-start=\"1303\" data-end=\"1378\">\n<li data-start=\"1303\" data-end=\"1334\">\n<p data-start=\"1305\" data-end=\"1334\">Multibelt (Lichtmaschinenriemen)<\/p>\n<\/li>\n<li data-start=\"1335\" data-end=\"1349\">\n<p data-start=\"1337\" data-end=\"1349\">Motor\u00f6l<\/p>\n<\/li>\n<li data-start=\"1350\" data-end=\"1378\">\n<p data-start=\"1352\" data-end=\"1378\">Getriebe- oder Saildrive-\u00d6l<\/p>\n<\/li>\n<\/ul>\n<p data-start=\"1728\" data-end=\"1924\"><strong data-start=\"1728\" data-end=\"1752\">Warum sollten Sie sich f\u00fcr dieses Kit entscheiden:<\/strong><br data-start=\"1752\" data-end=\"1755\">Dieses All-in-One-Service-Kit vereinfacht die Wartung und sorgt daf\u00fcr, dass Ihr Yanmar 3JH40 Motor zuverl\u00e4ssig und effizient bleibt. Perfekt f\u00fcr die vorbeugende Pflege und die j\u00e4hrliche Wartung.<\/p>\n","protected":false},"excerpt":{"rendered":"<p>Das Service Kit Yanmar 3JH40 (SK-JH40-001-G) ist ein komplettes Wartungspaket f\u00fcr den Yanmar 3JH40 Common-Rail-Dieselmotor. Es enth\u00e4lt alle wichtigen Komponenten f\u00fcr einen kompletten Motorenservice und sorgt f\u00fcr zuverl\u00e4ssige Leistung, saubere Filterung und optimale K\u00fchlung. Dieses praktische Kit enth\u00e4lt die Teile, die Sie f\u00fcr die regelm\u00e4\u00dfige Wartung ben\u00f6tigen - ideal f\u00fcr die saisonale Wartung oder die [&hellip;]<\/p>\n","protected":false},"featured_media":44969,"comment_status":"open","ping_status":"closed","template":"","meta":[],"product_brand":[4236],"product_cat":[2498,3202,4441,4531,4532],"product_tag":[],"class_list":{"0":"post-42091","1":"product","2":"type-product","3":"status-publish","4":"has-post-thumbnail","6":"product_brand-yanmar","7":"product_cat-ersatzteile-fur-motoren","8":"product_cat-service-kits","9":"product_cat-yanmar","10":"product_cat-yanmar-service-teile","11":"product_cat-yanmar-service-kits","12":"pa_condition-neu","13":"pa_model-3jh40","14":"pa_oem-or-aftermarket-aftermarket","16":"first","17":"onbackorder","18":"taxable","19":"shipping-taxable","20":"purchasable","21":"product-type-simple"},"supplier_id":7294,"supplier_sku":"RECSKJH40001G","barcode":null,"atum_controlled":true,"out_stock_date":"2025-11-21 13:08:22","out_stock_threshold":null,"inheritable":false,"inbound_stock":0,"stock_on_hold":0,"sold_today":0,"sales_last_days":0,"reserved_stock":0,"customer_returns":0,"warehouse_damage":0,"lost_in_post":0,"other_logs":0,"out_stock_days":26,"lost_sales":0,"has_location":false,"update_date":"2025-12-18T10:44:12","atum_locations":[],"atum_stock_status":"onbackorder","restock_status":false,"low_stock_amount":1,"sales_update_date":"2025-12-18T10:44:12","calc_backorders":null,"_links":{"self":[{"href":"https:\/\/mps.digital-monkey.in\/de\/wp-json\/wp\/v2\/product\/42091","targetHints":{"allow":["GET"]}}],"collection":[{"href":"https:\/\/mps.digital-monkey.in\/de\/wp-json\/wp\/v2\/product"}],"about":[{"href":"https:\/\/mps.digital-monkey.in\/de\/wp-json\/wp\/v2\/types\/product"}],"replies":[{"embeddable":true,"href":"https:\/\/mps.digital-monkey.in\/de\/wp-json\/wp\/v2\/comments?post=42091"}],"wp:featuredmedia":[{"embeddable":true,"href":"https:\/\/mps.digital-monkey.in\/de\/wp-json\/wp\/v2\/media\/44969"}],"wp:attachment":[{"href":"https:\/\/mps.digital-monkey.in\/de\/wp-json\/wp\/v2\/media?parent=42091"}],"wp:term":[{"taxonomy":"product_brand","embeddable":true,"href":"https:\/\/mps.digital-monkey.in\/de\/wp-json\/wp\/v2\/product_brand?post=42091"},{"taxonomy":"product_cat","embeddable":true,"href":"https:\/\/mps.digital-monkey.in\/de\/wp-json\/wp\/v2\/product_cat?post=42091"},{"taxonomy":"product_tag","embeddable":true,"href":"https:\/\/mps.digital-monkey.in\/de\/wp-json\/wp\/v2\/product_tag?post=42091"}],"curies":[{"name":"wp","href":"https:\/\/api.w.org\/{rel}","templated":true}]}}