{"id":42102,"date":"2025-11-07T09:43:33","date_gmt":"2025-11-07T09:43:33","guid":{"rendered":"https:\/\/mps.digital-monkey.in\/product\/kolbenringsatz-volvo-penta-2001-2002-2003-std-876114-kolbenringe-in-standardgroesse\/"},"modified":"2025-11-07T09:43:33","modified_gmt":"2025-11-07T09:43:33","slug":"kolbenringsatz-volvo-penta-2001-2002-2003-std-876114-kolbenringe-in-standardgroesse","status":"publish","type":"product","link":"https:\/\/mps.digital-monkey.in\/de\/produkt\/kolbenringsatz-volvo-penta-2001-2002-2003-std-876114-kolbenringe-in-standardgroesse\/","title":{"rendered":"Kolbenringsatz Volvo Penta 2001 \/ 2002 \/ 2003 - STD 876114 | Kolbenringe in Standardgr\u00f6\u00dfe"},"content":{"rendered":"<p data-start=\"679\" data-end=\"966\">Der <strong data-start=\"683\" data-end=\"727\">Volvo Penta Kolbenringsatz 876114 (STD)<\/strong> ist ein pr\u00e4zisionsgefertigter Satz, der f\u00fcr <strong data-start=\"785\" data-end=\"821\">Volvo Penta<\/strong> Dieselmotoren mit Standardbohrung <strong data-start=\"785\" data-end=\"821\">der Jahre 2001, 2002 und 2003<\/strong> entwickelt wurde. Diese Kolbenringe wurden entwickelt, um die Kompression wiederherzustellen, den \u00d6lverbrauch zu reduzieren und die effiziente Motorleistung zu erhalten. <\/p>\n<p data-start=\"968\" data-end=\"1094\">Jedes Set wird nach hohen Qualit\u00e4tsstandards hergestellt, um eine lange Lebensdauer und eine perfekte Passform bei Umbauten oder \u00dcberholungen zu gew\u00e4hrleisten.<\/p>\n<p data-start=\"1096\" data-end=\"1152\"><strong data-start=\"1096\" data-end=\"1150\">Kompatibel mit den folgenden Volvo Penta Motoren:<\/strong><\/p>\n<ul data-start=\"1153\" data-end=\"1322\">\n<li data-start=\"1153\" data-end=\"1184\">\n<p data-start=\"1155\" data-end=\"1184\">2001, 2001B, 2001AG, 2001BG<\/p>\n<\/li>\n<li data-start=\"1185\" data-end=\"1223\">\n<p data-start=\"1187\" data-end=\"1223\">2002, 2002B, 2002D, 2002AG, 2002BG<\/p>\n<\/li>\n<li data-start=\"1224\" data-end=\"1262\">\n<p data-start=\"1226\" data-end=\"1262\">2003, 2003B, 2003D, 2003AG, 2003BG<\/p>\n<\/li>\n<li data-start=\"1263\" data-end=\"1280\">\n<p data-start=\"1265\" data-end=\"1280\">2003T, 2003TB<\/p>\n<\/li>\n<li data-start=\"1281\" data-end=\"1322\">\n<p data-start=\"1283\" data-end=\"1322\">2003 SOLAS, 2003B SOLAS, 2003TB SOLAS<\/p>\n<\/li>\n<\/ul>\n<p data-start=\"1324\" data-end=\"1343\"><strong data-start=\"1324\" data-end=\"1341\">Teilenummern:<\/strong><\/p>\n<ul data-start=\"1344\" data-end=\"1385\">\n<li data-start=\"1344\" data-end=\"1363\">\n<p data-start=\"1346\" data-end=\"1363\">876114 \/ 876012<\/p>\n<\/li>\n<li data-start=\"1364\" data-end=\"1385\">\n<p data-start=\"1366\" data-end=\"1385\">Standardgr\u00f6\u00dfe (STD)<\/p>\n<\/li>\n<\/ul>\n<p data-start=\"1387\" data-end=\"1411\"><strong data-start=\"1387\" data-end=\"1409\">Jedes Set enth\u00e4lt:<\/strong><\/p>\n<ul data-start=\"1412\" data-end=\"1625\">\n<li data-start=\"1412\" data-end=\"1478\">\n<p data-start=\"1414\" data-end=\"1478\">1\u00d7 <strong data-start=\"1417\" data-end=\"1441\">Oberer Kompressionsring<\/strong> - Chrom-Vanadium, paralleles Design<\/p>\n<\/li>\n<li data-start=\"1479\" data-end=\"1542\">\n<p data-start=\"1481\" data-end=\"1542\">1\u00d7 <strong data-start=\"1484\" data-end=\"1511\">Zweiter Kompressionsring<\/strong> - Gusseisen, paralleles Design<\/p>\n<\/li>\n<li data-start=\"1543\" data-end=\"1625\">\n<p data-start=\"1545\" data-end=\"1625\">1\u00d7 <strong data-start=\"1548\" data-end=\"1568\">\u00d6lkontrollring<\/strong> - Chrom-Vanadium, federbelastet, geschlitzter Abstreifer<\/p>\n<\/li>\n<\/ul>\n<p data-start=\"1627\" data-end=\"1743\">Diese Ringe werden nach Standardabmessungen hergestellt, sind pr\u00e4zise konstruiert und zeichnen sich durch Zuverl\u00e4ssigkeit und ein hervorragendes Preis-Leistungs-Verh\u00e4ltnis aus.<\/p>\n<p data-start=\"1745\" data-end=\"1764\"><strong data-start=\"1745\" data-end=\"1762\">Wichtige Merkmale:<\/strong><\/p>\n<ul data-start=\"1765\" data-end=\"2087\">\n<li data-start=\"1765\" data-end=\"1833\">\n<p data-start=\"1767\" data-end=\"1833\">Hochwertiger Kolbenringsatz f\u00fcr Volvo Penta Motoren der 2000er Serie<\/p>\n<\/li>\n<li data-start=\"1834\" data-end=\"1893\">\n<p data-start=\"1836\" data-end=\"1893\">Sorgt f\u00fcr korrekte Kompression und minimalen \u00d6lverbrauch<\/p>\n<\/li>\n<li data-start=\"1894\" data-end=\"1958\">\n<p data-start=\"1896\" data-end=\"1958\">Hergestellt aus langlebigen Chrom-Vanadium- und Gussmaterialien<\/p>\n<\/li>\n<li data-start=\"1959\" data-end=\"2019\">\n<p data-start=\"1961\" data-end=\"2019\">Entwickelt f\u00fcr Langlebigkeit und konstante Motorleistung<\/p>\n<\/li>\n<li data-start=\"2020\" data-end=\"2087\">\n<p data-start=\"2022\" data-end=\"2087\">Perfekt f\u00fcr die \u00dcberholung oder den Umbau von Volvo Penta Schiffsmotoren<\/p>\n<\/li>\n<\/ul>\n<p data-start=\"2089\" data-end=\"2298\"><strong data-start=\"2089\" data-end=\"2113\">Warum Sie sich f\u00fcr dieses Kit entscheiden sollten:<\/strong><br data-start=\"2113\" data-end=\"2116\">Dieses Kolbenring-Kit bietet eine hervorragende Abdichtung, Leistung und Haltbarkeit - ideal f\u00fcr die Wiederherstellung der Leistung und Effizienz Ihres Volvo Penta Motors zu einem hervorragenden Preis-Leistungs-Verh\u00e4ltnis.<\/p>\n","protected":false},"excerpt":{"rendered":"<p>Der Volvo Penta Kolbenringsatz 876114 (STD) ist ein pr\u00e4zisionsgefertigter Satz, der f\u00fcr Volvo Penta Dieselmotoren mit Standardbohrung der Jahre 2001, 2002 und 2003 entwickelt wurde. Diese Kolbenringe wurden entwickelt, um die Kompression wiederherzustellen, den \u00d6lverbrauch zu reduzieren und die effiziente Motorleistung zu erhalten. Jedes Set wird nach hohen Qualit\u00e4tsstandards hergestellt, um eine lange Lebensdauer und [&hellip;]<\/p>\n","protected":false},"featured_media":42098,"comment_status":"open","ping_status":"closed","template":"","meta":[],"product_brand":[4230],"product_cat":[4479,4467,4470,4473,4476,4466],"product_tag":[],"class_list":{"0":"post-42102","1":"product","2":"type-product","3":"status-publish","4":"has-post-thumbnail","6":"product_brand-volvo-penta","7":"product_cat-service-kits-volvo-penta","8":"product_cat-volvo-penta-2001-teile","9":"product_cat-volvo-penta-2002-teile","10":"product_cat-volvo-penta-2003-teile","11":"product_cat-volvo-penta-2003t-teile","12":"product_cat-volvo-penta-serie-2000","13":"pa_condition-neu","14":"pa_model-3088","15":"pa_model-3089","16":"pa_model-3090","17":"pa_model-2003t","18":"pa_model-2003tb","19":"pa_oem-or-aftermarket-aftermarket","21":"first","22":"instock","23":"taxable","24":"shipping-taxable","25":"purchasable","26":"product-type-simple"},"supplier_id":7294,"supplier_sku":"REC876114","barcode":null,"atum_controlled":true,"out_stock_date":null,"out_stock_threshold":null,"inheritable":false,"inbound_stock":0,"stock_on_hold":1,"sold_today":0,"sales_last_days":0,"reserved_stock":0,"customer_returns":0,"warehouse_damage":0,"lost_in_post":0,"other_logs":0,"out_stock_days":0,"lost_sales":0,"has_location":false,"update_date":"2026-01-29T09:11:06","atum_locations":[],"atum_stock_status":"instock","restock_status":false,"low_stock_amount":1,"sales_update_date":"2026-01-29T09:11:06","calc_backorders":0,"_links":{"self":[{"href":"https:\/\/mps.digital-monkey.in\/de\/wp-json\/wp\/v2\/product\/42102","targetHints":{"allow":["GET"]}}],"collection":[{"href":"https:\/\/mps.digital-monkey.in\/de\/wp-json\/wp\/v2\/product"}],"about":[{"href":"https:\/\/mps.digital-monkey.in\/de\/wp-json\/wp\/v2\/types\/product"}],"replies":[{"embeddable":true,"href":"https:\/\/mps.digital-monkey.in\/de\/wp-json\/wp\/v2\/comments?post=42102"}],"wp:featuredmedia":[{"embeddable":true,"href":"https:\/\/mps.digital-monkey.in\/de\/wp-json\/wp\/v2\/media\/42098"}],"wp:attachment":[{"href":"https:\/\/mps.digital-monkey.in\/de\/wp-json\/wp\/v2\/media?parent=42102"}],"wp:term":[{"taxonomy":"product_brand","embeddable":true,"href":"https:\/\/mps.digital-monkey.in\/de\/wp-json\/wp\/v2\/product_brand?post=42102"},{"taxonomy":"product_cat","embeddable":true,"href":"https:\/\/mps.digital-monkey.in\/de\/wp-json\/wp\/v2\/product_cat?post=42102"},{"taxonomy":"product_tag","embeddable":true,"href":"https:\/\/mps.digital-monkey.in\/de\/wp-json\/wp\/v2\/product_tag?post=42102"}],"curies":[{"name":"wp","href":"https:\/\/api.w.org\/{rel}","templated":true}]}}