{"id":42113,"date":"2025-11-07T10:05:03","date_gmt":"2025-11-07T10:05:03","guid":{"rendered":"https:\/\/mps.digital-monkey.in\/product\/kolbenringsatz-volvo-penta-d2-75-std-ersetzt-21301848-3584123\/"},"modified":"2025-11-07T10:05:03","modified_gmt":"2025-11-07T10:05:03","slug":"kolbenringsatz-volvo-penta-d2-75-std-ersetzt-21301848-3584123","status":"publish","type":"product","link":"https:\/\/mps.digital-monkey.in\/de\/product\/kolbenringsatz-volvo-penta-d2-75-std-ersetzt-21301848-3584123\/","title":{"rendered":"Kolbenringsatz Volvo Penta D2-75 STD | Ersetzt 21301848 \/ 3584123"},"content":{"rendered":"<p data-start=\"652\" data-end=\"942\">Der <strong data-start=\"656\" data-end=\"681\">Kolbenringsatz (STD)<\/strong> f\u00fcr <strong data-start=\"686\" data-end=\"736\">Volvo Penta D2-75A, D2-75B, D2-75C und D2-75F<\/strong> Schiffsdieselmotoren bietet hervorragende Dichtungsleistung und Haltbarkeit. Dieser hochwertige Satz wurde entwickelt, um die Kompression wiederherzustellen und den \u00d6lverbrauch zu minimieren. Er ist ideal f\u00fcr die \u00dcberholung von Motoren. <\/p>\n<p data-start=\"944\" data-end=\"1100\">Jeder Ring wird nach pr\u00e4zisen Ma\u00dfen und hohen Materialstandards gefertigt, um eine perfekte Passform und lange Lebensdauer unter anspruchsvollen maritimen Bedingungen zu gew\u00e4hrleisten.<\/p>\n<p data-start=\"1102\" data-end=\"1158\"><strong data-start=\"1102\" data-end=\"1156\">Kompatibel mit den folgenden Volvo Penta Motoren:<\/strong><\/p>\n<ul data-start=\"1159\" data-end=\"1202\">\n<li data-start=\"1159\" data-end=\"1169\">\n<p data-start=\"1161\" data-end=\"1169\">D2-75A<\/p>\n<\/li>\n<li data-start=\"1170\" data-end=\"1180\">\n<p data-start=\"1172\" data-end=\"1180\">D2-75B<\/p>\n<\/li>\n<li data-start=\"1181\" data-end=\"1191\">\n<p data-start=\"1183\" data-end=\"1191\">D2-75C<\/p>\n<\/li>\n<li data-start=\"1192\" data-end=\"1202\">\n<p data-start=\"1194\" data-end=\"1202\">D2-75F<\/p>\n<\/li>\n<\/ul>\n<p data-start=\"1204\" data-end=\"1223\"><strong data-start=\"1204\" data-end=\"1221\">Ersetzt OEM:<\/strong><\/p>\n<ul data-start=\"1224\" data-end=\"1248\">\n<li data-start=\"1224\" data-end=\"1236\">\n<p data-start=\"1226\" data-end=\"1236\">21301848<\/p>\n<\/li>\n<li data-start=\"1237\" data-end=\"1248\">\n<p data-start=\"1239\" data-end=\"1248\">3584123<\/p>\n<\/li>\n<\/ul>\n<p data-start=\"1250\" data-end=\"1270\"><strong data-start=\"1250\" data-end=\"1268\">Spezifikation:<\/strong><\/p>\n<ul data-start=\"1271\" data-end=\"1411\">\n<li data-start=\"1271\" data-end=\"1299\">\n<p data-start=\"1273\" data-end=\"1299\">Typ: <strong data-start=\"1279\" data-end=\"1297\">Standard (STD)<\/strong><\/p>\n<\/li>\n<li data-start=\"1300\" data-end=\"1359\">\n<p data-start=\"1302\" data-end=\"1359\">Hochwertige Kolbenringmaterialien f\u00fcr zuverl\u00e4ssige Abdichtung<\/p>\n<\/li>\n<li data-start=\"1360\" data-end=\"1411\">\n<p data-start=\"1362\" data-end=\"1411\">Ausgezeichnete Kompression und \u00d6lkontrolle<\/p>\n<\/li>\n<\/ul>\n<p data-start=\"1413\" data-end=\"1437\"><strong data-start=\"1413\" data-end=\"1435\">Jedes Set enth\u00e4lt:<\/strong><\/p>\n<ul data-start=\"1438\" data-end=\"1608\">\n<li data-start=\"1438\" data-end=\"1501\">\n<p data-start=\"1440\" data-end=\"1501\">1\u00d7 Oberer Kompressionsring &#8211; Chrom-Vanadium, pr\u00e4zisionsgeschliffen<\/p>\n<\/li>\n<li data-start=\"1502\" data-end=\"1544\">\n<p data-start=\"1504\" data-end=\"1544\">1\u00d7 Zweiter Kompressionsring &#8211; Gusseisen<\/p>\n<\/li>\n<li data-start=\"1545\" data-end=\"1608\">\n<p data-start=\"1547\" data-end=\"1608\">1\u00d7 \u00d6lkontrollring &#8211; federbelastet, geschlitzter Abstreifer<\/p>\n<\/li>\n<\/ul>\n<p data-start=\"1610\" data-end=\"1629\"><strong data-start=\"1610\" data-end=\"1627\">Wichtige Merkmale:<\/strong><\/p>\n<ul data-start=\"1630\" data-end=\"1932\">\n<li data-start=\"1630\" data-end=\"1706\">\n<p data-start=\"1632\" data-end=\"1706\">Direkter Ersatz f\u00fcr Volvo Penta OEM Kolbenringe (21301848 \/ 3584123)<\/p>\n<\/li>\n<li data-start=\"1707\" data-end=\"1766\">\n<p data-start=\"1709\" data-end=\"1766\">Sorgt f\u00fcr korrekte Kompression und minimalen \u00d6lverbrauch<\/p>\n<\/li>\n<li data-start=\"1767\" data-end=\"1829\">\n<p data-start=\"1769\" data-end=\"1829\">Ideal f\u00fcr Wartung, Reparatur oder komplette \u00dcberholung des Motors<\/p>\n<\/li>\n<li data-start=\"1830\" data-end=\"1883\">\n<p data-start=\"1832\" data-end=\"1883\">Hergestellt, um OEM-Spezifikationen zu erf\u00fcllen oder zu \u00fcbertreffen<\/p>\n<\/li>\n<li data-start=\"1884\" data-end=\"1932\">\n<p data-start=\"1886\" data-end=\"1932\">Hervorragendes Preis-Leistungs-Verh\u00e4ltnis und lang anhaltende Leistung<\/p>\n<\/li>\n<\/ul>\n<p data-start=\"1934\" data-end=\"2151\"><strong data-start=\"1934\" data-end=\"1958\">Warum sollten Sie sich f\u00fcr diesen Satz entscheiden:<\/strong><br data-start=\"1958\" data-end=\"1961\">Dieser Kolbenringsatz hilft, die Leistung und Effizienz des Motors wiederherzustellen und sorgt f\u00fcr einen reibungslosen Betrieb, geringere Emissionen und eine l\u00e4ngere Lebensdauer des Motors &#8211; perfekt geeignet f\u00fcr Volvo Penta D2-75 Motoren.<\/p>\n","protected":false},"excerpt":{"rendered":"<p>Der Kolbenringsatz (STD) f\u00fcr Volvo Penta D2-75A, D2-75B, D2-75C und D2-75F Schiffsdieselmotoren bietet hervorragende Dichtungsleistung und Haltbarkeit. Dieser hochwertige Satz wurde entwickelt, um die Kompression wiederherzustellen und den \u00d6lverbrauch zu minimieren. Er ist ideal f\u00fcr die \u00dcberholung von Motoren. Jeder Ring wird nach pr\u00e4zisen Ma\u00dfen und hohen Materialstandards gefertigt, um eine perfekte Passform und lange [&hellip;]<\/p>\n","protected":false},"featured_media":42114,"comment_status":"open","ping_status":"closed","template":"","meta":[],"product_brand":[4230],"product_cat":[4488,4308,4336,4331],"product_tag":[],"class_list":{"0":"post-42113","1":"product","2":"type-product","3":"status-publish","4":"has-post-thumbnail","6":"product_brand-volvo-penta","7":"product_cat-brauchen-sie-volvo-penta-teile","8":"product_cat-volvo-penta","9":"product_cat-volvo-penta-d2-75-teile","10":"product_cat-volvo-penta-serie-d2","11":"pa_condition-neu","12":"pa_model-d2-75","13":"pa_oem-or-aftermarket-aftermarket","15":"first","16":"instock","17":"taxable","18":"shipping-taxable","19":"purchasable","20":"product-type-simple"},"supplier_id":7294,"supplier_sku":"rec21301848","barcode":null,"atum_controlled":true,"out_stock_date":null,"out_stock_threshold":null,"inheritable":false,"inbound_stock":0,"stock_on_hold":0,"sold_today":0,"sales_last_days":0,"reserved_stock":0,"customer_returns":0,"warehouse_damage":0,"lost_in_post":0,"other_logs":0,"out_stock_days":0,"lost_sales":0,"has_location":false,"update_date":"2025-12-18T10:44:12","atum_locations":[],"atum_stock_status":"instock","restock_status":false,"low_stock_amount":1,"sales_update_date":"2025-12-18T10:44:12","calc_backorders":0,"_links":{"self":[{"href":"https:\/\/mps.digital-monkey.in\/de\/wp-json\/wp\/v2\/product\/42113","targetHints":{"allow":["GET"]}}],"collection":[{"href":"https:\/\/mps.digital-monkey.in\/de\/wp-json\/wp\/v2\/product"}],"about":[{"href":"https:\/\/mps.digital-monkey.in\/de\/wp-json\/wp\/v2\/types\/product"}],"replies":[{"embeddable":true,"href":"https:\/\/mps.digital-monkey.in\/de\/wp-json\/wp\/v2\/comments?post=42113"}],"wp:featuredmedia":[{"embeddable":true,"href":"https:\/\/mps.digital-monkey.in\/de\/wp-json\/wp\/v2\/media\/42114"}],"wp:attachment":[{"href":"https:\/\/mps.digital-monkey.in\/de\/wp-json\/wp\/v2\/media?parent=42113"}],"wp:term":[{"taxonomy":"product_brand","embeddable":true,"href":"https:\/\/mps.digital-monkey.in\/de\/wp-json\/wp\/v2\/product_brand?post=42113"},{"taxonomy":"product_cat","embeddable":true,"href":"https:\/\/mps.digital-monkey.in\/de\/wp-json\/wp\/v2\/product_cat?post=42113"},{"taxonomy":"product_tag","embeddable":true,"href":"https:\/\/mps.digital-monkey.in\/de\/wp-json\/wp\/v2\/product_tag?post=42113"}],"curies":[{"name":"wp","href":"https:\/\/api.w.org\/{rel}","templated":true}]}}