{"id":42295,"date":"2025-11-11T08:57:10","date_gmt":"2025-11-11T08:57:10","guid":{"rendered":"https:\/\/mps.digital-monkey.in\/product\/volvo-penta-anodensatz-280-zink-kompletter-satz-mit-befestigungsmaterial\/"},"modified":"2025-12-18T10:45:54","modified_gmt":"2025-12-18T10:45:54","slug":"volvo-penta-anodensatz-280-zink-kompletter-satz-mit-befestigungsmaterial","status":"publish","type":"product","link":"https:\/\/mps.digital-monkey.in\/de\/product\/volvo-penta-anodensatz-280-zink-kompletter-satz-mit-befestigungsmaterial\/","title":{"rendered":"Volvo Penta Anodensatz 280 &#8211; Zink | Kompletter Satz mit Befestigungsmaterial"},"content":{"rendered":"<h4 data-start=\"517\" data-end=\"557\">Das <strong data-start=\"562\" data-end=\"598\">Volvo Penta Anoden-Kit 280 (Zink)<\/strong> bietet vollst\u00e4ndigen Korrosionsschutz f\u00fcr <strong data-start=\"642\" data-end=\"673\">Volvo Penta 280 Z-Antriebe<\/strong>, die in Salzwasser betrieben werden. Dieser Satz enth\u00e4lt alle erforderlichen Montageteile und hochwertige Zinkanoden, um einen zuverl\u00e4ssigen Schutz Ihres Antriebssystems zu gew\u00e4hrleisten. <\/h4>\n<p data-start=\"832\" data-end=\"974\">Jedes Bauteil ist so konzipiert, dass es perfekt passt und einfach zu installieren ist. Es tr\u00e4gt dazu bei, die Lebensdauer Ihres Au\u00dfenantriebs zu verl\u00e4ngern, indem es galvanische Korrosion verhindert.<\/p>\n<p data-start=\"976\" data-end=\"995\"><strong data-start=\"976\" data-end=\"993\">Geeignet f\u00fcr:<\/strong><\/p>\n<ul data-start=\"996\" data-end=\"1029\">\n<li data-start=\"996\" data-end=\"1029\">\n<p data-start=\"998\" data-end=\"1029\">Volvo Penta Antriebe der Serie 280<\/p>\n<\/li>\n<\/ul>\n<p data-start=\"1031\" data-end=\"1050\"><strong data-start=\"1031\" data-end=\"1048\">Das Kit enth\u00e4lt:<\/strong><\/p>\n<ul data-start=\"1051\" data-end=\"1131\">\n<li data-start=\"1051\" data-end=\"1071\">\n<p data-start=\"1053\" data-end=\"1071\">1 x 00707<br \/>\n1 x 00704BIS<\/p>\n<\/li>\n<li data-start=\"1096\" data-end=\"1131\">\n<p data-start=\"1098\" data-end=\"1131\">Komplett mit Befestigungsmaterial<\/p>\n<\/li>\n<\/ul>\n<p data-start=\"1133\" data-end=\"1148\"><strong data-start=\"1133\" data-end=\"1146\">Material:<\/strong><\/p>\n<ul data-start=\"1149\" data-end=\"1192\">\n<li data-start=\"1149\" data-end=\"1192\">\n<p data-start=\"1151\" data-end=\"1192\"><strong data-start=\"1151\" data-end=\"1164\">Zink (Zn)<\/strong> &#8211; ideal f\u00fcr den Einsatz in Salzwasser<\/p>\n<\/li>\n<\/ul>\n<p data-start=\"1194\" data-end=\"1213\"><strong data-start=\"1194\" data-end=\"1211\">Wichtige Merkmale:<\/strong><\/p>\n<ul data-start=\"1214\" data-end=\"1472\">\n<li data-start=\"1214\" data-end=\"1263\">\n<p data-start=\"1216\" data-end=\"1263\">Kompletter Anodensatz f\u00fcr Volvo Penta 280 Antriebe<\/p>\n<\/li>\n<li data-start=\"1264\" data-end=\"1309\">\n<p data-start=\"1266\" data-end=\"1309\">Einschlie\u00dflich aller erforderlichen Befestigungsmaterialien<\/p>\n<\/li>\n<li data-start=\"1310\" data-end=\"1379\">\n<p data-start=\"1312\" data-end=\"1379\">Sch\u00fctzt Z-Antrieb und Propeller vor Elektrolyse und Korrosion<\/p>\n<\/li>\n<li data-start=\"1380\" data-end=\"1411\">\n<p data-start=\"1382\" data-end=\"1411\">Einfach zu installieren und zu ersetzen<\/p>\n<\/li>\n<li data-start=\"1412\" data-end=\"1472\">\n<p data-start=\"1414\" data-end=\"1472\">Hochwertige Zinklegierung f\u00fcr dauerhafte Leistung<\/p>\n<\/li>\n<\/ul>\n<p data-start=\"1474\" data-end=\"1723\"><strong data-start=\"1474\" data-end=\"1498\">Warum sollten Sie sich f\u00fcr dieses Kit entscheiden:<\/strong><br data-start=\"1498\" data-end=\"1501\">Dieses einbaufertige Zinkanoden-Kit ist die perfekte Wahl f\u00fcr die Wartung Ihres Volvo Penta 280 Z-Antriebs unter Salzwasserbedingungen. Er sorgt f\u00fcr zuverl\u00e4ssigen Schutz und verl\u00e4ngert die Lebensdauer wichtiger Unterwasserkomponenten. <\/p>\n<h3 data-start=\"1730\" data-end=\"1756\"><\/h3>\n","protected":false},"excerpt":{"rendered":"<p>Das Volvo Penta Anoden-Kit 280 (Zink) bietet vollst\u00e4ndigen Korrosionsschutz f\u00fcr Volvo Penta 280 Z-Antriebe, die in Salzwasser betrieben werden. Dieser Satz enth\u00e4lt alle erforderlichen Montageteile und hochwertige Zinkanoden, um einen zuverl\u00e4ssigen Schutz Ihres Antriebssystems zu gew\u00e4hrleisten. Jedes Bauteil ist so konzipiert, dass es perfekt passt und einfach zu installieren ist. Es tr\u00e4gt dazu bei, die [&hellip;]<\/p>\n","protected":false},"featured_media":42296,"comment_status":"open","ping_status":"closed","template":"","meta":[],"product_brand":[4230],"product_cat":[3286,2498,4308,4523,4526],"product_tag":[],"class_list":{"0":"post-42295","1":"product","2":"type-product","3":"status-publish","4":"has-post-thumbnail","6":"product_brand-volvo-penta","7":"product_cat-anoden","8":"product_cat-ersatzteile-fur-motoren","9":"product_cat-volvo-penta","10":"product_cat-volvo-penta-anoden","11":"product_cat-volvo-penta-service-teile","12":"pa_condition-neu","13":"pa_oem-or-aftermarket-aftermarket","15":"first","16":"onbackorder","17":"taxable","18":"shipping-taxable","19":"purchasable","20":"product-type-simple"},"supplier_id":45614,"supplier_sku":"KITVOLVO280","barcode":null,"atum_controlled":true,"out_stock_date":"2025-11-21 12:42:26","out_stock_threshold":null,"inheritable":false,"inbound_stock":0,"stock_on_hold":0,"sold_today":0,"sales_last_days":0,"reserved_stock":0,"customer_returns":0,"warehouse_damage":0,"lost_in_post":0,"other_logs":0,"out_stock_days":26,"lost_sales":0,"has_location":false,"update_date":"2025-12-18T10:46:37","atum_locations":[],"atum_stock_status":"onbackorder","restock_status":false,"low_stock_amount":1,"sales_update_date":"2025-12-18T10:44:11","calc_backorders":null,"_links":{"self":[{"href":"https:\/\/mps.digital-monkey.in\/de\/wp-json\/wp\/v2\/product\/42295","targetHints":{"allow":["GET"]}}],"collection":[{"href":"https:\/\/mps.digital-monkey.in\/de\/wp-json\/wp\/v2\/product"}],"about":[{"href":"https:\/\/mps.digital-monkey.in\/de\/wp-json\/wp\/v2\/types\/product"}],"replies":[{"embeddable":true,"href":"https:\/\/mps.digital-monkey.in\/de\/wp-json\/wp\/v2\/comments?post=42295"}],"wp:featuredmedia":[{"embeddable":true,"href":"https:\/\/mps.digital-monkey.in\/de\/wp-json\/wp\/v2\/media\/42296"}],"wp:attachment":[{"href":"https:\/\/mps.digital-monkey.in\/de\/wp-json\/wp\/v2\/media?parent=42295"}],"wp:term":[{"taxonomy":"product_brand","embeddable":true,"href":"https:\/\/mps.digital-monkey.in\/de\/wp-json\/wp\/v2\/product_brand?post=42295"},{"taxonomy":"product_cat","embeddable":true,"href":"https:\/\/mps.digital-monkey.in\/de\/wp-json\/wp\/v2\/product_cat?post=42295"},{"taxonomy":"product_tag","embeddable":true,"href":"https:\/\/mps.digital-monkey.in\/de\/wp-json\/wp\/v2\/product_tag?post=42295"}],"curies":[{"name":"wp","href":"https:\/\/api.w.org\/{rel}","templated":true}]}}