{"id":42377,"date":"2025-11-11T10:36:13","date_gmt":"2025-11-11T10:36:13","guid":{"rendered":"https:\/\/mps.digital-monkey.in\/product\/volvo-penta-anodensatz-290-zink-kompletter-satz-mit-befestigungsmaterial\/"},"modified":"2025-12-18T10:46:16","modified_gmt":"2025-12-18T10:46:16","slug":"volvo-penta-anodensatz-290-zink-kompletter-satz-mit-befestigungsmaterial","status":"publish","type":"product","link":"https:\/\/mps.digital-monkey.in\/de\/produkt\/volvo-penta-anodensatz-290-zink-kompletter-satz-mit-befestigungsmaterial\/","title":{"rendered":"Volvo Penta Anodensatz 290 - Zink | Kompletter Satz mit Befestigungsmaterial"},"content":{"rendered":"<div class=\"relative basis-auto flex-col -mb-(--composer-overlap-px) [--composer-overlap-px:28px] grow flex overflow-hidden\">\n<div class=\"relative h-full\">\n<div class=\"flex h-full flex-col overflow-y-auto thread-xl:pt-(--header-height) [scrollbar-gutter:stable_both-edges]\">\n<div class=\"flex flex-col text-sm thread-xl:pt-header-height pb-25\">\n<article class=\"text-token-text-primary w-full focus:outline-none [--shadow-height:45px] has-data-writing-block:pointer-events-none has-data-writing-block:-mt-(--shadow-height) has-data-writing-block:pt-(--shadow-height) [&amp;:has([data-writing-block])&gt;*]:pointer-events-auto [content-visibility:auto] supports-[content-visibility:auto]:[contain-intrinsic-size:auto_100lvh] scroll-mt-[calc(var(--header-height)+min(200px,max(70px,20svh)))]\" dir=\"auto\" tabindex=\"-1\" data-turn-id=\"request-6902260b-1930-8333-bdd8-470e0aa9a59e-5\" data-testid=\"conversation-turn-58\" data-scroll-anchor=\"true\" data-turn=\"assistant\">\n<div class=\"text-base my-auto mx-auto pb-10 [--thread-content-margin:--spacing(4)] thread-sm:[--thread-content-margin:--spacing(6)] thread-lg:[--thread-content-margin:--spacing(16)] px-(--thread-content-margin)\">\n<div class=\"[--thread-content-max-width:40rem] thread-lg:[--thread-content-max-width:48rem] mx-auto max-w-(--thread-content-max-width) flex-1 group\/turn-messages focus-visible:outline-hidden relative flex w-full min-w-0 flex-col agent-turn\" tabindex=\"-1\">\n<div class=\"flex max-w-full flex-col grow\">\n<div class=\"min-h-8 text-message relative flex w-full flex-col items-end gap-2 text-start break-words whitespace-normal [.text-message+&amp;]:mt-1\" dir=\"auto\" data-message-author-role=\"assistant\" data-message-id=\"32e31ed5-497c-4746-8646-ec0973e50da5\" data-message-model-slug=\"gpt-5\">\n<div class=\"flex w-full flex-col gap-1 empty:hidden first:pt-[1px]\">\n<div class=\"markdown prose dark:prose-invert w-full break-words dark markdown-new-styling\">\n<p data-start=\"568\" data-end=\"829\">Das <strong data-start=\"572\" data-end=\"608\">Volvo Penta Anoden-Kit 290 (Zink)<\/strong> ist ein komplettes Korrosionsschutz-Kit, das f\u00fcr <strong data-start=\"661\" data-end=\"692\">Volvo Penta 290 Z-Antriebe<\/strong> entwickelt wurde. Es enth\u00e4lt alle notwendigen Befestigungsmaterialien und zwei hochwertige Zinkanoden f\u00fcr einen effektiven Schutz in <strong data-start=\"800\" data-end=\"826\">Salzwasserumgebungen<\/strong>. <\/p>\n<p data-start=\"831\" data-end=\"977\">Diese Anoden verhindern galvanische Korrosion und tragen dazu bei, die Lebensdauer Ihres Antriebssystems und des Propellers zu verl\u00e4ngern, indem sie wichtige Unterwasserkomponenten sch\u00fctzen.<\/p>\n<p data-start=\"979\" data-end=\"998\"><strong data-start=\"979\" data-end=\"996\">Geeignet f\u00fcr:<\/strong><\/p>\n<ul data-start=\"999\" data-end=\"1037\">\n<li data-start=\"999\" data-end=\"1037\">\n<p data-start=\"1001\" data-end=\"1037\">Volvo Penta 290 Serie Z-Antriebe<\/p>\n<\/li>\n<\/ul>\n<p data-start=\"1039\" data-end=\"1058\"><strong data-start=\"1039\" data-end=\"1056\">Das Kit enth\u00e4lt:<\/strong><\/p>\n<ul data-start=\"1059\" data-end=\"1135\">\n<li data-start=\"1059\" data-end=\"1080\">\n<p data-start=\"1061\" data-end=\"1080\">1\u00d7 Anode 00704BIS<\/p>\n<\/li>\n<li data-start=\"1081\" data-end=\"1099\">\n<p data-start=\"1083\" data-end=\"1099\">1\u00d7 Anode 00708<\/p>\n<\/li>\n<li data-start=\"1100\" data-end=\"1135\">\n<p data-start=\"1102\" data-end=\"1135\">Komplett mit Befestigungsmaterial<\/p>\n<\/li>\n<\/ul>\n<p data-start=\"1137\" data-end=\"1152\"><strong data-start=\"1137\" data-end=\"1150\">Material:<\/strong><\/p>\n<ul data-start=\"1153\" data-end=\"1202\">\n<li data-start=\"1153\" data-end=\"1202\">\n<p data-start=\"1155\" data-end=\"1202\"><strong data-start=\"1155\" data-end=\"1168\">Zink (Zn<\/strong> ) - empfohlen f\u00fcr die Verwendung in Salzwasser<\/p>\n<\/li>\n<\/ul>\n<p data-start=\"1204\" data-end=\"1223\"><strong data-start=\"1204\" data-end=\"1221\">Wichtige Merkmale:<\/strong><\/p>\n<ul data-start=\"1224\" data-end=\"1488\">\n<li data-start=\"1224\" data-end=\"1273\">\n<p data-start=\"1226\" data-end=\"1273\">Kompletter Anodensatz f\u00fcr Volvo Penta 290 Antriebe<\/p>\n<\/li>\n<li data-start=\"1274\" data-end=\"1336\">\n<p data-start=\"1276\" data-end=\"1336\">Inklusive Montagematerial f\u00fcr eine schnelle und einfache Installation<\/p>\n<\/li>\n<li data-start=\"1337\" data-end=\"1397\">\n<p data-start=\"1339\" data-end=\"1397\">Sch\u00fctzt vor Korrosion und Elektrolyse in Salzwasser<\/p>\n<\/li>\n<li data-start=\"1398\" data-end=\"1455\">\n<p data-start=\"1400\" data-end=\"1455\">Langlebige Zinkzusammensetzung f\u00fcr lang anhaltende Leistung<\/p>\n<\/li>\n<li data-start=\"1456\" data-end=\"1488\">\n<p data-start=\"1458\" data-end=\"1488\">Passform und Funktion in OEM-Qualit\u00e4t<\/p>\n<\/li>\n<\/ul>\n<p data-start=\"1490\" data-end=\"1745\"><strong data-start=\"1490\" data-end=\"1514\">Warum sollten Sie sich f\u00fcr dieses Kit entscheiden:<\/strong><br data-start=\"1514\" data-end=\"1517\">Dieses Zinkanoden-Kit ist die ideale Wahl f\u00fcr <strong data-start=\"1561\" data-end=\"1598\">Besitzer eines Volvo Penta 290 Z-Antriebs<\/strong>, die in Salzwasser arbeiten. Es bietet einen vollst\u00e4ndigen, zuverl\u00e4ssigen Korrosionsschutz und tr\u00e4gt zu einer langen Lebensdauer der Komponenten Ihres Bootsantriebs bei. <\/p>\n<\/div>\n<\/div>\n<\/div>\n<\/div>\n<\/div>\n<\/div>\n<\/article>\n<\/div>\n<\/div>\n<\/div>\n<\/div>\n<div id=\"thread-bottom-container\" class=\"group\/thread-bottom-container relative isolate z-10 w-full basis-auto has-data-has-thread-error:pt-2 has-data-has-thread-error:[box-shadow:var(--sharp-edge-bottom-shadow)] md:border-transparent md:pt-0 dark:border-white\/20 md:dark:border-transparent print:hidden content-fade single-line flex flex-col\">\n<div id=\"thread-bottom\">\n<div class=\"text-base mx-auto [--thread-content-margin:--spacing(4)] thread-sm:[--thread-content-margin:--spacing(6)] thread-lg:[--thread-content-margin:--spacing(16)] px-(--thread-content-margin)\">\n<div class=\"[--thread-content-max-width:40rem] thread-lg:[--thread-content-max-width:48rem] mx-auto max-w-(--thread-content-max-width) flex-1\">\n<div class=\"pointer-events-auto relative z-1 flex h-[var(--composer-container-height,100%)] max-w-full flex-[var(--composer-container-flex,1)] flex-col\">\n<form class=\"group\/composer w-full\" data-type=\"unified-composer\">\n<div class=\"\">\n<div class=\"bg-token-bg-primary cursor-text overflow-clip bg-clip-padding p-2.5 contain-inline-size dark:bg-[#303030] grid grid-cols-[auto_1fr_auto] [grid-template-areas:'header_header_header'_'leading_primary_trailing'_'._footer_.'] group-data-expanded\/composer:[grid-template-areas:'header_header_header'_'primary_primary_primary'_'leading_footer_trailing'] shadow-short\">\n<div class=\"-my-2.5 flex min-h-14 items-center overflow-x-hidden px-1.5 [grid-area:primary] group-data-expanded\/composer:mb-0 group-data-expanded\/composer:px-2.5\">\n<div class=\"_prosemirror-parent_1dsxi_2 text-token-text-primary max-h-[max(30svh,5rem)] max-h-52 flex-1 overflow-auto [scrollbar-width:thin] default-browser vertical-scroll-fade-mask\">\n<div id=\"prompt-textarea\" class=\"ProseMirror\" contenteditable=\"true\" translate=\"no\" data-virtualkeyboard=\"true\"><\/div>\n<\/div>\n<\/div>\n<\/div>\n<\/div>\n<\/form>\n<\/div>\n<\/div>\n<\/div>\n<\/div>\n<\/div>\n","protected":false},"excerpt":{"rendered":"<p>Das Volvo Penta Anoden-Kit 290 (Zink) ist ein komplettes Korrosionsschutz-Kit, das f\u00fcr Volvo Penta 290 Z-Antriebe entwickelt wurde. Es enth\u00e4lt alle notwendigen Befestigungsmaterialien und zwei hochwertige Zinkanoden f\u00fcr einen effektiven Schutz in Salzwasserumgebungen. Diese Anoden verhindern galvanische Korrosion und tragen dazu bei, die Lebensdauer Ihres Antriebssystems und des Propellers zu verl\u00e4ngern, indem sie wichtige Unterwasserkomponenten [&hellip;]<\/p>\n","protected":false},"featured_media":42378,"comment_status":"open","ping_status":"closed","template":"","meta":[],"product_brand":[4230],"product_cat":[3286,2498,4308,4523,4526],"product_tag":[],"class_list":{"0":"post-42377","1":"product","2":"type-product","3":"status-publish","4":"has-post-thumbnail","6":"product_brand-volvo-penta","7":"product_cat-anoden","8":"product_cat-ersatzteile-fur-motoren","9":"product_cat-volvo-penta","10":"product_cat-volvo-penta-anoden","11":"product_cat-volvo-penta-service-teile","12":"pa_condition-neu","13":"pa_oem-or-aftermarket-aftermarket","15":"first","16":"onbackorder","17":"taxable","18":"shipping-taxable","19":"purchasable","20":"product-type-simple"},"supplier_id":45614,"supplier_sku":"KITVOLVO290","barcode":null,"atum_controlled":true,"out_stock_date":"2025-11-21 12:42:12","out_stock_threshold":null,"inheritable":false,"inbound_stock":0,"stock_on_hold":0,"sold_today":0,"sales_last_days":0,"reserved_stock":0,"customer_returns":0,"warehouse_damage":0,"lost_in_post":0,"other_logs":0,"out_stock_days":26,"lost_sales":0,"has_location":false,"update_date":"2025-12-18T10:46:38","atum_locations":[],"atum_stock_status":"onbackorder","restock_status":false,"low_stock_amount":1,"sales_update_date":"2025-12-18T10:44:11","calc_backorders":null,"_links":{"self":[{"href":"https:\/\/mps.digital-monkey.in\/de\/wp-json\/wp\/v2\/product\/42377","targetHints":{"allow":["GET"]}}],"collection":[{"href":"https:\/\/mps.digital-monkey.in\/de\/wp-json\/wp\/v2\/product"}],"about":[{"href":"https:\/\/mps.digital-monkey.in\/de\/wp-json\/wp\/v2\/types\/product"}],"replies":[{"embeddable":true,"href":"https:\/\/mps.digital-monkey.in\/de\/wp-json\/wp\/v2\/comments?post=42377"}],"wp:featuredmedia":[{"embeddable":true,"href":"https:\/\/mps.digital-monkey.in\/de\/wp-json\/wp\/v2\/media\/42378"}],"wp:attachment":[{"href":"https:\/\/mps.digital-monkey.in\/de\/wp-json\/wp\/v2\/media?parent=42377"}],"wp:term":[{"taxonomy":"product_brand","embeddable":true,"href":"https:\/\/mps.digital-monkey.in\/de\/wp-json\/wp\/v2\/product_brand?post=42377"},{"taxonomy":"product_cat","embeddable":true,"href":"https:\/\/mps.digital-monkey.in\/de\/wp-json\/wp\/v2\/product_cat?post=42377"},{"taxonomy":"product_tag","embeddable":true,"href":"https:\/\/mps.digital-monkey.in\/de\/wp-json\/wp\/v2\/product_tag?post=42377"}],"curies":[{"name":"wp","href":"https:\/\/api.w.org\/{rel}","templated":true}]}}