{"id":42442,"date":"2025-11-12T08:06:24","date_gmt":"2025-11-12T08:06:24","guid":{"rendered":"https:\/\/mps.digital-monkey.in\/product\/volvo-penta-anodensatz-280-duo-prop-serie-zink-kompletter-satz-mit-befestigungsmaterial\/"},"modified":"2025-12-18T10:46:29","modified_gmt":"2025-12-18T10:46:29","slug":"volvo-penta-anodensatz-280-duo-prop-serie-zink-kompletter-satz-mit-befestigungsmaterial","status":"publish","type":"product","link":"https:\/\/mps.digital-monkey.in\/de\/product\/volvo-penta-anodensatz-280-duo-prop-serie-zink-kompletter-satz-mit-befestigungsmaterial\/","title":{"rendered":"Volvo Penta Anodensatz 280 Duo Prop Serie &#8211; Zink | Kompletter Satz mit Befestigungsmaterial"},"content":{"rendered":"<p data-start=\"536\" data-end=\"852\">Der <strong data-start=\"540\" data-end=\"592\">Volvo Penta Anodensatz 280 Duo Prop Serie (Zink)<\/strong> bietet umfassenden Korrosionsschutz f\u00fcr <strong data-start=\"632\" data-end=\"672\">Volvo Penta 280 Duo Prop Z-Antriebe<\/strong>. Dieser hochwertige Zinkanodensatz wurde f\u00fcr <strong data-start=\"687\" data-end=\"713\">Salzwasseranwendungen<\/strong> entwickelt und verhindert galvanische Korrosion und sch\u00fctzt kritische Komponenten wie das Antriebsgeh\u00e4use und die Propeller. <\/p>\n<p data-start=\"854\" data-end=\"1030\">Jede Anode wird nach OEM-Spezifikationen pr\u00e4zisionsgegossen, um eine perfekte Passform und eine einfache Installation zu gew\u00e4hrleisten und einen lang anhaltenden Schutz und eine hohe Leistung in rauen Meeresumgebungen sicherzustellen.<\/p>\n<p data-start=\"1032\" data-end=\"1051\"><strong data-start=\"1032\" data-end=\"1049\">Geeignet f\u00fcr:<\/strong><\/p>\n<ul data-start=\"1052\" data-end=\"1099\">\n<li data-start=\"1052\" data-end=\"1099\">\n<p data-start=\"1054\" data-end=\"1099\">Volvo Penta 280 Duo Prop Serie Z-Antriebe<\/p>\n<\/li>\n<\/ul>\n<p data-start=\"1101\" data-end=\"1116\"><strong data-start=\"1101\" data-end=\"1114\">Material:<\/strong><\/p>\n<ul data-start=\"1117\" data-end=\"1166\">\n<li data-start=\"1117\" data-end=\"1166\">\n<p data-start=\"1119\" data-end=\"1166\"><strong data-start=\"1119\" data-end=\"1132\">Zink (Zn<\/strong> ) &#8211; empfohlen f\u00fcr die Verwendung in Salzwasser<\/p>\n<\/li>\n<\/ul>\n<p data-start=\"1168\" data-end=\"1187\"><strong data-start=\"1168\" data-end=\"1185\">Wichtige Merkmale:<\/strong><\/p>\n<ul data-start=\"1188\" data-end=\"1480\">\n<li data-start=\"1188\" data-end=\"1244\">\n<p data-start=\"1190\" data-end=\"1244\">Kompletter Zinkanodensatz f\u00fcr Volvo Penta 280 Duo Prop<\/p>\n<\/li>\n<li data-start=\"1245\" data-end=\"1313\">\n<p data-start=\"1247\" data-end=\"1313\">Bietet hervorragenden Schutz vor Korrosion und Elektrolyse<\/p>\n<\/li>\n<li data-start=\"1314\" data-end=\"1378\">\n<p data-start=\"1316\" data-end=\"1378\">Entwickelt f\u00fcr lange Lebensdauer und zuverl\u00e4ssige Leistung im Salzwasser<\/p>\n<\/li>\n<li data-start=\"1379\" data-end=\"1417\">\n<p data-start=\"1381\" data-end=\"1417\">Pr\u00e4zise Passform f\u00fcr einfachen Austausch<\/p>\n<\/li>\n<li data-start=\"1418\" data-end=\"1480\">\n<p data-start=\"1420\" data-end=\"1480\">Sorgt f\u00fcr optimalen Schutz von Z-Antrieb und Propeller<\/p>\n<\/li>\n<\/ul>\n<p data-start=\"1482\" data-end=\"1729\"><strong data-start=\"1482\" data-end=\"1506\">Warum sollten Sie sich f\u00fcr dieses Set entscheiden:<\/strong><br data-start=\"1506\" data-end=\"1509\">Dieses Zinkanodenset ist die ideale Wahl f\u00fcr <strong data-start=\"1553\" data-end=\"1581\">Volvo Penta 280 Duo Prop<\/strong> Besitzer, die in Salzwasser arbeiten. Es sorgt daf\u00fcr, dass Ihr Antriebssystem gesch\u00fctzt bleibt und Ihr Boot Saison f\u00fcr Saison in Topform bleibt. <\/p>\n","protected":false},"excerpt":{"rendered":"<p>Der Volvo Penta Anodensatz 280 Duo Prop Serie (Zink) bietet umfassenden Korrosionsschutz f\u00fcr Volvo Penta 280 Duo Prop Z-Antriebe. Dieser hochwertige Zinkanodensatz wurde f\u00fcr Salzwasseranwendungen entwickelt und verhindert galvanische Korrosion und sch\u00fctzt kritische Komponenten wie das Antriebsgeh\u00e4use und die Propeller. Jede Anode wird nach OEM-Spezifikationen pr\u00e4zisionsgegossen, um eine perfekte Passform und eine einfache Installation zu [&hellip;]<\/p>\n","protected":false},"featured_media":42443,"comment_status":"open","ping_status":"closed","template":"","meta":[],"product_brand":[4230],"product_cat":[3286,2498,4523,4526],"product_tag":[],"class_list":{"0":"post-42442","1":"product","2":"type-product","3":"status-publish","4":"has-post-thumbnail","6":"product_brand-volvo-penta","7":"product_cat-anoden","8":"product_cat-ersatzteile-fur-motoren","9":"product_cat-volvo-penta-anoden","10":"product_cat-volvo-penta-service-teile","11":"pa_condition-neu","12":"pa_oem-or-aftermarket-aftermarket","14":"first","15":"onbackorder","16":"taxable","17":"shipping-taxable","18":"purchasable","19":"product-type-simple"},"supplier_id":45614,"supplier_sku":"KITVOLVODP280","barcode":null,"atum_controlled":true,"out_stock_date":"2025-11-21 12:41:54","out_stock_threshold":null,"inheritable":false,"inbound_stock":0,"stock_on_hold":0,"sold_today":0,"sales_last_days":0,"reserved_stock":0,"customer_returns":0,"warehouse_damage":0,"lost_in_post":0,"other_logs":0,"out_stock_days":26,"lost_sales":0,"has_location":false,"update_date":"2025-12-18T10:46:38","atum_locations":[],"atum_stock_status":"onbackorder","restock_status":false,"low_stock_amount":1,"sales_update_date":"2025-12-18T10:44:11","calc_backorders":null,"_links":{"self":[{"href":"https:\/\/mps.digital-monkey.in\/de\/wp-json\/wp\/v2\/product\/42442","targetHints":{"allow":["GET"]}}],"collection":[{"href":"https:\/\/mps.digital-monkey.in\/de\/wp-json\/wp\/v2\/product"}],"about":[{"href":"https:\/\/mps.digital-monkey.in\/de\/wp-json\/wp\/v2\/types\/product"}],"replies":[{"embeddable":true,"href":"https:\/\/mps.digital-monkey.in\/de\/wp-json\/wp\/v2\/comments?post=42442"}],"wp:featuredmedia":[{"embeddable":true,"href":"https:\/\/mps.digital-monkey.in\/de\/wp-json\/wp\/v2\/media\/42443"}],"wp:attachment":[{"href":"https:\/\/mps.digital-monkey.in\/de\/wp-json\/wp\/v2\/media?parent=42442"}],"wp:term":[{"taxonomy":"product_brand","embeddable":true,"href":"https:\/\/mps.digital-monkey.in\/de\/wp-json\/wp\/v2\/product_brand?post=42442"},{"taxonomy":"product_cat","embeddable":true,"href":"https:\/\/mps.digital-monkey.in\/de\/wp-json\/wp\/v2\/product_cat?post=42442"},{"taxonomy":"product_tag","embeddable":true,"href":"https:\/\/mps.digital-monkey.in\/de\/wp-json\/wp\/v2\/product_tag?post=42442"}],"curies":[{"name":"wp","href":"https:\/\/api.w.org\/{rel}","templated":true}]}}