{"id":42451,"date":"2025-11-12T08:20:30","date_gmt":"2025-11-12T08:20:30","guid":{"rendered":"https:\/\/mps.digital-monkey.in\/product\/volvo-penta-anodensatz-280-duo-prop-serie-aluminium-kompletter-satz-mit-befestigungsmaterial\/"},"modified":"2025-12-18T10:42:34","modified_gmt":"2025-12-18T10:42:34","slug":"volvo-penta-anodensatz-280-duo-prop-serie-aluminium-kompletter-satz-mit-befestigungsmaterial","status":"publish","type":"product","link":"https:\/\/mps.digital-monkey.in\/de\/product\/volvo-penta-anodensatz-280-duo-prop-serie-aluminium-kompletter-satz-mit-befestigungsmaterial\/","title":{"rendered":"Volvo Penta Anodensatz 280 Duo Prop Serie &#8211; Aluminium | Kompletter Satz mit Befestigungsmaterial"},"content":{"rendered":"<p data-start=\"587\" data-end=\"898\">Das <strong data-start=\"591\" data-end=\"648\">Volvo Penta Anoden-Kit 280 Duo Prop Serie (Aluminium)<\/strong> bietet vollst\u00e4ndigen Korrosionsschutz f\u00fcr <strong data-start=\"690\" data-end=\"730\">Volvo Penta 280 Duo Prop Z-Antriebe<\/strong>. Dieser hochwertige Bausatz enth\u00e4lt alle erforderlichen Anoden und Befestigungsmaterialien, die eine perfekte Passform und einen dauerhaften Schutz in <strong data-start=\"857\" data-end=\"895\">Brack- oder Salzwasserumgebungen<\/strong> gew\u00e4hrleisten. <\/p>\n<p data-start=\"900\" data-end=\"1065\">Aluminiumanoden bieten eine hervorragende elektrochemische Leistung und halten l\u00e4nger als herk\u00f6mmliche Zinkanoden, was sie zur idealen Wahl f\u00fcr Mischwasserbedingungen macht.<\/p>\n<p data-start=\"1067\" data-end=\"1086\"><strong data-start=\"1067\" data-end=\"1084\">Geeignet f\u00fcr:<\/strong><\/p>\n<ul data-start=\"1087\" data-end=\"1134\">\n<li data-start=\"1087\" data-end=\"1134\">\n<p data-start=\"1089\" data-end=\"1134\">Volvo Penta 280 Duo Prop Serie Z-Antriebe<\/p>\n<\/li>\n<\/ul>\n<p data-start=\"1136\" data-end=\"1151\"><strong data-start=\"1136\" data-end=\"1149\">Material:<\/strong><\/p>\n<ul data-start=\"1152\" data-end=\"1212\">\n<li data-start=\"1152\" data-end=\"1212\">\n<p data-start=\"1154\" data-end=\"1212\"><strong data-start=\"1154\" data-end=\"1172\">Aluminium (Al)<\/strong> &#8211; geeignet f\u00fcr Brack- und Salzwasser<\/p>\n<\/li>\n<\/ul>\n<p data-start=\"1214\" data-end=\"1233\"><strong data-start=\"1214\" data-end=\"1231\">Wichtige Merkmale:<\/strong><\/p>\n<ul data-start=\"1234\" data-end=\"1531\">\n<li data-start=\"1234\" data-end=\"1285\">\n<p data-start=\"1236\" data-end=\"1285\">Kompletter Anodensatz f\u00fcr Volvo Penta 280 Duo Prop<\/p>\n<\/li>\n<li data-start=\"1286\" data-end=\"1345\">\n<p data-start=\"1288\" data-end=\"1345\">Entwickelt f\u00fcr den Einsatz in Brack- und Salzwasserumgebungen<\/p>\n<\/li>\n<li data-start=\"1346\" data-end=\"1391\">\n<p data-start=\"1348\" data-end=\"1391\">Einschlie\u00dflich aller erforderlichen Befestigungsmaterialien<\/p>\n<\/li>\n<li data-start=\"1392\" data-end=\"1458\">\n<p data-start=\"1394\" data-end=\"1458\">Sch\u00fctzt Antriebsgeh\u00e4use, Propeller und andere Metallkomponenten<\/p>\n<\/li>\n<li data-start=\"1459\" data-end=\"1531\">\n<p data-start=\"1461\" data-end=\"1531\">Leichtes, langlebiges Aluminium f\u00fcr lang anhaltende Korrosionsbest\u00e4ndigkeit<\/p>\n<\/li>\n<\/ul>\n<p data-start=\"1533\" data-end=\"1809\"><strong data-start=\"1533\" data-end=\"1557\">Warum sollten Sie sich f\u00fcr dieses Kit entscheiden:<\/strong><br data-start=\"1557\" data-end=\"1560\">Dieses Aluminiumanoden-Kit gew\u00e4hrleistet einen zuverl\u00e4ssigen und langfristigen Korrosionsschutz f\u00fcr Ihren <strong data-start=\"1646\" data-end=\"1680\">Volvo Penta 280 Duo Prop Antrieb<\/strong>. Es eignet sich perfekt f\u00fcr Bootseigner, die in gemischten Gew\u00e4ssern oder Salzwasser arbeiten, und tr\u00e4gt dazu bei, die Lebensdauer Ihres Z-Antriebs und der Propeller zu verl\u00e4ngern. <\/p>\n","protected":false},"excerpt":{"rendered":"<p>Das Volvo Penta Anoden-Kit 280 Duo Prop Serie (Aluminium) bietet vollst\u00e4ndigen Korrosionsschutz f\u00fcr Volvo Penta 280 Duo Prop Z-Antriebe. Dieser hochwertige Bausatz enth\u00e4lt alle erforderlichen Anoden und Befestigungsmaterialien, die eine perfekte Passform und einen dauerhaften Schutz in Brack- oder Salzwasserumgebungen gew\u00e4hrleisten. Aluminiumanoden bieten eine hervorragende elektrochemische Leistung und halten l\u00e4nger als herk\u00f6mmliche Zinkanoden, was sie [&hellip;]<\/p>\n","protected":false},"featured_media":42452,"comment_status":"open","ping_status":"closed","template":"","meta":[],"product_brand":[4230],"product_cat":[3286,2498,4523,4526],"product_tag":[],"class_list":{"0":"post-42451","1":"product","2":"type-product","3":"status-publish","4":"has-post-thumbnail","6":"product_brand-volvo-penta","7":"product_cat-anoden","8":"product_cat-ersatzteile-fur-motoren","9":"product_cat-volvo-penta-anoden","10":"product_cat-volvo-penta-service-teile","11":"pa_oem-or-aftermarket-aftermarket","13":"first","14":"onbackorder","15":"taxable","16":"shipping-taxable","17":"purchasable","18":"product-type-simple"},"supplier_id":45614,"supplier_sku":"KITVOLVODP280\/AL","barcode":null,"atum_controlled":true,"out_stock_date":"2025-11-21 12:41:50","out_stock_threshold":null,"inheritable":false,"inbound_stock":0,"stock_on_hold":0,"sold_today":0,"sales_last_days":0,"reserved_stock":0,"customer_returns":0,"warehouse_damage":0,"lost_in_post":0,"other_logs":0,"out_stock_days":68,"lost_sales":0,"has_location":false,"update_date":"2026-01-29T09:10:57","atum_locations":[],"atum_stock_status":"onbackorder","restock_status":false,"low_stock_amount":1,"sales_update_date":"2026-01-29T09:10:57","calc_backorders":null,"_links":{"self":[{"href":"https:\/\/mps.digital-monkey.in\/de\/wp-json\/wp\/v2\/product\/42451","targetHints":{"allow":["GET"]}}],"collection":[{"href":"https:\/\/mps.digital-monkey.in\/de\/wp-json\/wp\/v2\/product"}],"about":[{"href":"https:\/\/mps.digital-monkey.in\/de\/wp-json\/wp\/v2\/types\/product"}],"replies":[{"embeddable":true,"href":"https:\/\/mps.digital-monkey.in\/de\/wp-json\/wp\/v2\/comments?post=42451"}],"wp:featuredmedia":[{"embeddable":true,"href":"https:\/\/mps.digital-monkey.in\/de\/wp-json\/wp\/v2\/media\/42452"}],"wp:attachment":[{"href":"https:\/\/mps.digital-monkey.in\/de\/wp-json\/wp\/v2\/media?parent=42451"}],"wp:term":[{"taxonomy":"product_brand","embeddable":true,"href":"https:\/\/mps.digital-monkey.in\/de\/wp-json\/wp\/v2\/product_brand?post=42451"},{"taxonomy":"product_cat","embeddable":true,"href":"https:\/\/mps.digital-monkey.in\/de\/wp-json\/wp\/v2\/product_cat?post=42451"},{"taxonomy":"product_tag","embeddable":true,"href":"https:\/\/mps.digital-monkey.in\/de\/wp-json\/wp\/v2\/product_tag?post=42451"}],"curies":[{"name":"wp","href":"https:\/\/api.w.org\/{rel}","templated":true}]}}