{"id":42532,"date":"2025-11-13T08:21:46","date_gmt":"2025-11-13T08:21:46","guid":{"rendered":"https:\/\/mps.digital-monkey.in\/product\/yanmar-service-kit-sk-marine-003-g-2gmf-2gm20f-3gmf-3gm30f\/"},"modified":"2025-11-21T13:10:15","modified_gmt":"2025-11-21T13:10:15","slug":"yanmar-service-kit-sk-marine-003-g-2gmf-2gm20f-3gmf-3gm30f","status":"publish","type":"product","link":"https:\/\/mps.digital-monkey.in\/de\/produkt\/yanmar-service-kit-sk-marine-003-g-2gmf-2gm20f-3gmf-3gm30f\/","title":{"rendered":"Yanmar Service Kit SK-MARINE-003-G | 2GMF \/ 2GM20F \/ 3GMF \/ 3GM30F"},"content":{"rendered":"<p data-start=\"586\" data-end=\"877\">Das <strong data-start=\"590\" data-end=\"628\">Yanmar Service Kit SK-MARINE-003-G<\/strong> bietet einen kompletten Satz wichtiger Teile f\u00fcr die regelm\u00e4\u00dfige Wartung Ihres <strong data-start=\"713\" data-end=\"760\">Yanmar 2GMF, 2GM20F, 3GMF oder 3GM30F Motors<\/strong>. Mit diesem All-in-One-Kit k\u00f6nnen Sie Ihren Motor effizient und kosteng\u00fcnstig warten und ihn in Topform halten.<\/p>\n<p data-start=\"879\" data-end=\"904\"><strong data-start=\"879\" data-end=\"902\">Kompatible Motoren:<\/strong><\/p>\n<ul data-start=\"905\" data-end=\"980\">\n<li data-start=\"905\" data-end=\"920\">\n<p data-start=\"907\" data-end=\"920\">Yanmar 2GMF<\/p>\n<\/li>\n<li data-start=\"921\" data-end=\"938\">\n<p data-start=\"923\" data-end=\"938\">Yanmar 2GM20F<\/p>\n<\/li>\n<li data-start=\"939\" data-end=\"962\">\n<p data-start=\"941\" data-end=\"962\">Yanmar 3GMF \/ 3GMDF<\/p>\n<\/li>\n<li data-start=\"963\" data-end=\"980\">\n<p data-start=\"965\" data-end=\"980\">Yanmar 3GM30F<\/p>\n<\/li>\n<\/ul>\n<p data-start=\"982\" data-end=\"1001\"><strong data-start=\"982\" data-end=\"999\">Das Kit enth\u00e4lt:<\/strong><\/p>\n<ul data-start=\"1002\" data-end=\"1180\">\n<li data-start=\"1002\" data-end=\"1034\">\n<p data-start=\"1004\" data-end=\"1034\">1\u00d7 \u00d6lfilter - 119305-35151 (Ersatz)<\/p>\n<\/li>\n<li data-start=\"1035\" data-end=\"1068\">\n<p data-start=\"1037\" data-end=\"1068\">1\u00d7 Kraftstofffilter - 104500-55710 (Ersatz)<\/p>\n<\/li>\n<li data-start=\"1069\" data-end=\"1109\">\n<p data-start=\"1071\" data-end=\"1109\">1\u00d7 Kraftstofffilter O-Ring - 24341-000440 (Ersatz)<\/p>\n<\/li>\n<li data-start=\"1110\" data-end=\"1149\">\n<p data-start=\"1112\" data-end=\"1149\">1\u00d7 Dichtung der Wasserpumpe - 124223-42110 (Ersatz)<\/p>\n<\/li>\n<li data-start=\"1150\" data-end=\"1180\">\n<p data-start=\"1152\" data-end=\"1180\">1\u00d7 Impeller - 124223-42092 (Ersatz)<\/p>\n<\/li>\n<\/ul>\n<p data-start=\"1182\" data-end=\"1201\"><strong data-start=\"1182\" data-end=\"1199\">Wichtige Merkmale:<\/strong><\/p>\n<ul data-start=\"1202\" data-end=\"1551\">\n<li data-start=\"1202\" data-end=\"1276\">\n<p data-start=\"1204\" data-end=\"1276\">Kompletter Ersatzteilsatz f\u00fcr Yanmar-Motoren der Serien 2GM und 3GM<\/p>\n<\/li>\n<li data-start=\"1277\" data-end=\"1353\">\n<p data-start=\"1279\" data-end=\"1353\">Sorgt f\u00fcr zuverl\u00e4ssige Schmierung, Filtration und K\u00fchlsystemleistung<\/p>\n<\/li>\n<li data-start=\"1354\" data-end=\"1420\">\n<p data-start=\"1356\" data-end=\"1420\">Inklusive aller notwendigen Dichtungen f\u00fcr eine einfache Installation<\/p>\n<\/li>\n<li data-start=\"1421\" data-end=\"1497\">\n<p data-start=\"1423\" data-end=\"1497\">Hochwertige Ersatzkomponenten f\u00fcr lang anhaltenden Schutz<\/p>\n<\/li>\n<li data-start=\"1498\" data-end=\"1551\">\n<p data-start=\"1500\" data-end=\"1551\">Ideal f\u00fcr die routinem\u00e4\u00dfige Wartung oder j\u00e4hrliche Instandhaltung<\/p>\n<\/li>\n<\/ul>\n<p data-start=\"1553\" data-end=\"1744\"><strong data-start=\"1553\" data-end=\"1577\">Warum sollten Sie sich f\u00fcr dieses Kit entscheiden:<\/strong><br data-start=\"1577\" data-end=\"1580\">Dieses <strong data-start=\"1585\" data-end=\"1616\">SK-MARINE-003-G Service-Kit<\/strong> bietet eine kosteng\u00fcnstige und bequeme M\u00f6glichkeit zur Wartung Ihres Yanmar-Motors und sorgt f\u00fcr einen reibungslosen Betrieb und eine l\u00e4ngere Lebensdauer des Motors.<\/p>\n","protected":false},"excerpt":{"rendered":"<p>Das Yanmar Service Kit SK-MARINE-003-G bietet einen kompletten Satz wichtiger Teile f\u00fcr die regelm\u00e4\u00dfige Wartung Ihres Yanmar 2GMF, 2GM20F, 3GMF oder 3GM30F Motors. Mit diesem All-in-One-Kit k\u00f6nnen Sie Ihren Motor effizient und kosteng\u00fcnstig warten und ihn in Topform halten. Kompatible Motoren: Yanmar 2GMF Yanmar 2GM20F Yanmar 3GMF \/ 3GMDF Yanmar 3GM30F Das Kit enth\u00e4lt: 1\u00d7 [&hellip;]<\/p>\n","protected":false},"featured_media":43304,"comment_status":"open","ping_status":"closed","template":"","meta":[],"product_brand":[4236],"product_cat":[4442,4443,2498,3202,4441,4531,4532],"product_tag":[],"class_list":{"0":"post-42532","1":"product","2":"type-product","3":"status-publish","4":"has-post-thumbnail","6":"product_brand-yanmar","7":"product_cat-2gm-2gm20-teile","8":"product_cat-3gm-3gm30-teile","9":"product_cat-ersatzteile-fur-motoren","10":"product_cat-service-kits","11":"product_cat-yanmar","12":"product_cat-yanmar-service-teile","13":"product_cat-yanmar-service-kits","14":"pa_condition-neu","15":"pa_model-2gmf","16":"pa_model-2gm20f","18":"pa_model-3gm30f","19":"pa_model-3gmf","20":"pa_oem-or-aftermarket-aftermarket","22":"first","23":"instock","24":"taxable","25":"shipping-taxable","26":"purchasable","27":"product-type-simple"},"supplier_id":7294,"supplier_sku":"RECSKMARINE003G","barcode":null,"atum_controlled":true,"out_stock_date":null,"out_stock_threshold":null,"inheritable":false,"inbound_stock":0,"stock_on_hold":0,"sold_today":0,"sales_last_days":0,"reserved_stock":0,"customer_returns":0,"warehouse_damage":0,"lost_in_post":0,"other_logs":0,"out_stock_days":0,"lost_sales":0,"has_location":false,"update_date":"2025-12-18T10:39:49","atum_locations":[],"atum_stock_status":"instock","restock_status":false,"low_stock_amount":1,"sales_update_date":"2025-12-18T10:39:49","calc_backorders":null,"_links":{"self":[{"href":"https:\/\/mps.digital-monkey.in\/de\/wp-json\/wp\/v2\/product\/42532","targetHints":{"allow":["GET"]}}],"collection":[{"href":"https:\/\/mps.digital-monkey.in\/de\/wp-json\/wp\/v2\/product"}],"about":[{"href":"https:\/\/mps.digital-monkey.in\/de\/wp-json\/wp\/v2\/types\/product"}],"replies":[{"embeddable":true,"href":"https:\/\/mps.digital-monkey.in\/de\/wp-json\/wp\/v2\/comments?post=42532"}],"wp:featuredmedia":[{"embeddable":true,"href":"https:\/\/mps.digital-monkey.in\/de\/wp-json\/wp\/v2\/media\/43304"}],"wp:attachment":[{"href":"https:\/\/mps.digital-monkey.in\/de\/wp-json\/wp\/v2\/media?parent=42532"}],"wp:term":[{"taxonomy":"product_brand","embeddable":true,"href":"https:\/\/mps.digital-monkey.in\/de\/wp-json\/wp\/v2\/product_brand?post=42532"},{"taxonomy":"product_cat","embeddable":true,"href":"https:\/\/mps.digital-monkey.in\/de\/wp-json\/wp\/v2\/product_cat?post=42532"},{"taxonomy":"product_tag","embeddable":true,"href":"https:\/\/mps.digital-monkey.in\/de\/wp-json\/wp\/v2\/product_tag?post=42532"}],"curies":[{"name":"wp","href":"https:\/\/api.w.org\/{rel}","templated":true}]}}