{"id":42559,"date":"2025-11-13T09:10:25","date_gmt":"2025-11-13T09:10:25","guid":{"rendered":"https:\/\/mps.digital-monkey.in\/product\/yanmar-service-kit-sk-marine-011-g-4jh3-4jh4-turbo-serie\/"},"modified":"2025-11-21T13:10:17","modified_gmt":"2025-11-21T13:10:17","slug":"yanmar-service-kit-sk-marine-011-g-4jh3-4jh4-turbo-serie","status":"publish","type":"product","link":"https:\/\/mps.digital-monkey.in\/de\/product\/yanmar-service-kit-sk-marine-011-g-4jh3-4jh4-turbo-serie\/","title":{"rendered":"Yanmar Service Kit SK-MARINE-011-G | 4JH3 \/ 4JH4 (Turbo) Serie"},"content":{"rendered":"<p data-start=\"558\" data-end=\"866\">Das <strong data-start=\"562\" data-end=\"600\">Yanmar Service-Kit SK-MARINE-011-G<\/strong> wurde f\u00fcr die <strong data-start=\"621\" data-end=\"665\">Yanmar-Turbomotoren der Serien 4JH3 und 4JH4<\/strong> entwickelt und enth\u00e4lt alle wichtigen Komponenten, die f\u00fcr eine vollst\u00e4ndige und effiziente Wartung ben\u00f6tigt werden. Dieses Kit sorgt daf\u00fcr, dass Ihr Motor zuverl\u00e4ssig arbeitet und gut gegen Verschlei\u00df und Korrosion gesch\u00fctzt bleibt.<\/p>\n<p data-start=\"868\" data-end=\"887\"><strong data-start=\"868\" data-end=\"885\">Geeignet f\u00fcr:<\/strong><\/p>\n<ul data-start=\"888\" data-end=\"945\">\n<li data-start=\"888\" data-end=\"916\">\n<p data-start=\"890\" data-end=\"916\">Yanmar 4JH3 Turbo Serie<\/p>\n<\/li>\n<li data-start=\"917\" data-end=\"945\">\n<p data-start=\"919\" data-end=\"945\">Yanmar 4JH4 Turbo Serie<\/p>\n<\/li>\n<\/ul>\n<p data-start=\"947\" data-end=\"966\"><strong data-start=\"947\" data-end=\"964\">Das Kit enth\u00e4lt:<\/strong><\/p>\n<ul data-start=\"967\" data-end=\"1047\">\n<li data-start=\"967\" data-end=\"981\">\n<p data-start=\"969\" data-end=\"981\">\u00d6lfilter<\/p>\n<\/li>\n<li data-start=\"982\" data-end=\"997\">\n<p data-start=\"984\" data-end=\"997\">Kraftstofffilter<\/p>\n<\/li>\n<li data-start=\"998\" data-end=\"1047\">\n<p data-start=\"1000\" data-end=\"1047\">Impeller-Kit (einschlie\u00dflich Dichtung)<\/p>\n<\/li>\n<\/ul>\n<p data-start=\"1049\" data-end=\"1072\"><strong data-start=\"1049\" data-end=\"1070\">Alternative Kits:<\/strong><\/p>\n<ul data-start=\"1073\" data-end=\"1180\">\n<li data-start=\"1073\" data-end=\"1126\">\n<p data-start=\"1075\" data-end=\"1126\">F\u00fcr <strong data-start=\"1079\" data-end=\"1096\">4JH3E &amp; 4JH4E<\/strong>, bestellen Sie: <strong data-start=\"1105\" data-end=\"1124\">SK-MARINE-010-G<\/strong><\/p>\n<\/li>\n<li data-start=\"1127\" data-end=\"1180\">\n<p data-start=\"1129\" data-end=\"1180\">F\u00fcr <strong data-start=\"1133\" data-end=\"1150\">4JH4AE &amp; 4JH5<\/strong>, bestellen Sie: <strong data-start=\"1159\" data-end=\"1178\">SK-MARINE-012-G<\/strong><\/p>\n<\/li>\n<\/ul>\n<p data-start=\"1182\" data-end=\"1205\"><strong data-start=\"1182\" data-end=\"1203\">Optionale Add-ons:<\/strong><\/p>\n<ul data-start=\"1206\" data-end=\"1285\">\n<li data-start=\"1206\" data-end=\"1220\">\n<p data-start=\"1208\" data-end=\"1220\">Luftfilter<\/p>\n<\/li>\n<li data-start=\"1221\" data-end=\"1243\">\n<p data-start=\"1223\" data-end=\"1243\">G\u00fcrtel oder Multi-G\u00fcrtel<\/p>\n<\/li>\n<li data-start=\"1244\" data-end=\"1285\">\n<p data-start=\"1246\" data-end=\"1285\">Motor\u00f6l &amp; Getriebe- oder Saildrive-\u00d6l<\/p>\n<\/li>\n<\/ul>\n<p data-start=\"1287\" data-end=\"1306\"><strong data-start=\"1287\" data-end=\"1304\">Wichtige Merkmale:<\/strong><\/p>\n<ul data-start=\"1307\" data-end=\"1625\">\n<li data-start=\"1307\" data-end=\"1374\">\n<p data-start=\"1309\" data-end=\"1374\">Kompletter Austauschsatz f\u00fcr Yanmar 4JH3 und 4JH4 Turbomotoren<\/p>\n<\/li>\n<li data-start=\"1375\" data-end=\"1444\">\n<p data-start=\"1377\" data-end=\"1444\">Enth\u00e4lt alle wichtigen Serviceteile f\u00fcr eine optimale Wartung des Motors<\/p>\n<\/li>\n<li data-start=\"1445\" data-end=\"1521\">\n<p data-start=\"1447\" data-end=\"1521\">Sorgt f\u00fcr zuverl\u00e4ssige Schmierung, Filtration und K\u00fchlsystemleistung<\/p>\n<\/li>\n<li data-start=\"1522\" data-end=\"1581\">\n<p data-start=\"1524\" data-end=\"1581\">Hochwertige Ersatzkomponenten f\u00fcr zuverl\u00e4ssigen Betrieb<\/p>\n<\/li>\n<li data-start=\"1582\" data-end=\"1625\">\n<p data-start=\"1584\" data-end=\"1625\">Ideal f\u00fcr j\u00e4hrliche oder planm\u00e4\u00dfige Wartungsarbeiten<\/p>\n<\/li>\n<\/ul>\n<p data-start=\"1627\" data-end=\"1875\"><strong data-start=\"1627\" data-end=\"1651\">Warum sollten Sie sich f\u00fcr dieses Kit entscheiden:<\/strong><br data-start=\"1651\" data-end=\"1654\">Das <strong data-start=\"1658\" data-end=\"1689\">SK-MARINE-011-G Service-Kit<\/strong> vereinfacht die Wartung, indem es alle wesentlichen Yanmar-Ersatzteile in einem Paket zusammenfasst. Es wurde f\u00fcr die 4JH-Turbobaureihe entwickelt und tr\u00e4gt zur Erhaltung der Spitzenleistung und Langlebigkeit des Motors bei.<\/p>\n","protected":false},"excerpt":{"rendered":"<p>Das Yanmar Service-Kit SK-MARINE-011-G wurde f\u00fcr die Yanmar-Turbomotoren der Serien 4JH3 und 4JH4 entwickelt und enth\u00e4lt alle wichtigen Komponenten, die f\u00fcr eine vollst\u00e4ndige und effiziente Wartung ben\u00f6tigt werden. Dieses Kit sorgt daf\u00fcr, dass Ihr Motor zuverl\u00e4ssig arbeitet und gut gegen Verschlei\u00df und Korrosion gesch\u00fctzt bleibt. Geeignet f\u00fcr: Yanmar 4JH3 Turbo Serie Yanmar 4JH4 Turbo Serie [&hellip;]<\/p>\n","protected":false},"featured_media":43298,"comment_status":"open","ping_status":"closed","template":"","meta":[],"product_brand":[4236],"product_cat":[2498,3202,4441,4531,4532],"product_tag":[],"class_list":{"0":"post-42559","1":"product","2":"type-product","3":"status-publish","4":"has-post-thumbnail","6":"product_brand-yanmar","7":"product_cat-ersatzteile-fur-motoren","8":"product_cat-service-kits","9":"product_cat-yanmar","10":"product_cat-yanmar-service-teile","11":"product_cat-yanmar-service-kits","12":"pa_condition-neu","13":"pa_model-4jh3","14":"pa_model-4jh3-dte","15":"pa_model-4jh3-hte","16":"pa_model-4jh3-te","17":"pa_model-4jh3dte","18":"pa_model-4jh3hte","19":"pa_model-4jh4","20":"pa_model-4jh4-hte","21":"pa_model-4jh4-te","22":"pa_oem-or-aftermarket-aftermarket","24":"first","25":"instock","26":"taxable","27":"shipping-taxable","28":"purchasable","29":"product-type-simple"},"supplier_id":7294,"supplier_sku":"RECSKMARINE011G","barcode":null,"atum_controlled":true,"out_stock_date":null,"out_stock_threshold":null,"inheritable":false,"inbound_stock":0,"stock_on_hold":0,"sold_today":0,"sales_last_days":0,"reserved_stock":0,"customer_returns":0,"warehouse_damage":0,"lost_in_post":0,"other_logs":0,"out_stock_days":0,"lost_sales":0,"has_location":false,"update_date":"2025-12-18T10:39:49","atum_locations":[],"atum_stock_status":"instock","restock_status":false,"low_stock_amount":1,"sales_update_date":"2025-12-18T10:39:49","calc_backorders":null,"_links":{"self":[{"href":"https:\/\/mps.digital-monkey.in\/de\/wp-json\/wp\/v2\/product\/42559","targetHints":{"allow":["GET"]}}],"collection":[{"href":"https:\/\/mps.digital-monkey.in\/de\/wp-json\/wp\/v2\/product"}],"about":[{"href":"https:\/\/mps.digital-monkey.in\/de\/wp-json\/wp\/v2\/types\/product"}],"replies":[{"embeddable":true,"href":"https:\/\/mps.digital-monkey.in\/de\/wp-json\/wp\/v2\/comments?post=42559"}],"wp:featuredmedia":[{"embeddable":true,"href":"https:\/\/mps.digital-monkey.in\/de\/wp-json\/wp\/v2\/media\/43298"}],"wp:attachment":[{"href":"https:\/\/mps.digital-monkey.in\/de\/wp-json\/wp\/v2\/media?parent=42559"}],"wp:term":[{"taxonomy":"product_brand","embeddable":true,"href":"https:\/\/mps.digital-monkey.in\/de\/wp-json\/wp\/v2\/product_brand?post=42559"},{"taxonomy":"product_cat","embeddable":true,"href":"https:\/\/mps.digital-monkey.in\/de\/wp-json\/wp\/v2\/product_cat?post=42559"},{"taxonomy":"product_tag","embeddable":true,"href":"https:\/\/mps.digital-monkey.in\/de\/wp-json\/wp\/v2\/product_tag?post=42559"}],"curies":[{"name":"wp","href":"https:\/\/api.w.org\/{rel}","templated":true}]}}