{"id":42581,"date":"2025-11-13T10:31:11","date_gmt":"2025-11-13T10:31:11","guid":{"rendered":"https:\/\/mps.digital-monkey.in\/product\/kompletter-dichtungssatz-fuer-kanzaki-km4a\/"},"modified":"2025-11-13T10:31:11","modified_gmt":"2025-11-13T10:31:11","slug":"kompletter-dichtungssatz-fuer-kanzaki-km4a","status":"publish","type":"product","link":"https:\/\/mps.digital-monkey.in\/de\/produkt\/kompletter-dichtungssatz-fuer-kanzaki-km4a\/","title":{"rendered":"Kompletter Dichtungssatz f\u00fcr Kanzaki KM4A"},"content":{"rendered":"<p class=\"p1\"><span class=\"s1\">1,00 24341-000800 O-RING,  <\/span><\/p>\n<p class=\"p1\"><span class=\"s1\">1,00 24321-000400 O-RING,  <\/span><\/p>\n<p class=\"p1\"><span class=\"s1\">1,00 24421-486209 DICHTUNG, \u00d6L  <\/span><\/p>\n<p class=\"p1\"><span class=\"s1\">1,00 24421-284008 DICHTUNG, \u00d6L  <\/span><\/p>\n<p class=\"p1\"><span class=\"s1\">1,00 24413-355208 DICHTUNG, \u00d6L  <\/span><\/p>\n<p class=\"p1\">\n","protected":false},"excerpt":{"rendered":"<p>1,00 24341-000800 O-RING, 1,00 24321-000400 O-RING, 1,00 24421-486209 DICHTUNG, \u00d6L 1,00 24421-284008 DICHTUNG, \u00d6L 1,00 24413-355208 DICHTUNG, \u00d6L<\/p>\n","protected":false},"featured_media":39065,"comment_status":"open","ping_status":"closed","template":"","meta":[],"product_brand":[],"product_cat":[3037],"product_tag":[],"class_list":{"0":"post-42581","1":"product","2":"type-product","3":"status-publish","4":"has-post-thumbnail","6":"product_cat-kits-fur-wartung-und-reparatur","8":"first","9":"onbackorder","10":"taxable","11":"shipping-taxable","12":"purchasable","13":"product-type-simple"},"supplier_id":null,"supplier_sku":"","barcode":null,"atum_controlled":true,"out_stock_date":"2025-11-13 12:02:29","out_stock_threshold":null,"inheritable":false,"inbound_stock":0,"stock_on_hold":0,"sold_today":0,"sales_last_days":0,"reserved_stock":0,"customer_returns":0,"warehouse_damage":0,"lost_in_post":0,"other_logs":0,"out_stock_days":34,"lost_sales":0,"has_location":false,"update_date":"2025-12-18T10:39:49","atum_locations":[],"atum_stock_status":"onbackorder","restock_status":false,"low_stock_amount":1,"sales_update_date":"2025-12-18T10:39:49","calc_backorders":0,"_links":{"self":[{"href":"https:\/\/mps.digital-monkey.in\/de\/wp-json\/wp\/v2\/product\/42581","targetHints":{"allow":["GET"]}}],"collection":[{"href":"https:\/\/mps.digital-monkey.in\/de\/wp-json\/wp\/v2\/product"}],"about":[{"href":"https:\/\/mps.digital-monkey.in\/de\/wp-json\/wp\/v2\/types\/product"}],"replies":[{"embeddable":true,"href":"https:\/\/mps.digital-monkey.in\/de\/wp-json\/wp\/v2\/comments?post=42581"}],"wp:featuredmedia":[{"embeddable":true,"href":"https:\/\/mps.digital-monkey.in\/de\/wp-json\/wp\/v2\/media\/39065"}],"wp:attachment":[{"href":"https:\/\/mps.digital-monkey.in\/de\/wp-json\/wp\/v2\/media?parent=42581"}],"wp:term":[{"taxonomy":"product_brand","embeddable":true,"href":"https:\/\/mps.digital-monkey.in\/de\/wp-json\/wp\/v2\/product_brand?post=42581"},{"taxonomy":"product_cat","embeddable":true,"href":"https:\/\/mps.digital-monkey.in\/de\/wp-json\/wp\/v2\/product_cat?post=42581"},{"taxonomy":"product_tag","embeddable":true,"href":"https:\/\/mps.digital-monkey.in\/de\/wp-json\/wp\/v2\/product_tag?post=42581"}],"curies":[{"name":"wp","href":"https:\/\/api.w.org\/{rel}","templated":true}]}}