{"id":42604,"date":"2025-11-14T08:28:18","date_gmt":"2025-11-14T08:28:18","guid":{"rendered":"https:\/\/mps.digital-monkey.in\/product\/volvo-penta-anodensatz-290c-duo-prop-zink-komplett-mit-hardware\/"},"modified":"2025-12-18T10:42:59","modified_gmt":"2025-12-18T10:42:59","slug":"volvo-penta-anodensatz-290c-duo-prop-zink-komplett-mit-hardware","status":"publish","type":"product","link":"https:\/\/mps.digital-monkey.in\/de\/produkt\/volvo-penta-anodensatz-290c-duo-prop-zink-komplett-mit-hardware\/","title":{"rendered":"Volvo Penta Anodensatz 290C Duo Prop - Zink | Komplett mit Hardware"},"content":{"rendered":"<p data-start=\"492\" data-end=\"757\">Dieser <strong data-start=\"497\" data-end=\"541\">Volvo Penta 290C Duo Prop Zinkanodensatz<\/strong> bietet vollst\u00e4ndigen Korrosionsschutz f\u00fcr alle Volvo Penta 290C Duo Prop Z-Antriebe. Der Bausatz enth\u00e4lt alle erforderlichen Zinkanoden sowie das notwendige Montagematerial f\u00fcr eine schnelle und sichere Installation. <\/p>\n<p data-start=\"759\" data-end=\"897\">Zinkanoden werden f\u00fcr Boote empfohlen, die in <strong data-start=\"810\" data-end=\"823\">Salzwasser<\/strong> betrieben werden. Sie bieten einen dauerhaften und zuverl\u00e4ssigen Schutz gegen galvanische Korrosion.<\/p>\n<p data-start=\"899\" data-end=\"918\"><strong data-start=\"899\" data-end=\"916\">Geeignet f\u00fcr:<\/strong><\/p>\n<ul data-start=\"919\" data-end=\"967\">\n<li data-start=\"919\" data-end=\"967\">\n<p data-start=\"921\" data-end=\"967\">Volvo Penta 290C Duo Prop Serie Z-Antriebe<\/p>\n<\/li>\n<\/ul>\n<p data-start=\"969\" data-end=\"984\"><strong data-start=\"969\" data-end=\"982\">Material:<\/strong><\/p>\n<ul data-start=\"985\" data-end=\"1032\">\n<li data-start=\"985\" data-end=\"1032\">\n<p data-start=\"987\" data-end=\"1032\"><strong data-start=\"987\" data-end=\"995\">Zink<\/strong> - ideal f\u00fcr Salzwasserumgebungen<\/p>\n<\/li>\n<\/ul>\n<p data-start=\"1034\" data-end=\"1060\"><strong data-start=\"1034\" data-end=\"1058\">In dem Kit enthalten:<\/strong><\/p>\n<ul data-start=\"1061\" data-end=\"1118\">\n<li data-start=\"1061\" data-end=\"1092\">\n<p data-start=\"1063\" data-end=\"1092\">Kompletter Satz Zinkanoden<\/p>\n<\/li>\n<li data-start=\"1093\" data-end=\"1118\">\n<p data-start=\"1095\" data-end=\"1118\">Alle Befestigungselemente<\/p>\n<\/li>\n<\/ul>\n<p data-start=\"1120\" data-end=\"1139\"><strong data-start=\"1120\" data-end=\"1137\">Wichtige Merkmale:<\/strong><\/p>\n<ul data-start=\"1140\" data-end=\"1410\">\n<li data-start=\"1140\" data-end=\"1202\">\n<p data-start=\"1142\" data-end=\"1202\">Speziell f\u00fcr Volvo Penta 290C Duo Prop-Antriebe entwickelt<\/p>\n<\/li>\n<li data-start=\"1203\" data-end=\"1250\">\n<p data-start=\"1205\" data-end=\"1250\">Ausgezeichneter Korrosionsschutz in Salzwasser<\/p>\n<\/li>\n<li data-start=\"1251\" data-end=\"1294\">\n<p data-start=\"1253\" data-end=\"1294\">Kompletter Bausatz mit allen Beschl\u00e4gen<\/p>\n<\/li>\n<li data-start=\"1295\" data-end=\"1357\">\n<p data-start=\"1297\" data-end=\"1357\">Sch\u00fctzt Z-Antrieb, Propeller und untergetauchte Metallteile<\/p>\n<\/li>\n<li data-start=\"1358\" data-end=\"1410\">\n<p data-start=\"1360\" data-end=\"1410\">Garantiert eine l\u00e4ngere Lebensdauer und zuverl\u00e4ssige Leistung<\/p>\n<\/li>\n<\/ul>\n","protected":false},"excerpt":{"rendered":"<p>Dieser Volvo Penta 290C Duo Prop Zinkanodensatz bietet vollst\u00e4ndigen Korrosionsschutz f\u00fcr alle Volvo Penta 290C Duo Prop Z-Antriebe. Der Bausatz enth\u00e4lt alle erforderlichen Zinkanoden sowie das notwendige Montagematerial f\u00fcr eine schnelle und sichere Installation. Zinkanoden werden f\u00fcr Boote empfohlen, die in Salzwasser betrieben werden. Sie bieten einen dauerhaften und zuverl\u00e4ssigen Schutz gegen galvanische Korrosion. Geeignet [&hellip;]<\/p>\n","protected":false},"featured_media":42605,"comment_status":"open","ping_status":"closed","template":"","meta":[],"product_brand":[4230],"product_cat":[3286,4488,2498,4308,4523,4526],"product_tag":[],"class_list":{"0":"post-42604","1":"product","2":"type-product","3":"status-publish","4":"has-post-thumbnail","6":"product_brand-volvo-penta","7":"product_cat-anoden","8":"product_cat-brauchen-sie-volvo-penta-teile","9":"product_cat-ersatzteile-fur-motoren","10":"product_cat-volvo-penta","11":"product_cat-volvo-penta-anoden","12":"product_cat-volvo-penta-service-teile","13":"pa_condition-neu","14":"pa_oem-or-aftermarket-aftermarket","16":"first","17":"onbackorder","18":"sale","19":"taxable","20":"shipping-taxable","21":"purchasable","22":"product-type-simple"},"supplier_id":45614,"supplier_sku":"KITVOLVODP290-C","barcode":null,"atum_controlled":true,"out_stock_date":"2025-11-21 12:41:28","out_stock_threshold":null,"inheritable":false,"inbound_stock":0,"stock_on_hold":0,"sold_today":0,"sales_last_days":0,"reserved_stock":0,"customer_returns":0,"warehouse_damage":0,"lost_in_post":0,"other_logs":0,"out_stock_days":26,"lost_sales":0,"has_location":false,"update_date":"2025-12-18T10:43:48","atum_locations":[],"atum_stock_status":"onbackorder","restock_status":false,"low_stock_amount":1,"sales_update_date":"2025-12-18T10:39:49","calc_backorders":null,"_links":{"self":[{"href":"https:\/\/mps.digital-monkey.in\/de\/wp-json\/wp\/v2\/product\/42604","targetHints":{"allow":["GET"]}}],"collection":[{"href":"https:\/\/mps.digital-monkey.in\/de\/wp-json\/wp\/v2\/product"}],"about":[{"href":"https:\/\/mps.digital-monkey.in\/de\/wp-json\/wp\/v2\/types\/product"}],"replies":[{"embeddable":true,"href":"https:\/\/mps.digital-monkey.in\/de\/wp-json\/wp\/v2\/comments?post=42604"}],"wp:featuredmedia":[{"embeddable":true,"href":"https:\/\/mps.digital-monkey.in\/de\/wp-json\/wp\/v2\/media\/42605"}],"wp:attachment":[{"href":"https:\/\/mps.digital-monkey.in\/de\/wp-json\/wp\/v2\/media?parent=42604"}],"wp:term":[{"taxonomy":"product_brand","embeddable":true,"href":"https:\/\/mps.digital-monkey.in\/de\/wp-json\/wp\/v2\/product_brand?post=42604"},{"taxonomy":"product_cat","embeddable":true,"href":"https:\/\/mps.digital-monkey.in\/de\/wp-json\/wp\/v2\/product_cat?post=42604"},{"taxonomy":"product_tag","embeddable":true,"href":"https:\/\/mps.digital-monkey.in\/de\/wp-json\/wp\/v2\/product_tag?post=42604"}],"curies":[{"name":"wp","href":"https:\/\/api.w.org\/{rel}","templated":true}]}}