{"id":42614,"date":"2025-11-14T08:42:34","date_gmt":"2025-11-14T08:42:34","guid":{"rendered":"https:\/\/mps.digital-monkey.in\/product\/volvo-penta-anodensatz-290-c-duo-prop-zink-komplett-mit-befestigungsmaterial\/"},"modified":"2025-12-18T10:43:03","modified_gmt":"2025-12-18T10:43:03","slug":"volvo-penta-anodensatz-290-c-duo-prop-zink-komplett-mit-befestigungsmaterial","status":"publish","type":"product","link":"https:\/\/mps.digital-monkey.in\/de\/product\/volvo-penta-anodensatz-290-c-duo-prop-zink-komplett-mit-befestigungsmaterial\/","title":{"rendered":"Volvo Penta Anodensatz 290-C Duo Prop &#8211; Zink | Komplett mit Befestigungsmaterial"},"content":{"rendered":"<p data-start=\"545\" data-end=\"827\">Das <strong data-start=\"549\" data-end=\"596\">Volvo Penta Anoden-Kit 290-C Duo Prop &#8211; Zink<\/strong> bietet einen vollst\u00e4ndigen Korrosionsschutz f\u00fcr die Volvo Penta <strong data-start=\"656\" data-end=\"674\">290-C Duo Prop<\/strong> Z-Antriebsserie. Dieser Bausatz enth\u00e4lt alle notwendigen Zinkanoden sowie das richtige Montagematerial, so dass die Installation schnell und einfach ist. <\/p>\n<p data-start=\"829\" data-end=\"1039\">Zinkanoden sind die bevorzugte Wahl f\u00fcr Schiffe, die in <strong data-start=\"891\" data-end=\"904\">Salzwasser<\/strong> betrieben werden. Sie bieten einen starken und zuverl\u00e4ssigen Schutz gegen galvanische Korrosion an Ihrem Antrieb, den Propellern und anderen untergetauchten Metallkomponenten.<\/p>\n<p data-start=\"1041\" data-end=\"1060\"><strong data-start=\"1041\" data-end=\"1058\">Geeignet f\u00fcr:<\/strong><\/p>\n<ul data-start=\"1061\" data-end=\"1103\">\n<li data-start=\"1061\" data-end=\"1103\">\n<p data-start=\"1063\" data-end=\"1103\">Volvo Penta 290-C Duo Prop Z-Antriebe<\/p>\n<\/li>\n<\/ul>\n<p data-start=\"1105\" data-end=\"1120\"><strong data-start=\"1105\" data-end=\"1118\">Material:<\/strong><\/p>\n<ul data-start=\"1121\" data-end=\"1174\">\n<li data-start=\"1121\" data-end=\"1174\">\n<p data-start=\"1123\" data-end=\"1174\"><strong data-start=\"1123\" data-end=\"1131\">Zink<\/strong> &#8211; empfohlen f\u00fcr Salzwasserumgebungen<\/p>\n<\/li>\n<\/ul>\n<p data-start=\"1176\" data-end=\"1195\"><strong data-start=\"1176\" data-end=\"1193\">Das Kit enth\u00e4lt:<\/strong><\/p>\n<ul data-start=\"1196\" data-end=\"1277\">\n<li data-start=\"1196\" data-end=\"1242\">\n<p data-start=\"1198\" data-end=\"1242\">Kompletter Zinkanodensatz f\u00fcr 290-C Duo Prop<\/p>\n<\/li>\n<li data-start=\"1243\" data-end=\"1277\">\n<p data-start=\"1245\" data-end=\"1277\">Alle erforderlichen Montageteile<\/p>\n<\/li>\n<\/ul>\n<p data-start=\"1279\" data-end=\"1298\"><strong data-start=\"1279\" data-end=\"1296\">Wichtige Merkmale:<\/strong><\/p>\n<ul data-start=\"1299\" data-end=\"1542\">\n<li data-start=\"1299\" data-end=\"1362\">\n<p data-start=\"1301\" data-end=\"1362\">Speziell f\u00fcr Volvo Penta 290-C Duo Prop-Antriebe entwickelt<\/p>\n<\/li>\n<li data-start=\"1363\" data-end=\"1407\">\n<p data-start=\"1365\" data-end=\"1407\">Ausgezeichneter Schutz vor Salzwasser-Korrosion<\/p>\n<\/li>\n<li data-start=\"1408\" data-end=\"1445\">\n<p data-start=\"1410\" data-end=\"1445\">Kompletter Satz f\u00fcr einfachen Austausch<\/p>\n<\/li>\n<li data-start=\"1446\" data-end=\"1509\">\n<p data-start=\"1448\" data-end=\"1509\">Verl\u00e4ngert die Lebensdauer Ihres Z-Antriebs und der Propeller<\/p>\n<\/li>\n<li data-start=\"1510\" data-end=\"1542\">\n<p data-start=\"1512\" data-end=\"1542\">Hochwertige, langlebige Anoden<\/p>\n<\/li>\n<\/ul>\n","protected":false},"excerpt":{"rendered":"<p>Das Volvo Penta Anoden-Kit 290-C Duo Prop &#8211; Zink bietet einen vollst\u00e4ndigen Korrosionsschutz f\u00fcr die Volvo Penta 290-C Duo Prop Z-Antriebsserie. Dieser Bausatz enth\u00e4lt alle notwendigen Zinkanoden sowie das richtige Montagematerial, so dass die Installation schnell und einfach ist. Zinkanoden sind die bevorzugte Wahl f\u00fcr Schiffe, die in Salzwasser betrieben werden. Sie bieten einen starken [&hellip;]<\/p>\n","protected":false},"featured_media":42615,"comment_status":"open","ping_status":"closed","template":"","meta":[],"product_brand":[4230],"product_cat":[3286,4488,2498,4308,4523,4526],"product_tag":[],"class_list":{"0":"post-42614","1":"product","2":"type-product","3":"status-publish","4":"has-post-thumbnail","6":"product_brand-volvo-penta","7":"product_cat-anoden","8":"product_cat-brauchen-sie-volvo-penta-teile","9":"product_cat-ersatzteile-fur-motoren","10":"product_cat-volvo-penta","11":"product_cat-volvo-penta-anoden","12":"product_cat-volvo-penta-service-teile","13":"pa_condition-neu","14":"pa_oem-or-aftermarket-aftermarket","16":"first","17":"onbackorder","18":"sale","19":"taxable","20":"shipping-taxable","21":"purchasable","22":"product-type-simple"},"supplier_id":45614,"supplier_sku":"KITVOLVODP290-AL-C","barcode":null,"atum_controlled":true,"out_stock_date":"2025-11-21 12:41:23","out_stock_threshold":null,"inheritable":false,"inbound_stock":0,"stock_on_hold":0,"sold_today":0,"sales_last_days":0,"reserved_stock":0,"customer_returns":0,"warehouse_damage":0,"lost_in_post":0,"other_logs":0,"out_stock_days":68,"lost_sales":0,"has_location":false,"update_date":"2026-01-29T09:11:17","atum_locations":[],"atum_stock_status":"onbackorder","restock_status":false,"low_stock_amount":1,"sales_update_date":"2026-01-29T09:11:17","calc_backorders":null,"_links":{"self":[{"href":"https:\/\/mps.digital-monkey.in\/de\/wp-json\/wp\/v2\/product\/42614","targetHints":{"allow":["GET"]}}],"collection":[{"href":"https:\/\/mps.digital-monkey.in\/de\/wp-json\/wp\/v2\/product"}],"about":[{"href":"https:\/\/mps.digital-monkey.in\/de\/wp-json\/wp\/v2\/types\/product"}],"replies":[{"embeddable":true,"href":"https:\/\/mps.digital-monkey.in\/de\/wp-json\/wp\/v2\/comments?post=42614"}],"wp:featuredmedia":[{"embeddable":true,"href":"https:\/\/mps.digital-monkey.in\/de\/wp-json\/wp\/v2\/media\/42615"}],"wp:attachment":[{"href":"https:\/\/mps.digital-monkey.in\/de\/wp-json\/wp\/v2\/media?parent=42614"}],"wp:term":[{"taxonomy":"product_brand","embeddable":true,"href":"https:\/\/mps.digital-monkey.in\/de\/wp-json\/wp\/v2\/product_brand?post=42614"},{"taxonomy":"product_cat","embeddable":true,"href":"https:\/\/mps.digital-monkey.in\/de\/wp-json\/wp\/v2\/product_cat?post=42614"},{"taxonomy":"product_tag","embeddable":true,"href":"https:\/\/mps.digital-monkey.in\/de\/wp-json\/wp\/v2\/product_tag?post=42614"}],"curies":[{"name":"wp","href":"https:\/\/api.w.org\/{rel}","templated":true}]}}