{"id":42653,"date":"2025-11-14T10:06:26","date_gmt":"2025-11-14T10:06:26","guid":{"rendered":"https:\/\/mps.digital-monkey.in\/product\/volvo-penta-anodenkit-sx-zink-komplett-mit-hardware\/"},"modified":"2025-12-18T10:43:16","modified_gmt":"2025-12-18T10:43:16","slug":"volvo-penta-anodenkit-sx-zink-komplett-mit-hardware","status":"publish","type":"product","link":"https:\/\/mps.digital-monkey.in\/de\/product\/volvo-penta-anodenkit-sx-zink-komplett-mit-hardware\/","title":{"rendered":"Volvo Penta Anodenkit SX &#8211; Zink | Komplett mit Hardware"},"content":{"rendered":"<p data-start=\"491\" data-end=\"768\">Der <strong data-start=\"495\" data-end=\"530\">Volvo Penta Anodensatz SX &#8211; Zink<\/strong> bietet einen vollst\u00e4ndigen Korrosionsschutz f\u00fcr Volvo Penta <strong data-start=\"586\" data-end=\"604\">SX Z-Antriebe<\/strong>, die in <strong data-start=\"618\" data-end=\"644\">Salzwasser<\/strong> betrieben werden. Dieser Satz enth\u00e4lt alle erforderlichen Zinkanoden sowie das richtige Befestigungsmaterial, so dass der Austausch schnell und zuverl\u00e4ssig erfolgt. <\/p>\n<p data-start=\"770\" data-end=\"950\">Zinkanoden sind der Industriestandard f\u00fcr den Einsatz im Salzwasser und bieten einen starken Schutz vor galvanischer Korrosion, der die Lebensdauer Ihres Z-Antriebs und der Propellerkomponenten verl\u00e4ngert.<\/p>\n<p data-start=\"952\" data-end=\"971\"><strong data-start=\"952\" data-end=\"969\">Geeignet f\u00fcr:<\/strong><\/p>\n<ul data-start=\"972\" data-end=\"1002\">\n<li data-start=\"972\" data-end=\"1002\">\n<p data-start=\"974\" data-end=\"1002\">Volvo Penta SX Z-Antriebe<\/p>\n<\/li>\n<\/ul>\n<p data-start=\"1004\" data-end=\"1019\"><strong data-start=\"1004\" data-end=\"1017\">Material:<\/strong><\/p>\n<ul data-start=\"1020\" data-end=\"1073\">\n<li data-start=\"1020\" data-end=\"1073\">\n<p data-start=\"1022\" data-end=\"1073\"><strong data-start=\"1022\" data-end=\"1030\">Zink<\/strong> &#8211; empfohlen f\u00fcr Salzwasseranwendungen<\/p>\n<\/li>\n<\/ul>\n<h3 data-start=\"1080\" data-end=\"1105\">\u2b50 <strong data-start=\"1086\" data-end=\"1103\">Hauptmerkmale:<\/strong><\/h3>\n<ul data-start=\"1106\" data-end=\"1359\">\n<li data-start=\"1106\" data-end=\"1152\">\n<p data-start=\"1108\" data-end=\"1152\">Kompletter Zinkanodensatz f\u00fcr Volvo Penta SX<\/p>\n<\/li>\n<li data-start=\"1153\" data-end=\"1203\">\n<p data-start=\"1155\" data-end=\"1203\">Ausgezeichneter Schutz in Salzwasserumgebungen<\/p>\n<\/li>\n<li data-start=\"1204\" data-end=\"1247\">\n<p data-start=\"1206\" data-end=\"1247\">Inklusive aller erforderlichen Montageteile<\/p>\n<\/li>\n<li data-start=\"1248\" data-end=\"1309\">\n<p data-start=\"1250\" data-end=\"1309\">Verhindert galvanische Korrosion an Z-Antrieben und Propellern<\/p>\n<\/li>\n<li data-start=\"1310\" data-end=\"1359\">\n<p data-start=\"1312\" data-end=\"1359\">Langlebig und passgenau f\u00fcr eine einfache Installation<\/p>\n<\/li>\n<\/ul>\n","protected":false},"excerpt":{"rendered":"<p>Der Volvo Penta Anodensatz SX &#8211; Zink bietet einen vollst\u00e4ndigen Korrosionsschutz f\u00fcr Volvo Penta SX Z-Antriebe, die in Salzwasser betrieben werden. Dieser Satz enth\u00e4lt alle erforderlichen Zinkanoden sowie das richtige Befestigungsmaterial, so dass der Austausch schnell und zuverl\u00e4ssig erfolgt. Zinkanoden sind der Industriestandard f\u00fcr den Einsatz im Salzwasser und bieten einen starken Schutz vor galvanischer [&hellip;]<\/p>\n","protected":false},"featured_media":42654,"comment_status":"open","ping_status":"closed","template":"","meta":[],"product_brand":[4230],"product_cat":[3286,4488,2498,4308,4523,4526],"product_tag":[],"class_list":{"0":"post-42653","1":"product","2":"type-product","3":"status-publish","4":"has-post-thumbnail","6":"product_brand-volvo-penta","7":"product_cat-anoden","8":"product_cat-brauchen-sie-volvo-penta-teile","9":"product_cat-ersatzteile-fur-motoren","10":"product_cat-volvo-penta","11":"product_cat-volvo-penta-anoden","12":"product_cat-volvo-penta-service-teile","13":"pa_condition-neu","14":"pa_oem-or-aftermarket-aftermarket","16":"first","17":"onbackorder","18":"sale","19":"taxable","20":"shipping-taxable","21":"purchasable","22":"product-type-simple"},"supplier_id":45614,"supplier_sku":"KITVOLVOSX","barcode":null,"atum_controlled":true,"out_stock_date":"2025-11-21 12:41:12","out_stock_threshold":null,"inheritable":false,"inbound_stock":0,"stock_on_hold":0,"sold_today":0,"sales_last_days":0,"reserved_stock":0,"customer_returns":0,"warehouse_damage":0,"lost_in_post":0,"other_logs":0,"out_stock_days":26,"lost_sales":0,"has_location":false,"update_date":"2025-12-18T10:43:48","atum_locations":[],"atum_stock_status":"onbackorder","restock_status":false,"low_stock_amount":1,"sales_update_date":"2025-12-18T10:39:49","calc_backorders":null,"_links":{"self":[{"href":"https:\/\/mps.digital-monkey.in\/de\/wp-json\/wp\/v2\/product\/42653","targetHints":{"allow":["GET"]}}],"collection":[{"href":"https:\/\/mps.digital-monkey.in\/de\/wp-json\/wp\/v2\/product"}],"about":[{"href":"https:\/\/mps.digital-monkey.in\/de\/wp-json\/wp\/v2\/types\/product"}],"replies":[{"embeddable":true,"href":"https:\/\/mps.digital-monkey.in\/de\/wp-json\/wp\/v2\/comments?post=42653"}],"wp:featuredmedia":[{"embeddable":true,"href":"https:\/\/mps.digital-monkey.in\/de\/wp-json\/wp\/v2\/media\/42654"}],"wp:attachment":[{"href":"https:\/\/mps.digital-monkey.in\/de\/wp-json\/wp\/v2\/media?parent=42653"}],"wp:term":[{"taxonomy":"product_brand","embeddable":true,"href":"https:\/\/mps.digital-monkey.in\/de\/wp-json\/wp\/v2\/product_brand?post=42653"},{"taxonomy":"product_cat","embeddable":true,"href":"https:\/\/mps.digital-monkey.in\/de\/wp-json\/wp\/v2\/product_cat?post=42653"},{"taxonomy":"product_tag","embeddable":true,"href":"https:\/\/mps.digital-monkey.in\/de\/wp-json\/wp\/v2\/product_tag?post=42653"}],"curies":[{"name":"wp","href":"https:\/\/api.w.org\/{rel}","templated":true}]}}