{"id":42663,"date":"2025-11-14T10:21:58","date_gmt":"2025-11-14T10:21:58","guid":{"rendered":"https:\/\/mps.digital-monkey.in\/product\/volvo-penta-anodenkit-sx-dp-sm-aluminium-komplett-mit-hardware\/"},"modified":"2025-12-18T10:43:21","modified_gmt":"2025-12-18T10:43:21","slug":"volvo-penta-anodenkit-sx-dp-sm-aluminium-komplett-mit-hardware","status":"publish","type":"product","link":"https:\/\/mps.digital-monkey.in\/de\/product\/volvo-penta-anodenkit-sx-dp-sm-aluminium-komplett-mit-hardware\/","title":{"rendered":"Volvo Penta Anodenkit SX \/ DP-SM &#8211; Aluminium | Komplett mit Hardware"},"content":{"rendered":"<p data-start=\"459\" data-end=\"725\">Der <strong data-start=\"463\" data-end=\"511\">Volvo Penta Anodensatz SX \/ DP-SM &#8211; Aluminium<\/strong> ist ein kompletter Korrosionsschutzsatz f\u00fcr <strong data-start=\"564\" data-end=\"604\">Volvo Penta SX und DP-SM Z-Antriebe<\/strong>. Dieser Anodensatz aus Aluminium enth\u00e4lt alle erforderlichen Befestigungselemente f\u00fcr eine einfache Installation und eine zuverl\u00e4ssige Montage. <\/p>\n<p data-start=\"727\" data-end=\"1011\">Aluminiumanoden sind die optimale Wahl f\u00fcr <strong data-start=\"771\" data-end=\"789\">Brackwasser<\/strong> und <strong data-start=\"794\" data-end=\"816\">gemischte Umgebungen<\/strong> und bieten im Vergleich zu herk\u00f6mmlichem Zink einen besseren und l\u00e4nger anhaltenden Schutz. Dies gew\u00e4hrleistet, dass Ihr Z-Antrieb, Ihre Propeller und Unterwasserkomponenten vor galvanischer Korrosion gesch\u00fctzt bleiben. <\/p>\n<p data-start=\"1013\" data-end=\"1032\"><strong data-start=\"1013\" data-end=\"1030\">Geeignet f\u00fcr:<\/strong><\/p>\n<ul data-start=\"1033\" data-end=\"1097\">\n<li data-start=\"1033\" data-end=\"1063\">\n<p data-start=\"1035\" data-end=\"1063\">Volvo Penta SX Z-Antriebe<\/p>\n<\/li>\n<li data-start=\"1064\" data-end=\"1097\">\n<p data-start=\"1066\" data-end=\"1097\">Volvo Penta DP-SM Z-Antriebe<\/p>\n<\/li>\n<\/ul>\n<p data-start=\"1099\" data-end=\"1114\"><strong data-start=\"1099\" data-end=\"1112\">Material:<\/strong><\/p>\n<ul data-start=\"1115\" data-end=\"1175\">\n<li data-start=\"1115\" data-end=\"1175\">\n<p data-start=\"1117\" data-end=\"1175\"><strong data-start=\"1117\" data-end=\"1130\">Aluminium<\/strong> &#8211; empfohlen f\u00fcr brackige oder gemischte Gew\u00e4sser<\/p>\n<\/li>\n<\/ul>\n<h3 data-start=\"1182\" data-end=\"1207\"><strong data-start=\"1188\" data-end=\"1205\">Wichtige Merkmale:<\/strong><\/h3>\n<ul data-start=\"1208\" data-end=\"1443\">\n<li data-start=\"1208\" data-end=\"1267\">\n<p data-start=\"1210\" data-end=\"1267\">Kompletter Aluminium-Anodensatz f\u00fcr Volvo Penta SX \/ DP-SM<\/p>\n<\/li>\n<li data-start=\"1268\" data-end=\"1331\">\n<p data-start=\"1270\" data-end=\"1331\">Ausgezeichneter Schutz in Brack- und Mischwasserbedingungen<\/p>\n<\/li>\n<li data-start=\"1332\" data-end=\"1366\">\n<p data-start=\"1334\" data-end=\"1366\">Inklusive aller Befestigungselemente<\/p>\n<\/li>\n<li data-start=\"1367\" data-end=\"1404\">\n<p data-start=\"1369\" data-end=\"1404\">Lang anhaltender Korrosionsschutz<\/p>\n<\/li>\n<li data-start=\"1405\" data-end=\"1443\">\n<p data-start=\"1407\" data-end=\"1443\">Genaue Passform f\u00fcr einfache Installation<\/p>\n<\/li>\n<\/ul>\n","protected":false},"excerpt":{"rendered":"<p>Der Volvo Penta Anodensatz SX \/ DP-SM &#8211; Aluminium ist ein kompletter Korrosionsschutzsatz f\u00fcr Volvo Penta SX und DP-SM Z-Antriebe. Dieser Anodensatz aus Aluminium enth\u00e4lt alle erforderlichen Befestigungselemente f\u00fcr eine einfache Installation und eine zuverl\u00e4ssige Montage. Aluminiumanoden sind die optimale Wahl f\u00fcr Brackwasser und gemischte Umgebungen und bieten im Vergleich zu herk\u00f6mmlichem Zink einen besseren [&hellip;]<\/p>\n","protected":false},"featured_media":42664,"comment_status":"open","ping_status":"closed","template":"","meta":[],"product_brand":[4230],"product_cat":[3286,4488,2498,4308,4523,4526],"product_tag":[],"class_list":{"0":"post-42663","1":"product","2":"type-product","3":"status-publish","4":"has-post-thumbnail","6":"product_brand-volvo-penta","7":"product_cat-anoden","8":"product_cat-brauchen-sie-volvo-penta-teile","9":"product_cat-ersatzteile-fur-motoren","10":"product_cat-volvo-penta","11":"product_cat-volvo-penta-anoden","12":"product_cat-volvo-penta-service-teile","13":"pa_condition-neu","14":"pa_oem-or-aftermarket-aftermarket","16":"first","17":"onbackorder","18":"sale","19":"taxable","20":"shipping-taxable","21":"purchasable","22":"product-type-simple"},"supplier_id":45614,"supplier_sku":"KITVOLVOSX\/AL","barcode":null,"atum_controlled":true,"out_stock_date":"2025-11-21 12:41:07","out_stock_threshold":null,"inheritable":false,"inbound_stock":0,"stock_on_hold":0,"sold_today":0,"sales_last_days":0,"reserved_stock":0,"customer_returns":0,"warehouse_damage":0,"lost_in_post":0,"other_logs":0,"out_stock_days":68,"lost_sales":0,"has_location":false,"update_date":"2026-01-29T09:11:18","atum_locations":[],"atum_stock_status":"onbackorder","restock_status":false,"low_stock_amount":1,"sales_update_date":"2026-01-29T09:11:18","calc_backorders":null,"_links":{"self":[{"href":"https:\/\/mps.digital-monkey.in\/de\/wp-json\/wp\/v2\/product\/42663","targetHints":{"allow":["GET"]}}],"collection":[{"href":"https:\/\/mps.digital-monkey.in\/de\/wp-json\/wp\/v2\/product"}],"about":[{"href":"https:\/\/mps.digital-monkey.in\/de\/wp-json\/wp\/v2\/types\/product"}],"replies":[{"embeddable":true,"href":"https:\/\/mps.digital-monkey.in\/de\/wp-json\/wp\/v2\/comments?post=42663"}],"wp:featuredmedia":[{"embeddable":true,"href":"https:\/\/mps.digital-monkey.in\/de\/wp-json\/wp\/v2\/media\/42664"}],"wp:attachment":[{"href":"https:\/\/mps.digital-monkey.in\/de\/wp-json\/wp\/v2\/media?parent=42663"}],"wp:term":[{"taxonomy":"product_brand","embeddable":true,"href":"https:\/\/mps.digital-monkey.in\/de\/wp-json\/wp\/v2\/product_brand?post=42663"},{"taxonomy":"product_cat","embeddable":true,"href":"https:\/\/mps.digital-monkey.in\/de\/wp-json\/wp\/v2\/product_cat?post=42663"},{"taxonomy":"product_tag","embeddable":true,"href":"https:\/\/mps.digital-monkey.in\/de\/wp-json\/wp\/v2\/product_tag?post=42663"}],"curies":[{"name":"wp","href":"https:\/\/api.w.org\/{rel}","templated":true}]}}