{"id":42672,"date":"2025-11-14T10:28:53","date_gmt":"2025-11-14T10:28:53","guid":{"rendered":"https:\/\/mps.digital-monkey.in\/product\/volvo-penta-anodensatz-sx-dp-sm-magnesium-komplett-mit-hardware\/"},"modified":"2025-12-18T10:43:29","modified_gmt":"2025-12-18T10:43:29","slug":"volvo-penta-anodensatz-sx-dp-sm-magnesium-komplett-mit-hardware","status":"publish","type":"product","link":"https:\/\/mps.digital-monkey.in\/de\/produkt\/volvo-penta-anodensatz-sx-dp-sm-magnesium-komplett-mit-hardware\/","title":{"rendered":"Volvo Penta Anodensatz SX \/ DP-SM - Magnesium | Komplett mit Hardware"},"content":{"rendered":"<p data-start=\"499\" data-end=\"796\">Das <strong data-start=\"503\" data-end=\"551\">Volvo Penta Anoden-Kit SX \/ DP-SM - Magnesium<\/strong> bietet vollst\u00e4ndigen Korrosionsschutz f\u00fcr <strong data-start=\"595\" data-end=\"635\">Volvo Penta SX und DP-SM Z-Antriebe<\/strong>, die in <strong data-start=\"649\" data-end=\"676\">S\u00fc\u00dfwasser<\/strong> betrieben werden. Dieser Satz enth\u00e4lt hochwertige Magnesiumanoden und alle erforderlichen Montageteile f\u00fcr eine einfache und sichere Installation. <\/p>\n<p data-start=\"798\" data-end=\"1064\">Magnesiumanoden sind das aktivste Anodenmaterial und bieten einen hervorragenden Schutz gegen galvanische Korrosion in S\u00fc\u00dfwasser. Dies gew\u00e4hrleistet, dass Ihr Z-Antrieb, Propeller und andere untergetauchte Komponenten gut gesch\u00fctzt bleiben und ihre Lebensdauer verl\u00e4ngert wird. <\/p>\n<p data-start=\"1066\" data-end=\"1085\"><strong data-start=\"1066\" data-end=\"1083\">Geeignet f\u00fcr:<\/strong><\/p>\n<ul data-start=\"1086\" data-end=\"1150\">\n<li data-start=\"1086\" data-end=\"1116\">\n<p data-start=\"1088\" data-end=\"1116\">Volvo Penta SX Z-Antriebe<\/p>\n<\/li>\n<li data-start=\"1117\" data-end=\"1150\">\n<p data-start=\"1119\" data-end=\"1150\">Volvo Penta DP-SM Z-Antriebe<\/p>\n<\/li>\n<\/ul>\n<p data-start=\"1152\" data-end=\"1167\"><strong data-start=\"1152\" data-end=\"1165\">Material:<\/strong><\/p>\n<ul data-start=\"1168\" data-end=\"1213\">\n<li data-start=\"1168\" data-end=\"1213\">\n<p data-start=\"1170\" data-end=\"1213\"><strong data-start=\"1170\" data-end=\"1188\">Magnesium (Mg)<\/strong> - ideal f\u00fcr S\u00fc\u00dfwasser<\/p>\n<\/li>\n<\/ul>\n<h3 data-start=\"1220\" data-end=\"1260\"><strong data-start=\"1226\" data-end=\"1258\">Inhalt und Hauptmerkmale des Kits:<\/strong><\/h3>\n<ul data-start=\"1261\" data-end=\"1523\">\n<li data-start=\"1261\" data-end=\"1320\">\n<p data-start=\"1263\" data-end=\"1320\">Kompletter Magnesiumanodensatz f\u00fcr SX \/ DP-SM Z-Antriebe<\/p>\n<\/li>\n<li data-start=\"1321\" data-end=\"1365\">\n<p data-start=\"1323\" data-end=\"1365\">Inklusive aller notwendigen Montageteile<\/p>\n<\/li>\n<li data-start=\"1366\" data-end=\"1412\">\n<p data-start=\"1368\" data-end=\"1412\">Maximaler Korrosionsschutz in S\u00fc\u00dfwasser<\/p>\n<\/li>\n<li data-start=\"1413\" data-end=\"1486\">\n<p data-start=\"1415\" data-end=\"1486\">Sch\u00fctzt Z-Antrieb, Propeller und andere untergetauchte Metallteile<\/p>\n<\/li>\n<li data-start=\"1487\" data-end=\"1523\">\n<p data-start=\"1489\" data-end=\"1523\">Einfacher Einbau mit pr\u00e4ziser Passform<\/p>\n<\/li>\n<\/ul>\n","protected":false},"excerpt":{"rendered":"<p>Das Volvo Penta Anoden-Kit SX \/ DP-SM - Magnesium bietet vollst\u00e4ndigen Korrosionsschutz f\u00fcr Volvo Penta SX und DP-SM Z-Antriebe, die in S\u00fc\u00dfwasser betrieben werden. Dieser Satz enth\u00e4lt hochwertige Magnesiumanoden und alle erforderlichen Montageteile f\u00fcr eine einfache und sichere Installation. Magnesiumanoden sind das aktivste Anodenmaterial und bieten einen hervorragenden Schutz gegen galvanische Korrosion in S\u00fc\u00dfwasser. Dies [&hellip;]<\/p>\n","protected":false},"featured_media":42673,"comment_status":"open","ping_status":"closed","template":"","meta":[],"product_brand":[4230],"product_cat":[3286,4488,2498,4308,4523,4526],"product_tag":[],"class_list":{"0":"post-42672","1":"product","2":"type-product","3":"status-publish","4":"has-post-thumbnail","6":"product_brand-volvo-penta","7":"product_cat-anoden","8":"product_cat-brauchen-sie-volvo-penta-teile","9":"product_cat-ersatzteile-fur-motoren","10":"product_cat-volvo-penta","11":"product_cat-volvo-penta-anoden","12":"product_cat-volvo-penta-service-teile","13":"pa_condition-neu","14":"pa_oem-or-aftermarket-aftermarket","16":"first","17":"onbackorder","18":"sale","19":"taxable","20":"shipping-taxable","21":"purchasable","22":"product-type-simple"},"supplier_id":45614,"supplier_sku":"KITVOLVOSX-MG","barcode":null,"atum_controlled":true,"out_stock_date":"2025-11-21 12:41:01","out_stock_threshold":null,"inheritable":false,"inbound_stock":0,"stock_on_hold":0,"sold_today":0,"sales_last_days":0,"reserved_stock":0,"customer_returns":0,"warehouse_damage":0,"lost_in_post":0,"other_logs":0,"out_stock_days":26,"lost_sales":0,"has_location":false,"update_date":"2025-12-18T10:43:48","atum_locations":[],"atum_stock_status":"onbackorder","restock_status":false,"low_stock_amount":1,"sales_update_date":"2025-12-18T10:39:49","calc_backorders":null,"_links":{"self":[{"href":"https:\/\/mps.digital-monkey.in\/de\/wp-json\/wp\/v2\/product\/42672","targetHints":{"allow":["GET"]}}],"collection":[{"href":"https:\/\/mps.digital-monkey.in\/de\/wp-json\/wp\/v2\/product"}],"about":[{"href":"https:\/\/mps.digital-monkey.in\/de\/wp-json\/wp\/v2\/types\/product"}],"replies":[{"embeddable":true,"href":"https:\/\/mps.digital-monkey.in\/de\/wp-json\/wp\/v2\/comments?post=42672"}],"wp:featuredmedia":[{"embeddable":true,"href":"https:\/\/mps.digital-monkey.in\/de\/wp-json\/wp\/v2\/media\/42673"}],"wp:attachment":[{"href":"https:\/\/mps.digital-monkey.in\/de\/wp-json\/wp\/v2\/media?parent=42672"}],"wp:term":[{"taxonomy":"product_brand","embeddable":true,"href":"https:\/\/mps.digital-monkey.in\/de\/wp-json\/wp\/v2\/product_brand?post=42672"},{"taxonomy":"product_cat","embeddable":true,"href":"https:\/\/mps.digital-monkey.in\/de\/wp-json\/wp\/v2\/product_cat?post=42672"},{"taxonomy":"product_tag","embeddable":true,"href":"https:\/\/mps.digital-monkey.in\/de\/wp-json\/wp\/v2\/product_tag?post=42672"}],"curies":[{"name":"wp","href":"https:\/\/api.w.org\/{rel}","templated":true}]}}