{"id":42680,"date":"2025-11-14T11:01:21","date_gmt":"2025-11-14T11:01:21","guid":{"rendered":"https:\/\/mps.digital-monkey.in\/product\/volvo-penta-anodensatz-dph-dpr-zink-komplett-mit-hardware\/"},"modified":"2025-12-18T10:43:33","modified_gmt":"2025-12-18T10:43:33","slug":"volvo-penta-anodensatz-dph-dpr-zink-komplett-mit-hardware","status":"publish","type":"product","link":"https:\/\/mps.digital-monkey.in\/de\/product\/volvo-penta-anodensatz-dph-dpr-zink-komplett-mit-hardware\/","title":{"rendered":"Volvo Penta Anodensatz DPH\/DPR &#8211; Zink | Komplett mit Hardware"},"content":{"rendered":"<p data-start=\"509\" data-end=\"765\">Das <strong data-start=\"513\" data-end=\"553\">Volvo Penta Anoden-Kit DPH\/DPR &#8211; Zink<\/strong> bietet umfassenden Korrosionsschutz f\u00fcr <strong data-start=\"593\" data-end=\"632\">Volvo Penta DPH und DPR Z-Antriebe<\/strong>. Dieser komplette Satz enth\u00e4lt hochwertige Zinkanoden zusammen mit dem erforderlichen Befestigungsmaterial f\u00fcr eine schnelle und zuverl\u00e4ssige Installation. <\/p>\n<p data-start=\"767\" data-end=\"956\">Zinkanoden sind die empfohlene Wahl f\u00fcr den <strong data-start=\"810\" data-end=\"827\">Einsatz im Salzwasser<\/strong> und bieten dauerhaften Schutz vor galvanischer Korrosion f\u00fcr Ihren Z-Antrieb, die Schiffsschraube und andere unter Wasser liegende Metallteile.<\/p>\n<p data-start=\"958\" data-end=\"977\"><strong data-start=\"958\" data-end=\"975\">Geeignet f\u00fcr:<\/strong><\/p>\n<ul data-start=\"978\" data-end=\"1041\">\n<li data-start=\"978\" data-end=\"1009\">\n<p data-start=\"980\" data-end=\"1009\">Volvo Penta DPH Z-Antriebe<\/p>\n<\/li>\n<li data-start=\"1010\" data-end=\"1041\">\n<p data-start=\"1012\" data-end=\"1041\">Volvo Penta DPR Z-Antriebe<\/p>\n<\/li>\n<\/ul>\n<p data-start=\"1043\" data-end=\"1058\"><strong data-start=\"1043\" data-end=\"1056\">Material:<\/strong><\/p>\n<ul data-start=\"1059\" data-end=\"1106\">\n<li data-start=\"1059\" data-end=\"1106\">\n<p data-start=\"1061\" data-end=\"1106\"><strong data-start=\"1061\" data-end=\"1069\">Zink<\/strong> &#8211; ideal f\u00fcr Salzwasserumgebungen<\/p>\n<\/li>\n<\/ul>\n<h3 data-start=\"1113\" data-end=\"1136\"><strong data-start=\"1117\" data-end=\"1134\">Inhalt des Kits:<\/strong><\/h3>\n<ul data-start=\"1137\" data-end=\"1164\">\n<li data-start=\"1137\" data-end=\"1150\">\n<p data-start=\"1139\" data-end=\"1150\">1 \u00d7 00733<\/p>\n<\/li>\n<li data-start=\"1151\" data-end=\"1164\">\n<p data-start=\"1153\" data-end=\"1164\">1 \u00d7 00735<\/p>\n<\/li>\n<\/ul>\n<h3 data-start=\"1171\" data-end=\"1196\"><strong data-start=\"1177\" data-end=\"1194\">Wichtige Merkmale:<\/strong><\/h3>\n<ul data-start=\"1197\" data-end=\"1465\">\n<li data-start=\"1197\" data-end=\"1255\">\n<p data-start=\"1199\" data-end=\"1255\">Kompletter Zinkanodensatz f\u00fcr Volvo Penta DPH\/DPR Antriebe<\/p>\n<\/li>\n<li data-start=\"1256\" data-end=\"1303\">\n<p data-start=\"1258\" data-end=\"1303\">Ausgezeichneter Korrosionsschutz in Salzwasser<\/p>\n<\/li>\n<li data-start=\"1304\" data-end=\"1347\">\n<p data-start=\"1306\" data-end=\"1347\">Inklusive aller erforderlichen Montageteile<\/p>\n<\/li>\n<li data-start=\"1348\" data-end=\"1405\">\n<p data-start=\"1350\" data-end=\"1405\">Sch\u00fctzt Z-Antrieb, Propeller und untergetauchte Metallteile<\/p>\n<\/li>\n<li data-start=\"1406\" data-end=\"1465\">\n<p data-start=\"1408\" data-end=\"1465\">Langlebige, hochwertige Zinkanoden f\u00fcr eine lange Nutzungsdauer<\/p>\n<\/li>\n<\/ul>\n<h3 data-start=\"1472\" data-end=\"1498\"><\/h3>\n","protected":false},"excerpt":{"rendered":"<p>Das Volvo Penta Anoden-Kit DPH\/DPR &#8211; Zink bietet umfassenden Korrosionsschutz f\u00fcr Volvo Penta DPH und DPR Z-Antriebe. Dieser komplette Satz enth\u00e4lt hochwertige Zinkanoden zusammen mit dem erforderlichen Befestigungsmaterial f\u00fcr eine schnelle und zuverl\u00e4ssige Installation. Zinkanoden sind die empfohlene Wahl f\u00fcr den Einsatz im Salzwasser und bieten dauerhaften Schutz vor galvanischer Korrosion f\u00fcr Ihren Z-Antrieb, die [&hellip;]<\/p>\n","protected":false},"featured_media":42681,"comment_status":"open","ping_status":"closed","template":"","meta":[],"product_brand":[4230],"product_cat":[3286,4488,2498,4308,4523,4526],"product_tag":[],"class_list":{"0":"post-42680","1":"product","2":"type-product","3":"status-publish","4":"has-post-thumbnail","6":"product_brand-volvo-penta","7":"product_cat-anoden","8":"product_cat-brauchen-sie-volvo-penta-teile","9":"product_cat-ersatzteile-fur-motoren","10":"product_cat-volvo-penta","11":"product_cat-volvo-penta-anoden","12":"product_cat-volvo-penta-service-teile","13":"pa_condition-neu","14":"pa_oem-or-aftermarket-aftermarket","16":"first","17":"onbackorder","18":"sale","19":"taxable","20":"shipping-taxable","21":"purchasable","22":"product-type-simple"},"supplier_id":45614,"supplier_sku":"KITVOLVODPH\/DPR","barcode":null,"atum_controlled":true,"out_stock_date":"2025-11-21 12:40:56","out_stock_threshold":null,"inheritable":false,"inbound_stock":0,"stock_on_hold":0,"sold_today":0,"sales_last_days":0,"reserved_stock":0,"customer_returns":0,"warehouse_damage":0,"lost_in_post":0,"other_logs":0,"out_stock_days":26,"lost_sales":0,"has_location":false,"update_date":"2025-12-18T10:43:48","atum_locations":[],"atum_stock_status":"onbackorder","restock_status":false,"low_stock_amount":1,"sales_update_date":"2025-12-18T10:39:49","calc_backorders":null,"_links":{"self":[{"href":"https:\/\/mps.digital-monkey.in\/de\/wp-json\/wp\/v2\/product\/42680","targetHints":{"allow":["GET"]}}],"collection":[{"href":"https:\/\/mps.digital-monkey.in\/de\/wp-json\/wp\/v2\/product"}],"about":[{"href":"https:\/\/mps.digital-monkey.in\/de\/wp-json\/wp\/v2\/types\/product"}],"replies":[{"embeddable":true,"href":"https:\/\/mps.digital-monkey.in\/de\/wp-json\/wp\/v2\/comments?post=42680"}],"wp:featuredmedia":[{"embeddable":true,"href":"https:\/\/mps.digital-monkey.in\/de\/wp-json\/wp\/v2\/media\/42681"}],"wp:attachment":[{"href":"https:\/\/mps.digital-monkey.in\/de\/wp-json\/wp\/v2\/media?parent=42680"}],"wp:term":[{"taxonomy":"product_brand","embeddable":true,"href":"https:\/\/mps.digital-monkey.in\/de\/wp-json\/wp\/v2\/product_brand?post=42680"},{"taxonomy":"product_cat","embeddable":true,"href":"https:\/\/mps.digital-monkey.in\/de\/wp-json\/wp\/v2\/product_cat?post=42680"},{"taxonomy":"product_tag","embeddable":true,"href":"https:\/\/mps.digital-monkey.in\/de\/wp-json\/wp\/v2\/product_tag?post=42680"}],"curies":[{"name":"wp","href":"https:\/\/api.w.org\/{rel}","templated":true}]}}