{"id":42700,"date":"2025-11-14T12:14:01","date_gmt":"2025-11-14T12:14:01","guid":{"rendered":"https:\/\/mps.digital-monkey.in\/product\/volvo-penta-anodensatz-dph-dpr-magnesium-komplett-mit-hardware\/"},"modified":"2025-12-18T10:43:42","modified_gmt":"2025-12-18T10:43:42","slug":"volvo-penta-anodensatz-dph-dpr-magnesium-komplett-mit-hardware","status":"publish","type":"product","link":"https:\/\/mps.digital-monkey.in\/de\/product\/volvo-penta-anodensatz-dph-dpr-magnesium-komplett-mit-hardware\/","title":{"rendered":"Volvo Penta Anodensatz DPH\/DPR &#8211; Magnesium | Komplett mit Hardware"},"content":{"rendered":"<p data-start=\"492\" data-end=\"803\">Das <strong data-start=\"496\" data-end=\"541\">Volvo Penta Anoden-Kit DPH\/DPR &#8211; Magnesium<\/strong> bietet umfassenden Korrosionsschutz f\u00fcr <strong data-start=\"581\" data-end=\"620\">Volvo Penta DPH und DPR Z-Antriebe<\/strong>, die in <strong data-start=\"634\" data-end=\"661\">S\u00fc\u00dfwasser<\/strong> betrieben werden. Dieser komplette Satz enth\u00e4lt hochwertige Magnesiumanoden sowie alle erforderlichen Befestigungsteile f\u00fcr eine einfache und sichere Installation. <\/p>\n<p data-start=\"805\" data-end=\"983\">Magnesiumanoden sind das aktivste Material f\u00fcr den Korrosionsschutz in S\u00fc\u00dfwasser und bieten maximalen Schutz f\u00fcr Z-Antriebe, Propeller und andere unter Wasser liegende Komponenten.<\/p>\n<p data-start=\"985\" data-end=\"1004\"><strong data-start=\"985\" data-end=\"1002\">Geeignet f\u00fcr:<\/strong><\/p>\n<ul data-start=\"1005\" data-end=\"1068\">\n<li data-start=\"1005\" data-end=\"1036\">\n<p data-start=\"1007\" data-end=\"1036\">Volvo Penta DPH Z-Antriebe<\/p>\n<\/li>\n<li data-start=\"1037\" data-end=\"1068\">\n<p data-start=\"1039\" data-end=\"1068\">Volvo Penta DPR Z-Antriebe<\/p>\n<\/li>\n<\/ul>\n<p data-start=\"1070\" data-end=\"1085\"><strong data-start=\"1070\" data-end=\"1083\">Material:<\/strong><\/p>\n<ul data-start=\"1086\" data-end=\"1131\">\n<li data-start=\"1086\" data-end=\"1131\">\n<p data-start=\"1088\" data-end=\"1131\"><strong data-start=\"1088\" data-end=\"1106\">Magnesium (Mg)<\/strong> &#8211; ideal f\u00fcr S\u00fc\u00dfwasser<\/p>\n<\/li>\n<\/ul>\n<h3 data-start=\"1200\" data-end=\"1225\"><strong data-start=\"1206\" data-end=\"1223\">Wichtige Merkmale:<\/strong><\/h3>\n<ul data-start=\"1226\" data-end=\"1502\">\n<li data-start=\"1226\" data-end=\"1277\">\n<p data-start=\"1228\" data-end=\"1277\">Kompletter Magnesiumanodensatz f\u00fcr DPH\/DPR-Antriebe<\/p>\n<\/li>\n<li data-start=\"1278\" data-end=\"1324\">\n<p data-start=\"1280\" data-end=\"1324\">Maximaler Korrosionsschutz in S\u00fc\u00dfwasser<\/p>\n<\/li>\n<li data-start=\"1325\" data-end=\"1368\">\n<p data-start=\"1327\" data-end=\"1368\">Inklusive aller erforderlichen Montageteile<\/p>\n<\/li>\n<li data-start=\"1369\" data-end=\"1436\">\n<p data-start=\"1371\" data-end=\"1436\">Sch\u00fctzt Z-Antrieb, Propeller und andere untergetauchte Komponenten<\/p>\n<\/li>\n<li data-start=\"1437\" data-end=\"1502\">\n<p data-start=\"1439\" data-end=\"1502\">Einfache Installation mit hochwertigen, langlebigen Magnesiumanoden<\/p>\n<\/li>\n<\/ul>\n","protected":false},"excerpt":{"rendered":"<p>Das Volvo Penta Anoden-Kit DPH\/DPR &#8211; Magnesium bietet umfassenden Korrosionsschutz f\u00fcr Volvo Penta DPH und DPR Z-Antriebe, die in S\u00fc\u00dfwasser betrieben werden. Dieser komplette Satz enth\u00e4lt hochwertige Magnesiumanoden sowie alle erforderlichen Befestigungsteile f\u00fcr eine einfache und sichere Installation. Magnesiumanoden sind das aktivste Material f\u00fcr den Korrosionsschutz in S\u00fc\u00dfwasser und bieten maximalen Schutz f\u00fcr Z-Antriebe, Propeller [&hellip;]<\/p>\n","protected":false},"featured_media":42701,"comment_status":"open","ping_status":"closed","template":"","meta":[],"product_brand":[4230],"product_cat":[3286,4488,2498,4308,4523,4526],"product_tag":[],"class_list":{"0":"post-42700","1":"product","2":"type-product","3":"status-publish","4":"has-post-thumbnail","6":"product_brand-volvo-penta","7":"product_cat-anoden","8":"product_cat-brauchen-sie-volvo-penta-teile","9":"product_cat-ersatzteile-fur-motoren","10":"product_cat-volvo-penta","11":"product_cat-volvo-penta-anoden","12":"product_cat-volvo-penta-service-teile","13":"pa_condition-neu","14":"pa_oem-or-aftermarket-aftermarket","16":"first","17":"instock","18":"sale","19":"taxable","20":"shipping-taxable","21":"purchasable","22":"product-type-simple"},"supplier_id":45614,"supplier_sku":"","barcode":null,"atum_controlled":true,"out_stock_date":null,"out_stock_threshold":null,"inheritable":false,"inbound_stock":0,"stock_on_hold":0,"sold_today":0,"sales_last_days":0,"reserved_stock":0,"customer_returns":0,"warehouse_damage":0,"lost_in_post":0,"other_logs":0,"out_stock_days":0,"lost_sales":0,"has_location":false,"update_date":"2026-03-10T15:00:30","atum_locations":[],"atum_stock_status":"instock","restock_status":false,"low_stock_amount":"","sales_update_date":"2026-03-10T15:00:30","calc_backorders":null,"_links":{"self":[{"href":"https:\/\/mps.digital-monkey.in\/de\/wp-json\/wp\/v2\/product\/42700","targetHints":{"allow":["GET"]}}],"collection":[{"href":"https:\/\/mps.digital-monkey.in\/de\/wp-json\/wp\/v2\/product"}],"about":[{"href":"https:\/\/mps.digital-monkey.in\/de\/wp-json\/wp\/v2\/types\/product"}],"replies":[{"embeddable":true,"href":"https:\/\/mps.digital-monkey.in\/de\/wp-json\/wp\/v2\/comments?post=42700"}],"wp:featuredmedia":[{"embeddable":true,"href":"https:\/\/mps.digital-monkey.in\/de\/wp-json\/wp\/v2\/media\/42701"}],"wp:attachment":[{"href":"https:\/\/mps.digital-monkey.in\/de\/wp-json\/wp\/v2\/media?parent=42700"}],"wp:term":[{"taxonomy":"product_brand","embeddable":true,"href":"https:\/\/mps.digital-monkey.in\/de\/wp-json\/wp\/v2\/product_brand?post=42700"},{"taxonomy":"product_cat","embeddable":true,"href":"https:\/\/mps.digital-monkey.in\/de\/wp-json\/wp\/v2\/product_cat?post=42700"},{"taxonomy":"product_tag","embeddable":true,"href":"https:\/\/mps.digital-monkey.in\/de\/wp-json\/wp\/v2\/product_tag?post=42700"}],"curies":[{"name":"wp","href":"https:\/\/api.w.org\/{rel}","templated":true}]}}