{"id":42718,"date":"2025-11-14T12:40:02","date_gmt":"2025-11-14T12:40:02","guid":{"rendered":"https:\/\/mps.digital-monkey.in\/product\/volvo-penta-anodenkit-sxa-dpsa-aluminium-komplett-mit-hardware\/"},"modified":"2025-12-18T10:38:45","modified_gmt":"2025-12-18T10:38:45","slug":"volvo-penta-anodenkit-sxa-dpsa-aluminium-komplett-mit-hardware","status":"publish","type":"product","link":"https:\/\/mps.digital-monkey.in\/de\/product\/volvo-penta-anodenkit-sxa-dpsa-aluminium-komplett-mit-hardware\/","title":{"rendered":"Volvo Penta Anodenkit SXA \/ DPSA &#8211; Aluminium | Komplett mit Hardware"},"content":{"rendered":"<p data-start=\"515\" data-end=\"780\">Das <strong data-start=\"519\" data-end=\"567\">Volvo Penta Anoden-Kit SXA \/ DPSA &#8211; Aluminium<\/strong> bietet vollst\u00e4ndigen Korrosionsschutz f\u00fcr <strong data-start=\"611\" data-end=\"651\">Volvo Penta SXA und DPSA Z-Antriebe<\/strong>. Dieses Kit enth\u00e4lt hochwertige Aluminiumanoden sowie alle erforderlichen Montageteile f\u00fcr eine schnelle und sichere Installation. <\/p>\n<p data-start=\"782\" data-end=\"988\">Aluminiumanoden werden f\u00fcr <strong data-start=\"819\" data-end=\"860\">Brack- und Mischwasserumgebungen<\/strong> empfohlen und bieten lang anhaltenden Schutz vor galvanischer Korrosion f\u00fcr Ihren Z-Antrieb, die Schiffsschrauben und andere unter Wasser liegende Komponenten.<\/p>\n<p data-start=\"990\" data-end=\"1009\"><strong data-start=\"990\" data-end=\"1007\">Geeignet f\u00fcr:<\/strong><\/p>\n<ul data-start=\"1010\" data-end=\"1074\">\n<li data-start=\"1010\" data-end=\"1041\">\n<p data-start=\"1012\" data-end=\"1041\">Volvo Penta SXA-Heckantriebe<\/p>\n<\/li>\n<li data-start=\"1042\" data-end=\"1074\">\n<p data-start=\"1044\" data-end=\"1074\">Volvo Penta DPSA-Heckantriebe<\/p>\n<\/li>\n<\/ul>\n<p data-start=\"1076\" data-end=\"1091\"><strong data-start=\"1076\" data-end=\"1089\">Material:<\/strong><\/p>\n<ul data-start=\"1092\" data-end=\"1151\">\n<li data-start=\"1092\" data-end=\"1151\">\n<p data-start=\"1094\" data-end=\"1151\"><strong data-start=\"1094\" data-end=\"1107\">Aluminium<\/strong> &#8211; empfohlen f\u00fcr Brack- oder Mischwasser<\/p>\n<\/li>\n<\/ul>\n<h3 data-start=\"1220\" data-end=\"1245\"><strong data-start=\"1226\" data-end=\"1243\">Wichtige Merkmale:<\/strong><\/h3>\n<ul data-start=\"1246\" data-end=\"1510\">\n<li data-start=\"1246\" data-end=\"1300\">\n<p data-start=\"1248\" data-end=\"1300\">Kompletter Aluminium-Anodensatz f\u00fcr SXA \/ DPSA Antriebe<\/p>\n<\/li>\n<li data-start=\"1301\" data-end=\"1361\">\n<p data-start=\"1303\" data-end=\"1361\">Bietet Korrosionsschutz in Brack- oder Mischwasser<\/p>\n<\/li>\n<li data-start=\"1362\" data-end=\"1405\">\n<p data-start=\"1364\" data-end=\"1405\">Inklusive aller erforderlichen Montageteile<\/p>\n<\/li>\n<li data-start=\"1406\" data-end=\"1462\">\n<p data-start=\"1408\" data-end=\"1462\">Sch\u00fctzt Z-Antrieb, Propeller und untergetauchte Komponenten<\/p>\n<\/li>\n<li data-start=\"1463\" data-end=\"1510\">\n<p data-start=\"1465\" data-end=\"1510\">Langlebige, hochwertige Aluminiumanoden<\/p>\n<\/li>\n<\/ul>\n","protected":false},"excerpt":{"rendered":"<p>Das Volvo Penta Anoden-Kit SXA \/ DPSA &#8211; Aluminium bietet vollst\u00e4ndigen Korrosionsschutz f\u00fcr Volvo Penta SXA und DPSA Z-Antriebe. Dieses Kit enth\u00e4lt hochwertige Aluminiumanoden sowie alle erforderlichen Montageteile f\u00fcr eine schnelle und sichere Installation. Aluminiumanoden werden f\u00fcr Brack- und Mischwasserumgebungen empfohlen und bieten lang anhaltenden Schutz vor galvanischer Korrosion f\u00fcr Ihren Z-Antrieb, die Schiffsschrauben und [&hellip;]<\/p>\n","protected":false},"featured_media":42719,"comment_status":"open","ping_status":"closed","template":"","meta":[],"product_brand":[4230],"product_cat":[3286,4488,2498,4308,4523,4526],"product_tag":[],"class_list":{"0":"post-42718","1":"product","2":"type-product","3":"status-publish","4":"has-post-thumbnail","6":"product_brand-volvo-penta","7":"product_cat-anoden","8":"product_cat-brauchen-sie-volvo-penta-teile","9":"product_cat-ersatzteile-fur-motoren","10":"product_cat-volvo-penta","11":"product_cat-volvo-penta-anoden","12":"product_cat-volvo-penta-service-teile","13":"pa_condition-neu","14":"pa_oem-or-aftermarket-aftermarket","16":"first","17":"onbackorder","18":"sale","19":"taxable","20":"shipping-taxable","21":"purchasable","22":"product-type-simple"},"supplier_id":45614,"supplier_sku":"KITVOLVOSXA-DPSA-AL","barcode":null,"atum_controlled":true,"out_stock_date":"2025-11-21 12:40:37","out_stock_threshold":null,"inheritable":false,"inbound_stock":0,"stock_on_hold":0,"sold_today":0,"sales_last_days":0,"reserved_stock":0,"customer_returns":0,"warehouse_damage":0,"lost_in_post":0,"other_logs":0,"out_stock_days":26,"lost_sales":0,"has_location":false,"update_date":"2025-12-18T10:39:28","atum_locations":[],"atum_stock_status":"onbackorder","restock_status":false,"low_stock_amount":1,"sales_update_date":"2025-12-18T10:37:15","calc_backorders":null,"_links":{"self":[{"href":"https:\/\/mps.digital-monkey.in\/de\/wp-json\/wp\/v2\/product\/42718","targetHints":{"allow":["GET"]}}],"collection":[{"href":"https:\/\/mps.digital-monkey.in\/de\/wp-json\/wp\/v2\/product"}],"about":[{"href":"https:\/\/mps.digital-monkey.in\/de\/wp-json\/wp\/v2\/types\/product"}],"replies":[{"embeddable":true,"href":"https:\/\/mps.digital-monkey.in\/de\/wp-json\/wp\/v2\/comments?post=42718"}],"wp:featuredmedia":[{"embeddable":true,"href":"https:\/\/mps.digital-monkey.in\/de\/wp-json\/wp\/v2\/media\/42719"}],"wp:attachment":[{"href":"https:\/\/mps.digital-monkey.in\/de\/wp-json\/wp\/v2\/media?parent=42718"}],"wp:term":[{"taxonomy":"product_brand","embeddable":true,"href":"https:\/\/mps.digital-monkey.in\/de\/wp-json\/wp\/v2\/product_brand?post=42718"},{"taxonomy":"product_cat","embeddable":true,"href":"https:\/\/mps.digital-monkey.in\/de\/wp-json\/wp\/v2\/product_cat?post=42718"},{"taxonomy":"product_tag","embeddable":true,"href":"https:\/\/mps.digital-monkey.in\/de\/wp-json\/wp\/v2\/product_tag?post=42718"}],"curies":[{"name":"wp","href":"https:\/\/api.w.org\/{rel}","templated":true}]}}