{"id":42727,"date":"2025-11-14T12:53:15","date_gmt":"2025-11-14T12:53:15","guid":{"rendered":"https:\/\/mps.digital-monkey.in\/product\/volvo-penta-anodensatz-sxa-dpsa-magnesium-komplett-mit-hardware\/"},"modified":"2025-12-18T10:38:50","modified_gmt":"2025-12-18T10:38:50","slug":"volvo-penta-anodensatz-sxa-dpsa-magnesium-komplett-mit-hardware","status":"publish","type":"product","link":"https:\/\/mps.digital-monkey.in\/de\/product\/volvo-penta-anodensatz-sxa-dpsa-magnesium-komplett-mit-hardware\/","title":{"rendered":"Volvo Penta Anodensatz SXA \/ DPSA &#8211; Magnesium | Komplett mit Hardware"},"content":{"rendered":"<p data-start=\"500\" data-end=\"814\">Das <strong data-start=\"504\" data-end=\"552\">Volvo Penta Anoden-Kit SXA \/ DPSA &#8211; Magnesium<\/strong> bietet vollst\u00e4ndigen Korrosionsschutz f\u00fcr <strong data-start=\"596\" data-end=\"636\">Volvo Penta SXA und DPSA Z-Antriebe<\/strong>, die in <strong data-start=\"650\" data-end=\"677\">S\u00fc\u00dfwasser<\/strong> betrieben werden. Dieses Kit enth\u00e4lt hochwertige Magnesiumanoden sowie alle erforderlichen Montageteile f\u00fcr eine sichere und zuverl\u00e4ssige Installation. <\/p>\n<p data-start=\"816\" data-end=\"1065\">Magnesiumanoden bieten die h\u00f6chste elektrochemische Aktivit\u00e4t und damit maximalen Schutz vor galvanischer Korrosion in S\u00fc\u00dfwasser. Sie sch\u00fctzen Ihren Z-Antrieb, Propeller und andere unter Wasser liegende Komponenten und verl\u00e4ngern so die Lebensdauer. <\/p>\n<p data-start=\"1067\" data-end=\"1086\"><strong data-start=\"1067\" data-end=\"1084\">Geeignet f\u00fcr:<\/strong><\/p>\n<ul data-start=\"1087\" data-end=\"1151\">\n<li data-start=\"1087\" data-end=\"1118\">\n<p data-start=\"1089\" data-end=\"1118\">Volvo Penta SXA-Heckantriebe<\/p>\n<\/li>\n<li data-start=\"1119\" data-end=\"1151\">\n<p data-start=\"1121\" data-end=\"1151\">Volvo Penta DPSA-Heckantriebe<\/p>\n<\/li>\n<\/ul>\n<p data-start=\"1153\" data-end=\"1168\"><strong data-start=\"1153\" data-end=\"1166\">Material:<\/strong><\/p>\n<ul data-start=\"1169\" data-end=\"1214\">\n<li data-start=\"1169\" data-end=\"1214\">\n<p data-start=\"1171\" data-end=\"1214\"><strong data-start=\"1171\" data-end=\"1189\">Magnesium (Mg)<\/strong> &#8211; ideal f\u00fcr S\u00fc\u00dfwasser<\/p>\n<\/li>\n<\/ul>\n<h3 data-start=\"1283\" data-end=\"1308\"><strong data-start=\"1289\" data-end=\"1306\">Wichtige Merkmale:<\/strong><\/h3>\n<ul data-start=\"1309\" data-end=\"1567\">\n<li data-start=\"1309\" data-end=\"1363\">\n<p data-start=\"1311\" data-end=\"1363\">Kompletter Magnesiumanodensatz f\u00fcr SXA \/ DPSA Antriebe<\/p>\n<\/li>\n<li data-start=\"1364\" data-end=\"1410\">\n<p data-start=\"1366\" data-end=\"1410\">Maximaler Korrosionsschutz in S\u00fc\u00dfwasser<\/p>\n<\/li>\n<li data-start=\"1411\" data-end=\"1454\">\n<p data-start=\"1413\" data-end=\"1454\">Inklusive aller erforderlichen Montageteile<\/p>\n<\/li>\n<li data-start=\"1455\" data-end=\"1516\">\n<p data-start=\"1457\" data-end=\"1516\">Sch\u00fctzt Z-Antrieb, Propeller und untergetauchte Komponenten<\/p>\n<\/li>\n<li data-start=\"1517\" data-end=\"1567\">\n<p data-start=\"1519\" data-end=\"1567\">Einfach zu installierende, hochwertige Magnesiumanoden<\/p>\n<\/li>\n<\/ul>\n","protected":false},"excerpt":{"rendered":"<p>Das Volvo Penta Anoden-Kit SXA \/ DPSA &#8211; Magnesium bietet vollst\u00e4ndigen Korrosionsschutz f\u00fcr Volvo Penta SXA und DPSA Z-Antriebe, die in S\u00fc\u00dfwasser betrieben werden. Dieses Kit enth\u00e4lt hochwertige Magnesiumanoden sowie alle erforderlichen Montageteile f\u00fcr eine sichere und zuverl\u00e4ssige Installation. Magnesiumanoden bieten die h\u00f6chste elektrochemische Aktivit\u00e4t und damit maximalen Schutz vor galvanischer Korrosion in S\u00fc\u00dfwasser. Sie [&hellip;]<\/p>\n","protected":false},"featured_media":42728,"comment_status":"open","ping_status":"closed","template":"","meta":[],"product_brand":[4230],"product_cat":[3286,4488,2498,4308,4523,4526],"product_tag":[],"class_list":{"0":"post-42727","1":"product","2":"type-product","3":"status-publish","4":"has-post-thumbnail","6":"product_brand-volvo-penta","7":"product_cat-anoden","8":"product_cat-brauchen-sie-volvo-penta-teile","9":"product_cat-ersatzteile-fur-motoren","10":"product_cat-volvo-penta","11":"product_cat-volvo-penta-anoden","12":"product_cat-volvo-penta-service-teile","13":"pa_condition-neu","14":"pa_oem-or-aftermarket-aftermarket","16":"first","17":"onbackorder","18":"sale","19":"taxable","20":"shipping-taxable","21":"purchasable","22":"product-type-simple"},"supplier_id":45614,"supplier_sku":"KITVOLVOSXA-DPSA-MG","barcode":null,"atum_controlled":true,"out_stock_date":"2025-11-21 12:40:31","out_stock_threshold":null,"inheritable":false,"inbound_stock":0,"stock_on_hold":0,"sold_today":0,"sales_last_days":0,"reserved_stock":0,"customer_returns":0,"warehouse_damage":0,"lost_in_post":0,"other_logs":0,"out_stock_days":26,"lost_sales":0,"has_location":false,"update_date":"2025-12-18T10:39:28","atum_locations":[],"atum_stock_status":"onbackorder","restock_status":false,"low_stock_amount":1,"sales_update_date":"2025-12-18T10:37:15","calc_backorders":null,"_links":{"self":[{"href":"https:\/\/mps.digital-monkey.in\/de\/wp-json\/wp\/v2\/product\/42727","targetHints":{"allow":["GET"]}}],"collection":[{"href":"https:\/\/mps.digital-monkey.in\/de\/wp-json\/wp\/v2\/product"}],"about":[{"href":"https:\/\/mps.digital-monkey.in\/de\/wp-json\/wp\/v2\/types\/product"}],"replies":[{"embeddable":true,"href":"https:\/\/mps.digital-monkey.in\/de\/wp-json\/wp\/v2\/comments?post=42727"}],"wp:featuredmedia":[{"embeddable":true,"href":"https:\/\/mps.digital-monkey.in\/de\/wp-json\/wp\/v2\/media\/42728"}],"wp:attachment":[{"href":"https:\/\/mps.digital-monkey.in\/de\/wp-json\/wp\/v2\/media?parent=42727"}],"wp:term":[{"taxonomy":"product_brand","embeddable":true,"href":"https:\/\/mps.digital-monkey.in\/de\/wp-json\/wp\/v2\/product_brand?post=42727"},{"taxonomy":"product_cat","embeddable":true,"href":"https:\/\/mps.digital-monkey.in\/de\/wp-json\/wp\/v2\/product_cat?post=42727"},{"taxonomy":"product_tag","embeddable":true,"href":"https:\/\/mps.digital-monkey.in\/de\/wp-json\/wp\/v2\/product_tag?post=42727"}],"curies":[{"name":"wp","href":"https:\/\/api.w.org\/{rel}","templated":true}]}}