{"id":42948,"date":"2025-11-21T09:12:01","date_gmt":"2025-11-21T09:12:01","guid":{"rendered":"https:\/\/mps.digital-monkey.in\/product\/volvo-penta-kopfdichtung-md2040-md2040b-ersetzt-3584202-3580482\/"},"modified":"2025-11-21T09:27:47","modified_gmt":"2025-11-21T09:27:47","slug":"volvo-penta-kopfdichtung-md2040-md2040b-ersetzt-3584202-3580482","status":"publish","type":"product","link":"https:\/\/mps.digital-monkey.in\/de\/product\/volvo-penta-kopfdichtung-md2040-md2040b-ersetzt-3584202-3580482\/","title":{"rendered":"Kopfdichtung Volvo Penta MD2040 | 3584202 &#8211; 3580482"},"content":{"rendered":"<p data-start=\"410\" data-end=\"694\">Diese <strong data-start=\"415\" data-end=\"430\">Kopfdichtung<\/strong><span data-start=\"415\" data-end=\"430\"> <\/span><strong data-start=\"451\" data-end=\"480\">Die Volvo Penta MD2040 Serie<\/strong> bietet eine starke, zuverl\u00e4ssige Dichtung zwischen Zylinderkopf und Motorblock. Es wurde so gebaut, dass es den Abmessungen und der Leistung der Originalkomponente entspricht, und ist daher ideal f\u00fcr Reparaturen, \u00dcberholungen oder routinem\u00e4\u00dfige Wartungsarbeiten. <\/p>\n<p data-start=\"696\" data-end=\"715\"><strong data-start=\"696\" data-end=\"713\">Geeignet f\u00fcr:<\/strong><\/p>\n<ul data-start=\"716\" data-end=\"771\">\n<li data-start=\"716\" data-end=\"743\">\n<p data-start=\"718\" data-end=\"743\">Volvo Penta <strong data-start=\"730\" data-end=\"741\">MD2040A<\/strong><\/p>\n<\/li>\n<li data-start=\"744\" data-end=\"771\">\n<p data-start=\"746\" data-end=\"771\">Volvo Penta <strong data-start=\"758\" data-end=\"769\">MD2040B<\/strong><\/p>\n<\/li>\n<\/ul>\n<p data-start=\"773\" data-end=\"800\"><strong data-start=\"773\" data-end=\"798\">Ersetzt die OEM-Nummern:<\/strong><\/p>\n<ul data-start=\"801\" data-end=\"832\">\n<li data-start=\"801\" data-end=\"816\">\n<p data-start=\"803\" data-end=\"816\"><strong data-start=\"803\" data-end=\"814\">3584202<\/strong><\/p>\n<\/li>\n<li data-start=\"817\" data-end=\"832\">\n<p data-start=\"819\" data-end=\"832\"><strong data-start=\"819\" data-end=\"830\">3580482<\/strong><\/p>\n<\/li>\n<\/ul>\n<p data-start=\"834\" data-end=\"957\">Eine robuste, gut sitzende Dichtung, die die Kompression aufrechterh\u00e4lt und Leckagen verhindert, um eine lange Zuverl\u00e4ssigkeit des Motors zu gew\u00e4hrleisten.<\/p>\n<h3 data-start=\"964\" data-end=\"989\"><strong data-start=\"970\" data-end=\"987\">Wichtige Merkmale:<\/strong><\/h3>\n<ul data-start=\"990\" data-end=\"1152\">\n<li data-start=\"990\" data-end=\"1033\">\n<p data-start=\"992\" data-end=\"1033\">Geeignet f\u00fcr Volvo Penta MD2040 Motoren<\/p>\n<\/li>\n<li data-start=\"1034\" data-end=\"1069\">\n<p data-start=\"1036\" data-end=\"1069\">Entspricht den urspr\u00fcnglichen Spezifikationen<\/p>\n<\/li>\n<li data-start=\"1070\" data-end=\"1113\">\n<p data-start=\"1072\" data-end=\"1113\">Langlebige Konstruktion f\u00fcr sichere Versiegelung<\/p>\n<\/li>\n<li data-start=\"1114\" data-end=\"1152\">\n<p data-start=\"1116\" data-end=\"1152\">Ideal f\u00fcr Wartung und Umbauten<\/p>\n<\/li>\n<\/ul>\n","protected":false},"excerpt":{"rendered":"<p>Diese Kopfdichtung Die Volvo Penta MD2040 Serie bietet eine starke, zuverl\u00e4ssige Dichtung zwischen Zylinderkopf und Motorblock. Es wurde so gebaut, dass es den Abmessungen und der Leistung der Originalkomponente entspricht, und ist daher ideal f\u00fcr Reparaturen, \u00dcberholungen oder routinem\u00e4\u00dfige Wartungsarbeiten. Geeignet f\u00fcr: Volvo Penta MD2040A Volvo Penta MD2040B Ersetzt die OEM-Nummern: 3584202 3580482 Eine robuste, [&hellip;]<\/p>\n","protected":false},"featured_media":42952,"comment_status":"open","ping_status":"closed","template":"","meta":[],"product_brand":[4230],"product_cat":[4488,2498,3037,3038,4308,4309,4318],"product_tag":[],"class_list":{"0":"post-42948","1":"product","2":"type-product","3":"status-publish","4":"has-post-thumbnail","6":"product_brand-volvo-penta","7":"product_cat-brauchen-sie-volvo-penta-teile","8":"product_cat-ersatzteile-fur-motoren","9":"product_cat-kits-fur-wartung-und-reparatur","10":"product_cat-motor-dichtungen","11":"product_cat-volvo-penta","12":"product_cat-volvo-penta-md-serie","13":"product_cat-volvo-penta-md2040-teile","14":"pa_condition-neu","15":"pa_model-md2040","16":"pa_oem-or-aftermarket-aftermarket","18":"first","19":"instock","20":"taxable","21":"shipping-taxable","22":"purchasable","23":"product-type-simple"},"supplier_id":7294,"supplier_sku":"REC3584202","barcode":null,"atum_controlled":true,"out_stock_date":null,"out_stock_threshold":null,"inheritable":false,"inbound_stock":0,"stock_on_hold":0,"sold_today":0,"sales_last_days":0,"reserved_stock":0,"customer_returns":0,"warehouse_damage":0,"lost_in_post":0,"other_logs":0,"out_stock_days":0,"lost_sales":0,"has_location":false,"update_date":"2026-01-29T09:11:17","atum_locations":[],"atum_stock_status":"instock","restock_status":false,"low_stock_amount":1,"sales_update_date":"2026-01-29T09:11:17","calc_backorders":null,"_links":{"self":[{"href":"https:\/\/mps.digital-monkey.in\/de\/wp-json\/wp\/v2\/product\/42948","targetHints":{"allow":["GET"]}}],"collection":[{"href":"https:\/\/mps.digital-monkey.in\/de\/wp-json\/wp\/v2\/product"}],"about":[{"href":"https:\/\/mps.digital-monkey.in\/de\/wp-json\/wp\/v2\/types\/product"}],"replies":[{"embeddable":true,"href":"https:\/\/mps.digital-monkey.in\/de\/wp-json\/wp\/v2\/comments?post=42948"}],"wp:featuredmedia":[{"embeddable":true,"href":"https:\/\/mps.digital-monkey.in\/de\/wp-json\/wp\/v2\/media\/42952"}],"wp:attachment":[{"href":"https:\/\/mps.digital-monkey.in\/de\/wp-json\/wp\/v2\/media?parent=42948"}],"wp:term":[{"taxonomy":"product_brand","embeddable":true,"href":"https:\/\/mps.digital-monkey.in\/de\/wp-json\/wp\/v2\/product_brand?post=42948"},{"taxonomy":"product_cat","embeddable":true,"href":"https:\/\/mps.digital-monkey.in\/de\/wp-json\/wp\/v2\/product_cat?post=42948"},{"taxonomy":"product_tag","embeddable":true,"href":"https:\/\/mps.digital-monkey.in\/de\/wp-json\/wp\/v2\/product_tag?post=42948"}],"curies":[{"name":"wp","href":"https:\/\/api.w.org\/{rel}","templated":true}]}}