{"id":42973,"date":"2025-11-21T09:48:18","date_gmt":"2025-11-21T09:48:18","guid":{"rendered":"https:\/\/mps.digital-monkey.in\/product\/kopfdichtung-volvo-penta-ad30a-aqad30a-md30a-tamd30a-tmd30a-859150\/"},"modified":"2025-11-21T09:48:18","modified_gmt":"2025-11-21T09:48:18","slug":"kopfdichtung-volvo-penta-ad30a-aqad30a-md30a-tamd30a-tmd30a-859150","status":"publish","type":"product","link":"https:\/\/mps.digital-monkey.in\/de\/product\/kopfdichtung-volvo-penta-ad30a-aqad30a-md30a-tamd30a-tmd30a-859150\/","title":{"rendered":"Kopfdichtung Volvo Penta AD30A AQAD30A MD30A TAMD30A TMD30A | 859150"},"content":{"rendered":"<p data-start=\"1378\" data-end=\"1620\">Diese <strong data-start=\"1383\" data-end=\"1398\">Zylinderkopfdichtung<\/strong> ist f\u00fcr eine Vielzahl von Volvo Penta Dieselmotoren der 30er Serie geeignet, einschlie\u00dflich AD30A, AQAD30A, MD30A, TAMD30A und TMD30A. Sie wurde entsprechend den OEM-Spezifikationen entwickelt und gew\u00e4hrleistet eine ordnungsgem\u00e4\u00dfe Abdichtung und lang anhaltende Leistung. <\/p>\n<p data-start=\"1622\" data-end=\"1648\"><strong data-start=\"1622\" data-end=\"1646\">Ersetzt die OEM-Nummer:<\/strong><\/p>\n<ul data-start=\"1649\" data-end=\"1661\">\n<li data-start=\"1649\" data-end=\"1661\">\n<p data-start=\"1651\" data-end=\"1661\"><strong data-start=\"1651\" data-end=\"1661\">859150<\/strong><\/p>\n<\/li>\n<\/ul>\n<p data-start=\"1663\" data-end=\"1682\"><strong data-start=\"1663\" data-end=\"1680\">Geeignet f\u00fcr:<\/strong><\/p>\n<ul data-start=\"1683\" data-end=\"1755\">\n<li data-start=\"1683\" data-end=\"1696\">\n<p data-start=\"1685\" data-end=\"1696\"><strong data-start=\"1685\" data-end=\"1694\">AD30A<\/strong><\/p>\n<\/li>\n<li data-start=\"1697\" data-end=\"1712\">\n<p data-start=\"1699\" data-end=\"1712\"><strong data-start=\"1699\" data-end=\"1710\">AQAD30A<\/strong><\/p>\n<\/li>\n<li data-start=\"1713\" data-end=\"1726\">\n<p data-start=\"1715\" data-end=\"1726\"><strong data-start=\"1715\" data-end=\"1724\">MD30A<\/strong><\/p>\n<\/li>\n<li data-start=\"1727\" data-end=\"1742\">\n<p data-start=\"1729\" data-end=\"1742\"><strong data-start=\"1729\" data-end=\"1740\">TAMD30A<\/strong><\/p>\n<\/li>\n<li data-start=\"1743\" data-end=\"1755\">\n<p data-start=\"1745\" data-end=\"1755\"><strong data-start=\"1745\" data-end=\"1755\">TMD30A<\/strong><\/p>\n<\/li>\n<\/ul>\n<p data-start=\"1745\" data-end=\"1755\"><strong style=\"color: #1b1919; font-size: 22px;\" data-start=\"1763\" data-end=\"1780\">Wichtige Merkmale:<\/strong><\/p>\n<ul data-start=\"1783\" data-end=\"1948\">\n<li data-start=\"1783\" data-end=\"1818\">\n<p data-start=\"1785\" data-end=\"1818\">Hochwertige Ersatzdichtung<\/p>\n<\/li>\n<li data-start=\"1819\" data-end=\"1874\">\n<p data-start=\"1821\" data-end=\"1874\">Geeignet f\u00fcr mehrere Volvo Penta Motoren der 30er Serie<\/p>\n<\/li>\n<li data-start=\"1875\" data-end=\"1917\">\n<p data-start=\"1877\" data-end=\"1917\">Sorgt f\u00fcr korrekte Abdichtung und Kompression<\/p>\n<\/li>\n<li data-start=\"1918\" data-end=\"1948\">\n<p data-start=\"1920\" data-end=\"1948\">Entspricht den OEM-Spezifikationen<\/p>\n<\/li>\n<\/ul>\n","protected":false},"excerpt":{"rendered":"<p>Diese Zylinderkopfdichtung ist f\u00fcr eine Vielzahl von Volvo Penta Dieselmotoren der 30er Serie geeignet, einschlie\u00dflich AD30A, AQAD30A, MD30A, TAMD30A und TMD30A. Sie wurde entsprechend den OEM-Spezifikationen entwickelt und gew\u00e4hrleistet eine ordnungsgem\u00e4\u00dfe Abdichtung und lang anhaltende Leistung. Ersetzt die OEM-Nummer: 859150 Geeignet f\u00fcr: AD30A AQAD30A MD30A TAMD30A TMD30A Wichtige Merkmale: Hochwertige Ersatzdichtung Geeignet f\u00fcr mehrere Volvo [&hellip;]<\/p>\n","protected":false},"featured_media":42974,"comment_status":"open","ping_status":"closed","template":"","meta":[],"product_brand":[4230],"product_cat":[4488,2498,3037,3038,4308],"product_tag":[],"class_list":{"0":"post-42973","1":"product","2":"type-product","3":"status-publish","4":"has-post-thumbnail","6":"product_brand-volvo-penta","7":"product_cat-brauchen-sie-volvo-penta-teile","8":"product_cat-ersatzteile-fur-motoren","9":"product_cat-kits-fur-wartung-und-reparatur","10":"product_cat-motor-dichtungen","11":"product_cat-volvo-penta","12":"pa_condition-neu","13":"pa_model-ad30","14":"pa_model-aqad30","15":"pa_model-md30","16":"pa_model-tamd30","17":"pa_model-tmd30","18":"pa_oem-or-aftermarket-aftermarket","20":"first","21":"instock","22":"taxable","23":"shipping-taxable","24":"purchasable","25":"product-type-simple"},"supplier_id":7294,"supplier_sku":"REC859150","barcode":null,"atum_controlled":true,"out_stock_date":null,"out_stock_threshold":null,"inheritable":false,"inbound_stock":0,"stock_on_hold":0,"sold_today":0,"sales_last_days":0,"reserved_stock":0,"customer_returns":0,"warehouse_damage":0,"lost_in_post":0,"other_logs":0,"out_stock_days":0,"lost_sales":0,"has_location":false,"update_date":"2026-01-29T09:11:18","atum_locations":[],"atum_stock_status":"instock","restock_status":false,"low_stock_amount":0,"sales_update_date":"2026-01-29T09:11:18","calc_backorders":null,"_links":{"self":[{"href":"https:\/\/mps.digital-monkey.in\/de\/wp-json\/wp\/v2\/product\/42973","targetHints":{"allow":["GET"]}}],"collection":[{"href":"https:\/\/mps.digital-monkey.in\/de\/wp-json\/wp\/v2\/product"}],"about":[{"href":"https:\/\/mps.digital-monkey.in\/de\/wp-json\/wp\/v2\/types\/product"}],"replies":[{"embeddable":true,"href":"https:\/\/mps.digital-monkey.in\/de\/wp-json\/wp\/v2\/comments?post=42973"}],"wp:featuredmedia":[{"embeddable":true,"href":"https:\/\/mps.digital-monkey.in\/de\/wp-json\/wp\/v2\/media\/42974"}],"wp:attachment":[{"href":"https:\/\/mps.digital-monkey.in\/de\/wp-json\/wp\/v2\/media?parent=42973"}],"wp:term":[{"taxonomy":"product_brand","embeddable":true,"href":"https:\/\/mps.digital-monkey.in\/de\/wp-json\/wp\/v2\/product_brand?post=42973"},{"taxonomy":"product_cat","embeddable":true,"href":"https:\/\/mps.digital-monkey.in\/de\/wp-json\/wp\/v2\/product_cat?post=42973"},{"taxonomy":"product_tag","embeddable":true,"href":"https:\/\/mps.digital-monkey.in\/de\/wp-json\/wp\/v2\/product_tag?post=42973"}],"curies":[{"name":"wp","href":"https:\/\/api.w.org\/{rel}","templated":true}]}}