{"id":43986,"date":"2025-11-25T08:46:44","date_gmt":"2025-11-25T08:46:44","guid":{"rendered":"https:\/\/mps.digital-monkey.in\/product\/volvo-penta-anodensatz-3-blatt-saildrive-aluminium-einschliesslich-schrauben\/"},"modified":"2025-12-18T10:38:58","modified_gmt":"2025-12-18T10:38:58","slug":"volvo-penta-anodensatz-3-blatt-saildrive-aluminium-einschliesslich-schrauben","status":"publish","type":"product","link":"https:\/\/mps.digital-monkey.in\/de\/produkt\/volvo-penta-anodensatz-3-blatt-saildrive-aluminium-einschliesslich-schrauben\/","title":{"rendered":"Volvo Penta Anodensatz - 3-Blatt Saildrive Aluminium (einschlie\u00dflich Schrauben)"},"content":{"rendered":"<p data-start=\"519\" data-end=\"843\">Das <strong data-start=\"523\" data-end=\"576\">Volvo Penta Anodenset 3-Blade Saildrive Aluminium Anode Set<\/strong> bietet effektiven Korrosionsschutz f\u00fcr Saildrive-Einheiten, die mit einem Dreiblatt-Propeller ausgestattet sind. Diese hochwertige Aluminiumanode wurde f\u00fcr <strong data-start=\"726\" data-end=\"767\">Brack- und Mischwasser<\/strong> entwickelt und bietet lang anhaltenden Schutz f\u00fcr Ihr Saildrive-Geh\u00e4use und den Propeller. <\/p>\n<p data-start=\"845\" data-end=\"931\">Das Kit wird <strong data-start=\"859\" data-end=\"891\">komplett mit Befestigungsschrauben<\/strong> geliefert, was die Installation einfach und sicher macht.<\/p>\n<p data-start=\"933\" data-end=\"952\"><strong data-start=\"933\" data-end=\"950\">Geeignet f\u00fcr:<\/strong><\/p>\n<ul data-start=\"953\" data-end=\"1056\">\n<li data-start=\"953\" data-end=\"1010\">\n<p data-start=\"955\" data-end=\"1010\">Volvo Penta Saildrive Systeme mit 3-Blatt-Propellern<\/p>\n<\/li>\n<li data-start=\"1011\" data-end=\"1056\">\n<p data-start=\"1013\" data-end=\"1056\">Verwendung in Brackwasser oder Mischwasser<\/p>\n<\/li>\n<\/ul>\n<p data-start=\"1058\" data-end=\"1073\"><strong data-start=\"1058\" data-end=\"1071\">Material:<\/strong><\/p>\n<ul data-start=\"1074\" data-end=\"1124\">\n<li data-start=\"1074\" data-end=\"1124\">\n<p data-start=\"1076\" data-end=\"1124\"><strong data-start=\"1076\" data-end=\"1089\">Aluminium<\/strong> - empfohlen f\u00fcr Brackwasser<\/p>\n<\/li>\n<\/ul>\n<h3 data-start=\"1131\" data-end=\"1156\"><strong data-start=\"1137\" data-end=\"1154\">Wichtige Merkmale:<\/strong><\/h3>\n<ul data-start=\"1157\" data-end=\"1404\">\n<li data-start=\"1157\" data-end=\"1219\">\n<p data-start=\"1159\" data-end=\"1219\">Kompletter Aluminium Anodensatz f\u00fcr 3-Blatt Saildrive Systeme<\/p>\n<\/li>\n<li data-start=\"1220\" data-end=\"1247\">\n<p data-start=\"1222\" data-end=\"1247\">Inklusive Befestigungsbolzen<\/p>\n<\/li>\n<li data-start=\"1248\" data-end=\"1285\">\n<p data-start=\"1250\" data-end=\"1285\">Lang anhaltender Korrosionsschutz<\/p>\n<\/li>\n<li data-start=\"1286\" data-end=\"1324\">\n<p data-start=\"1288\" data-end=\"1324\">Ideal f\u00fcr Brack- und Mischwasser<\/p>\n<\/li>\n<li data-start=\"1325\" data-end=\"1369\">\n<p data-start=\"1327\" data-end=\"1369\">Sch\u00fctzt Saildrive-Geh\u00e4use und Propeller<\/p>\n<\/li>\n<li data-start=\"1370\" data-end=\"1404\">\n<p data-start=\"1372\" data-end=\"1404\">Hochwertige Ersatzanode<\/p>\n<\/li>\n<\/ul>\n","protected":false},"excerpt":{"rendered":"<p>Das Volvo Penta Anodenset 3-Blade Saildrive Aluminium Anode Set bietet effektiven Korrosionsschutz f\u00fcr Saildrive-Einheiten, die mit einem Dreiblatt-Propeller ausgestattet sind. Diese hochwertige Aluminiumanode wurde f\u00fcr Brack- und Mischwasser entwickelt und bietet lang anhaltenden Schutz f\u00fcr Ihr Saildrive-Geh\u00e4use und den Propeller. Das Kit wird komplett mit Befestigungsschrauben geliefert, was die Installation einfach und sicher macht. Geeignet [&hellip;]<\/p>\n","protected":false},"featured_media":43987,"comment_status":"open","ping_status":"closed","template":"","meta":[],"product_brand":[4230],"product_cat":[3286,4488,2498,4308,4523],"product_tag":[],"class_list":{"0":"post-43986","1":"product","2":"type-product","3":"status-publish","4":"has-post-thumbnail","6":"product_brand-volvo-penta","7":"product_cat-anoden","8":"product_cat-brauchen-sie-volvo-penta-teile","9":"product_cat-ersatzteile-fur-motoren","10":"product_cat-volvo-penta","11":"product_cat-volvo-penta-anoden","12":"pa_condition-neu","13":"pa_oem-or-aftermarket-aftermarket","15":"first","16":"onbackorder","17":"taxable","18":"shipping-taxable","19":"purchasable","20":"product-type-simple"},"supplier_id":45614,"supplier_sku":"KITVOLVOELICA3PALE-AL","barcode":null,"atum_controlled":true,"out_stock_date":"2025-11-25 08:46:47","out_stock_threshold":null,"inheritable":false,"inbound_stock":0,"stock_on_hold":0,"sold_today":0,"sales_last_days":0,"reserved_stock":0,"customer_returns":0,"warehouse_damage":0,"lost_in_post":0,"other_logs":0,"out_stock_days":65,"lost_sales":0,"has_location":false,"update_date":"2026-01-29T09:10:18","atum_locations":[],"atum_stock_status":"onbackorder","restock_status":false,"low_stock_amount":1,"sales_update_date":"2026-01-29T09:10:18","calc_backorders":null,"_links":{"self":[{"href":"https:\/\/mps.digital-monkey.in\/de\/wp-json\/wp\/v2\/product\/43986","targetHints":{"allow":["GET"]}}],"collection":[{"href":"https:\/\/mps.digital-monkey.in\/de\/wp-json\/wp\/v2\/product"}],"about":[{"href":"https:\/\/mps.digital-monkey.in\/de\/wp-json\/wp\/v2\/types\/product"}],"replies":[{"embeddable":true,"href":"https:\/\/mps.digital-monkey.in\/de\/wp-json\/wp\/v2\/comments?post=43986"}],"wp:featuredmedia":[{"embeddable":true,"href":"https:\/\/mps.digital-monkey.in\/de\/wp-json\/wp\/v2\/media\/43987"}],"wp:attachment":[{"href":"https:\/\/mps.digital-monkey.in\/de\/wp-json\/wp\/v2\/media?parent=43986"}],"wp:term":[{"taxonomy":"product_brand","embeddable":true,"href":"https:\/\/mps.digital-monkey.in\/de\/wp-json\/wp\/v2\/product_brand?post=43986"},{"taxonomy":"product_cat","embeddable":true,"href":"https:\/\/mps.digital-monkey.in\/de\/wp-json\/wp\/v2\/product_cat?post=43986"},{"taxonomy":"product_tag","embeddable":true,"href":"https:\/\/mps.digital-monkey.in\/de\/wp-json\/wp\/v2\/product_tag?post=43986"}],"curies":[{"name":"wp","href":"https:\/\/api.w.org\/{rel}","templated":true}]}}