{"id":43995,"date":"2025-11-25T09:10:27","date_gmt":"2025-11-25T09:10:27","guid":{"rendered":"https:\/\/mps.digital-monkey.in\/product\/volvo-penta-anodensatz-3-blatt-saildrive-magnesium-einschliesslich-schrauben\/"},"modified":"2025-12-18T10:39:03","modified_gmt":"2025-12-18T10:39:03","slug":"volvo-penta-anodensatz-3-blatt-saildrive-magnesium-einschliesslich-schrauben","status":"publish","type":"product","link":"https:\/\/mps.digital-monkey.in\/de\/product\/volvo-penta-anodensatz-3-blatt-saildrive-magnesium-einschliesslich-schrauben\/","title":{"rendered":"Volvo Penta Anodensatz &#8211; 3-Blatt Saildrive Magnesium (einschlie\u00dflich Schrauben)"},"content":{"rendered":"<p data-start=\"511\" data-end=\"704\">Das <strong data-start=\"515\" data-end=\"568\">Volvo Penta 3-Blatt Saildrive Magnesiumanoden-Kit<\/strong> bietet einen hervorragenden Korrosionsschutz f\u00fcr Saildrive-Einheiten mit <strong data-start=\"638\" data-end=\"660\">3-Blatt-Propellern<\/strong>, die in <strong data-start=\"674\" data-end=\"701\">S\u00fc\u00dfwasser<\/strong> betrieben werden.<\/p>\n<p data-start=\"706\" data-end=\"875\">Magnesiumanoden bieten die h\u00f6chste elektrochemische Aktivit\u00e4t und sind damit die beste Wahl f\u00fcr maximalen Korrosionsschutz in Seen und anderen S\u00fc\u00dfwasseranwendungen.<\/p>\n<p data-start=\"877\" data-end=\"960\">Dieser Satz enth\u00e4lt <strong data-start=\"895\" data-end=\"926\">alle erforderlichen Befestigungsschrauben<\/strong> f\u00fcr eine schnelle, zuverl\u00e4ssige Installation.<\/p>\n<p data-start=\"962\" data-end=\"981\"><strong data-start=\"962\" data-end=\"979\">Geeignet f\u00fcr:<\/strong><\/p>\n<ul data-start=\"982\" data-end=\"1058\">\n<li data-start=\"982\" data-end=\"1039\">\n<p data-start=\"984\" data-end=\"1039\">Volvo Penta Saildrive Systeme mit 3-Blatt-Propellern<\/p>\n<\/li>\n<li data-start=\"1040\" data-end=\"1058\">\n<p data-start=\"1042\" data-end=\"1058\">Verwendung von S\u00fc\u00dfwasser<\/p>\n<\/li>\n<\/ul>\n<p data-start=\"1060\" data-end=\"1075\"><strong data-start=\"1060\" data-end=\"1073\">Material:<\/strong><\/p>\n<ul data-start=\"1076\" data-end=\"1127\">\n<li data-start=\"1076\" data-end=\"1127\">\n<p data-start=\"1078\" data-end=\"1127\"><strong data-start=\"1078\" data-end=\"1096\">Magnesium (Mg)<\/strong> &#8211; empfohlen f\u00fcr S\u00fc\u00dfwasser<\/p>\n<\/li>\n<\/ul>\n<h3 data-start=\"1134\" data-end=\"1159\"><strong data-start=\"1140\" data-end=\"1157\">Wichtige Merkmale:<\/strong><\/h3>\n<ul data-start=\"1160\" data-end=\"1373\">\n<li data-start=\"1160\" data-end=\"1215\">\n<p data-start=\"1162\" data-end=\"1215\">Kompletter Magnesium-Anodensatz f\u00fcr 3-Blatt-Saildrives<\/p>\n<\/li>\n<li data-start=\"1216\" data-end=\"1243\">\n<p data-start=\"1218\" data-end=\"1243\">Inklusive Befestigungsbolzen<\/p>\n<\/li>\n<li data-start=\"1244\" data-end=\"1290\">\n<p data-start=\"1246\" data-end=\"1290\">Maximaler Korrosionsschutz in S\u00fc\u00dfwasser<\/p>\n<\/li>\n<li data-start=\"1291\" data-end=\"1335\">\n<p data-start=\"1293\" data-end=\"1335\">Sch\u00fctzt Saildrive-Geh\u00e4use und Propeller<\/p>\n<\/li>\n<li data-start=\"1336\" data-end=\"1373\">\n<p data-start=\"1338\" data-end=\"1373\">Hochwertige, langlebige Anoden<\/p>\n<\/li>\n<\/ul>\n","protected":false},"excerpt":{"rendered":"<p>Das Volvo Penta 3-Blatt Saildrive Magnesiumanoden-Kit bietet einen hervorragenden Korrosionsschutz f\u00fcr Saildrive-Einheiten mit 3-Blatt-Propellern, die in S\u00fc\u00dfwasser betrieben werden. Magnesiumanoden bieten die h\u00f6chste elektrochemische Aktivit\u00e4t und sind damit die beste Wahl f\u00fcr maximalen Korrosionsschutz in Seen und anderen S\u00fc\u00dfwasseranwendungen. Dieser Satz enth\u00e4lt alle erforderlichen Befestigungsschrauben f\u00fcr eine schnelle, zuverl\u00e4ssige Installation. Geeignet f\u00fcr: Volvo Penta Saildrive [&hellip;]<\/p>\n","protected":false},"featured_media":43996,"comment_status":"open","ping_status":"closed","template":"","meta":[],"product_brand":[4230],"product_cat":[3286,4488,2498,4308,4523],"product_tag":[],"class_list":{"0":"post-43995","1":"product","2":"type-product","3":"status-publish","4":"has-post-thumbnail","6":"product_brand-volvo-penta","7":"product_cat-anoden","8":"product_cat-brauchen-sie-volvo-penta-teile","9":"product_cat-ersatzteile-fur-motoren","10":"product_cat-volvo-penta","11":"product_cat-volvo-penta-anoden","12":"pa_condition-neu","13":"pa_oem-or-aftermarket-aftermarket","15":"first","16":"onbackorder","17":"sale","18":"taxable","19":"shipping-taxable","20":"purchasable","21":"product-type-simple"},"supplier_id":45614,"supplier_sku":"KITVOLVOELICA3PALE-MG","barcode":null,"atum_controlled":true,"out_stock_date":"2025-11-25 09:10:30","out_stock_threshold":null,"inheritable":false,"inbound_stock":0,"stock_on_hold":0,"sold_today":0,"sales_last_days":0,"reserved_stock":0,"customer_returns":0,"warehouse_damage":0,"lost_in_post":0,"other_logs":0,"out_stock_days":65,"lost_sales":0,"has_location":false,"update_date":"2026-01-29T09:10:32","atum_locations":[],"atum_stock_status":"onbackorder","restock_status":false,"low_stock_amount":1,"sales_update_date":"2026-01-29T09:10:32","calc_backorders":null,"_links":{"self":[{"href":"https:\/\/mps.digital-monkey.in\/de\/wp-json\/wp\/v2\/product\/43995","targetHints":{"allow":["GET"]}}],"collection":[{"href":"https:\/\/mps.digital-monkey.in\/de\/wp-json\/wp\/v2\/product"}],"about":[{"href":"https:\/\/mps.digital-monkey.in\/de\/wp-json\/wp\/v2\/types\/product"}],"replies":[{"embeddable":true,"href":"https:\/\/mps.digital-monkey.in\/de\/wp-json\/wp\/v2\/comments?post=43995"}],"wp:featuredmedia":[{"embeddable":true,"href":"https:\/\/mps.digital-monkey.in\/de\/wp-json\/wp\/v2\/media\/43996"}],"wp:attachment":[{"href":"https:\/\/mps.digital-monkey.in\/de\/wp-json\/wp\/v2\/media?parent=43995"}],"wp:term":[{"taxonomy":"product_brand","embeddable":true,"href":"https:\/\/mps.digital-monkey.in\/de\/wp-json\/wp\/v2\/product_brand?post=43995"},{"taxonomy":"product_cat","embeddable":true,"href":"https:\/\/mps.digital-monkey.in\/de\/wp-json\/wp\/v2\/product_cat?post=43995"},{"taxonomy":"product_tag","embeddable":true,"href":"https:\/\/mps.digital-monkey.in\/de\/wp-json\/wp\/v2\/product_tag?post=43995"}],"curies":[{"name":"wp","href":"https:\/\/api.w.org\/{rel}","templated":true}]}}