{"id":44004,"date":"2025-11-25T09:25:56","date_gmt":"2025-11-25T09:25:56","guid":{"rendered":"https:\/\/mps.digital-monkey.in\/product\/volvo-penta-anodensatz-xdp-b-zink-komplett-mit-hardware\/"},"modified":"2025-12-18T10:39:11","modified_gmt":"2025-12-18T10:39:11","slug":"volvo-penta-anodensatz-xdp-b-zink-komplett-mit-hardware","status":"publish","type":"product","link":"https:\/\/mps.digital-monkey.in\/de\/product\/volvo-penta-anodensatz-xdp-b-zink-komplett-mit-hardware\/","title":{"rendered":"Volvo Penta Anodensatz XDP-B &#8211; Zink | Komplett mit Hardware"},"content":{"rendered":"<p data-start=\"494\" data-end=\"784\">Der <strong data-start=\"498\" data-end=\"534\">Volvo Penta Anodensatz XDP-B Zink <\/strong> bietet einen wesentlichen Korrosionsschutz f\u00fcr Volvo Penta XDP-B Z-Antriebe, die in <strong data-start=\"622\" data-end=\"648\">Salzwasserumgebungen<\/strong> betrieben werden. Dieses hochwertige Zinkanodenset sorgt f\u00fcr einen wirksamen Schutz der unter Wasser befindlichen Metallkomponenten und tr\u00e4gt so zur Verl\u00e4ngerung der Lebensdauer Ihres Antriebs bei. <\/p>\n<p data-start=\"786\" data-end=\"898\">Der Bausatz wird <strong data-start=\"800\" data-end=\"848\">komplett mit dem erforderlichen Montagematerial<\/strong> geliefert und gew\u00e4hrleistet eine schnelle, direkte und sichere Installation.<\/p>\n<p data-start=\"900\" data-end=\"919\"><strong data-start=\"900\" data-end=\"917\">Geeignet f\u00fcr:<\/strong><\/p>\n<ul data-start=\"920\" data-end=\"953\">\n<li data-start=\"920\" data-end=\"953\">\n<p data-start=\"922\" data-end=\"953\">Volvo Penta XDP-B Z-Antriebe<\/p>\n<\/li>\n<\/ul>\n<p data-start=\"955\" data-end=\"970\"><strong data-start=\"955\" data-end=\"968\">Material:<\/strong><\/p>\n<ul data-start=\"971\" data-end=\"1020\">\n<li data-start=\"971\" data-end=\"1020\">\n<p data-start=\"973\" data-end=\"1020\"><strong data-start=\"973\" data-end=\"986\">Zink (Zn<\/strong> ) &#8211; empfohlen f\u00fcr die Verwendung in Salzwasser<\/p>\n<\/li>\n<\/ul>\n<h3 data-start=\"1027\" data-end=\"1052\"><strong data-start=\"1033\" data-end=\"1050\">Wichtige Merkmale:<\/strong><\/h3>\n<ul data-start=\"1053\" data-end=\"1271\">\n<li data-start=\"1053\" data-end=\"1102\">\n<p data-start=\"1055\" data-end=\"1102\">Kompletter Zinkanodensatz f\u00fcr Volvo Penta XDP-B<\/p>\n<\/li>\n<li data-start=\"1103\" data-end=\"1133\">\n<p data-start=\"1105\" data-end=\"1133\">Inklusive Befestigungsmaterial<\/p>\n<\/li>\n<li data-start=\"1134\" data-end=\"1178\">\n<p data-start=\"1136\" data-end=\"1178\">Ideal f\u00fcr den Korrosionsschutz in Salzwasser<\/p>\n<\/li>\n<li data-start=\"1179\" data-end=\"1233\">\n<p data-start=\"1181\" data-end=\"1233\">Sch\u00fctzt den Z-Antrieb und andere untergetauchte Komponenten<\/p>\n<\/li>\n<li data-start=\"1234\" data-end=\"1271\">\n<p data-start=\"1236\" data-end=\"1271\">Hochwertige, langlebige Anoden<\/p>\n<\/li>\n<\/ul>\n","protected":false},"excerpt":{"rendered":"<p>Der Volvo Penta Anodensatz XDP-B Zink bietet einen wesentlichen Korrosionsschutz f\u00fcr Volvo Penta XDP-B Z-Antriebe, die in Salzwasserumgebungen betrieben werden. Dieses hochwertige Zinkanodenset sorgt f\u00fcr einen wirksamen Schutz der unter Wasser befindlichen Metallkomponenten und tr\u00e4gt so zur Verl\u00e4ngerung der Lebensdauer Ihres Antriebs bei. Der Bausatz wird komplett mit dem erforderlichen Montagematerial geliefert und gew\u00e4hrleistet eine [&hellip;]<\/p>\n","protected":false},"featured_media":44005,"comment_status":"open","ping_status":"closed","template":"","meta":[],"product_brand":[4230],"product_cat":[3286,4488,2498,4308,4523],"product_tag":[],"class_list":{"0":"post-44004","1":"product","2":"type-product","3":"status-publish","4":"has-post-thumbnail","6":"product_brand-volvo-penta","7":"product_cat-anoden","8":"product_cat-brauchen-sie-volvo-penta-teile","9":"product_cat-ersatzteile-fur-motoren","10":"product_cat-volvo-penta","11":"product_cat-volvo-penta-anoden","12":"pa_condition-neu","13":"pa_oem-or-aftermarket-aftermarket","15":"first","16":"onbackorder","17":"sale","18":"taxable","19":"shipping-taxable","20":"purchasable","21":"product-type-simple"},"supplier_id":45614,"supplier_sku":"KITVOLVO-XDP-B","barcode":null,"atum_controlled":true,"out_stock_date":"2025-11-25 09:25:59","out_stock_threshold":null,"inheritable":false,"inbound_stock":0,"stock_on_hold":0,"sold_today":0,"sales_last_days":0,"reserved_stock":0,"customer_returns":0,"warehouse_damage":0,"lost_in_post":0,"other_logs":0,"out_stock_days":23,"lost_sales":0,"has_location":false,"update_date":"2025-12-18T10:39:28","atum_locations":[],"atum_stock_status":"onbackorder","restock_status":false,"low_stock_amount":1,"sales_update_date":"2025-12-18T10:37:15","calc_backorders":null,"_links":{"self":[{"href":"https:\/\/mps.digital-monkey.in\/de\/wp-json\/wp\/v2\/product\/44004","targetHints":{"allow":["GET"]}}],"collection":[{"href":"https:\/\/mps.digital-monkey.in\/de\/wp-json\/wp\/v2\/product"}],"about":[{"href":"https:\/\/mps.digital-monkey.in\/de\/wp-json\/wp\/v2\/types\/product"}],"replies":[{"embeddable":true,"href":"https:\/\/mps.digital-monkey.in\/de\/wp-json\/wp\/v2\/comments?post=44004"}],"wp:featuredmedia":[{"embeddable":true,"href":"https:\/\/mps.digital-monkey.in\/de\/wp-json\/wp\/v2\/media\/44005"}],"wp:attachment":[{"href":"https:\/\/mps.digital-monkey.in\/de\/wp-json\/wp\/v2\/media?parent=44004"}],"wp:term":[{"taxonomy":"product_brand","embeddable":true,"href":"https:\/\/mps.digital-monkey.in\/de\/wp-json\/wp\/v2\/product_brand?post=44004"},{"taxonomy":"product_cat","embeddable":true,"href":"https:\/\/mps.digital-monkey.in\/de\/wp-json\/wp\/v2\/product_cat?post=44004"},{"taxonomy":"product_tag","embeddable":true,"href":"https:\/\/mps.digital-monkey.in\/de\/wp-json\/wp\/v2\/product_tag?post=44004"}],"curies":[{"name":"wp","href":"https:\/\/api.w.org\/{rel}","templated":true}]}}