{"id":44012,"date":"2025-11-25T09:41:34","date_gmt":"2025-11-25T09:41:34","guid":{"rendered":"https:\/\/mps.digital-monkey.in\/product\/volvo-penta-anodensatz-ips-antrieb-zink-aluminium-21174476\/"},"modified":"2025-12-18T10:39:20","modified_gmt":"2025-12-18T10:39:20","slug":"volvo-penta-anodensatz-ips-antrieb-zink-aluminium-21174476","status":"publish","type":"product","link":"https:\/\/mps.digital-monkey.in\/de\/produkt\/volvo-penta-anodensatz-ips-antrieb-zink-aluminium-21174476\/","title":{"rendered":"Volvo Penta Anodensatz - IPS Antrieb (Zink &amp; Aluminium) | 21174476"},"content":{"rendered":"<p data-start=\"508\" data-end=\"812\">Dieses <strong data-start=\"513\" data-end=\"553\">Volvo Penta Anoden-Kit f\u00fcr IPS-Antriebe<\/strong> bietet einen vollst\u00e4ndigen Korrosionsschutz mit einer Kombination aus <strong data-start=\"616\" data-end=\"645\">Zink- und Aluminiumanoden<\/strong>. Dieses auf Zuverl\u00e4ssigkeit ausgelegte Kit ist f\u00fcr eine Vielzahl von Betriebsbedingungen geeignet und gew\u00e4hrleistet einen wirksamen Schutz Ihres Volvo Penta IPS-Antriebssystems. <\/p>\n<p data-start=\"814\" data-end=\"1033\">Die Mischmetallkonstruktion bietet optimalen Schutz, unabh\u00e4ngig davon, ob Ihr Schiff in <strong data-start=\"910\" data-end=\"962\">Salzwasser, Brackwasser oder gemischten Umgebungen<\/strong> betrieben wird, und tr\u00e4gt dazu bei, die Lebensdauer Ihrer Antriebseinheit und Propeller zu verl\u00e4ngern.<\/p>\n<p data-start=\"1035\" data-end=\"1067\"><strong data-start=\"1035\" data-end=\"1065\">Ersetzt \/ Entspricht:<\/strong><\/p>\n<ul data-start=\"1068\" data-end=\"1094\">\n<li data-start=\"1068\" data-end=\"1094\">\n<p data-start=\"1070\" data-end=\"1094\"><strong data-start=\"1070\" data-end=\"1094\">Volvo Penta 21174476<\/strong><\/p>\n<\/li>\n<\/ul>\n<p data-start=\"1096\" data-end=\"1115\"><strong data-start=\"1096\" data-end=\"1113\">Geeignet f\u00fcr:<\/strong><\/p>\n<ul data-start=\"1116\" data-end=\"1178\">\n<li data-start=\"1116\" data-end=\"1178\">\n<p data-start=\"1118\" data-end=\"1178\">Volvo Penta <strong data-start=\"1130\" data-end=\"1144\">IPS-Antriebe<\/strong> (alle Modelle mit diesem Anodensatz)<\/p>\n<\/li>\n<\/ul>\n<h3 data-start=\"1185\" data-end=\"1210\"><strong data-start=\"1191\" data-end=\"1208\">Wichtige Merkmale:<\/strong><\/h3>\n<ul data-start=\"1211\" data-end=\"1499\">\n<li data-start=\"1211\" data-end=\"1255\">\n<p data-start=\"1213\" data-end=\"1255\">Kompletter Anodensatz f\u00fcr IPS-Antriebssysteme<\/p>\n<\/li>\n<li data-start=\"1256\" data-end=\"1330\">\n<p data-start=\"1258\" data-end=\"1330\">Kombination aus <strong data-start=\"1273\" data-end=\"1293\">Zink + Aluminium<\/strong> f\u00fcr weitreichende Wasservertr\u00e4glichkeit<\/p>\n<\/li>\n<li data-start=\"1331\" data-end=\"1398\">\n<p data-start=\"1333\" data-end=\"1398\">Hilft, galvanische Korrosion an der IPS-Einheit und den Propellern zu verhindern<\/p>\n<\/li>\n<li data-start=\"1399\" data-end=\"1448\">\n<p data-start=\"1401\" data-end=\"1448\">Passform und Leistung entsprechen denen des OEM<\/p>\n<\/li>\n<li data-start=\"1449\" data-end=\"1499\">\n<p data-start=\"1451\" data-end=\"1499\">Einfache Installation mit allen Komponenten im Lieferumfang<\/p>\n<\/li>\n<\/ul>\n<h3 data-start=\"1506\" data-end=\"1532\"><\/h3>\n","protected":false},"excerpt":{"rendered":"<p>Dieses Volvo Penta Anoden-Kit f\u00fcr IPS-Antriebe bietet einen vollst\u00e4ndigen Korrosionsschutz mit einer Kombination aus Zink- und Aluminiumanoden. Dieses auf Zuverl\u00e4ssigkeit ausgelegte Kit ist f\u00fcr eine Vielzahl von Betriebsbedingungen geeignet und gew\u00e4hrleistet einen wirksamen Schutz Ihres Volvo Penta IPS-Antriebssystems. Die Mischmetallkonstruktion bietet optimalen Schutz, unabh\u00e4ngig davon, ob Ihr Schiff in Salzwasser, Brackwasser oder gemischten Umgebungen betrieben [&hellip;]<\/p>\n","protected":false},"featured_media":44013,"comment_status":"open","ping_status":"closed","template":"","meta":[],"product_brand":[4230],"product_cat":[3286,4488,2498,4308,4523],"product_tag":[],"class_list":{"0":"post-44012","1":"product","2":"type-product","3":"status-publish","4":"has-post-thumbnail","6":"product_brand-volvo-penta","7":"product_cat-anoden","8":"product_cat-brauchen-sie-volvo-penta-teile","9":"product_cat-ersatzteile-fur-motoren","10":"product_cat-volvo-penta","11":"product_cat-volvo-penta-anoden","12":"pa_condition-neu","13":"pa_oem-or-aftermarket-aftermarket","15":"first","16":"onbackorder","17":"sale","18":"taxable","19":"shipping-taxable","20":"purchasable","21":"product-type-simple"},"supplier_id":45614,"supplier_sku":"KITVOLVOIPS","barcode":null,"atum_controlled":true,"out_stock_date":"2025-11-25 09:41:37","out_stock_threshold":null,"inheritable":false,"inbound_stock":0,"stock_on_hold":0,"sold_today":0,"sales_last_days":0,"reserved_stock":0,"customer_returns":0,"warehouse_damage":0,"lost_in_post":0,"other_logs":0,"out_stock_days":23,"lost_sales":0,"has_location":false,"update_date":"2025-12-18T10:39:28","atum_locations":[],"atum_stock_status":"onbackorder","restock_status":false,"low_stock_amount":1,"sales_update_date":"2025-12-18T10:37:15","calc_backorders":null,"_links":{"self":[{"href":"https:\/\/mps.digital-monkey.in\/de\/wp-json\/wp\/v2\/product\/44012","targetHints":{"allow":["GET"]}}],"collection":[{"href":"https:\/\/mps.digital-monkey.in\/de\/wp-json\/wp\/v2\/product"}],"about":[{"href":"https:\/\/mps.digital-monkey.in\/de\/wp-json\/wp\/v2\/types\/product"}],"replies":[{"embeddable":true,"href":"https:\/\/mps.digital-monkey.in\/de\/wp-json\/wp\/v2\/comments?post=44012"}],"wp:featuredmedia":[{"embeddable":true,"href":"https:\/\/mps.digital-monkey.in\/de\/wp-json\/wp\/v2\/media\/44013"}],"wp:attachment":[{"href":"https:\/\/mps.digital-monkey.in\/de\/wp-json\/wp\/v2\/media?parent=44012"}],"wp:term":[{"taxonomy":"product_brand","embeddable":true,"href":"https:\/\/mps.digital-monkey.in\/de\/wp-json\/wp\/v2\/product_brand?post=44012"},{"taxonomy":"product_cat","embeddable":true,"href":"https:\/\/mps.digital-monkey.in\/de\/wp-json\/wp\/v2\/product_cat?post=44012"},{"taxonomy":"product_tag","embeddable":true,"href":"https:\/\/mps.digital-monkey.in\/de\/wp-json\/wp\/v2\/product_tag?post=44012"}],"curies":[{"name":"wp","href":"https:\/\/api.w.org\/{rel}","templated":true}]}}