{"id":44023,"date":"2025-11-25T09:54:28","date_gmt":"2025-11-25T09:54:28","guid":{"rendered":"https:\/\/mps.digital-monkey.in\/product\/volvo-penta-kolbenring-kit-d2-40-3812474\/"},"modified":"2025-11-25T09:54:28","modified_gmt":"2025-11-25T09:54:28","slug":"volvo-penta-kolbenring-kit-d2-40-3812474","status":"publish","type":"product","link":"https:\/\/mps.digital-monkey.in\/de\/produkt\/volvo-penta-kolbenring-kit-d2-40-3812474\/","title":{"rendered":"Volvo Penta Kolbenring-Kit D2-40 | 3812474"},"content":{"rendered":"<p data-start=\"493\" data-end=\"772\">Dieser <strong data-start=\"498\" data-end=\"517\">Kolbenringsatz<\/strong> ist f\u00fcr alle Versionen des <strong data-start=\"554\" data-end=\"589\">Volvo Penta D2-40 Dieselmotors<\/strong> geeignet und bietet zuverl\u00e4ssige Leistung und hervorragende Dichtungseigenschaften. Er wird nach hohen Standards hergestellt und bietet eine zuverl\u00e4ssige Ersatzoption f\u00fcr die \u00dcberholung des Motors oder f\u00fcr routinem\u00e4\u00dfige \u00dcberholungen. <\/p>\n<p data-start=\"774\" data-end=\"813\">Kompatibel mit den folgenden Modellen:<\/p>\n<ul data-start=\"814\" data-end=\"855\">\n<li data-start=\"814\" data-end=\"827\">\n<p data-start=\"816\" data-end=\"827\"><strong data-start=\"816\" data-end=\"825\">D2-40<\/strong><\/p>\n<\/li>\n<li data-start=\"828\" data-end=\"842\">\n<p data-start=\"830\" data-end=\"842\"><strong data-start=\"830\" data-end=\"840\">D2-40B<\/strong><\/p>\n<\/li>\n<li data-start=\"843\" data-end=\"855\">\n<p data-start=\"845\" data-end=\"855\"><strong data-start=\"845\" data-end=\"855\">D2-40F<\/strong><\/p>\n<\/li>\n<\/ul>\n<p data-start=\"925\" data-end=\"954\"><strong data-start=\"925\" data-end=\"952\">Kolbenring Abmessungen:<\/strong><\/p>\n<ul data-start=\"955\" data-end=\"1083\">\n<li data-start=\"955\" data-end=\"978\">\n<p data-start=\"957\" data-end=\"978\">Durchmesser: <strong data-start=\"967\" data-end=\"976\">77 mm<\/strong><\/p>\n<\/li>\n<li data-start=\"979\" data-end=\"1010\">\n<p data-start=\"981\" data-end=\"1010\">H\u00f6he des oberen Rings: <strong data-start=\"998\" data-end=\"1008\">2,0 mm<\/strong><\/p>\n<\/li>\n<li data-start=\"1011\" data-end=\"1045\">\n<p data-start=\"1013\" data-end=\"1045\">H\u00f6he des mittleren Rings: <strong data-start=\"1033\" data-end=\"1043\">1,5 mm<\/strong><\/p>\n<\/li>\n<li data-start=\"1046\" data-end=\"1083\">\n<p data-start=\"1048\" data-end=\"1083\">H\u00f6he des \u00d6lkontrollrings: <strong data-start=\"1073\" data-end=\"1083\">3,0 mm<\/strong><\/p>\n<\/li>\n<\/ul>\n<p data-start=\"1085\" data-end=\"1129\"><strong data-start=\"1085\" data-end=\"1127\">Entspricht der Volvo Penta Teilenummer:<\/strong><\/p>\n<ul data-start=\"1130\" data-end=\"1143\">\n<li data-start=\"1130\" data-end=\"1143\">\n<p data-start=\"1132\" data-end=\"1143\"><strong data-start=\"1132\" data-end=\"1143\">3812474<\/strong><\/p>\n<\/li>\n<\/ul>\n<p data-start=\"1145\" data-end=\"1289\">Dieser Ringsatz ist so konstruiert, dass er die Leistung der Originalkomponente erreicht und eine angemessene Kompression, \u00d6lkontrolle und lange Lebensdauer gew\u00e4hrleistet.<\/p>\n<h3 data-start=\"1296\" data-end=\"1321\"><strong data-start=\"1302\" data-end=\"1319\">Wichtige Merkmale:<\/strong><\/h3>\n<ul data-start=\"1322\" data-end=\"1551\">\n<li data-start=\"1322\" data-end=\"1376\">\n<p data-start=\"1324\" data-end=\"1376\">Geeignet f\u00fcr alle Volvo Penta D2-40 Motorversionen<\/p>\n<\/li>\n<li data-start=\"1411\" data-end=\"1466\">\n<p data-start=\"1413\" data-end=\"1466\">Hochwertige Materialien f\u00fcr lang anhaltende Leistung<\/p>\n<\/li>\n<li data-start=\"1467\" data-end=\"1497\">\n<p data-start=\"1469\" data-end=\"1497\">Entspricht den OEM-Spezifikationen<\/p>\n<\/li>\n<li data-start=\"1498\" data-end=\"1551\">\n<p data-start=\"1500\" data-end=\"1551\">Sorgt f\u00fcr korrekte Abdichtung, Kompression und \u00d6lkontrolle<\/p>\n<\/li>\n<\/ul>\n","protected":false},"excerpt":{"rendered":"<p>Dieser Kolbenringsatz ist f\u00fcr alle Versionen des Volvo Penta D2-40 Dieselmotors geeignet und bietet zuverl\u00e4ssige Leistung und hervorragende Dichtungseigenschaften. Er wird nach hohen Standards hergestellt und bietet eine zuverl\u00e4ssige Ersatzoption f\u00fcr die \u00dcberholung des Motors oder f\u00fcr routinem\u00e4\u00dfige \u00dcberholungen. Kompatibel mit den folgenden Modellen: D2-40 D2-40B D2-40F Kolbenring Abmessungen: Durchmesser: 77 mm H\u00f6he des oberen [&hellip;]<\/p>\n","protected":false},"featured_media":44024,"comment_status":"open","ping_status":"closed","template":"","meta":[],"product_brand":[4230],"product_cat":[2532],"product_tag":[],"class_list":{"0":"post-44023","1":"product","2":"type-product","3":"status-publish","4":"has-post-thumbnail","6":"product_brand-volvo-penta","7":"product_cat-motorenteile","8":"pa_condition-neu","9":"pa_model-d2-40","10":"pa_model-d2-40b","11":"pa_model-d2-40f","12":"pa_oem-or-aftermarket-aftermarket","14":"first","15":"instock","16":"taxable","17":"shipping-taxable","18":"purchasable","19":"product-type-simple"},"supplier_id":7294,"supplier_sku":"RM3812474","barcode":null,"atum_controlled":true,"out_stock_date":null,"out_stock_threshold":null,"inheritable":false,"inbound_stock":0,"stock_on_hold":0,"sold_today":0,"sales_last_days":0,"reserved_stock":0,"customer_returns":0,"warehouse_damage":0,"lost_in_post":0,"other_logs":0,"out_stock_days":0,"lost_sales":0,"has_location":false,"update_date":"2026-01-29T09:10:44","atum_locations":[],"atum_stock_status":"instock","restock_status":false,"low_stock_amount":1,"sales_update_date":"2026-01-29T09:10:44","calc_backorders":null,"_links":{"self":[{"href":"https:\/\/mps.digital-monkey.in\/de\/wp-json\/wp\/v2\/product\/44023","targetHints":{"allow":["GET"]}}],"collection":[{"href":"https:\/\/mps.digital-monkey.in\/de\/wp-json\/wp\/v2\/product"}],"about":[{"href":"https:\/\/mps.digital-monkey.in\/de\/wp-json\/wp\/v2\/types\/product"}],"replies":[{"embeddable":true,"href":"https:\/\/mps.digital-monkey.in\/de\/wp-json\/wp\/v2\/comments?post=44023"}],"wp:featuredmedia":[{"embeddable":true,"href":"https:\/\/mps.digital-monkey.in\/de\/wp-json\/wp\/v2\/media\/44024"}],"wp:attachment":[{"href":"https:\/\/mps.digital-monkey.in\/de\/wp-json\/wp\/v2\/media?parent=44023"}],"wp:term":[{"taxonomy":"product_brand","embeddable":true,"href":"https:\/\/mps.digital-monkey.in\/de\/wp-json\/wp\/v2\/product_brand?post=44023"},{"taxonomy":"product_cat","embeddable":true,"href":"https:\/\/mps.digital-monkey.in\/de\/wp-json\/wp\/v2\/product_cat?post=44023"},{"taxonomy":"product_tag","embeddable":true,"href":"https:\/\/mps.digital-monkey.in\/de\/wp-json\/wp\/v2\/product_tag?post=44023"}],"curies":[{"name":"wp","href":"https:\/\/api.w.org\/{rel}","templated":true}]}}