{"id":44032,"date":"2025-11-25T10:04:57","date_gmt":"2025-11-25T10:04:57","guid":{"rendered":"https:\/\/mps.digital-monkey.in\/product\/volvo-penta-kolbenringsatz-d1-13-d1-20-3812472\/"},"modified":"2025-11-25T10:04:57","modified_gmt":"2025-11-25T10:04:57","slug":"volvo-penta-kolbenringsatz-d1-13-d1-20-3812472","status":"publish","type":"product","link":"https:\/\/mps.digital-monkey.in\/de\/produkt\/volvo-penta-kolbenringsatz-d1-13-d1-20-3812472\/","title":{"rendered":"Volvo Penta Kolbenringsatz D1-13 \/ D1-20 | 3812472"},"content":{"rendered":"<p data-start=\"655\" data-end=\"904\">Dieser <strong data-start=\"660\" data-end=\"679\">Kolbenringsatz<\/strong> ist f\u00fcr die Volvo Penta <strong data-start=\"708\" data-end=\"727\">D1-13 und D1-20<\/strong> Schiffsdieselmotoren geeignet. Dieser Satz wird entsprechend den OEM-Spezifikationen hergestellt und bietet eine zuverl\u00e4ssige Abdichtung, Kompression und \u00d6lkontrolle f\u00fcr optimale Motoreffizienz und Leistung. <\/p>\n<p data-start=\"906\" data-end=\"1089\">Er wurde als direkter Ersatz f\u00fcr den originalen Ringsatz entwickelt und gew\u00e4hrleistet einen reibungslosen Betrieb und eine gleichm\u00e4\u00dfige Verbrennung - ideal f\u00fcr die \u00dcberholung von Motoren, die Wartung oder die Wiederherstellung der Leistung.<\/p>\n<p data-start=\"1091\" data-end=\"1143\"><strong data-start=\"1091\" data-end=\"1141\">Geeignet f\u00fcr die folgenden Volvo Penta Modelle:<\/strong><\/p>\n<ul data-start=\"1144\" data-end=\"1231\">\n<li data-start=\"1144\" data-end=\"1158\">\n<p data-start=\"1146\" data-end=\"1158\"><strong data-start=\"1146\" data-end=\"1156\">D1-13A<\/strong><\/p>\n<\/li>\n<li data-start=\"1159\" data-end=\"1173\">\n<p data-start=\"1161\" data-end=\"1173\"><strong data-start=\"1161\" data-end=\"1171\">D1-13B<\/strong><\/p>\n<\/li>\n<li data-start=\"1174\" data-end=\"1188\">\n<p data-start=\"1176\" data-end=\"1188\"><strong data-start=\"1176\" data-end=\"1186\">D1-13F<\/strong><\/p>\n<\/li>\n<li data-start=\"1189\" data-end=\"1203\">\n<p data-start=\"1191\" data-end=\"1203\"><strong data-start=\"1191\" data-end=\"1201\">D1-20A<\/strong><\/p>\n<\/li>\n<li data-start=\"1204\" data-end=\"1218\">\n<p data-start=\"1206\" data-end=\"1218\"><strong data-start=\"1206\" data-end=\"1216\">D1-20B<\/strong><\/p>\n<\/li>\n<li data-start=\"1219\" data-end=\"1231\">\n<p data-start=\"1221\" data-end=\"1231\"><strong data-start=\"1221\" data-end=\"1231\">D1-20F<\/strong><\/p>\n<\/li>\n<\/ul>\n<p data-start=\"1233\" data-end=\"1277\"><strong data-start=\"1233\" data-end=\"1275\">Entspricht der Volvo Penta Teilenummer:<\/strong><\/p>\n<ul data-start=\"1278\" data-end=\"1291\">\n<li data-start=\"1278\" data-end=\"1291\">\n<p data-start=\"1280\" data-end=\"1291\"><strong data-start=\"1280\" data-end=\"1291\">3812472<\/strong><\/p>\n<\/li>\n<\/ul>\n<h2 data-start=\"1350\" data-end=\"1373\"><strong data-start=\"1353\" data-end=\"1371\">Wesentliche Merkmale<\/strong><\/h2>\n<ul data-start=\"1374\" data-end=\"1609\">\n<li data-start=\"1374\" data-end=\"1419\">\n<p data-start=\"1376\" data-end=\"1419\">Kompletter Kolbenringsatz f\u00fcr einen Zylinder<\/p>\n<\/li>\n<li data-start=\"1420\" data-end=\"1472\">\n<p data-start=\"1422\" data-end=\"1472\">Geeignet f\u00fcr Volvo Penta D1-13 und D1-20 Motoren<\/p>\n<\/li>\n<li data-start=\"1473\" data-end=\"1515\">\n<p data-start=\"1475\" data-end=\"1515\">Entspricht den Abmessungen und der Leistung des OEM<\/p>\n<\/li>\n<li data-start=\"1516\" data-end=\"1558\">\n<p data-start=\"1518\" data-end=\"1558\">Sorgt f\u00fcr korrekte Abdichtung und Kompression<\/p>\n<\/li>\n<li data-start=\"1559\" data-end=\"1609\">\n<p data-start=\"1561\" data-end=\"1609\">Ideal f\u00fcr \u00dcberholungen, \u00dcberholungen und Wartung<\/p>\n<\/li>\n<\/ul>\n<h2 data-start=\"1616\" data-end=\"1640\"><\/h2>\n","protected":false},"excerpt":{"rendered":"<p>Dieser Kolbenringsatz ist f\u00fcr die Volvo Penta D1-13 und D1-20 Schiffsdieselmotoren geeignet. Dieser Satz wird entsprechend den OEM-Spezifikationen hergestellt und bietet eine zuverl\u00e4ssige Abdichtung, Kompression und \u00d6lkontrolle f\u00fcr optimale Motoreffizienz und Leistung. Er wurde als direkter Ersatz f\u00fcr den originalen Ringsatz entwickelt und gew\u00e4hrleistet einen reibungslosen Betrieb und eine gleichm\u00e4\u00dfige Verbrennung - ideal f\u00fcr die [&hellip;]<\/p>\n","protected":false},"featured_media":44033,"comment_status":"open","ping_status":"closed","template":"","meta":[],"product_brand":[4230],"product_cat":[2532],"product_tag":[],"class_list":{"0":"post-44032","1":"product","2":"type-product","3":"status-publish","4":"has-post-thumbnail","6":"product_brand-volvo-penta","7":"product_cat-motorenteile","8":"pa_condition-neu","9":"pa_model-d1-13","10":"pa_model-d1-20","11":"pa_oem-or-aftermarket-aftermarket","13":"first","14":"instock","15":"taxable","16":"shipping-taxable","17":"purchasable","18":"product-type-simple"},"supplier_id":7294,"supplier_sku":"RM3812472","barcode":null,"atum_controlled":true,"out_stock_date":null,"out_stock_threshold":null,"inheritable":false,"inbound_stock":0,"stock_on_hold":0,"sold_today":0,"sales_last_days":0,"reserved_stock":0,"customer_returns":0,"warehouse_damage":0,"lost_in_post":0,"other_logs":0,"out_stock_days":0,"lost_sales":0,"has_location":false,"update_date":"2026-01-29T09:10:44","atum_locations":[],"atum_stock_status":"instock","restock_status":false,"low_stock_amount":1,"sales_update_date":"2026-01-29T09:10:44","calc_backorders":null,"_links":{"self":[{"href":"https:\/\/mps.digital-monkey.in\/de\/wp-json\/wp\/v2\/product\/44032","targetHints":{"allow":["GET"]}}],"collection":[{"href":"https:\/\/mps.digital-monkey.in\/de\/wp-json\/wp\/v2\/product"}],"about":[{"href":"https:\/\/mps.digital-monkey.in\/de\/wp-json\/wp\/v2\/types\/product"}],"replies":[{"embeddable":true,"href":"https:\/\/mps.digital-monkey.in\/de\/wp-json\/wp\/v2\/comments?post=44032"}],"wp:featuredmedia":[{"embeddable":true,"href":"https:\/\/mps.digital-monkey.in\/de\/wp-json\/wp\/v2\/media\/44033"}],"wp:attachment":[{"href":"https:\/\/mps.digital-monkey.in\/de\/wp-json\/wp\/v2\/media?parent=44032"}],"wp:term":[{"taxonomy":"product_brand","embeddable":true,"href":"https:\/\/mps.digital-monkey.in\/de\/wp-json\/wp\/v2\/product_brand?post=44032"},{"taxonomy":"product_cat","embeddable":true,"href":"https:\/\/mps.digital-monkey.in\/de\/wp-json\/wp\/v2\/product_cat?post=44032"},{"taxonomy":"product_tag","embeddable":true,"href":"https:\/\/mps.digital-monkey.in\/de\/wp-json\/wp\/v2\/product_tag?post=44032"}],"curies":[{"name":"wp","href":"https:\/\/api.w.org\/{rel}","templated":true}]}}