{"id":44050,"date":"2025-11-25T10:36:34","date_gmt":"2025-11-25T10:36:34","guid":{"rendered":"https:\/\/mps.digital-monkey.in\/product\/yanmar-hinterer-kurbelwellen-oeldichtring-1gm10-2gm20-3gm30-124085-02220\/"},"modified":"2026-03-01T12:01:30","modified_gmt":"2026-03-01T12:01:30","slug":"yanmar-hinterer-kurbelwellen-oeldichtring-1gm10-2gm20-3gm30-124085-02220","status":"publish","type":"product","link":"https:\/\/mps.digital-monkey.in\/de\/product\/yanmar-hinterer-kurbelwellen-oeldichtring-1gm10-2gm20-3gm30-124085-02220\/","title":{"rendered":"Yanmar Hinterer Kurbelwellen-\u00d6ldichtring 1GM10 \/ 2GM20 \/ 3GM30 | 124085-02220"},"content":{"rendered":"<p data-start=\"537\" data-end=\"710\">Dieser <strong data-start=\"542\" data-end=\"570\">hintere Kurbelwellen-\u00d6ldichtring<\/strong> ist mit <strong data-start=\"606\" data-end=\"624\">Yanmar-Motoren<\/strong> der Serie 1gm 2gm 3gm kompatibel. Er gew\u00e4hrleistet eine zuverl\u00e4ssige Abdichtung und verhindert \u00d6llecks f\u00fcr eine optimale Motorleistung.<\/p>\n<p data-start=\"712\" data-end=\"745\"><strong data-start=\"712\" data-end=\"743\">Zu den kompatiblen Motoren geh\u00f6ren:<\/strong><\/p>\n<ul data-start=\"746\" data-end=\"883\">\n<li data-start=\"746\" data-end=\"767\">\n<p data-start=\"748\" data-end=\"767\">Yanmar 1GM, 1GM10<\/p>\n<\/li>\n<li data-start=\"768\" data-end=\"820\">\n<p data-start=\"770\" data-end=\"820\">Yanmar 2GM, 2GM20, 2GM20 EU, 2GM20 F, 2GM20 F EU<\/p>\n<\/li>\n<li data-start=\"821\" data-end=\"835\">\n<p data-start=\"823\" data-end=\"835\">Yanmar 3GM<\/p>\n<\/li>\n<li data-start=\"836\" data-end=\"883\">\n<p data-start=\"838\" data-end=\"883\">Yanmar 3GM30, 3GM30 EU, 3GM30 F, 3GM30 F EU<\/p>\n<\/li>\n<\/ul>\n<p data-start=\"885\" data-end=\"909\"><strong data-start=\"885\" data-end=\"907\">OEM \/ Teilenummer:<\/strong><\/p>\n<ul data-start=\"910\" data-end=\"926\">\n<li data-start=\"910\" data-end=\"926\">\n<p data-start=\"912\" data-end=\"926\">124085-02220<\/p>\n<\/li>\n<\/ul>\n<p data-start=\"928\" data-end=\"947\"><strong data-start=\"928\" data-end=\"945\">Wichtige Merkmale:<\/strong><\/p>\n<ul data-start=\"948\" data-end=\"1132\">\n<li data-start=\"948\" data-end=\"1001\">\n<p data-start=\"950\" data-end=\"1001\">Hochwertiger Ersatz-Kurbelwellendichtring hinten<\/p>\n<\/li>\n<li data-start=\"1002\" data-end=\"1057\">\n<p data-start=\"1004\" data-end=\"1057\">Verhindert \u00d6laustritt und bewahrt die Integrit\u00e4t des Motors<\/p>\n<\/li>\n<li data-start=\"1058\" data-end=\"1110\">\n<p data-start=\"1060\" data-end=\"1110\">Pr\u00e4zisionsgefertigt f\u00fcr den langj\u00e4hrigen Einsatz auf See<\/p>\n<\/li>\n<li data-start=\"1111\" data-end=\"1132\">\n<p data-start=\"1113\" data-end=\"1132\">Einfache Installation<\/p>\n<\/li>\n<\/ul>\n<h3 data-start=\"1139\" data-end=\"1165\"><\/h3>\n","protected":false},"excerpt":{"rendered":"<p>Dieser hintere Kurbelwellen-\u00d6ldichtring ist mit Yanmar-Motoren der Serie 1gm 2gm 3gm kompatibel. Er gew\u00e4hrleistet eine zuverl\u00e4ssige Abdichtung und verhindert \u00d6llecks f\u00fcr eine optimale Motorleistung. Zu den kompatiblen Motoren geh\u00f6ren: Yanmar 1GM, 1GM10 Yanmar 2GM, 2GM20, 2GM20 EU, 2GM20 F, 2GM20 F EU Yanmar 3GM Yanmar 3GM30, 3GM30 EU, 3GM30 F, 3GM30 F EU OEM \/ [&hellip;]<\/p>\n","protected":false},"featured_media":44051,"comment_status":"open","ping_status":"closed","template":"","meta":[],"product_brand":[4236],"product_cat":[4452,4442,4443,2498,3037,3038,4441],"product_tag":[],"class_list":{"0":"post-44050","1":"product","2":"type-product","3":"status-publish","4":"has-post-thumbnail","6":"product_brand-yanmar","7":"product_cat-1gm-1gm10-teile","8":"product_cat-2gm-2gm20-teile","9":"product_cat-3gm-3gm30-teile","10":"product_cat-ersatzteile-fur-motoren","11":"product_cat-kits-fur-wartung-und-reparatur","12":"product_cat-motor-dichtungen","13":"product_cat-yanmar","14":"pa_condition-neu","15":"pa_model-1gm","16":"pa_model-1gm10","17":"pa_model-1gm10c","18":"pa_model-1gmc","19":"pa_model-1gml","20":"pa_model-2gm","21":"pa_model-2gmf","22":"pa_model-2gm20","23":"pa_model-2gm20-yeu","24":"pa_model-2gm20f","25":"pa_model-2gm20f-yeu","26":"pa_model-2gm20fc-yeu","27":"pa_model-2gm20fv","28":"pa_model-2gm20fve","29":"pa_model-2gm20v","30":"pa_model-2gm20ve","32":"pa_model-2gmf-yeu","33":"pa_model-2gmfl","34":"pa_model-2gmfye","35":"pa_model-3gm","36":"pa_model-3gm30","37":"pa_model-3gm30-yeu","38":"pa_model-3gm30b","39":"pa_model-3gm30c","40":"pa_model-3gm30c-yeu","41":"pa_model-3gm30f","42":"pa_model-3gm30f-yeu","43":"pa_model-3gm30fc-yeu","44":"pa_model-3gm30fv","45":"pa_model-3gm30fve","46":"pa_model-3gm30v","47":"pa_model-3gm30ve","48":"pa_model-3gmd","49":"pa_model-3gmdf","50":"pa_model-3gmf","51":"pa_model-3gmfle","52":"pa_model-3gmfy-e","53":"pa_model-3gmfye-e","54":"pa_oem-or-aftermarket-aftermarket","56":"first","57":"instock","58":"taxable","59":"shipping-taxable","60":"purchasable","61":"product-type-simple"},"supplier_id":null,"supplier_sku":"","barcode":null,"atum_controlled":true,"out_stock_date":null,"out_stock_threshold":null,"inheritable":false,"inbound_stock":0,"stock_on_hold":1,"sold_today":0,"sales_last_days":1,"reserved_stock":0,"customer_returns":0,"warehouse_damage":0,"lost_in_post":0,"other_logs":0,"out_stock_days":1,"lost_sales":2,"has_location":false,"update_date":"2026-03-10T15:08:24","atum_locations":[],"atum_stock_status":"instock","restock_status":false,"low_stock_amount":1,"sales_update_date":null,"calc_backorders":0,"_links":{"self":[{"href":"https:\/\/mps.digital-monkey.in\/de\/wp-json\/wp\/v2\/product\/44050","targetHints":{"allow":["GET"]}}],"collection":[{"href":"https:\/\/mps.digital-monkey.in\/de\/wp-json\/wp\/v2\/product"}],"about":[{"href":"https:\/\/mps.digital-monkey.in\/de\/wp-json\/wp\/v2\/types\/product"}],"replies":[{"embeddable":true,"href":"https:\/\/mps.digital-monkey.in\/de\/wp-json\/wp\/v2\/comments?post=44050"}],"wp:featuredmedia":[{"embeddable":true,"href":"https:\/\/mps.digital-monkey.in\/de\/wp-json\/wp\/v2\/media\/44051"}],"wp:attachment":[{"href":"https:\/\/mps.digital-monkey.in\/de\/wp-json\/wp\/v2\/media?parent=44050"}],"wp:term":[{"taxonomy":"product_brand","embeddable":true,"href":"https:\/\/mps.digital-monkey.in\/de\/wp-json\/wp\/v2\/product_brand?post=44050"},{"taxonomy":"product_cat","embeddable":true,"href":"https:\/\/mps.digital-monkey.in\/de\/wp-json\/wp\/v2\/product_cat?post=44050"},{"taxonomy":"product_tag","embeddable":true,"href":"https:\/\/mps.digital-monkey.in\/de\/wp-json\/wp\/v2\/product_tag?post=44050"}],"curies":[{"name":"wp","href":"https:\/\/api.w.org\/{rel}","templated":true}]}}