{"id":44086,"date":"2025-11-25T13:08:07","date_gmt":"2025-11-25T13:08:07","guid":{"rendered":"https:\/\/mps.digital-monkey.in\/product\/yanmar-vorderer-kurbelwellendichtring-121450-01801-1gm-2gm-3gm-3hm-serie\/"},"modified":"2026-03-01T12:01:26","modified_gmt":"2026-03-01T12:01:26","slug":"yanmar-vorderer-kurbelwellendichtring-121450-01801-1gm-2gm-3gm-3hm-serie","status":"publish","type":"product","link":"https:\/\/mps.digital-monkey.in\/de\/product\/yanmar-vorderer-kurbelwellendichtring-121450-01801-1gm-2gm-3gm-3hm-serie\/","title":{"rendered":"Yanmar Vorderer Kurbelwellendichtring | 121450-01801 | 1GM \/ 2GM \/ 3GM \/ 3HM Serie"},"content":{"rendered":"<p data-start=\"422\" data-end=\"626\">Diese <strong data-start=\"427\" data-end=\"452\">vordere Kurbelwellendichtung<\/strong> ersetzt das Yanmar-Teil <strong data-start=\"474\" data-end=\"490\">121450-01801<\/strong> und sorgt f\u00fcr eine zuverl\u00e4ssige, \u00f6ldichte Abdichtung an der Kurbelwellennase. Gefertigt nach hohen Standards f\u00fcr Langlebigkeit und sauberen Motorbetrieb. <\/p>\n<p data-start=\"628\" data-end=\"683\"><strong data-start=\"628\" data-end=\"681\">Geeignet f\u00fcr die folgenden Yanmar Schiffsmotoren:<\/strong><\/p>\n<ul data-start=\"684\" data-end=\"878\">\n<li data-start=\"684\" data-end=\"723\">\n<p data-start=\"686\" data-end=\"723\"><strong data-start=\"686\" data-end=\"701\">1GM-Serie:<\/strong> 1GM10, 1GML, 1GMY-C<\/p>\n<\/li>\n<li data-start=\"724\" data-end=\"795\">\n<p data-start=\"726\" data-end=\"795\"><strong data-start=\"726\" data-end=\"741\">2GM Serie:<\/strong> 2GM20, 2GM20F, 2GM20F-YEU, 2GM20-YEU, 2GMLP, 2GMSZK<\/p>\n<\/li>\n<li data-start=\"796\" data-end=\"841\">\n<p data-start=\"798\" data-end=\"841\"><strong data-start=\"798\" data-end=\"813\">3GM Serien:<\/strong> 3GM30, 3GM30F, 3GM30F-YEU<\/p>\n<\/li>\n<li data-start=\"842\" data-end=\"878\">\n<p data-start=\"844\" data-end=\"878\"><strong data-start=\"844\" data-end=\"859\">3HM Serien:<\/strong> 3HM, 3HMF, 3HM35<\/p>\n<\/li>\n<\/ul>\n<p data-start=\"880\" data-end=\"900\"><strong data-start=\"880\" data-end=\"898\">OEM-Referenz:<\/strong><\/p>\n<ul data-start=\"901\" data-end=\"917\">\n<li data-start=\"901\" data-end=\"917\">\n<p data-start=\"903\" data-end=\"917\">121450-01801<\/p>\n<\/li>\n<\/ul>\n<p>&nbsp;<\/p>\n","protected":false},"excerpt":{"rendered":"<p>Diese vordere Kurbelwellendichtung ersetzt das Yanmar-Teil 121450-01801 und sorgt f\u00fcr eine zuverl\u00e4ssige, \u00f6ldichte Abdichtung an der Kurbelwellennase. Gefertigt nach hohen Standards f\u00fcr Langlebigkeit und sauberen Motorbetrieb. Geeignet f\u00fcr die folgenden Yanmar Schiffsmotoren: 1GM-Serie: 1GM10, 1GML, 1GMY-C 2GM Serie: 2GM20, 2GM20F, 2GM20F-YEU, 2GM20-YEU, 2GMLP, 2GMSZK 3GM Serien: 3GM30, 3GM30F, 3GM30F-YEU 3HM Serien: 3HM, 3HMF, 3HM35 OEM-Referenz: [&hellip;]<\/p>\n","protected":false},"featured_media":44087,"comment_status":"open","ping_status":"closed","template":"","meta":[],"product_brand":[4236],"product_cat":[4452,4442,4443,2498,3037,3038,4441,4531],"product_tag":[],"class_list":{"0":"post-44086","1":"product","2":"type-product","3":"status-publish","4":"has-post-thumbnail","6":"product_brand-yanmar","7":"product_cat-1gm-1gm10-teile","8":"product_cat-2gm-2gm20-teile","9":"product_cat-3gm-3gm30-teile","10":"product_cat-ersatzteile-fur-motoren","11":"product_cat-kits-fur-wartung-und-reparatur","12":"product_cat-motor-dichtungen","13":"product_cat-yanmar","14":"product_cat-yanmar-service-teile","15":"pa_condition-neu","16":"pa_model-1gm","17":"pa_model-1gm10","18":"pa_model-1gm10c","19":"pa_model-1gmc","20":"pa_model-1gml","21":"pa_model-2gm","22":"pa_model-2gmf","23":"pa_model-2gm20","24":"pa_model-2gm20-yeu","25":"pa_model-2gm20f","26":"pa_model-2gm20f-yeu","27":"pa_model-2gm20fc-yeu","28":"pa_model-2gm20fv","29":"pa_model-2gm20fve","30":"pa_model-2gm20v","31":"pa_model-2gm20ve","33":"pa_model-2gmf-yeu","34":"pa_model-2gmfl","35":"pa_model-2gmfye","36":"pa_model-3gm","37":"pa_model-3gm30","38":"pa_model-3gm30-yeu","39":"pa_model-3gm30b","40":"pa_model-3gm30c","41":"pa_model-3gm30c-yeu","42":"pa_model-3gm30f","43":"pa_model-3gm30f-yeu","44":"pa_model-3gm30fc-yeu","45":"pa_model-3gm30fv","46":"pa_model-3gm30fve","47":"pa_model-3gm30v","48":"pa_model-3gm30ve","49":"pa_model-3gmd","50":"pa_model-3gmdf","51":"pa_model-3gmf","52":"pa_model-3gmfle","53":"pa_model-3gmfy-e","54":"pa_model-3gmfye-e","55":"pa_model-3hm","56":"pa_model-3hm35","57":"pa_model-3hm35c","58":"pa_model-3hm35f","59":"pa_model-3hmf","60":"pa_oem-or-aftermarket-aftermarket","62":"first","63":"instock","64":"taxable","65":"shipping-taxable","66":"purchasable","67":"product-type-simple"},"supplier_id":7294,"supplier_sku":"REC121450-01801","barcode":null,"atum_controlled":true,"out_stock_date":null,"out_stock_threshold":null,"inheritable":false,"inbound_stock":0,"stock_on_hold":1,"sold_today":0,"sales_last_days":1,"reserved_stock":0,"customer_returns":0,"warehouse_damage":0,"lost_in_post":0,"other_logs":0,"out_stock_days":1,"lost_sales":0,"has_location":false,"update_date":"2026-03-10T15:08:24","atum_locations":[],"atum_stock_status":"instock","restock_status":false,"low_stock_amount":1,"sales_update_date":null,"calc_backorders":0,"_links":{"self":[{"href":"https:\/\/mps.digital-monkey.in\/de\/wp-json\/wp\/v2\/product\/44086","targetHints":{"allow":["GET"]}}],"collection":[{"href":"https:\/\/mps.digital-monkey.in\/de\/wp-json\/wp\/v2\/product"}],"about":[{"href":"https:\/\/mps.digital-monkey.in\/de\/wp-json\/wp\/v2\/types\/product"}],"replies":[{"embeddable":true,"href":"https:\/\/mps.digital-monkey.in\/de\/wp-json\/wp\/v2\/comments?post=44086"}],"wp:featuredmedia":[{"embeddable":true,"href":"https:\/\/mps.digital-monkey.in\/de\/wp-json\/wp\/v2\/media\/44087"}],"wp:attachment":[{"href":"https:\/\/mps.digital-monkey.in\/de\/wp-json\/wp\/v2\/media?parent=44086"}],"wp:term":[{"taxonomy":"product_brand","embeddable":true,"href":"https:\/\/mps.digital-monkey.in\/de\/wp-json\/wp\/v2\/product_brand?post=44086"},{"taxonomy":"product_cat","embeddable":true,"href":"https:\/\/mps.digital-monkey.in\/de\/wp-json\/wp\/v2\/product_cat?post=44086"},{"taxonomy":"product_tag","embeddable":true,"href":"https:\/\/mps.digital-monkey.in\/de\/wp-json\/wp\/v2\/product_tag?post=44086"}],"curies":[{"name":"wp","href":"https:\/\/api.w.org\/{rel}","templated":true}]}}