{"id":44140,"date":"2025-11-27T10:52:57","date_gmt":"2025-11-27T10:52:57","guid":{"rendered":"https:\/\/mps.digital-monkey.in\/product\/volvo-penta-saildrive-anode-875810-passend-fuer-100s-aq80-aq100-aq100b-zink\/"},"modified":"2025-12-18T10:35:06","modified_gmt":"2025-12-18T10:35:06","slug":"volvo-penta-saildrive-anode-875810-passend-fuer-100s-aq80-aq100-aq100b-zink","status":"publish","type":"product","link":"https:\/\/mps.digital-monkey.in\/de\/produkt\/volvo-penta-saildrive-anode-875810-passend-fuer-100s-aq80-aq100-aq100b-zink\/","title":{"rendered":"Volvo Penta Saildrive Anode 875810 - Passend f\u00fcr 100S \/ AQ80 \/ AQ100 \/ AQ100B - Zink"},"content":{"rendered":"<p data-start=\"521\" data-end=\"745\">Diese Zink-Anode f\u00fcr Segelantriebe (Teilenummer <strong data-start=\"560\" data-end=\"570\">875810<\/strong>) wurde entwickelt, um Volvo Penta Segelantriebe vor galvanischer Korrosion zu sch\u00fctzen. Sie hilft, Sch\u00e4den an Unterwasser-Metallkomponenten zu verhindern und verl\u00e4ngert die Lebensdauer der Antriebseinheit. <\/p>\n<p data-start=\"747\" data-end=\"802\">Kompatibel mit den folgenden Volvo Penta Segelantrieben:<\/p>\n<ul data-start=\"803\" data-end=\"889\">\n<li data-start=\"803\" data-end=\"823\">\n<p data-start=\"805\" data-end=\"823\">Volvo Penta 100S<\/p>\n<\/li>\n<li data-start=\"824\" data-end=\"844\">\n<p data-start=\"826\" data-end=\"844\">Volvo Penta AQ80<\/p>\n<\/li>\n<li data-start=\"845\" data-end=\"866\">\n<p data-start=\"847\" data-end=\"866\">Volvo Penta AQ100<\/p>\n<\/li>\n<li data-start=\"867\" data-end=\"889\">\n<p data-start=\"869\" data-end=\"889\">Volvo Penta AQ100B<\/p>\n<\/li>\n<\/ul>\n<p data-start=\"891\" data-end=\"970\">Hinweis: Diese Anode ist <strong data-start=\"911\" data-end=\"969\">nicht f\u00fcr 100S Faltpropeller geeignet <\/strong> <\/p>\n<h1 data-start=\"977\" data-end=\"993\"><strong data-start=\"979\" data-end=\"993\">Abmessungen<\/strong><\/h1>\n<p data-start=\"994\" data-end=\"1063\">h: 12 mm<br data-start=\"1002\" data-end=\"1005\">i: 70 mm<br data-start=\"1013\" data-end=\"1016\">\u00d8: 100 mm<br data-start=\"1025\" data-end=\"1028\">\u00d81: 52 mm<br data-start=\"1037\" data-end=\"1040\">\u00d82: 92 mm<br data-start=\"1049\" data-end=\"1052\">\u00d83: 10 mm<\/p>\n<h1 data-start=\"1070\" data-end=\"1090\"><strong data-start=\"1072\" data-end=\"1090\">Spezifikationen<\/strong><\/h1>\n<p data-start=\"1091\" data-end=\"1227\">Material: Zink<br data-start=\"1105\" data-end=\"1108\">OEM-Referenz: 875810<br data-start=\"1129\" data-end=\"1132\">Anwendung: Volvo Penta Saildrive Modelle 100S, AQ80, AQ100, AQ100B<br data-start=\"1199\" data-end=\"1202\">Typ: Opferanode<\/p>\n","protected":false},"excerpt":{"rendered":"<p>Diese Zink-Anode f\u00fcr Segelantriebe (Teilenummer 875810) wurde entwickelt, um Volvo Penta Segelantriebe vor galvanischer Korrosion zu sch\u00fctzen. Sie hilft, Sch\u00e4den an Unterwasser-Metallkomponenten zu verhindern und verl\u00e4ngert die Lebensdauer der Antriebseinheit. Kompatibel mit den folgenden Volvo Penta Segelantrieben: Volvo Penta 100S Volvo Penta AQ80 Volvo Penta AQ100 Volvo Penta AQ100B Hinweis: Diese Anode ist nicht f\u00fcr [&hellip;]<\/p>\n","protected":false},"featured_media":44141,"comment_status":"open","ping_status":"closed","template":"","meta":[],"product_brand":[4230],"product_cat":[3286,2498,4308,4523],"product_tag":[],"class_list":{"0":"post-44140","1":"product","2":"type-product","3":"status-publish","4":"has-post-thumbnail","6":"product_brand-volvo-penta","7":"product_cat-anoden","8":"product_cat-ersatzteile-fur-motoren","9":"product_cat-volvo-penta","10":"product_cat-volvo-penta-anoden","11":"pa_condition-neu","12":"pa_oem-or-aftermarket-aftermarket","14":"first","15":"onbackorder","16":"taxable","17":"shipping-taxable","18":"purchasable","19":"product-type-simple"},"supplier_id":45614,"supplier_sku":"00700","barcode":null,"atum_controlled":true,"out_stock_date":"2025-11-27 10:53:01","out_stock_threshold":null,"inheritable":false,"inbound_stock":0,"stock_on_hold":0,"sold_today":0,"sales_last_days":0,"reserved_stock":0,"customer_returns":0,"warehouse_damage":0,"lost_in_post":0,"other_logs":0,"out_stock_days":62,"lost_sales":0,"has_location":false,"update_date":"2026-01-29T09:10:18","atum_locations":[],"atum_stock_status":"onbackorder","restock_status":false,"low_stock_amount":1,"sales_update_date":"2026-01-29T09:10:18","calc_backorders":null,"_links":{"self":[{"href":"https:\/\/mps.digital-monkey.in\/de\/wp-json\/wp\/v2\/product\/44140","targetHints":{"allow":["GET"]}}],"collection":[{"href":"https:\/\/mps.digital-monkey.in\/de\/wp-json\/wp\/v2\/product"}],"about":[{"href":"https:\/\/mps.digital-monkey.in\/de\/wp-json\/wp\/v2\/types\/product"}],"replies":[{"embeddable":true,"href":"https:\/\/mps.digital-monkey.in\/de\/wp-json\/wp\/v2\/comments?post=44140"}],"wp:featuredmedia":[{"embeddable":true,"href":"https:\/\/mps.digital-monkey.in\/de\/wp-json\/wp\/v2\/media\/44141"}],"wp:attachment":[{"href":"https:\/\/mps.digital-monkey.in\/de\/wp-json\/wp\/v2\/media?parent=44140"}],"wp:term":[{"taxonomy":"product_brand","embeddable":true,"href":"https:\/\/mps.digital-monkey.in\/de\/wp-json\/wp\/v2\/product_brand?post=44140"},{"taxonomy":"product_cat","embeddable":true,"href":"https:\/\/mps.digital-monkey.in\/de\/wp-json\/wp\/v2\/product_cat?post=44140"},{"taxonomy":"product_tag","embeddable":true,"href":"https:\/\/mps.digital-monkey.in\/de\/wp-json\/wp\/v2\/product_tag?post=44140"}],"curies":[{"name":"wp","href":"https:\/\/api.w.org\/{rel}","templated":true}]}}