{"id":44161,"date":"2025-11-27T11:16:39","date_gmt":"2025-11-27T11:16:39","guid":{"rendered":"https:\/\/mps.digital-monkey.in\/product\/volvo-penta-aq200-sterndrive-zinkanode-875809\/"},"modified":"2025-12-18T10:35:17","modified_gmt":"2025-12-18T10:35:17","slug":"volvo-penta-aq200-sterndrive-zinkanode-875809","status":"publish","type":"product","link":"https:\/\/mps.digital-monkey.in\/de\/produkt\/volvo-penta-aq200-sterndrive-zinkanode-875809\/","title":{"rendered":"Volvo Penta AQ200 Sterndrive Zinkanode - 875809"},"content":{"rendered":"<p data-start=\"504\" data-end=\"802\">Diese Zinkanode ist f\u00fcr den Volvo Penta AQ200 Z-Antrieb bestimmt und sch\u00fctzt die Antriebseinheit vor galvanischer Korrosion. Diese nach OEM-Spezifikationen gefertigte Anode ersetzt das Originalteil von Volvo Penta mit der Nummer 875809 und gew\u00e4hrleistet einen lang anhaltenden Schutz der Metallkomponenten unter Wasser. <\/p>\n<p data-start=\"804\" data-end=\"933\">Der regelm\u00e4\u00dfige Austausch von Zinkanoden verl\u00e4ngert die Lebensdauer Ihres Heckantriebs und verhindert teure korrosionsbedingte Reparaturen.<\/p>\n<h1 data-start=\"940\" data-end=\"963\"><strong data-start=\"942\" data-end=\"961\">Kompatibel mit<\/strong><\/h1>\n<p data-start=\"964\" data-end=\"992\">Volvo Penta AQ200 Z-Antrieb<\/p>\n<h1 data-start=\"999\" data-end=\"1022\"><strong data-start=\"1001\" data-end=\"1020\">Ersatz f\u00fcr<\/strong><\/h1>\n<p data-start=\"1023\" data-end=\"1041\">Volvo Penta 875809<\/p>\n<h1 data-start=\"1048\" data-end=\"1066\"><strong data-start=\"1050\" data-end=\"1064\">Abmessungen<\/strong><\/h1>\n<p data-start=\"1067\" data-end=\"1137\">h: 10 mm<br data-start=\"1075\" data-end=\"1078\">i: 80 mm<br data-start=\"1086\" data-end=\"1089\">\u00d8: 108 mm<br data-start=\"1098\" data-end=\"1101\">\u00d81: 58 mm<br data-start=\"1110\" data-end=\"1113\">\u00d82: 103 mm<br data-start=\"1123\" data-end=\"1126\">\u00d83: 10 mm<\/p>\n<h1 data-start=\"1144\" data-end=\"1160\"><strong data-start=\"1146\" data-end=\"1158\">Material<\/strong><\/h1>\n<p data-start=\"1161\" data-end=\"1165\">Zink<\/p>\n","protected":false},"excerpt":{"rendered":"<p>Diese Zinkanode ist f\u00fcr den Volvo Penta AQ200 Z-Antrieb bestimmt und sch\u00fctzt die Antriebseinheit vor galvanischer Korrosion. Diese nach OEM-Spezifikationen gefertigte Anode ersetzt das Originalteil von Volvo Penta mit der Nummer 875809 und gew\u00e4hrleistet einen lang anhaltenden Schutz der Metallkomponenten unter Wasser. Der regelm\u00e4\u00dfige Austausch von Zinkanoden verl\u00e4ngert die Lebensdauer Ihres Heckantriebs und verhindert teure [&hellip;]<\/p>\n","protected":false},"featured_media":44162,"comment_status":"open","ping_status":"closed","template":"","meta":[],"product_brand":[4230],"product_cat":[3286,2498,4308,4523],"product_tag":[],"class_list":{"0":"post-44161","1":"product","2":"type-product","3":"status-publish","4":"has-post-thumbnail","6":"product_brand-volvo-penta","7":"product_cat-anoden","8":"product_cat-ersatzteile-fur-motoren","9":"product_cat-volvo-penta","10":"product_cat-volvo-penta-anoden","11":"pa_condition-neu","12":"pa_oem-or-aftermarket-aftermarket","14":"first","15":"onbackorder","16":"taxable","17":"shipping-taxable","18":"purchasable","19":"product-type-simple"},"supplier_id":45614,"supplier_sku":"00701","barcode":null,"atum_controlled":true,"out_stock_date":"2025-11-27 11:16:42","out_stock_threshold":null,"inheritable":false,"inbound_stock":0,"stock_on_hold":0,"sold_today":0,"sales_last_days":0,"reserved_stock":0,"customer_returns":0,"warehouse_damage":0,"lost_in_post":0,"other_logs":0,"out_stock_days":62,"lost_sales":0,"has_location":false,"update_date":"2026-01-29T09:10:11","atum_locations":[],"atum_stock_status":"onbackorder","restock_status":false,"low_stock_amount":1,"sales_update_date":"2026-01-29T09:10:11","calc_backorders":null,"_links":{"self":[{"href":"https:\/\/mps.digital-monkey.in\/de\/wp-json\/wp\/v2\/product\/44161","targetHints":{"allow":["GET"]}}],"collection":[{"href":"https:\/\/mps.digital-monkey.in\/de\/wp-json\/wp\/v2\/product"}],"about":[{"href":"https:\/\/mps.digital-monkey.in\/de\/wp-json\/wp\/v2\/types\/product"}],"replies":[{"embeddable":true,"href":"https:\/\/mps.digital-monkey.in\/de\/wp-json\/wp\/v2\/comments?post=44161"}],"wp:featuredmedia":[{"embeddable":true,"href":"https:\/\/mps.digital-monkey.in\/de\/wp-json\/wp\/v2\/media\/44162"}],"wp:attachment":[{"href":"https:\/\/mps.digital-monkey.in\/de\/wp-json\/wp\/v2\/media?parent=44161"}],"wp:term":[{"taxonomy":"product_brand","embeddable":true,"href":"https:\/\/mps.digital-monkey.in\/de\/wp-json\/wp\/v2\/product_brand?post=44161"},{"taxonomy":"product_cat","embeddable":true,"href":"https:\/\/mps.digital-monkey.in\/de\/wp-json\/wp\/v2\/product_cat?post=44161"},{"taxonomy":"product_tag","embeddable":true,"href":"https:\/\/mps.digital-monkey.in\/de\/wp-json\/wp\/v2\/product_tag?post=44161"}],"curies":[{"name":"wp","href":"https:\/\/api.w.org\/{rel}","templated":true}]}}