{"id":44190,"date":"2025-11-28T08:21:05","date_gmt":"2025-11-28T08:21:05","guid":{"rendered":"https:\/\/mps.digital-monkey.in\/product\/volvo-penta-aq250-aq270-zinkanode-875805\/"},"modified":"2025-12-18T10:35:29","modified_gmt":"2025-12-18T10:35:29","slug":"volvo-penta-aq250-aq270-zinkanode-875805","status":"publish","type":"product","link":"https:\/\/mps.digital-monkey.in\/de\/produkt\/volvo-penta-aq250-aq270-zinkanode-875805\/","title":{"rendered":"Volvo Penta AQ250 AQ270 Zinkanode 875805"},"content":{"rendered":"<p data-start=\"786\" data-end=\"1058\">Die <strong data-start=\"790\" data-end=\"835\">Volvo Penta AQ250 AQ270 Zinkanode 875805<\/strong> wurde entwickelt, um Ihren Z-Antrieb vor galvanischer Korrosion in Salzwasser zu sch\u00fctzen. Diese Ersatzanode entspricht den Originalspezifikationen und gew\u00e4hrleistet optimalen Schutz f\u00fcr Volvo Penta AQ250 und AQ270 Antriebe. <\/p>\n<p data-start=\"1060\" data-end=\"1245\">Durch die Verwendung des richtigen Anodenmaterials und der richtigen Gr\u00f6\u00dfe bleiben die Komponenten Ihres Heckantriebs vor vorzeitigem Verschlei\u00df gesch\u00fctzt, wodurch die Wartungskosten gesenkt und die Lebensdauer Ihres Antriebs verl\u00e4ngert werden.<\/p>\n<h3 data-start=\"1247\" data-end=\"1272\"><strong data-start=\"1253\" data-end=\"1272\">Kompatibel mit<\/strong><\/h3>\n<ul data-start=\"1273\" data-end=\"1320\">\n<li data-start=\"1273\" data-end=\"1296\">\n<p data-start=\"1275\" data-end=\"1296\"><strong data-start=\"1275\" data-end=\"1296\">Volvo Penta AQ250<\/strong><\/p>\n<\/li>\n<li data-start=\"1297\" data-end=\"1320\">\n<p data-start=\"1299\" data-end=\"1320\"><strong data-start=\"1299\" data-end=\"1320\">Volvo Penta AQ270<\/strong><\/p>\n<\/li>\n<\/ul>\n<h3 data-start=\"1322\" data-end=\"1342\"><strong data-start=\"1328\" data-end=\"1342\">Abmessungen<\/strong><\/h3>\n<ul data-start=\"1343\" data-end=\"1502\">\n<li data-start=\"1343\" data-end=\"1368\">\n<p data-start=\"1345\" data-end=\"1368\">H\u00f6he (h): <strong data-start=\"1357\" data-end=\"1366\">10 mm<\/strong><\/p>\n<\/li>\n<li data-start=\"1369\" data-end=\"1402\">\n<p data-start=\"1371\" data-end=\"1402\">Innendurchmesser (i): <strong data-start=\"1391\" data-end=\"1400\">80 mm<\/strong><\/p>\n<\/li>\n<li data-start=\"1403\" data-end=\"1437\">\n<p data-start=\"1405\" data-end=\"1437\">\u00c4u\u00dferer Durchmesser (\u00d8): <strong data-start=\"1425\" data-end=\"1435\">118 mm<\/strong><\/p>\n<\/li>\n<li data-start=\"1438\" data-end=\"1455\">\n<p data-start=\"1440\" data-end=\"1455\">\u00d81: <strong data-start=\"1444\" data-end=\"1453\">58 mm<\/strong><\/p>\n<\/li>\n<li data-start=\"1456\" data-end=\"1474\">\n<p data-start=\"1458\" data-end=\"1474\">\u00d82: <strong data-start=\"1462\" data-end=\"1472\">103 mm<\/strong><\/p>\n<\/li>\n<li data-start=\"1475\" data-end=\"1502\">\n<p data-start=\"1477\" data-end=\"1502\">\u00d83 (Bolzenloch): <strong data-start=\"1493\" data-end=\"1502\">10 mm<\/strong><\/p>\n<\/li>\n<\/ul>\n<h3 data-start=\"1504\" data-end=\"1540\"><strong data-start=\"1510\" data-end=\"1540\">Warum diese Zinkanode w\u00e4hlen<\/strong><\/h3>\n<ul data-start=\"1541\" data-end=\"1682\">\n<li data-start=\"1541\" data-end=\"1572\">\n<p data-start=\"1543\" data-end=\"1572\">Ideal f\u00fcr den Einsatz <strong data-start=\"1553\" data-end=\"1566\">in Salzwasser<\/strong> <\/p>\n<\/li>\n<li data-start=\"1573\" data-end=\"1606\">\n<p data-start=\"1575\" data-end=\"1606\">Zuverl\u00e4ssiger Korrosionsschutz<\/p>\n<\/li>\n<li data-start=\"1607\" data-end=\"1643\">\n<p data-start=\"1609\" data-end=\"1643\">Direkter Ersatz f\u00fcr den OEM-Stil<\/p>\n<\/li>\n<li data-start=\"1644\" data-end=\"1682\">\n<p data-start=\"1646\" data-end=\"1682\">Gew\u00e4hrleistet eine l\u00e4ngere Lebensdauer des Z-Antriebs<\/p>\n<\/li>\n<\/ul>\n<p data-start=\"1684\" data-end=\"1810\">Installieren Sie diese <strong data-start=\"1697\" data-end=\"1742\">Volvo Penta AQ250 AQ270 Zinkanode 875805<\/strong>, um die Spitzenleistung zu erhalten und Ihren Au\u00dfenborder effektiv zu sch\u00fctzen.<\/p>\n","protected":false},"excerpt":{"rendered":"<p>Die Volvo Penta AQ250 AQ270 Zinkanode 875805 wurde entwickelt, um Ihren Z-Antrieb vor galvanischer Korrosion in Salzwasser zu sch\u00fctzen. Diese Ersatzanode entspricht den Originalspezifikationen und gew\u00e4hrleistet optimalen Schutz f\u00fcr Volvo Penta AQ250 und AQ270 Antriebe. Durch die Verwendung des richtigen Anodenmaterials und der richtigen Gr\u00f6\u00dfe bleiben die Komponenten Ihres Heckantriebs vor vorzeitigem Verschlei\u00df gesch\u00fctzt, wodurch [&hellip;]<\/p>\n","protected":false},"featured_media":44191,"comment_status":"open","ping_status":"closed","template":"","meta":[],"product_brand":[4230],"product_cat":[3286,2498,4523],"product_tag":[],"class_list":{"0":"post-44190","1":"product","2":"type-product","3":"status-publish","4":"has-post-thumbnail","6":"product_brand-volvo-penta","7":"product_cat-anoden","8":"product_cat-ersatzteile-fur-motoren","9":"product_cat-volvo-penta-anoden","10":"pa_condition-neu","11":"pa_oem-or-aftermarket-aftermarket","13":"first","14":"onbackorder","15":"sale","16":"taxable","17":"shipping-taxable","18":"purchasable","19":"product-type-simple"},"supplier_id":45614,"supplier_sku":"00702","barcode":null,"atum_controlled":true,"out_stock_date":"2025-11-28 08:21:08","out_stock_threshold":null,"inheritable":false,"inbound_stock":0,"stock_on_hold":0,"sold_today":0,"sales_last_days":0,"reserved_stock":0,"customer_returns":0,"warehouse_damage":0,"lost_in_post":0,"other_logs":0,"out_stock_days":62,"lost_sales":0,"has_location":false,"update_date":"2026-01-29T09:10:18","atum_locations":[],"atum_stock_status":"onbackorder","restock_status":false,"low_stock_amount":1,"sales_update_date":"2026-01-29T09:10:18","calc_backorders":null,"_links":{"self":[{"href":"https:\/\/mps.digital-monkey.in\/de\/wp-json\/wp\/v2\/product\/44190","targetHints":{"allow":["GET"]}}],"collection":[{"href":"https:\/\/mps.digital-monkey.in\/de\/wp-json\/wp\/v2\/product"}],"about":[{"href":"https:\/\/mps.digital-monkey.in\/de\/wp-json\/wp\/v2\/types\/product"}],"replies":[{"embeddable":true,"href":"https:\/\/mps.digital-monkey.in\/de\/wp-json\/wp\/v2\/comments?post=44190"}],"wp:featuredmedia":[{"embeddable":true,"href":"https:\/\/mps.digital-monkey.in\/de\/wp-json\/wp\/v2\/media\/44191"}],"wp:attachment":[{"href":"https:\/\/mps.digital-monkey.in\/de\/wp-json\/wp\/v2\/media?parent=44190"}],"wp:term":[{"taxonomy":"product_brand","embeddable":true,"href":"https:\/\/mps.digital-monkey.in\/de\/wp-json\/wp\/v2\/product_brand?post=44190"},{"taxonomy":"product_cat","embeddable":true,"href":"https:\/\/mps.digital-monkey.in\/de\/wp-json\/wp\/v2\/product_cat?post=44190"},{"taxonomy":"product_tag","embeddable":true,"href":"https:\/\/mps.digital-monkey.in\/de\/wp-json\/wp\/v2\/product_tag?post=44190"}],"curies":[{"name":"wp","href":"https:\/\/api.w.org\/{rel}","templated":true}]}}